{"id":10478,"date":"2021-01-13T16:26:10","date_gmt":"2021-01-13T16:26:10","guid":{"rendered":"https:\/\/geneva.viacreative.co\/hjem\/"},"modified":"2025-12-16T10:06:04","modified_gmt":"2025-12-16T10:06:04","slug":"hjem","status":"publish","type":"page","link":"https:\/\/genevainstruments.com\/da\/","title":{"rendered":"Hjem"},"content":{"rendered":"<div class=\"gb-container gb-container-281ff18e page-title-container\">\n<div class=\"gb-container gb-container-bc761fd8\">\n\n<h1 class=\"gb-headline gb-headline-17e39d6c gb-headline-text\">Velkommen til Geneva musikinstrumenter<\/h1>\n\n<\/div>\n\n<div class=\"gb-container gb-container-cd5c64ce\">\n\n<h2 class=\"gb-headline gb-headline-a4e36df4 gb-headline-text\">S\u00e6sonbestemte salgstilbud <\/h2>\n\n\n\n<a class=\"gb-button gb-button-214ee6ed gb-button-text button-red-outline-white-text\" href=\"https:\/\/genevainstruments.com\/shop\/\">K\u00f8b nu<\/a>\n\n<\/div>\n\n<div class=\"gb-container gb-container-150551db\">\n\n<h2 class=\"gb-headline gb-headline-8accc988 gb-headline-text\">Vind en kvartet af Cardinals til dit messingband<\/h2>\n\n\n\n<a class=\"gb-button gb-button-00c14136 gb-button-text button-red-outline-white-text\" href=\"https:\/\/genevainstruments.com\/quartet-of-cardinals\/\" target=\"_blank\" rel=\"noopener noreferrer\">Nu lukket<\/a>\n\n<\/div>\n\n<div class=\"gb-container gb-container-1d08b1d3\">\n\n<a class=\"gb-button gb-button-8caab664 smooth-scroll via-scroll\" href=\"#instruments\"><span class=\"gb-icon\"><svg xmlns:xlink=\"http:\/\/www.w3.org\/1999\/xlink\" xmlns=\"http:\/\/www.w3.org\/2000\/svg\" version=\"1.1\" viewbox=\"0 0 16 16\" height=\"48px\" width=\"48px\">\n  <rect fill=\"none\" id=\"icon-bound\" height=\"16\" width=\"16\"><\/rect>\n  <polygon points=\"8,13 0,5 16,5\"><\/polygon>\n<\/svg><\/span><\/a>\n\n<\/div>\n<\/div><div class=\"gb-container gb-container-d9e7af4f alignfull\" id=\"instruments\">\n<div class=\"gb-container gb-container-75db3cbe\">\n\n<h4 class=\"gb-headline gb-headline-692b1c7e gb-headline-text explore\">H\u00e5ndlavede Geneva musikinstrumenter<\/h4>\n\n<\/div>\n\n<div class=\"gb-container gb-container-519e74c9\">\n\n<h2 class=\"gb-headline gb-headline-b607d745 gb-headline-text\">Designet og udviklet til at hj\u00e6lpe dig med at opn\u00e5 dit sande potentiale<\/h2>\n\n\n\n<a class=\"gb-button gb-button-c3f4e306 gb-button-text button-red-outline\" href=\"https:\/\/genevainstruments.com\/shop\/\">Se hele vores sortiment<\/a>\n\n<\/div>\n\n<div class=\"gb-container gb-container-4201ee7a\">\n\n<a class=\"gb-button gb-button-4790774c gb-button-text button-red-outline\" href=\"https:\/\/genevainstruments.com\/shop\/\">Se hele vores sortiment<\/a>\n\n<\/div>\n<\/div><div class=\"gb-container gb-container-c0e33931 alignfull\">\n<div class=\"gb-grid-wrapper gb-grid-wrapper-2c26f673\">\n<div class=\"gb-grid-column gb-grid-column-0b1db123\"><div class=\"gb-container gb-container-0b1db123\">\n\n<p class=\"gb-headline gb-headline-b1d5ad26 gb-headline-text\">Om os<\/p>\n\n\n\n<h2 class=\"gb-headline gb-headline-42079df7 gb-headline-text\">P\u00e5 forkant<\/h2>\n\n\n\n<p class=\"gb-headline gb-headline-67c228be gb-headline-text\">Siden etableringen i 2000 har Geneva Instruments v\u00e6ret stolte af at v\u00e6re p\u00e5 forkant med britisk design og teknologi inden for produktion af musikinstrumenter, og vores seneste Geneva-modeller forts\u00e6tter en sand sl\u00e6gt siden 1842.<\/p>\n\n\n\n<p class=\"gb-headline gb-headline-7867fe07 gb-headline-text\">Et udvalg af instrumenter designet med alle musikere i tankerne.<\/p>\n\n\n\n<a class=\"gb-button gb-button-3d97f9bc gb-button-text button-red-outline-white-text\" href=\"https:\/\/genevainstruments.com\/da\/det-baeredygtige-valg\/\">L\u00e6r mere<\/a>\n\n<\/div><\/div>\n\n<div class=\"gb-grid-column gb-grid-column-10701f71\"><div class=\"gb-container gb-container-10701f71\"><\/div><\/div>\n<\/div>\n<\/div><div class=\"gb-container gb-container-97814c92 alignfull\">\n<div class=\"gb-container gb-container-a4911f27\">\n\n<h2 class=\"gb-headline gb-headline-1655ddc4 gb-headline-text\">Musikkens kraft til at \u00e6ndre liv<br><a href=\"https:\/\/genevainstruments.com\/npme\/\"><\/a><\/h2>\n\n<\/div>\n<\/div>","protected":false},"excerpt":{"rendered":"<p>Velkommen til Geneva musikinstrumenter S\u00e6sonbestemte salgstilbud Vind en kvartet af Cardinals til dit messingband H\u00e5ndlavede Geneva musikinstrumenter Designet og udviklet til at hj\u00e6lpe dig med at opn\u00e5 dit sande potentiale Musikkens kraft til at \u00e6ndre liv<\/p>\n","protected":false},"author":1,"featured_media":10484,"parent":0,"menu_order":0,"comment_status":"closed","ping_status":"closed","template":"","meta":{"_acf_changed":false,"footnotes":""},"class_list":["post-10478","page","type-page","status-publish","has-post-thumbnail"],"acf":[],"_links":{"self":[{"href":"https:\/\/genevainstruments.com\/da\/wp-json\/wp\/v2\/pages\/10478","targetHints":{"allow":["GET"]}}],"collection":[{"href":"https:\/\/genevainstruments.com\/da\/wp-json\/wp\/v2\/pages"}],"about":[{"href":"https:\/\/genevainstruments.com\/da\/wp-json\/wp\/v2\/types\/page"}],"author":[{"embeddable":true,"href":"https:\/\/genevainstruments.com\/da\/wp-json\/wp\/v2\/users\/1"}],"replies":[{"embeddable":true,"href":"https:\/\/genevainstruments.com\/da\/wp-json\/wp\/v2\/comments?post=10478"}],"version-history":[{"count":11,"href":"https:\/\/genevainstruments.com\/da\/wp-json\/wp\/v2\/pages\/10478\/revisions"}],"predecessor-version":[{"id":19337,"href":"https:\/\/genevainstruments.com\/da\/wp-json\/wp\/v2\/pages\/10478\/revisions\/19337"}],"wp:featuredmedia":[{"embeddable":true,"href":"https:\/\/genevainstruments.com\/da\/wp-json\/wp\/v2\/media\/10484"}],"wp:attachment":[{"href":"https:\/\/genevainstruments.com\/da\/wp-json\/wp\/v2\/media?parent=10478"}],"curies":[{"name":"wp","href":"https:\/\/api.w.org\/{rel}","templated":true}]}}