{"id":10500,"date":"2024-08-06T14:57:18","date_gmt":"2024-08-06T13:57:18","guid":{"rendered":"https:\/\/geneva.viacreative.co\/det-baeredygtige-valg\/"},"modified":"2025-12-02T16:35:41","modified_gmt":"2025-12-02T16:35:41","slug":"det-baeredygtige-valg","status":"publish","type":"page","link":"https:\/\/genevainstruments.com\/da\/det-baeredygtige-valg\/","title":{"rendered":"Det b\u00e6redygtige valg"},"content":{"rendered":"<div class=\"gb-container gb-container-281ff18e alignfull\">\n<div class=\"gb-container gb-container-c640bff3\">\n\n<h2 class=\"gb-headline gb-headline-17e39d6c gb-headline-text\">Det b\u00e6redygtige valg<\/h2>\n\n\n\n<h4 class=\"gb-headline gb-headline-8a23b163 gb-headline-text\">H\u00e5ndv\u00e6rksproducenter af messing- og tr\u00e6bl\u00e6seinstrumenter, der s\u00e6lger globalt til musikere p\u00e5 alle niveauer, som \u00f8nsker at have det fineste instrument muligt inden for deres tilg\u00e6ngelige budget<\/h4>\n\n<\/div>\n\n<div class=\"gb-container gb-container-1d08b1d3\">\n\n<a class=\"gb-button gb-button-8caab664 smooth-scroll via-scroll\" href=\"#design\"><span class=\"gb-icon\"><svg xmlns:xlink=\"http:\/\/www.w3.org\/1999\/xlink\" xmlns=\"http:\/\/www.w3.org\/2000\/svg\" version=\"1.1\" viewbox=\"0 0 16 16\" height=\"48px\" width=\"48px\">\n  <rect fill=\"none\" id=\"icon-bound\" height=\"16\" width=\"16\"><\/rect>\n  <polygon points=\"8,13 0,5 16,5\"><\/polygon>\n<\/svg><\/span><\/a>\n\n<\/div>\n<\/div><div class=\"gb-container gb-container-ac39d2d6 alignfull\" id=\"design\">\n<div class=\"gb-grid-wrapper gb-grid-wrapper-bf426437\">\n<div class=\"gb-grid-column gb-grid-column-b37df49a\"><div class=\"gb-container gb-container-b37df49a\">\n\n<h2 class=\"gb-headline gb-headline-c6defa70 gb-headline-text\">Den nyeste teknologi<\/h2>\n\n\n\n<p class=\"gb-headline gb-headline-5bc85dbb gb-headline-text\">Grundlagt i 2000 har Geneva altid v\u00e6ret i front med design og teknologi i skabelsen af fremragende musikinstrumenter. Vores nyeste modeller er i tr\u00e5d med den arv. <\/p>\n\n\n\n<p class=\"gb-headline gb-headline-35806561 gb-headline-text\">Vi fremstiller vores instrumenter i Europa, hvor produktionen af h\u00e5ndlavede messing- og tr\u00e6bl\u00e6seinstrumenter har v\u00e6ret en integreret del af det lokale samfunds arbejdsstyrke siden 1842.<\/p>\n\n\n\n<p class=\"gb-headline gb-headline-59be7cf1 gb-headline-text\">Vores forsknings- og udviklingsprojekter i samarbejde med b\u00e5de musikere og ingeni\u00f8rer som <a href=\"https:\/\/www.twi-global.com\/what-we-do\" data-type=\"link\" data-id=\"https:\/\/www.twi-global.com\/what-we-do\" rel=\"noopener\">TWI-Global<\/a>, en af verdens f\u00f8rende uafh\u00e6ngige forsknings- og teknologiorganisationer med ekspertise i materialeforbindelse og ingeni\u00f8rprocesser, har gjort det muligt for os at forbedre vores instrumenter kontinuerligt uden at g\u00e5 p\u00e5 kompromis med den lyd og intonation, vi anser for essentielle for vores m\u00e6rker.<\/p>\n\n\n\n<a class=\"gb-button gb-button-d89c776c button-arrow-down smooth-scroll via-scroll\" href=\"#potential\"><span class=\"gb-icon\"><svg xmlns:xlink=\"http:\/\/www.w3.org\/1999\/xlink\" xmlns=\"http:\/\/www.w3.org\/2000\/svg\" version=\"1.1\" viewbox=\"0 0 16 16\" height=\"48px\" width=\"48px\">\n  <rect fill=\"none\" id=\"icon-bound\" height=\"16\" width=\"16\"><\/rect>\n  <polygon points=\"8,13 0,5 16,5\"><\/polygon>\n<\/svg><\/span><\/a>\n\n<\/div><\/div>\n\n<div class=\"gb-grid-column gb-grid-column-9f7229ba\"><div class=\"gb-container gb-container-9f7229ba\"><\/div><\/div>\n\n<div class=\"gb-grid-column gb-grid-column-6b992e4b\"><div class=\"gb-container gb-container-6b992e4b\" id=\"potential\"><\/div><\/div>\n\n<div class=\"gb-grid-column gb-grid-column-ea25f211\"><div class=\"gb-container gb-container-ea25f211\">\n\n<h2 class=\"gb-headline gb-headline-63a129b2 gb-headline-text\">N\u00e5 dit sande potentiale<\/h2>\n\n\n\n<p class=\"gb-headline gb-headline-514103a1 gb-headline-text\">Alle de instrumenter, som Geneva producerer, er designet til at give spilleren mulighed for at opn\u00e5 deres sande potentiale.<\/p>\n\n\n\n<p class=\"gb-headline gb-headline-384a5977 gb-headline-text\">Centralt for dette har v\u00e6ret Genevas forst\u00e5else af egenskaberne ved forskellige materialer, og hvordan dette p\u00e5virker b\u00e5de lyden, stemningen og den tekniske fleksibilitet af vores fulde sortiment af messing- og tr\u00e6bl\u00e6seinstrumenter.<\/p>\n\n\n\n<p class=\"gb-headline gb-headline-fb183daf gb-headline-text\">Det forbliver et grundl\u00e6ggende krav for alle Geneva-instrumenter, at de er letspillende med enest\u00e5ende intonation og lyd<\/p>\n\n\n\n<a class=\"gb-button gb-button-bb1839e5 gb-button-text button-red-outline\" href=\"https:\/\/genevainstruments.com\/shop\/\">K\u00f8b nu<\/a>\n\n<\/div><\/div>\n<\/div>\n<\/div><div class=\"gb-container gb-container-cc936e91 alignfull\" id=\"watch\">\n<div class=\"gb-container gb-container-75db3cbe\">\n\n<p class=\"gb-headline gb-headline-692b1c7e gb-headline-text explore\">Se &amp; LYT<\/p>\n\n<\/div>\n\n<div class=\"gb-container gb-container-76da2e16\">\n\n<h2 class=\"gb-headline gb-headline-a82eb01c gb-headline-text\">Den nyeste teknologi inden for instrumentdesign og teknologi <\/h2>\n\n\n<div class=\"gb-grid-wrapper gb-grid-wrapper-3718238d\">\n<div class=\"gb-grid-column gb-grid-column-823301fc\"><div class=\"gb-container gb-container-823301fc\">\n\n<figure class=\"wp-block-embed is-type-video is-provider-youtube wp-block-embed-youtube wp-embed-aspect-16-9 wp-has-aspect-ratio\"><div class=\"wp-block-embed__wrapper\">\n<iframe loading=\"lazy\" title=\"Richard Marshall - The Geneva Cardinal Cornet\" width=\"1200\" height=\"675\" src=\"https:\/\/www.youtube.com\/embed\/oENeHZii8D4?feature=oembed\" frameborder=\"0\" allow=\"accelerometer; autoplay; clipboard-write; encrypted-media; gyroscope; picture-in-picture; web-share\" referrerpolicy=\"strict-origin-when-cross-origin\" allowfullscreen><\/iframe>\n<\/div><figcaption class=\"wp-element-caption\">Geneva Cardinal Cornet &#8211; Taler i 2021 og forts\u00e6tter med at konsultere Geneva om dets redesign i 2023<\/figcaption><\/figure>\n\n<\/div><\/div>\n\n<div class=\"gb-grid-column gb-grid-column-a64de3f4\"><div class=\"gb-container gb-container-a64de3f4\">\n\n<figure class=\"wp-block-embed is-type-video is-provider-youtube wp-block-embed-youtube wp-embed-aspect-16-9 wp-has-aspect-ratio\"><div class=\"wp-block-embed__wrapper\">\n<iframe loading=\"lazy\" title=\"Geneva Instruments Factory\" width=\"1200\" height=\"675\" src=\"https:\/\/www.youtube.com\/embed\/CQ0G0lgryLI?feature=oembed\" frameborder=\"0\" allow=\"accelerometer; autoplay; clipboard-write; encrypted-media; gyroscope; picture-in-picture; web-share\" referrerpolicy=\"strict-origin-when-cross-origin\" allowfullscreen><\/iframe>\n<\/div><figcaption class=\"wp-element-caption\">Geneva instrumentfabrik<\/figcaption><\/figure>\n\n<\/div><\/div>\n<\/div>\n<\/div>\n<\/div>","protected":false},"excerpt":{"rendered":"<p>Det b\u00e6redygtige valg H\u00e5ndv\u00e6rksproducenter af messing- og tr\u00e6bl\u00e6seinstrumenter, der s\u00e6lger globalt til musikere p\u00e5 alle niveauer, som \u00f8nsker at have det fineste instrument muligt inden for deres tilg\u00e6ngelige budget Se &amp; LYT Den nyeste teknologi inden for instrumentdesign og teknologi<\/p>\n","protected":false},"author":1,"featured_media":10506,"parent":0,"menu_order":1,"comment_status":"closed","ping_status":"closed","template":"","meta":{"_acf_changed":false,"footnotes":""},"class_list":["post-10500","page","type-page","status-publish","has-post-thumbnail"],"acf":[],"_links":{"self":[{"href":"https:\/\/genevainstruments.com\/da\/wp-json\/wp\/v2\/pages\/10500","targetHints":{"allow":["GET"]}}],"collection":[{"href":"https:\/\/genevainstruments.com\/da\/wp-json\/wp\/v2\/pages"}],"about":[{"href":"https:\/\/genevainstruments.com\/da\/wp-json\/wp\/v2\/types\/page"}],"author":[{"embeddable":true,"href":"https:\/\/genevainstruments.com\/da\/wp-json\/wp\/v2\/users\/1"}],"replies":[{"embeddable":true,"href":"https:\/\/genevainstruments.com\/da\/wp-json\/wp\/v2\/comments?post=10500"}],"version-history":[{"count":2,"href":"https:\/\/genevainstruments.com\/da\/wp-json\/wp\/v2\/pages\/10500\/revisions"}],"predecessor-version":[{"id":18977,"href":"https:\/\/genevainstruments.com\/da\/wp-json\/wp\/v2\/pages\/10500\/revisions\/18977"}],"wp:featuredmedia":[{"embeddable":true,"href":"https:\/\/genevainstruments.com\/da\/wp-json\/wp\/v2\/media\/10506"}],"wp:attachment":[{"href":"https:\/\/genevainstruments.com\/da\/wp-json\/wp\/v2\/media?parent=10500"}],"curies":[{"name":"wp","href":"https:\/\/api.w.org\/{rel}","templated":true}]}}