{"id":12598,"date":"2025-05-09T08:37:15","date_gmt":"2025-05-09T07:37:15","guid":{"rendered":"https:\/\/geneva.viacreative.co\/vind-en-kvartet-af-kardinaler\/"},"modified":"2025-12-29T17:30:45","modified_gmt":"2025-12-29T17:30:45","slug":"vind-en-kvartet-af-kardinaler","status":"publish","type":"page","link":"https:\/\/genevainstruments.com\/da\/vind-en-kvartet-af-kardinaler\/","title":{"rendered":"Quartet of Cardinals-konkurrence \u2013 Opdatering"},"content":{"rendered":"<div class=\"gb-container gb-container-281ff18e alignfull\">\n<div class=\"gb-container gb-container-c48a3e65\">\n\n<h3 class=\"gb-headline gb-headline-6af4d3d1 gb-headline-text\">Quartet of Cardinals-konkurrencen er nu officielt lukket.<\/h3>\n\n\n\n<p class=\"gb-headline gb-headline-c3449f9f gb-headline-text\">Fejrer et kvart \u00e5rhundrede (2000-2025) med #ProgressInPlay<\/p>\n\n<\/div>\n\n<div class=\"gb-container gb-container-1d08b1d3\">\n\n<a class=\"gb-button gb-button-8caab664 smooth-scroll via-scroll\" href=\"#win\"><span class=\"gb-icon\"><svg xmlns:xlink=\"http:\/\/www.w3.org\/1999\/xlink\" xmlns=\"http:\/\/www.w3.org\/2000\/svg\" version=\"1.1\" viewbox=\"0 0 16 16\" height=\"48px\" width=\"48px\">\n  <rect fill=\"none\" id=\"icon-bound\" height=\"16\" width=\"16\"><\/rect>\n  <polygon points=\"8,13 0,5 16,5\"><\/polygon>\n<\/svg><\/span><\/a>\n\n<\/div>\n<\/div><div class=\"gb-container gb-container-8dfae3e5 alignfull\" id=\"win\">\n<div class=\"gb-container gb-container-dcbdf667\">\n\n<h2 class=\"gb-headline gb-headline-755ad35e gb-headline-text\">Konkurrencer, der g\u00f8r det muligt for musikere at n\u00e5 deres sande potentiale<\/h2>\n\n\n\n<p class=\"gb-headline gb-headline-83910334 gb-headline-text\">Vi er glade for at kunne bekr\u00e6fte, at 2025 Quartet of Cardinals-konkurrencen tiltrak en enorm respons, med tilmeldinger fra messingmusikere fra alle verdenshj\u00f8rner, der hver is\u00e6r tilmeldte deres messingband til denne unikke og prestigefyldte pris.<br><\/p>\n\n\n\n<p>Tr\u00e6kningen fandt sted den 29. december. Det vindende orkester er blevet kontaktet direkte og inviteret til at acceptere prisen i henhold til konkurrencens vilk\u00e5r og betingelser. Ved accept vil en repr\u00e6sentant for det vindende orkester blive inviteret til at deltage i European Brass Band Championships (EBBC) i Linz, hvor Quartet of Cardinals vil blive pr\u00e6senteret p\u00e5 Geneva Instruments&#8217; messestand. Skulle deltagelse i EBBC ikke v\u00e6re mulig, vil der blive truffet alternative foranstaltninger for pr\u00e6sentationen.   <\/p>\n\n\n\n<p><br\/>Hvis det valgte band v\u00e6lger ikke at acceptere prisen i henhold til de foreskrevne konkurrencebetingelser nedenfor, vil pr\u00e6mien blive trukket om fra den oprindelige pulje af berettigede deltagere. Vi vil gerne udtrykke vores oprigtige tak til alle bands og musikere, der deltog i konkurrencen og var med til at g\u00f8re den til en succes. <\/p>\n\n\n\n<p>Denne konkurrence er blevet gennemf\u00f8rt som en pr\u00e6miekonkurrence og afviklet i overensstemmelse med lovgivningen i England og Wales, herunder de relevante bestemmelser i Gambling Act 2005.<\/p>\n\n\n\n<h2 class=\"gb-headline gb-headline-cf781719 gb-headline-text\">Hold \u00f8je med denne side, da <a href=\"https:\/\/genevainstruments.com\/da\/geneva-musikfond\/\" data-type=\"page\" data-id=\"10038\">Quartet of Cardinals<\/a> 2026 vender tilbage og lanceres den 25. april 2026 @ EBBC<\/h2>\n\n\n\n<p>Vi ser fremad og er glade for at kunne meddele, at Quartet of Cardinals-konkurrencen i 2026 vender tilbage med et sp\u00e6ndende nyt format. Ud over standardtilmeldingsformularen vil bands blive inviteret til at indsende en kort video som en del af deres tilmelding \u2013 flere detaljer f\u00f8lger. <\/p>\n\n<\/div>\n<\/div><div class=\"gb-container gb-container-8d9923a0 alignfull\"><\/div><div class=\"gb-container gb-container-0ba3f97d alignfull\" id=\"enter\"><\/div><div class=\"gb-container gb-container-4f567e77 alignfull\">\n<div class=\"gb-container gb-container-3d4b7b3d\">\n\n<h2 class=\"gb-headline gb-headline-8c6ded3b gb-headline-text\">Quartet of Cardinals 2025-konkurrence \u2013 Vilk\u00e5r og betingelser<\/h2>\n\n\n\n<ol class=\"wp-block-list\">\n<li>Konkurrencen er \u00e5ben for alle traditionelle messingbands i verden, dvs. de messingensembler, der bruger en kombination af kornet, flugelhorn, tenorhorn, baryton, euphonium og tuba<\/li>\n\n\n\n<li>For at blive tilmeldt lodtr\u00e6kningen skal den person, der tilmelder deres messingband til at &#8216;Vinde en kvartet af Cardinal-instrumenter&#8217;:\n<ul class=\"wp-block-list\">\n<li>V\u00e6re et spillende medlem af messingbandet<\/li>\n\n\n\n<li>Udfylde hele tilmeldingsformularen og besvare sp\u00f8rgsm\u00e5let korrekt<\/li>\n\n\n\n<li>Indtaste deres kontaktoplysninger og deres messingbands<\/li>\n<\/ul>\n<\/li>\n\n\n\n<li>Maksimalt 25 tilmeldinger pr. messingband<\/li>\n\n\n\n<li>Konkurrencen er \u00e5ben fra 9. maj 2025 \u2013 15. december 2025<\/li>\n\n\n\n<li>Lodtr\u00e6kning finder sted den 20. december 2025<\/li>\n\n\n\n<li>Det vindende messingband modtager:\n<ul class=\"wp-block-list\">\n<li>1 x Cardinal Bb Kornet<\/li>\n\n\n\n<li>1 x Cardinal Bb Flugelhorn<\/li>\n\n\n\n<li>1 x Cardinal Eb Tenorhorn<\/li>\n\n\n\n<li>1 x Cardinal Bb Euphonium<\/li>\n<\/ul>\n<\/li>\n\n\n\n<li>Det vindende band accepterer at v\u00e6re bundet:\n<ul class=\"wp-block-list\">\n<li>Til at spille og vedligeholde kvartetten af Cardinal-instrumenter inden for deres messingband-optr\u00e6dener i mindst 2 \u00e5r fra modtagelsen<\/li>\n\n\n\n<li>Til at tillade og hj\u00e6lpe Geneva Instruments med at promovere deres messingband-aktivitet gennem f\u00e6lles pressemeddelelser i de 2 \u00e5r fra modtagelsen<\/li>\n\n\n\n<li>Hvis bandet ikke er i stand til at opfylde aftalen i nogen del f\u00f8r eller efter modtagelsen, vil instrumenterne blive returneret til Geneva Instruments, og en ny lodtr\u00e6kning vil tildele dem til et andet messingband, der deltog i den oprindelige konkurrence<\/li>\n\n\n\n<li>Ved afslutningen af de 2 \u00e5r vil instrumenterne blive det ubundne ejendom af det besiddende messingband.<\/li>\n<\/ul>\n<\/li>\n<\/ol>\n\n<\/div>\n<\/div>","protected":false},"excerpt":{"rendered":"<p>Quartet of Cardinals-konkurrencen er nu officielt lukket. Fejrer et kvart \u00e5rhundrede (2000-2025) med #ProgressInPlay Konkurrencer, der g\u00f8r det muligt for musikere at n\u00e5 deres sande potentiale Vi er glade for at kunne bekr\u00e6fte, at 2025 Quartet of Cardinals-konkurrencen tiltrak en enorm respons, med tilmeldinger fra messingmusikere fra alle verdenshj\u00f8rner, der hver is\u00e6r tilmeldte deres messingband &#8230; <a title=\"Quartet of Cardinals-konkurrence \u2013 Opdatering\" class=\"read-more\" href=\"https:\/\/genevainstruments.com\/da\/vind-en-kvartet-af-kardinaler\/\" aria-label=\"Read more about Quartet of Cardinals-konkurrence \u2013 Opdatering\">L\u00e6s Mere<\/a><\/p>\n","protected":false},"author":1,"featured_media":12600,"parent":0,"menu_order":0,"comment_status":"closed","ping_status":"closed","template":"","meta":{"_acf_changed":false,"footnotes":""},"class_list":["post-12598","page","type-page","status-publish","has-post-thumbnail"],"acf":[],"_links":{"self":[{"href":"https:\/\/genevainstruments.com\/da\/wp-json\/wp\/v2\/pages\/12598","targetHints":{"allow":["GET"]}}],"collection":[{"href":"https:\/\/genevainstruments.com\/da\/wp-json\/wp\/v2\/pages"}],"about":[{"href":"https:\/\/genevainstruments.com\/da\/wp-json\/wp\/v2\/types\/page"}],"author":[{"embeddable":true,"href":"https:\/\/genevainstruments.com\/da\/wp-json\/wp\/v2\/users\/1"}],"replies":[{"embeddable":true,"href":"https:\/\/genevainstruments.com\/da\/wp-json\/wp\/v2\/comments?post=12598"}],"version-history":[{"count":4,"href":"https:\/\/genevainstruments.com\/da\/wp-json\/wp\/v2\/pages\/12598\/revisions"}],"predecessor-version":[{"id":19387,"href":"https:\/\/genevainstruments.com\/da\/wp-json\/wp\/v2\/pages\/12598\/revisions\/19387"}],"wp:featuredmedia":[{"embeddable":true,"href":"https:\/\/genevainstruments.com\/da\/wp-json\/wp\/v2\/media\/12600"}],"wp:attachment":[{"href":"https:\/\/genevainstruments.com\/da\/wp-json\/wp\/v2\/media?parent=12598"}],"curies":[{"name":"wp","href":"https:\/\/api.w.org\/{rel}","templated":true}]}}