{"id":18966,"date":"2025-12-02T12:33:26","date_gmt":"2025-12-02T12:33:26","guid":{"rendered":"https:\/\/genevainstruments.com\/betalingsplan-vilkaar-og-betingelser\/"},"modified":"2025-12-02T16:31:49","modified_gmt":"2025-12-02T16:31:49","slug":"betalingsplan-vilkaar-og-betingelser","status":"publish","type":"page","link":"https:\/\/genevainstruments.com\/da\/betalingsplan-vilkaar-og-betingelser\/","title":{"rendered":"Betalingsplan &#8211; Vilk\u00e5r og betingelser"},"content":{"rendered":"<div class=\"gb-container gb-container-3a14c50b alignfull\">\n<div class=\"gb-container gb-container-edda4908\">\n\n<h2 class=\"gb-headline gb-headline-e96a6bdd gb-headline-text\">Geneva Brasswind Limited<\/h2>\n\n\n\n<h3 class=\"gb-headline gb-headline-1bd4009d gb-headline-text\">Betalingsplan &#8211; Vilk\u00e5r og betingelser + Refusionspolitik<\/h3>\n\n\n\n<p class=\"gb-headline gb-headline-a04c6298 gb-headline-text\">Disse vilk\u00e5r og betingelser udg\u00f8r en juridisk bindende aftale mellem dig (kunden) og Geneva Brasswind Limited (&#8220;vi&#8221;, &#8220;os&#8221;, &#8220;vores&#8221;), der regulerer k\u00f8b af Geneva Instruments-produkter, herunder betalingsplaner, opfyldelse, forsendelse, ejerskab og refunderinger.<\/p>\n\n\n\n<h3 class=\"gb-headline gb-headline-226ef339 gb-headline-text\">1. Definitioner<\/h3>\n\n\n\n<ul class=\"wp-block-list\">\n<li>&#8220;Instrument&#8221;: Ethvert messinginstrument eller tilbeh\u00f8r fremstillet eller leveret af Geneva Brasswind Limited.<\/li>\n\n\n\n<li>&#8220;Betalingsplan&#8221;: En afdragsbaseret betalingsordning aftalt mellem kunden og Geneva Brasswind Limited.<\/li>\n\n\n\n<li>&#8220;Depositum&#8221;: En ikke-refunderbar f\u00f8rste betaling, der kr\u00e6ves for at reservere et instrument.<\/li>\n\n\n\n<li>&#8220;Ekstraordin\u00e6re omst\u00e6ndigheder&#8221;: Situationer uden for kundens rimelige kontrol, der kan berettige afvigelse fra den standard refusionspolitik.<\/li>\n\n\n\n<li>&#8220;Specialbyggede instrumenter&#8221;: Instrumenter bygget specifikt efter kundens \u00f8nskede specifikationer.<\/li>\n<\/ul>\n\n\n\n<h3 class=\"gb-headline gb-headline-b6944c66 gb-headline-text\">2. Bestilling og kontraktindg\u00e5else<\/h3>\n\n\n\n<p class=\"gb-headline gb-headline-d34de576 gb-headline-text\">Ved at afgive en ordre p\u00e5 vores hjemmeside bekr\u00e6fter du:<\/p>\n\n\n\n<ul class=\"wp-block-list\">\n<li>Du er mindst 18 \u00e5r gammel eller har juridisk kapacitet til at indg\u00e5 kontrakt.<\/li>\n\n\n\n<li>Du accepterer disse vilk\u00e5r og betingelser.<\/li>\n\n\n\n<li>Du indg\u00e5r en kontrakt med Geneva Brasswind Limited.<br\/>En kontrakt er indg\u00e5et, n\u00e5r vi udsender en ordrebekr\u00e6ftelse via e-mail.<\/li>\n<\/ul>\n\n\n\n<h3 class=\"gb-headline gb-headline-771fedb9 gb-headline-text\">3. Betalingsplaner<\/h3>\n\n\n\n<p class=\"gb-headline gb-headline-549aa366 gb-headline-text\">Vi tilbyder flere betalingsplansmuligheder, s\u00e5 Kunder kan betale i rater.<\/p>\n\n\n\n<h4 class=\"gb-headline gb-headline-7ed39cad gb-headline-text\">3.1 Depositumkrav<\/h4>\n\n\n\n<p class=\"gb-headline gb-headline-f8fe80eb gb-headline-text\">Et ikke-refunderbart depositum er p\u00e5kr\u00e6vet for at reservere ethvert instrument. Dette depositum: <\/p>\n\n\n\n<ul class=\"wp-block-list\">\n<li>Sikrer din plads i vores produktions- eller tildelingsk\u00f8.<\/li>\n\n\n\n<li>Er ikke-overf\u00f8rbart og ikke-refunderbart under alle omst\u00e6ndigheder.<\/li>\n<\/ul>\n\n\n\n<h4 class=\"gb-headline gb-headline-9acc4270 gb-headline-text\">3.2 Afdragsbetalinger<\/h4>\n\n\n\n<ul class=\"wp-block-list\">\n<li>Kunder vil modtage m\u00e5nedlige betalingslinks via e-mail.<\/li>\n\n\n\n<li>Afdragsbel\u00f8b og varighed varierer baseret p\u00e5 den valgte plan ved checkout.<\/li>\n\n\n\n<li>Kunder kan betale den resterende saldo n\u00e5r som helst uden straf.<\/li>\n\n\n\n<li>Specialbyggede ordrer kan ikke forl\u00e6nges ud over den oprindeligt aftalte betalingsplan.<\/li>\n<\/ul>\n\n\n\n<h3 class=\"gb-headline gb-headline-9889858e gb-headline-text\">4. Refusionspolitik<\/h3>\n\n\n\n<p class=\"gb-headline gb-headline-1ec230cf gb-headline-text\">Vores refusionspolitik er designet til at give klarhed, samtidig med at vi anerkender \u00e6gte vanskeligheder.<\/p>\n\n\n\n<h4 class=\"gb-headline gb-headline-3b5bd44e gb-headline-text\">4.1 Ikke-refunderbare betalinger<\/h4>\n\n\n\n<p class=\"gb-headline gb-headline-e2fc61c0 gb-headline-text\">F\u00f8lgende betalinger er strengt ikke-refunderbare:<\/p>\n\n\n\n<ul class=\"wp-block-list\">\n<li>Depositummet.<\/li>\n\n\n\n<li>Den f\u00f8rste m\u00e5nedlige rate.<br\/><\/li>\n<\/ul>\n\n\n\n<h4 class=\"gb-headline gb-headline-b79f7aae gb-headline-text\">4.2 Refusion ved s\u00e6rlige omst\u00e6ndigheder<\/h4>\n\n\n\n<p class=\"gb-headline gb-headline-8a646f2f gb-headline-text\">Refusion af efterf\u00f8lgende rater kan bevilges <strong>kun under s\u00e6rlige omst\u00e6ndigheder<\/strong>, vurderet fra sag til sag.<\/p>\n\n\n\n<p class=\"gb-headline gb-headline-acd969c8 gb-headline-text\">Eksempler omfatter:<\/p>\n\n\n\n<ul class=\"wp-block-list\">\n<li>Alvorlige medicinske n\u00f8dsituationer.<\/li>\n\n\n\n<li>St\u00f8rre uventede \u00f8konomiske vanskeligheder.<\/li>\n\n\n\n<li>Betydelige personlige livsbegivenheder, der p\u00e5virker din evne til at forts\u00e6tte betalinger.<\/li>\n<\/ul>\n\n\n\n<h5 class=\"gb-headline gb-headline-4d943c6f gb-headline-text\">Underst\u00f8ttende dokumentation<\/h5>\n\n\n\n<p class=\"gb-headline gb-headline-c6d520bd gb-headline-text\">Geneva Brasswind Limited kan anmode om rimelig dokumentation f\u00f8r evaluering af en refusionsanmodning.<\/p>\n\n\n\n<h5 class=\"gb-headline gb-headline-37198c8c gb-headline-text\">Behandling<\/h5>\n\n\n\n<p class=\"gb-headline gb-headline-44ca25d8 gb-headline-text\">Godkendte refusioner udstedes inden for 7-10 arbejdsdage.<\/p>\n\n\n\n<h4 class=\"gb-headline gb-headline-90729213 gb-headline-text\">4.3 \u00c6ndringer i betalingsplan<\/h4>\n\n\n\n<p class=\"gb-headline gb-headline-631a81e5 gb-headline-text\">Kunder (undtagen specialbyggede ordrer) kan anmode om:<\/p>\n\n\n\n<ul class=\"wp-block-list\">\n<li>En forl\u00e6ngelse af den eksisterende betalingsplan.<\/li>\n\n\n\n<li>Mindre justeringer af betalingsfrister.<\/li>\n<\/ul>\n\n\n\n<p class=\"gb-headline gb-headline-37994895 gb-headline-text\">Anmodninger skal indsendes skriftligt til <a href=\"mailto:info@genevainstruments.com\">info@genevainstruments.com<\/a> efter at depositum og f\u00f8rste rate er betalt.<\/p>\n\n\n\n<h3 class=\"gb-headline gb-headline-d2f10806 gb-headline-text\">5. Opfyldelse og forsendelse<\/h3>\n\n\n\n<ul class=\"wp-block-list\">\n<li>Instrumenter klarg\u00f8res, kvalitetskontrolleres og afsendes f\u00f8rst efter fuld betaling er modtaget.<\/li>\n\n\n\n<li>Leveringstidsplanen vil f\u00f8lge din betalingsplan.<\/li>\n\n\n\n<li>Forsendelsesomkostninger, importafgifter og skatter (hvor det er relevant) er Kundens ansvar, medmindre andet er angivet.<\/li>\n<\/ul>\n\n\n\n<h3 class=\"gb-headline gb-headline-8e8f5383 gb-headline-text\">6. Ejerskab og risiko<\/h3>\n\n\n\n<ul class=\"wp-block-list\">\n<li>Ejerskab overf\u00f8res til Kunden <strong>f\u00f8rst ved fuld betaling<\/strong>.<\/li>\n\n\n\n<li>Indtil betalingen er fuldf\u00f8rt, forbliver instrumentet juridisk Geneva Brasswind Limiteds ejendom.<\/li>\n\n\n\n<li>Risikoen for varerne overf\u00f8res til Kunden ved afsendelse.<\/li>\n<\/ul>\n\n\n\n<h3 class=\"gb-headline gb-headline-e41e1290 gb-headline-text\">7. Kundens ansvar<\/h3>\n\n\n\n<p class=\"gb-headline gb-headline-fb382651 gb-headline-text\">Kunden accepterer at:<\/p>\n\n\n\n<ul class=\"wp-block-list\">\n<li>Give n\u00f8jagtige kontakt- og forsendelsesoplysninger.<\/li>\n\n\n\n<li>Opretholde gyldige betalingsoplysninger gennem hele betalingsplanen.<\/li>\n\n\n\n<li>Straks underrette Geneva Brasswind Limited om eventuelle problemer, der p\u00e5virker betaling.<\/li>\n<\/ul>\n\n\n\n<h3 class=\"gb-headline gb-headline-32a69c9d gb-headline-text\">8. Uafh\u00e6ngig tvistbil\u00e6ggelsespolitik<\/h3>\n\n\n\n<p class=\"gb-headline gb-headline-46c2a8d2 gb-headline-text\">Vi str\u00e6ber efter at l\u00f8se alle problemer i mindelighed.<\/p>\n\n\n\n<h4 class=\"gb-headline gb-headline-54862e8d gb-headline-text\">8.1 Intern l\u00f8sning<\/h4>\n\n\n\n<p class=\"gb-headline gb-headline-dedad102 gb-headline-text\">Kunder b\u00f8r f\u00f8rst indsende tvister skriftligt til: <a href=\"mailto:info@genevainstruments.com\">info@genevainstruments.com<\/a><\/p>\n\n\n\n<p class=\"gb-headline gb-headline-e761417d gb-headline-text\">Vi vil:<\/p>\n\n\n\n<ul class=\"wp-block-list\">\n<li>Bekr\u00e6fte modtagelsen inden for 5 arbejdsdage.<\/li>\n\n\n\n<li>Tilstr\u00e6be at foresl\u00e5 en l\u00f8sning inden for 14 arbejdsdage.<\/li>\n<\/ul>\n\n\n\n<h4 class=\"gb-headline gb-headline-f88752e7 gb-headline-text\">8.2 Uafh\u00e6ngig gennemgang<\/h4>\n\n\n\n<p class=\"gb-headline gb-headline-a2ab7151 gb-headline-text\">Hvis intern l\u00f8sning ikke lykkes, kan begge parter anmode om en neutral tredjeparts m\u00e6gler.<\/p>\n\n\n\n<ul class=\"wp-block-list\">\n<li>M\u00e6glingsgebyrer deles ligeligt, medmindre andet kr\u00e6ves ved lov.<\/li>\n\n\n\n<li>M\u00e6gling er ikke bindende.<\/li>\n<\/ul>\n\n\n\n<p class=\"gb-headline gb-headline-ef261651 gb-headline-text\">Kunder bevarer alle rettigheder til at forf\u00f8lge juridiske midler efter m\u00e6gling.<\/p>\n\n\n\n<h3 class=\"gb-headline gb-headline-fad70c9e gb-headline-text\">9. Force Majeure<\/h3>\n\n\n\n<p class=\"gb-headline gb-headline-2ffffb93 gb-headline-text\">Geneva Brasswind Limited er ikke ansvarlig for forsinkelser eller manglende evne til at opfylde forpligtelser for\u00e5rsaget af begivenheder uden for rimelig kontrol, herunder men ikke begr\u00e6nset til:<\/p>\n\n\n\n<ul class=\"wp-block-list\">\n<li>Naturkatastrofer<\/li>\n\n\n\n<li>Forstyrrelser i forsyningsk\u00e6den<\/li>\n\n\n\n<li>Sygdom eller skade<\/li>\n\n\n\n<li>Strejker eller transportforsinkelser<\/li>\n\n\n\n<li>Regeringshandlinger eller n\u00f8dsituationer<\/li>\n<\/ul>\n\n\n\n<h3 class=\"gb-headline gb-headline-27e28b6f gb-headline-text\">10. Ansvarsbegr\u00e6nsning<\/h3>\n\n\n\n<p class=\"gb-headline gb-headline-96ad9d4f gb-headline-text\">I det maksimale omfang loven tillader:<\/p>\n\n\n\n<ul class=\"wp-block-list\">\n<li>Geneva Brasswind Limiteds ansvar skal ikke overstige den betalte k\u00f8bspris.<\/li>\n\n\n\n<li>Vi er ikke ansvarlige for indirekte eller f\u00f8lgetab, herunder tab af indtjening eller optr\u00e6delsesmuligheder.<\/li>\n<\/ul>\n\n\n\n<h3 class=\"gb-headline gb-headline-9bde9bd3 gb-headline-text\">11. G\u00e6ldende lov<\/h3>\n\n\n\n<p class=\"gb-headline gb-headline-5bca1be7 gb-headline-text\">Disse vilk\u00e5r og betingelser er underlagt lovgivningen i Storbritannien.<\/p>\n\n\n\n<p class=\"gb-headline gb-headline-30bc8084 gb-headline-text\">Eventuelle tvister skal v\u00e6re underlagt de britiske domstoles eksklusive jurisdiktion, efter valgfri m\u00e6gling.<\/p>\n\n\n\n<h3 class=\"gb-headline gb-headline-936a7e54 gb-headline-text\">12. Aftaleaccept<\/h3>\n\n\n\n<p class=\"gb-headline gb-headline-5a781287 gb-headline-text\">Ved at afgive en ordre og\/eller v\u00e6lge en betalingsplan bekr\u00e6fter Kunden accept af disse vilk\u00e5r og betingelser, der udg\u00f8r en bindende aftale med Geneva Brasswind Limited.<\/p>\n\n<\/div>\n<\/div>","protected":false},"excerpt":{"rendered":"<p>Geneva Brasswind Limited Betalingsplan &#8211; Vilk\u00e5r og betingelser + Refusionspolitik Disse vilk\u00e5r og betingelser udg\u00f8r en juridisk bindende aftale mellem dig (kunden) og Geneva Brasswind Limited (&#8220;vi&#8221;, &#8220;os&#8221;, &#8220;vores&#8221;), der regulerer k\u00f8b af Geneva Instruments-produkter, herunder betalingsplaner, opfyldelse, forsendelse, ejerskab og refunderinger. 1. Definitioner 2. Bestilling og kontraktindg\u00e5else Ved at afgive en ordre p\u00e5 vores &#8230; <a title=\"Betalingsplan &#8211; Vilk\u00e5r og betingelser\" class=\"read-more\" href=\"https:\/\/genevainstruments.com\/da\/betalingsplan-vilkaar-og-betingelser\/\" aria-label=\"Read more about Betalingsplan &#8211; Vilk\u00e5r og betingelser\">L\u00e6s Mere<\/a><\/p>\n","protected":false},"author":1,"featured_media":0,"parent":0,"menu_order":21,"comment_status":"closed","ping_status":"closed","template":"","meta":{"_acf_changed":false,"footnotes":""},"class_list":["post-18966","page","type-page","status-publish"],"acf":[],"_links":{"self":[{"href":"https:\/\/genevainstruments.com\/da\/wp-json\/wp\/v2\/pages\/18966","targetHints":{"allow":["GET"]}}],"collection":[{"href":"https:\/\/genevainstruments.com\/da\/wp-json\/wp\/v2\/pages"}],"about":[{"href":"https:\/\/genevainstruments.com\/da\/wp-json\/wp\/v2\/types\/page"}],"author":[{"embeddable":true,"href":"https:\/\/genevainstruments.com\/da\/wp-json\/wp\/v2\/users\/1"}],"replies":[{"embeddable":true,"href":"https:\/\/genevainstruments.com\/da\/wp-json\/wp\/v2\/comments?post=18966"}],"version-history":[{"count":1,"href":"https:\/\/genevainstruments.com\/da\/wp-json\/wp\/v2\/pages\/18966\/revisions"}],"predecessor-version":[{"id":18967,"href":"https:\/\/genevainstruments.com\/da\/wp-json\/wp\/v2\/pages\/18966\/revisions\/18967"}],"wp:attachment":[{"href":"https:\/\/genevainstruments.com\/da\/wp-json\/wp\/v2\/media?parent=18966"}],"curies":[{"name":"wp","href":"https:\/\/api.w.org\/{rel}","templated":true}]}}