{"id":18982,"date":"2021-02-16T16:44:56","date_gmt":"2021-02-16T16:44:56","guid":{"rendered":"https:\/\/genevainstruments.com\/privatlivspolitik\/"},"modified":"2025-12-02T16:36:22","modified_gmt":"2025-12-02T16:36:22","slug":"privatlivspolitik","status":"publish","type":"page","link":"https:\/\/genevainstruments.com\/da\/privatlivspolitik\/","title":{"rendered":"Privatlivspolitik"},"content":{"rendered":"<div class=\"gb-container gb-container-3a14c50b alignfull\">\n<div class=\"gb-container gb-container-edda4908\">\n\n<h2 class=\"gb-headline gb-headline-ed203461 gb-headline-text\">Privatlivspolitik for hjemmeside og virksomhed<\/h2>\n\n\n\n<p class=\"gb-headline gb-headline-66f80ce9 gb-headline-text\">Dette er privatlivspolitikken for Geneva Instruments.<\/p>\n\n\n\n<p class=\"gb-headline gb-headline-bf623d36 gb-headline-text\">I dette dokument refererer &#8220;vi&#8221; til Geneva Instruments (som omfatter Geneva Brasswind Ltd og Geneva Instruments Ltd).<\/p>\n\n\n\n<p class=\"gb-headline gb-headline-341aa9aa gb-headline-text\">Vores registrerede kontor er p\u00e5 Biz Hub Tees Valley, Belasis Hall Business Centre, Coxwold Way, TS23 4EA.<\/p>\n\n\n\n<h3 class=\"gb-headline gb-headline-b89c877c gb-headline-text\">Introduktion<\/h3>\n\n\n\n<p>Dette er en meddelelse for at informere Dem om vores politik vedr\u00f8rende alle oplysninger, vi registrerer om Dem. Den fastl\u00e6gger betingelserne for, hvordan vi m\u00e5 behandle enhver information, vi indsamler fra Dem, eller som De giver os. Den d\u00e6kker oplysninger, der kan identificere Dem (&#8220;personlige oplysninger&#8221;), og information om Dem, hvis De k\u00f8ber instrumenter eller tilbeh\u00f8r fra os.  <\/p>\n\n\n\n<p>Vi beklager, hvis der er et eller flere punkter nedenfor, som De ikke er tilfreds med. I s\u00e5 fald bedes De kontakte Geneva Instruments via kontaktsiden p\u00e5 hjemmesiden.<\/p>\n\n\n\n<p>Vi tager beskyttelsen af Deres privatliv og fortrolighed alvorligt. Vi forst\u00e5r, at alle bes\u00f8gende p\u00e5 vores hjemmeside har ret til at vide, at deres personlige data ikke vil blive brugt til andre form\u00e5l end at levere instrumenter og ikke vil blive delt med tredjeparter. <\/p>\n\n\n\n<p>Vi forpligter os til at bevare fortroligheden af alle oplysninger, De giver til The Geneva Group.<\/p>\n\n\n\n<p>Vores politik overholder britisk lovgivning, som er implementeret i overensstemmelse hermed.<\/p>\n\n\n\n<p>Loven kr\u00e6ver, at vi informerer Dem om Deres rettigheder og vores forpligtelser over for Dem med hensyn til behandling og kontrol af Deres personlige data. Vi g\u00f8r dette nu ved at anmode Dem om at l\u00e6se oplysningerne p\u00e5 <a href=\"https:\/\/www.knowyourprivacyrights.org\/\" rel=\"noopener\">www.knowyourprivacyrights.org<\/a> <\/p>\n\n\n\n<p>Bortset fra som angivet nedenfor, deler, s\u00e6lger eller videregiver vi ikke oplysninger til tredjeparter.<\/p>\n\n\n\n<p>Grundlagene for vores behandling af oplysninger om Dem<\/p>\n\n\n\n<p>Loven kr\u00e6ver, at vi fastl\u00e6gger, under hvilke af seks definerede grundlag vi behandler forskellige kategorier af Deres personlige oplysninger for Geneva Instruments.<\/p>\n\n\n\n<p>Hvis et grundlag, hvorp\u00e5 vi behandler Deres personlige oplysninger, ikke l\u00e6ngere er relevant.<\/p>\n\n\n\n<p>Hvis grundlaget \u00e6ndrer sig, skal vi, hvis loven kr\u00e6ver det, underrette Dem om \u00e6ndringen og om ethvert nyt grundlag.<\/p>\n\n\n\n<p>Oplysninger vi behandler, fordi vi har en kontraktlig forpligtelse over for Dem<\/p>\n\n\n\n<p>N\u00e5r De k\u00f8ber et produkt eller en tjeneste fra os, eller p\u00e5 anden m\u00e5de accepterer vores vilk\u00e5r og betingelser for Geneva Group.<\/p>\n\n\n\n<p>For at opfylde vores forpligtelser i henhold til denne kontrakt skal vi behandle de oplysninger, De giver os.<\/p>\n\n\n\n<p>Vi kan bruge dem til at:<\/p>\n\n\n\n<ol class=\"wp-block-list\">\n<li>verificere Deres identitet af sikkerhedsm\u00e6ssige \u00e5rsager<\/li>\n\n\n\n<li>s\u00e6lge produkter til Dem<\/li>\n\n\n\n<li>levere vores tjenester til Dem<\/li>\n\n\n\n<li>give Dem forslag og r\u00e5d om produkter og tjenester.<\/li>\n<\/ol>\n\n\n\n<p>Vi behandler disse oplysninger p\u00e5 grundlag af, at der er en kontrakt mellem os, eller at De har anmodet om varer eller information.<\/p>\n\n\n\n<p>Derudover kan vi aggregere disse oplysninger p\u00e5 en generel m\u00e5de og bruge dem til at levere klasseoplysninger, for eksempel til at overv\u00e5ge vores pr\u00e6station med hensyn til den service, vi leverer.<\/p>\n\n\n\n<p>Vi vil forts\u00e6tte med at behandle disse oplysninger, indtil kontrakten mellem os oph\u00f8rer eller opsiges.<\/p>\n\n\n\n<h3 class=\"gb-headline gb-headline-a3427af8 gb-headline-text\">Oplysninger vi behandler med Deres samtykke<\/h3>\n\n\n\n<p>Gennem visse handlinger, n\u00e5r der ellers ikke er noget kontraktforhold mellem os, s\u00e5som n\u00e5r De browser vores hjemmeside eller beder os om at give Dem mere information om vores virksomhed, herunder instrumenter, instrumentservice og tilbeh\u00f8r.<\/p>\n\n\n\n<p>Hvor det er muligt, tilstr\u00e6ber vi at indhente Deres udtrykkelige samtykke til at behandle disse oplysninger.<\/p>\n\n\n\n<p>Nogle gange kan De give Deres samtykke implicit, s\u00e5som n\u00e5r De sender os en besked via e-mail gennem hjemmesiden.<\/p>\n\n\n\n<p>Bortset fra hvor De har givet samtykke til vores brug af Deres oplysninger til et specifikt form\u00e5l, bruger vi ikke Deres oplysninger p\u00e5 nogen m\u00e5de, der ville identificere Dem personligt. Vi kan aggregere det p\u00e5 en generel m\u00e5de for at forts\u00e6tte med at give Dem den bedst mulige service. <\/p>\n\n\n\n<p>Vi forts\u00e6tter med at behandle Deres oplysninger p\u00e5 dette grundlag, indtil De tr\u00e6kker Deres samtykke tilbage, eller det kan bruges til at g\u00f8re Dem opm\u00e6rksom p\u00e5 s\u00e6rlige tilbud eller rabatter eller nye produkter.<\/p>\n\n\n\n<p>De kan til enhver tid tr\u00e6kke Deres samtykke tilbage ved at instruere os p\u00e5 <a href=\"https:\/\/genevainstruments.com\/da\/\">GenevaInstruments.com<\/a>.<\/p>\n\n\n\n<h3 class=\"gb-headline gb-headline-7ba1939a gb-headline-text\">Oplysninger vi behandler med henblik p\u00e5 legitime interesser<\/h3>\n\n\n\n<p>Vi kan behandle oplysninger p\u00e5 grundlag af, at der er en legitim interesse, enten til produkter eller information.<\/p>\n\n\n\n<p>Hvor vi behandler Deres oplysninger p\u00e5 dette grundlag, g\u00f8r vi det i Deres interesse for at informere Dem om begivenheder eller nye produkter:<\/p>\n\n\n\n<p>For eksempel kan vi behandle Deres data for at informere Dem om en messingworkshop i Deres omr\u00e5de, registrering til korrekt og n\u00f8dvendig administration af instrumenter og tilbeh\u00f8r, besvarelse af uopfordret kommunikation fra Dem, som vi modtager vedr\u00f8rende produkter eller varer, beskyttelse og h\u00e6vdelse af enhver parts juridiske rettigheder.<\/p>\n\n\n\n<p>forsikring mod eller indhentning af professionel r\u00e5dgivning, der er n\u00f8dvendig for at hj\u00e6lpe eller bist\u00e5 i Deres foresp\u00f8rgsel<\/p>\n\n\n\n<p>beskyttelse af Deres interesser, hvor vi mener, vi har en forpligtelse til at g\u00f8re det<\/p>\n\n\n\n<h3 class=\"gb-headline gb-headline-b8c1c4b9 gb-headline-text\">Oplysninger vi behandler, fordi vi har en juridisk forpligtelse<\/h3>\n\n\n\n<p>Vi er underlagt loven ligesom alle andre. Nogle gange skal vi behandle Deres adresse eller e-mail-oplysninger. <\/p>\n\n\n\n<p>For eksempel kan vi v\u00e6re forpligtet til at give oplysninger til juridiske myndigheder, hvis de anmoder om det, eller hvis de har en interesse i en person. Dette kan omfatte Deres personlige oplysninger. <\/p>\n\n\n\n<h3 class=\"gb-headline gb-headline-2932f599 gb-headline-text\">Specifikke anvendelser af oplysninger, De giver os<\/h3>\n\n\n\n<p>Oplysninger givet med forst\u00e5else for, at de vil blive delt med en tredjepart.<\/p>\n\n\n\n<p>Vores hjemmeside tillader ikke, at De offentligg\u00f8r oplysninger.<\/p>\n\n\n\n<p>Klager vedr\u00f8rende indhold p\u00e5 vores hjemmeside.<\/p>\n\n\n\n<p>Vores hjemmeside er et publiceringsmedie, men indhold kan ikke offentligg\u00f8res af tredjeparter.<\/p>\n\n\n\n<p>Hvis De klager over noget indhold fundet p\u00e5 <a href=\"https:\/\/genevainstruments.com\/da\/\">GenevaInstruments.com<\/a>, vil vi unders\u00f8ge det, og hvis vi mener, det er berettiget, vil vi fjerne s\u00e5dant indhold.<\/p>\n\n\n\n<p>Ytringsfrihed er en grundl\u00e6ggende rettighed, s\u00e5 vi m\u00e5 overveje hver anmodning, som vi finder passende.<\/p>\n\n\n\n<p>Hvis vi mener, at Deres klage er berettiget, vil der blive taget skridt til at fjerne indholdet.<\/p>\n\n\n\n<p>Oplysninger vedr\u00f8rende Deres betalingsmetode<\/p>\n\n\n\n<p>Betalingsoplysninger opbevares aldrig af os. P\u00e5 betalingstidspunktet for et instrument vil De v\u00e6lge Deres betalingsmulighed.<\/p>\n\n\n\n<h3 class=\"gb-headline gb-headline-dc70bf8e gb-headline-text\">Afsendelse af en besked<\/h3>\n\n\n\n<p>N\u00e5r De kontakter os, hvad enten det er telefonisk eller via vores hjemmeside, registrerer vi Deres anmodning og opbevarer ikke personlige data fra s\u00e5danne anmodninger.<\/p>\n\n\n\n<h3 class=\"gb-headline gb-headline-e533b1a2 gb-headline-text\">Klager<\/h3>\n\n\n\n<p>N\u00e5r vi modtager en klage via e-mail eller telefon, bruger vi disse oplysninger til at l\u00f8se Deres klage.<\/p>\n\n\n\n<p>Hvis Deres klage med rimelighed kr\u00e6ver, at vi kontakter en anden person, kan vi beslutte at give oplysninger til denne anden person.<\/p>\n\n\n\n<p>Vi kan ogs\u00e5 udarbejde statistikker, der viser oplysninger indhentet fra denne klage.<\/p>\n\n\n\n<p>Brug af oplysninger, vi indsamler gennem automatiserede systemer, n\u00e5r De bes\u00f8ger vores hjemmeside<\/p>\n\n\n\n<h3 class=\"gb-headline gb-headline-5da56707 gb-headline-text\">Cookies<\/h3>\n\n\n\n<p>Cookies er sm\u00e5 tekstfiler, der placeres p\u00e5 Deres computers harddisk af Deres webbrowser, n\u00e5r De bes\u00f8ger en hjemmeside.<\/p>\n\n\n\n<p>Vi bruger cookies p\u00e5 f\u00f8lgende m\u00e5der:<\/p>\n\n\n\n<ol class=\"wp-block-list\">\n<li>til at spore, hvordan De bruger vores hjemmeside<\/li>\n\n\n\n<li>til at registrere, om De regelm\u00e6ssigt bes\u00f8ger vores hjemmeside<\/li>\n\n\n\n<li>til at holde Dem logget ind p\u00e5 vores side<\/li>\n<\/ol>\n\n\n\n<h3 class=\"gb-headline gb-headline-f2fdafcf gb-headline-text\">Videregivelse og deling af Deres oplysninger<\/h3>\n\n\n\n<p>Oplysninger, vi indhenter fra tredjeparter<\/p>\n\n\n\n<p>Ingen af disse oplysninger er personligt identificerbare for Dem.<\/p>\n\n\n\n<p>Data kan behandles uden for Den Europ\u00e6iske Union.<\/p>\n\n\n\n<p>Vores hjemmesider er hostet i Storbritannien.<\/p>\n\n\n\n<p>Adgang til Deres egne oplysninger.<\/p>\n\n\n\n<p>De kan til enhver tid slette de oplysninger, vi har om Dem, ved at kontakte os.<\/p>\n\n\n\n<h3 class=\"gb-headline gb-headline-d8bf2857 gb-headline-text\">Andre forhold<\/h3>\n\n\n\n<p>Hvordan De kan klage<\/p>\n\n\n\n<p>Kontakt <a href=\"https:\/\/genevainstruments.com\/da\/\">GenevaInstruments.com<\/a> og klik p\u00e5 fanen &#8220;Kontakt os&#8221;.<\/p>\n\n\n\n<p>Hvis De p\u00e5 nogen m\u00e5de er utilfreds med, hvordan vi behandler Deres personlige oplysninger, har De ret til at indgive en klage til Datatilsynet.<\/p>\n\n<\/div>\n<\/div>","protected":false},"excerpt":{"rendered":"<p>Privatlivspolitik for hjemmeside og virksomhed Dette er privatlivspolitikken for Geneva Instruments. I dette dokument refererer &#8220;vi&#8221; til Geneva Instruments (som omfatter Geneva Brasswind Ltd og Geneva Instruments Ltd). Vores registrerede kontor er p\u00e5 Biz Hub Tees Valley, Belasis Hall Business Centre, Coxwold Way, TS23 4EA. Introduktion Dette er en meddelelse for at informere Dem om &#8230; <a title=\"Privatlivspolitik\" class=\"read-more\" href=\"https:\/\/genevainstruments.com\/da\/privatlivspolitik\/\" aria-label=\"Read more about Privatlivspolitik\">L\u00e6s Mere<\/a><\/p>\n","protected":false},"author":1,"featured_media":0,"parent":0,"menu_order":20,"comment_status":"closed","ping_status":"closed","template":"","meta":{"_acf_changed":false,"footnotes":""},"class_list":["post-18982","page","type-page","status-publish"],"acf":[],"_links":{"self":[{"href":"https:\/\/genevainstruments.com\/da\/wp-json\/wp\/v2\/pages\/18982","targetHints":{"allow":["GET"]}}],"collection":[{"href":"https:\/\/genevainstruments.com\/da\/wp-json\/wp\/v2\/pages"}],"about":[{"href":"https:\/\/genevainstruments.com\/da\/wp-json\/wp\/v2\/types\/page"}],"author":[{"embeddable":true,"href":"https:\/\/genevainstruments.com\/da\/wp-json\/wp\/v2\/users\/1"}],"replies":[{"embeddable":true,"href":"https:\/\/genevainstruments.com\/da\/wp-json\/wp\/v2\/comments?post=18982"}],"version-history":[{"count":1,"href":"https:\/\/genevainstruments.com\/da\/wp-json\/wp\/v2\/pages\/18982\/revisions"}],"predecessor-version":[{"id":18983,"href":"https:\/\/genevainstruments.com\/da\/wp-json\/wp\/v2\/pages\/18982\/revisions\/18983"}],"wp:attachment":[{"href":"https:\/\/genevainstruments.com\/da\/wp-json\/wp\/v2\/media?parent=18982"}],"curies":[{"name":"wp","href":"https:\/\/api.w.org\/{rel}","templated":true}]}}