{"id":19011,"date":"2021-01-15T11:41:21","date_gmt":"2021-01-15T11:41:21","guid":{"rendered":"https:\/\/genevainstruments.com\/vilkaar-og-betingelser\/"},"modified":"2025-12-02T16:37:23","modified_gmt":"2025-12-02T16:37:23","slug":"vilkaar-og-betingelser","status":"publish","type":"page","link":"https:\/\/genevainstruments.com\/da\/vilkaar-og-betingelser\/","title":{"rendered":"Vilk\u00e5r og betingelser"},"content":{"rendered":"<div class=\"gb-container gb-container-3a14c50b alignfull\">\n<div class=\"gb-container gb-container-edda4908\">\n\n<p class=\"gb-headline gb-headline-2dc42e1d gb-headline-text\">Geneva Brasswind Ltd,<br>Geneva House,<br>Belasis Business Hub,<br>Coxwold Way,<br>Billingham<br>TS23 4EA<br>Storbritannien<br>Tlf.: +44 01642 714464<\/p>\n\n\n\n<p class=\"gb-headline gb-headline-16a2f222 gb-headline-text\">Begr\u00e6nset af aktier<br>Virksomhedsregistreringsnr. 09961254<\/p>\n\n\n\n<p class=\"gb-headline gb-headline-8149964d gb-headline-text\">Adgang til hjemmesiden samt brug af dens indhold er underlagt f\u00f8lgende betingelser. Disse brugsbetingelser kan \u00e6ndres p\u00e5 ethvert tidspunkt. Disse \u00e6ndringer anses for at v\u00e6re accepteret af internetbrugere, s\u00e5 snart de l\u00e6gges online.  <\/p>\n\n\n\n<ol class=\"wp-block-list\">\n<li>INTELLEKTUEL EJENDOMSRET<\/li>\n\n\n\n<li>ANSVAR<\/li>\n\n\n\n<li>HJEMMESIDENS TEKNISKE FUNKTION<\/li>\n\n\n\n<li>V\u00c6RNETING<\/li>\n\n\n\n<li>DU KAN KONTAKTE OS P\u00c5 F\u00d8LGENDE ADRESSE<\/li>\n\n\n\n<li>HJEMMESIDENS DESIGN OG PRODUKTION<\/li>\n<\/ol>\n\n\n\n<ol class=\"wp-block-list\">\n<li>INTELLEKTUEL EJENDOMSRET<br\/>Alle elementer p\u00e5 hjemmesiden (software, tekst, animerede eller statiske billeder, lyde, knowhow og generelt enhver form for data) er beskyttet af den (franske) lov om intellektuel ejendomsret. Enhver hel eller delvis gengivelse og\/eller reproduktion af hjemmesiden ved hj\u00e6lp af en hvilken som helst metode, uden udtrykkelig tilladelse fra Geneva Brasswind, er forbudt og ville udg\u00f8re en ulovlig overtr\u00e6delse i henhold til engelsk og walisisk lovgivning. Varem\u00e6rker og logoer, der vises p\u00e5 hjemmesiden, tilh\u00f8rer Geneva Brasswind. Enhver hel eller delvis brug eller reproduktion af disse varem\u00e6rker og\/eller logoer er forbudt uden forudg\u00e5ende og udtrykkelig tilladelse fra Geneva Brasswind.   <br\/><\/li>\n\n\n\n<li>HJEMMESIDENS INDHOLD \u2013 ANSVAR<br\/>Oplysninger p\u00e5 hjemmesiden er kun til informationsform\u00e5l. Geneva Brasswind bestr\u00e6ber sig p\u00e5 at holde hjemmesiden opdateret, men kan ikke garantere, at de oplysninger, der er offentliggjort p\u00e5 hjemmesiden, er korrekte, fuldst\u00e6ndige og aktuelle, og kan heller ikke garantere, at disse oplysninger er egnede til brugerens \u00f8nskede anvendelse. F\u00f8lgelig anerkender brugeren, at de alene er ansvarlige for brugen af disse oplysninger.<br\/>Brugeren skal overholde bestemmelserne i den (engelske) lov om databeskyttelse, hvis overtr\u00e6delse medf\u00f8rer strafferetlige sanktioner.<br\/>Is\u00e6r med hensyn til personoplysninger, som de har adgang til, skal de afholde sig fra enhver form for indsamling, misbrug og generelt enhver handling, der kan kr\u00e6nke folks privatliv eller skade deres omd\u00f8mme.  <br\/><\/li>\n\n\n\n<li>HJEMMESIDENS TEKNISKE FUNKTION<br\/>Hjemmesiden er normalt tilg\u00e6ngelig 24 timer i d\u00f8gnet, 7 dage om ugen. I tilf\u00e6lde af force majeure, problemer med informationssystemer, strukturelle problemer med telekommunikationsnetv\u00e6rk, tekniske vanskeligheder eller af vedligeholdelses\u00e5rsager \u2013 denne liste er ikke udt\u00f8mmende \u2013 kan adgangen til hele eller dele af hjemmesiden suspenderes eller fjernes ved simpel beslutning fra Geneva Brasswind. Af vedligeholdelses\u00e5rsager og\/eller af andre beslutninger truffet af Geneva Brasswind kan adgangen til hjemmesiden afbrydes. Hjemmesiden kan \u00e6ndres og udvikles uden varsel af nogen art. I alle tilf\u00e6lde kan Geneva Brasswind p\u00e5 ingen m\u00e5de holdes ansvarlig for direkte, indirekte eller s\u00e6rlige skader, der opst\u00e5r som f\u00f8lge af brug af hjemmesiden eller andre relaterede hjemmesider, og is\u00e6r for eventuelle \u00f8konomiske eller kommercielle tab eller tab af programmer eller data fra brugerens informationssystem.    <br\/><\/li>\n\n\n\n<li>V\u00c6RNETING<br\/>Indholdet af hjemmesiden er underlagt engelsk lovgivning. Dette g\u00e6lder b\u00e5de for materielle og processuelle regler, og indholdet skal udelukkende bed\u00f8mmes af de kompetente engelske jurisdiktioner. Lovvalgsregler er udelukket til fordel for den fuldst\u00e6ndige og uforbeholdne anvendelse af engelsk ret.  <br\/><\/li>\n\n\n\n<li>DU KAN KONTAKTE OS P\u00c5 F\u00d8LGENDE ADRESSE<br\/>Hvis du har sp\u00f8rgsm\u00e5l eller klager, kan du kontakte os p\u00e5 f\u00f8lgende adresse:<br\/>Geneva Brasswind Ltd,<br\/>Geneva House,<br\/>Belasis Business Hub,<br\/>Coxwold Way,<br\/>Billingham<br\/>TS23 4EA<br\/>Storbritannien<br\/>Tlf.: +44 01642 714464<br\/>For en kopi af salgs- og garantibetingelserne, send venligst en e-mail til <a href=\"mailto:info@genevainstruments.com\">info@genevainstruments.com<\/a>.<br\/><\/li>\n\n\n\n<li>WEBDESIGN<br\/>Denne hjemmeside blev designet og udviklet af VIA Creative \u2013 www.viacreatve.co.uk<br\/>FOTO- OG VIDEOKREDITERINGER<br\/>Som p\u00e5kr\u00e6vet vil blive placeret ved s\u00e5danne fotos og videoer.<\/li>\n<\/ol>\n\n<\/div>\n<\/div>","protected":false},"excerpt":{"rendered":"<p>Geneva Brasswind Ltd,Geneva House,Belasis Business Hub,Coxwold Way,BillinghamTS23 4EAStorbritannienTlf.: +44 01642 714464 Begr\u00e6nset af aktierVirksomhedsregistreringsnr. 09961254 Adgang til hjemmesiden samt brug af dens indhold er underlagt f\u00f8lgende betingelser. Disse brugsbetingelser kan \u00e6ndres p\u00e5 ethvert tidspunkt. Disse \u00e6ndringer anses for at v\u00e6re accepteret af internetbrugere, s\u00e5 snart de l\u00e6gges online.<\/p>\n","protected":false},"author":1,"featured_media":0,"parent":0,"menu_order":20,"comment_status":"closed","ping_status":"closed","template":"","meta":{"_acf_changed":false,"footnotes":""},"class_list":["post-19011","page","type-page","status-publish"],"acf":[],"_links":{"self":[{"href":"https:\/\/genevainstruments.com\/da\/wp-json\/wp\/v2\/pages\/19011","targetHints":{"allow":["GET"]}}],"collection":[{"href":"https:\/\/genevainstruments.com\/da\/wp-json\/wp\/v2\/pages"}],"about":[{"href":"https:\/\/genevainstruments.com\/da\/wp-json\/wp\/v2\/types\/page"}],"author":[{"embeddable":true,"href":"https:\/\/genevainstruments.com\/da\/wp-json\/wp\/v2\/users\/1"}],"replies":[{"embeddable":true,"href":"https:\/\/genevainstruments.com\/da\/wp-json\/wp\/v2\/comments?post=19011"}],"version-history":[{"count":1,"href":"https:\/\/genevainstruments.com\/da\/wp-json\/wp\/v2\/pages\/19011\/revisions"}],"predecessor-version":[{"id":19012,"href":"https:\/\/genevainstruments.com\/da\/wp-json\/wp\/v2\/pages\/19011\/revisions\/19012"}],"wp:attachment":[{"href":"https:\/\/genevainstruments.com\/da\/wp-json\/wp\/v2\/media?parent=19011"}],"curies":[{"name":"wp","href":"https:\/\/api.w.org\/{rel}","templated":true}]}}