{"id":19057,"date":"2024-08-09T12:08:15","date_gmt":"2024-08-09T11:08:15","guid":{"rendered":"https:\/\/genevainstruments.com\/webstedsoversigt\/"},"modified":"2025-12-02T16:39:44","modified_gmt":"2025-12-02T16:39:44","slug":"webstedsoversigt","status":"publish","type":"page","link":"https:\/\/genevainstruments.com\/da\/webstedsoversigt\/","title":{"rendered":"Webstedsoversigt"},"content":{"rendered":"<div class=\"gb-container gb-container-a26cf13b alignfull\">\n<div class=\"gb-container gb-container-2a1e3da6\">\n\n<h2 class=\"gb-headline gb-headline-236aee2a gb-headline-text\">Geneva Instruments<\/h2>\n\n\n\n<p class=\"gb-headline gb-headline-d9da69ff gb-headline-text\">Find Geneva musikinstrumenter, produktkategorier, Geneva Artists, Geneva Foundation, videoer og mere p\u00e5 Geneva Instruments&#8217; websted.<br>Find ogs\u00e5 instrumenter, der er tilg\u00e6ngelige via den nationale plan for musikundervisning som en godkendt instrumentleverand\u00f8r til britisk uddannelse.<\/p>\n\n\n<div class=\"gb-grid-wrapper gb-grid-wrapper-551c7637\">\n<div class=\"gb-grid-column gb-grid-column-ff131c44\"><div class=\"gb-container gb-container-ff131c44\">\n<div id=\"wp-realtime-sitemap-pages\"><h3>Pages<\/h3><ul><li class=\"page_item page-item-10478\"><a href=\"https:\/\/genevainstruments.com\/da\/\">Hjem<\/a><\/li>\n<li class=\"page_item page-item-12598\"><a href=\"https:\/\/genevainstruments.com\/da\/vind-en-kvartet-af-kardinaler\/\">Quartet of Cardinals-konkurrence \u2013 Opdatering<\/a><\/li>\n<li class=\"page_item page-item-10500\"><a href=\"https:\/\/genevainstruments.com\/da\/det-baeredygtige-valg\/\">Det b\u00e6redygtige valg<\/a><\/li>\n<li class=\"page_item page-item-10651\"><a href=\"https:\/\/genevainstruments.com\/da\/geneva-kunstnere\/\">Geneva-kunstnere<\/a><\/li>\n<li class=\"page_item page-item-10706\"><a href=\"https:\/\/genevainstruments.com\/da\/geneva-musikfond\/\">Geneva musikfond<\/a><\/li>\n<li class=\"page_item page-item-10728\"><a href=\"https:\/\/genevainstruments.com\/da\/geneva-instrumenter-i-koncert\/\">Geneva-instrumenter i koncert<\/a><\/li>\n<li class=\"page_item page-item-10748\"><a href=\"https:\/\/genevainstruments.com\/da\/proev-foer-du-koeber\/\">Pr\u00f8v f\u00f8r du k\u00f8ber<\/a><\/li>\n<li class=\"page_item page-item-10391\"><a href=\"https:\/\/genevainstruments.com\/da\/shop\/\">Butik<\/a><\/li>\n<li class=\"page_item page-item-10777\"><a href=\"https:\/\/genevainstruments.com\/da\/reparation-og-garanti\/\">Reservedele, service og reparationer<\/a><\/li>\n<li class=\"page_item page-item-19036\"><a href=\"https:\/\/genevainstruments.com\/da\/kontakt-os\/\">Kontakt os<\/a><\/li>\n<li class=\"page_item page-item-10394\"><a href=\"https:\/\/genevainstruments.com\/da\/kurv\/\">Kurv<\/a><\/li>\n<li class=\"page_item page-item-10395\"><a href=\"https:\/\/genevainstruments.com\/da\/kasse\/\">Kasse<\/a><\/li>\n<li class=\"page_item page-item-10396\"><a href=\"https:\/\/genevainstruments.com\/da\/min-konto\/\">Min Konto<\/a><\/li>\n<li class=\"page_item page-item-19011\"><a href=\"https:\/\/genevainstruments.com\/da\/vilkaar-og-betingelser\/\">Vilk\u00e5r og betingelser<\/a><\/li>\n<li class=\"page_item page-item-18997\"><a href=\"https:\/\/genevainstruments.com\/da\/returpolitik\/\">Returpolitik<\/a><\/li>\n<li class=\"page_item page-item-18982\"><a href=\"https:\/\/genevainstruments.com\/da\/privatlivspolitik\/\">Privatlivspolitik<\/a><\/li>\n<li class=\"page_item page-item-18966\"><a href=\"https:\/\/genevainstruments.com\/da\/betalingsplan-vilkaar-og-betingelser\/\">Betalingsplan &#8211; Vilk\u00e5r og betingelser<\/a><\/li>\n<li class=\"page_item page-item-19057\"><a href=\"https:\/\/genevainstruments.com\/da\/webstedsoversigt\/\">Webstedsoversigt<\/a><\/li>\n<\/ul><\/div><div id=\"wp-realtime-sitemap-geneva-artist\"><h3>Geneva Artists<\/h3><ul><li><a href=\"https:\/\/genevainstruments.com\/da\/geneva-artist\/gavin-saynor\/\" title=\"Permalink to Gavin Saynor\" rel=\"bookmark\">Gavin Saynor<\/a><\/li><li><a href=\"https:\/\/genevainstruments.com\/da\/geneva-artist\/glenn-van-looy\/\" title=\"Permalink to Glenn Van Looy Euphonium\" rel=\"bookmark\">Glenn Van Looy Euphonium<\/a><\/li><li><a href=\"https:\/\/genevainstruments.com\/da\/geneva-artist\/ho-wang-lam\/\" title=\"Permalink to Ho Wang Lam\" rel=\"bookmark\">Ho Wang Lam<\/a><\/li><li><a href=\"https:\/\/genevainstruments.com\/da\/geneva-artist\/jamie-smith\/\" title=\"Permalink to Jamie Smith\" rel=\"bookmark\">Jamie Smith<\/a><\/li><li><a href=\"https:\/\/genevainstruments.com\/da\/geneva-artist\/john-storey\/\" title=\"Permalink to John Storey\" rel=\"bookmark\">John Storey<\/a><\/li><li><a href=\"https:\/\/genevainstruments.com\/da\/geneva-artist\/oesteres-machando-trumpet\/\" title=\"Permalink to Oesteres Machando\" rel=\"bookmark\">Oesteres Machando<\/a><\/li><li><a href=\"https:\/\/genevainstruments.com\/da\/geneva-artist\/stephanie-binns\/\" title=\"Permalink to Stephanie Binns\" rel=\"bookmark\">Stephanie Binns<\/a><\/li><\/ul><\/div><div id=\"wp-realtime-sitemap-product\"><h3>Varer<\/h3><ul><li><a href=\"https:\/\/genevainstruments.com\/da\/vare\/bb-baritonhorn-geneva-cardinal\/\" title=\"Permalink to Bb baritonhorn &#8211; Geneva Cardinal\" rel=\"bookmark\">Bb baritonhorn &#8211; Geneva Cardinal<\/a><\/li><li><a href=\"https:\/\/genevainstruments.com\/da\/vare\/bb-euphonium-geneva-heritage\/\" title=\"Permalink to Bb euphonium &#8211; Geneva heritage\" rel=\"bookmark\">Bb euphonium &#8211; Geneva heritage<\/a><\/li><li><a href=\"https:\/\/genevainstruments.com\/da\/vare\/bb-flygelhorn-geneva-cardinal\/\" title=\"Permalink to Bb flygelhorn &#8211; Geneva cardinal\" rel=\"bookmark\">Bb flygelhorn &#8211; Geneva cardinal<\/a><\/li><li><a href=\"https:\/\/genevainstruments.com\/da\/vare\/bb-kornet-geneva-heritage-philip-mccann\/\" title=\"Permalink to Bb kornet &#8211; Geneva Heritage (Philip McCann)\" rel=\"bookmark\">Bb kornet &#8211; Geneva Heritage (Philip McCann)<\/a><\/li><li><a href=\"https:\/\/genevainstruments.com\/da\/vare\/bb-trompet-geneva-cardinal\/\" title=\"Permalink to Bb trompet &#8211; Geneva Cardinal\" rel=\"bookmark\">Bb trompet &#8211; Geneva Cardinal<\/a><\/li><li><a href=\"https:\/\/genevainstruments.com\/da\/vare\/bb-euphonium-geneva-cardinal\/\" title=\"Permalink to Bb-euphonium &#8211; Geneva Cardinal\" rel=\"bookmark\">Bb-euphonium &#8211; Geneva Cardinal<\/a><\/li><li><a href=\"https:\/\/genevainstruments.com\/da\/vare\/bb-euphonium-geneva-cardinal-gvl\/\" title=\"Permalink to Bb-euphonium &#8211; Geneva Cardinal GVL\" rel=\"bookmark\">Bb-euphonium &#8211; Geneva Cardinal GVL<\/a><\/li><li><a href=\"https:\/\/genevainstruments.com\/da\/vare\/bb-kornet-geneva-cardinal\/\" title=\"Permalink to Bb-kornet &#8211; Geneva Cardinal\" rel=\"bookmark\">Bb-kornet &#8211; Geneva Cardinal<\/a><\/li><li><a href=\"https:\/\/genevainstruments.com\/da\/vare\/bb-a-piccolotrompet-geneva-cardinal\/\" title=\"Permalink to Bb\/a piccolotrompet &#8211; Geneva Cardinal\" rel=\"bookmark\">Bb\/a piccolotrompet &#8211; Geneva Cardinal<\/a><\/li><li><a href=\"https:\/\/genevainstruments.com\/da\/vare\/c-trompet-geneva-cardinal\/\" title=\"Permalink to C Trompet &#8211; Geneva Cardinal\" rel=\"bookmark\">C Trompet &#8211; Geneva Cardinal<\/a><\/li><li><a href=\"https:\/\/genevainstruments.com\/da\/vare\/eb-sopran-kornet-geneva-kardinal-2025-model\/\" title=\"Permalink to Eb sopran kornet &#8211; Geneva kardinal &#8211; (2025 model)\" rel=\"bookmark\">Eb sopran kornet &#8211; Geneva kardinal &#8211; (2025 model)<\/a><\/li><li><a href=\"https:\/\/genevainstruments.com\/da\/vare\/eb-tenorhorn-geneva-cardinal\/\" title=\"Permalink to Eb tenorhorn &#8211; Geneva Cardinal\" rel=\"bookmark\">Eb tenorhorn &#8211; Geneva Cardinal<\/a><\/li><li><a href=\"https:\/\/genevainstruments.com\/da\/vare\/eeb-tuba-geneva-heritage\/\" title=\"Permalink to EEb Tuba &#8211; Geneva Heritage\" rel=\"bookmark\">EEb Tuba &#8211; Geneva Heritage<\/a><\/li><li><a href=\"https:\/\/genevainstruments.com\/da\/vare\/eeb-tuba-geneva-kardinal\/\" title=\"Permalink to EEb Tuba &#8211; Geneva kardinal\" rel=\"bookmark\">EEb Tuba &#8211; Geneva kardinal<\/a><\/li><li><a href=\"https:\/\/genevainstruments.com\/da\/vare\/eeb-tuba-geneva-kardinal-jc\/\" title=\"Permalink to EEb Tuba &#8211; Geneva kardinal JC\" rel=\"bookmark\">EEb Tuba &#8211; Geneva kardinal JC<\/a><\/li><li><a href=\"https:\/\/genevainstruments.com\/da\/vare\/sopransaxofon-lineage-pro\/\" title=\"Permalink to Sopransaxofon &#8211; Lineage Pro\" rel=\"bookmark\">Sopransaxofon &#8211; Lineage Pro<\/a><\/li><li><a href=\"https:\/\/genevainstruments.com\/da\/vare\/tenorsaxofon-lineage-pro\/\" title=\"Permalink to Tenorsaxofon &#8211; Lineage Pro\" rel=\"bookmark\">Tenorsaxofon &#8211; Lineage Pro<\/a><\/li><li><a href=\"https:\/\/genevainstruments.com\/da\/vare\/widow-maker-barytonsaxofon-lineage-pro\/\" title=\"Permalink to Widow Maker barytonsaxofon &#8211; Lineage Pro\" rel=\"bookmark\">Widow Maker barytonsaxofon &#8211; Lineage Pro<\/a><\/li><\/ul><\/div>\n\n<\/div><\/div>\n\n<div class=\"gb-grid-column gb-grid-column-2aa0d1bf\"><div class=\"gb-container gb-container-2aa0d1bf\">\n<div id=\"wp-realtime-sitemap-geneva-artist\"><h3>Geneva Artists<\/h3><ul><li><a href=\"https:\/\/genevainstruments.com\/da\/geneva-artist\/gavin-saynor\/\" title=\"Permalink to Gavin Saynor\" rel=\"bookmark\">Gavin Saynor<\/a><\/li><li><a href=\"https:\/\/genevainstruments.com\/da\/geneva-artist\/glenn-van-looy\/\" title=\"Permalink to Glenn Van Looy Euphonium\" rel=\"bookmark\">Glenn Van Looy Euphonium<\/a><\/li><li><a href=\"https:\/\/genevainstruments.com\/da\/geneva-artist\/ho-wang-lam\/\" title=\"Permalink to Ho Wang Lam\" rel=\"bookmark\">Ho Wang Lam<\/a><\/li><li><a href=\"https:\/\/genevainstruments.com\/da\/geneva-artist\/jamie-smith\/\" title=\"Permalink to Jamie Smith\" rel=\"bookmark\">Jamie Smith<\/a><\/li><li><a href=\"https:\/\/genevainstruments.com\/da\/geneva-artist\/john-storey\/\" title=\"Permalink to John Storey\" rel=\"bookmark\">John Storey<\/a><\/li><li><a href=\"https:\/\/genevainstruments.com\/da\/geneva-artist\/oesteres-machando-trumpet\/\" title=\"Permalink to Oesteres Machando\" rel=\"bookmark\">Oesteres Machando<\/a><\/li><li><a href=\"https:\/\/genevainstruments.com\/da\/geneva-artist\/stephanie-binns\/\" title=\"Permalink to Stephanie Binns\" rel=\"bookmark\">Stephanie Binns<\/a><\/li><\/ul><\/div><div id=\"wp-realtime-sitemap-product\"><h3>Varer<\/h3><ul><li><a href=\"https:\/\/genevainstruments.com\/da\/vare\/bb-baritonhorn-geneva-cardinal\/\" title=\"Permalink to Bb baritonhorn &#8211; Geneva Cardinal\" rel=\"bookmark\">Bb baritonhorn &#8211; Geneva Cardinal<\/a><\/li><li><a href=\"https:\/\/genevainstruments.com\/da\/vare\/bb-euphonium-geneva-heritage\/\" title=\"Permalink to Bb euphonium &#8211; Geneva heritage\" rel=\"bookmark\">Bb euphonium &#8211; Geneva heritage<\/a><\/li><li><a href=\"https:\/\/genevainstruments.com\/da\/vare\/bb-flygelhorn-geneva-cardinal\/\" title=\"Permalink to Bb flygelhorn &#8211; Geneva cardinal\" rel=\"bookmark\">Bb flygelhorn &#8211; Geneva cardinal<\/a><\/li><li><a href=\"https:\/\/genevainstruments.com\/da\/vare\/bb-kornet-geneva-heritage-philip-mccann\/\" title=\"Permalink to Bb kornet &#8211; Geneva Heritage (Philip McCann)\" rel=\"bookmark\">Bb kornet &#8211; Geneva Heritage (Philip McCann)<\/a><\/li><li><a href=\"https:\/\/genevainstruments.com\/da\/vare\/bb-trompet-geneva-cardinal\/\" title=\"Permalink to Bb trompet &#8211; Geneva Cardinal\" rel=\"bookmark\">Bb trompet &#8211; Geneva Cardinal<\/a><\/li><li><a href=\"https:\/\/genevainstruments.com\/da\/vare\/bb-euphonium-geneva-cardinal\/\" title=\"Permalink to Bb-euphonium &#8211; Geneva Cardinal\" rel=\"bookmark\">Bb-euphonium &#8211; Geneva Cardinal<\/a><\/li><li><a href=\"https:\/\/genevainstruments.com\/da\/vare\/bb-euphonium-geneva-cardinal-gvl\/\" title=\"Permalink to Bb-euphonium &#8211; Geneva Cardinal GVL\" rel=\"bookmark\">Bb-euphonium &#8211; Geneva Cardinal GVL<\/a><\/li><li><a href=\"https:\/\/genevainstruments.com\/da\/vare\/bb-kornet-geneva-cardinal\/\" title=\"Permalink to Bb-kornet &#8211; Geneva Cardinal\" rel=\"bookmark\">Bb-kornet &#8211; Geneva Cardinal<\/a><\/li><li><a href=\"https:\/\/genevainstruments.com\/da\/vare\/bb-a-piccolotrompet-geneva-cardinal\/\" title=\"Permalink to Bb\/a piccolotrompet &#8211; Geneva Cardinal\" rel=\"bookmark\">Bb\/a piccolotrompet &#8211; Geneva Cardinal<\/a><\/li><li><a href=\"https:\/\/genevainstruments.com\/da\/vare\/c-trompet-geneva-cardinal\/\" title=\"Permalink to C Trompet &#8211; Geneva Cardinal\" rel=\"bookmark\">C Trompet &#8211; Geneva Cardinal<\/a><\/li><li><a href=\"https:\/\/genevainstruments.com\/da\/vare\/eb-sopran-kornet-geneva-kardinal-2025-model\/\" title=\"Permalink to Eb sopran kornet &#8211; Geneva kardinal &#8211; (2025 model)\" rel=\"bookmark\">Eb sopran kornet &#8211; Geneva kardinal &#8211; (2025 model)<\/a><\/li><li><a href=\"https:\/\/genevainstruments.com\/da\/vare\/eb-tenorhorn-geneva-cardinal\/\" title=\"Permalink to Eb tenorhorn &#8211; Geneva Cardinal\" rel=\"bookmark\">Eb tenorhorn &#8211; Geneva Cardinal<\/a><\/li><li><a href=\"https:\/\/genevainstruments.com\/da\/vare\/eeb-tuba-geneva-heritage\/\" title=\"Permalink to EEb Tuba &#8211; Geneva Heritage\" rel=\"bookmark\">EEb Tuba &#8211; Geneva Heritage<\/a><\/li><li><a href=\"https:\/\/genevainstruments.com\/da\/vare\/eeb-tuba-geneva-kardinal\/\" title=\"Permalink to EEb Tuba &#8211; Geneva kardinal\" rel=\"bookmark\">EEb Tuba &#8211; Geneva kardinal<\/a><\/li><li><a href=\"https:\/\/genevainstruments.com\/da\/vare\/eeb-tuba-geneva-kardinal-jc\/\" title=\"Permalink to EEb Tuba &#8211; Geneva kardinal JC\" rel=\"bookmark\">EEb Tuba &#8211; Geneva kardinal JC<\/a><\/li><li><a href=\"https:\/\/genevainstruments.com\/da\/vare\/sopransaxofon-lineage-pro\/\" title=\"Permalink to Sopransaxofon &#8211; Lineage Pro\" rel=\"bookmark\">Sopransaxofon &#8211; Lineage Pro<\/a><\/li><li><a href=\"https:\/\/genevainstruments.com\/da\/vare\/tenorsaxofon-lineage-pro\/\" title=\"Permalink to Tenorsaxofon &#8211; Lineage Pro\" rel=\"bookmark\">Tenorsaxofon &#8211; Lineage Pro<\/a><\/li><li><a href=\"https:\/\/genevainstruments.com\/da\/vare\/widow-maker-barytonsaxofon-lineage-pro\/\" title=\"Permalink to Widow Maker barytonsaxofon &#8211; Lineage Pro\" rel=\"bookmark\">Widow Maker barytonsaxofon &#8211; Lineage Pro<\/a><\/li><\/ul><\/div>\n\n<\/div><\/div>\n\n<div class=\"gb-grid-column gb-grid-column-5eac4a4a\"><div class=\"gb-container gb-container-5eac4a4a\">\n\n<h3 class=\"gb-headline gb-headline-636af1d9 gb-headline-text\">Produktkategorier<\/h3>\n\n\n<div data-block-name=\"woocommerce\/product-categories\" class=\"wp-block-woocommerce-product-categories wc-block-product-categories is-list \" style=\"\"><ul class=\"wc-block-product-categories-list wc-block-product-categories-list--depth-0\">\t\t\t\t<li class=\"wc-block-product-categories-list-item\">\t\t\t\t\t<a style=\"\" href=\"https:\/\/genevainstruments.com\/da\/product-category\/geneva-cardinal-kunstnermodeller\/\"><span class=\"wc-block-product-categories-list-item__name\">Geneva Cardinal kunstnermodeller<\/span><\/a><span class=\"wc-block-product-categories-list-item-count\"><span aria-hidden=\"true\">3<\/span><span class=\"screen-reader-text\">3 varer<\/span><\/span>\t\t\t\t<\/li>\t\t\t\t\t\t\t<li class=\"wc-block-product-categories-list-item\">\t\t\t\t\t<a style=\"\" href=\"https:\/\/genevainstruments.com\/da\/product-category\/geneva-cardinal-instrumenter\/\"><span class=\"wc-block-product-categories-list-item__name\">Geneva Cardinal-instrumenter<\/span><\/a><span class=\"wc-block-product-categories-list-item-count\"><span aria-hidden=\"true\">13<\/span><span class=\"screen-reader-text\">13 varer<\/span><\/span>\t\t\t\t<\/li>\t\t\t\t\t\t\t<li class=\"wc-block-product-categories-list-item\">\t\t\t\t\t<a style=\"\" href=\"https:\/\/genevainstruments.com\/da\/product-category\/geneva-heritage\/\"><span class=\"wc-block-product-categories-list-item__name\">Geneva Heritage<\/span><\/a><span class=\"wc-block-product-categories-list-item-count\"><span aria-hidden=\"true\">2<\/span><span class=\"screen-reader-text\">2 varer<\/span><\/span>\t\t\t\t<\/li>\t\t\t\t\t\t\t<li class=\"wc-block-product-categories-list-item\">\t\t\t\t\t<a style=\"\" href=\"https:\/\/genevainstruments.com\/da\/product-category\/geneva-lineage\/\"><span class=\"wc-block-product-categories-list-item__name\">Geneva lineage<\/span><\/a><span class=\"wc-block-product-categories-list-item-count\"><span aria-hidden=\"true\">3<\/span><span class=\"screen-reader-text\">3 varer<\/span><\/span>\t\t\t\t<\/li>\t\t\t<\/ul><\/div>\n\n<div><h3>Range<\/h3><ul class=\"product-attributes-list\"><li><a href=\"https:\/\/genevainstruments.com\/da\/range\/geneva-cardinal-instrumenter\/\">Geneva Cardinal-instrumenter<\/a><\/li> <li><a href=\"https:\/\/genevainstruments.com\/da\/range\/geneva-heritage-instrumenter\/\">Geneva Heritage instrumenter<\/a><\/li> <li><a href=\"https:\/\/genevainstruments.com\/da\/range\/lineage-pro-saxofonserien\/\">Lineage pro saxofonserien<\/a><\/ul><\/div><\/div>\n\n<\/div><\/div>\n<\/div>\n<\/div>\n<\/div>","protected":false},"excerpt":{"rendered":"<p>Geneva Instruments Find Geneva musikinstrumenter, produktkategorier, Geneva Artists, Geneva Foundation, videoer og mere p\u00e5 Geneva Instruments&#8217; websted.Find ogs\u00e5 instrumenter, der er tilg\u00e6ngelige via den nationale plan for musikundervisning som en godkendt instrumentleverand\u00f8r til britisk uddannelse.<\/p>\n","protected":false},"author":1,"featured_media":10501,"parent":0,"menu_order":100,"comment_status":"closed","ping_status":"closed","template":"","meta":{"_acf_changed":false,"footnotes":""},"class_list":["post-19057","page","type-page","status-publish","has-post-thumbnail","hentry","sales-flash-overlay","woocommerce-text-align-left","woocommerce-image-align-center","do-quantity-buttons"],"acf":[],"_links":{"self":[{"href":"https:\/\/genevainstruments.com\/da\/wp-json\/wp\/v2\/pages\/19057","targetHints":{"allow":["GET"]}}],"collection":[{"href":"https:\/\/genevainstruments.com\/da\/wp-json\/wp\/v2\/pages"}],"about":[{"href":"https:\/\/genevainstruments.com\/da\/wp-json\/wp\/v2\/types\/page"}],"author":[{"embeddable":true,"href":"https:\/\/genevainstruments.com\/da\/wp-json\/wp\/v2\/users\/1"}],"replies":[{"embeddable":true,"href":"https:\/\/genevainstruments.com\/da\/wp-json\/wp\/v2\/comments?post=19057"}],"version-history":[{"count":1,"href":"https:\/\/genevainstruments.com\/da\/wp-json\/wp\/v2\/pages\/19057\/revisions"}],"predecessor-version":[{"id":19060,"href":"https:\/\/genevainstruments.com\/da\/wp-json\/wp\/v2\/pages\/19057\/revisions\/19060"}],"wp:featuredmedia":[{"embeddable":true,"href":"https:\/\/genevainstruments.com\/da\/wp-json\/wp\/v2\/media\/10501"}],"wp:attachment":[{"href":"https:\/\/genevainstruments.com\/da\/wp-json\/wp\/v2\/media?parent=19057"}],"curies":[{"name":"wp","href":"https:\/\/api.w.org\/{rel}","templated":true}]}}