{"id":11297,"date":"2024-09-09T14:36:32","date_gmt":"2024-09-09T13:36:32","guid":{"rendered":"https:\/\/geneva.viacreative.co\/product\/bb-euphonium-geneva-cardinal-gvl\/"},"modified":"2026-01-16T08:38:49","modified_gmt":"2026-01-16T08:38:49","slug":"bb-euphonium-geneva-cardinal-gvl","status":"publish","type":"product","link":"https:\/\/genevainstruments.com\/da\/vare\/bb-euphonium-geneva-cardinal-gvl\/","title":{"rendered":"Bb-euphonium &#8211; Geneva Cardinal GVL"},"content":{"rendered":"<h1 data-start=\"336\" data-end=\"394\">Geneva Cardinal GVL bb-euphonium<\/h1>\n<h2 data-start=\"336\" data-end=\"394\">Et euphonium i verdensklasse designet til den seri\u00f8se musiker<\/h2>\n<p data-start=\"396\" data-end=\"677\"><strong data-start=\"400\" data-end=\"429\">Geneva Cardinal GVL Bb-euphonium<\/strong> er resultatet af et kvart \u00e5rhundredes kontinuerlig forskning og udvikling. Bygget til musikere, der kr\u00e6ver overlegen klang, up\u00e5klagelig intonation og fejlfrit h\u00e5ndv\u00e6rk, repr\u00e6senterer dette premium-euphonium h\u00f8jdepunktet af Genevas seneste messinginstrument-innovationer i ren luksus <\/p>\n<hr data-start=\"679\" data-end=\"682\">\n<p data-start=\"684\" data-end=\"700\"><strong>N\u00f8glefunktioner<\/strong><\/p>\n<ul data-start=\"702\" data-end=\"1349\">\n<li data-start=\"702\" data-end=\"815\">\n<p data-start=\"704\" data-end=\"815\"><strong data-start=\"704\" data-end=\"732\">Unik Venturi-mundstykker\u00f8r<\/strong><br data-start=\"732\" data-end=\"735\">Forbedrer lydprojektionen og sikrer en j\u00e6vn, ubesv\u00e6ret spilleoplevelse.<\/p>\n<\/li>\n<li data-start=\"817\" data-end=\"910\">\n<p data-start=\"819\" data-end=\"910\"><strong data-start=\"819\" data-end=\"841\">H\u00e5ndhamret klokke<\/strong><br data-start=\"841\" data-end=\"844\">Fremstillet med h\u00e5ndv\u00e6rksm\u00e6ssig pr\u00e6cision for at producere en rig, resonant tone.<\/p>\n<\/li>\n<\/ul>\n<ul>\n<li><strong data-start=\"819\" data-end=\"841\">H\u00e5ndgraveret<\/strong><br data-start=\"841\" data-end=\"844\">Fremstillet med h\u00e5ndv\u00e6rksm\u00e6ssig pr\u00e6cision med dekorativ gravering af Geneva-gryffen.<\/li>\n<\/ul>\n<ul data-start=\"702\" data-end=\"1349\">\n<li data-start=\"912\" data-end=\"989\">\n<p data-start=\"914\" data-end=\"989\"><strong data-start=\"914\" data-end=\"937\">Skr\u00e6ddersyet metalblanding<\/strong><br data-start=\"937\" data-end=\"940\">Udviklet til holdbarhed og tonal kompleksitet.<\/p>\n<\/li>\n<li data-start=\"991\" data-end=\"1087\">\n<p data-start=\"993\" data-end=\"1087\"><strong data-start=\"993\" data-end=\"1013\">Ergonomisk design<\/strong><br data-start=\"1013\" data-end=\"1016\">Behageligt at holde og let at kontrollere under l\u00e6ngere optr\u00e6dener.<\/p>\n<\/li>\n<li data-start=\"1089\" data-end=\"1215\">\n<p data-start=\"1091\" data-end=\"1215\"><strong data-start=\"1091\" data-end=\"1112\">Paddle-stemmeniveaudesign<\/strong><br data-start=\"1112\" data-end=\"1115\">Udviklet i samarbejde med Glenn Van Looy for forbedret respons og f\u00f8lelse.<\/p>\n<\/li>\n<li data-start=\"1217\" data-end=\"1349\">\n<p data-start=\"1219\" data-end=\"1349\"><strong data-start=\"1219\" data-end=\"1252\">Forbedret sort nikkelbel\u00e6gning<\/strong><br data-start=\"1252\" data-end=\"1255\">En elegant ny finish gjort mulig af vores investering i n\u00e6ste generations produktionsteknologi.<\/p>\n<\/li>\n<\/ul>\n<hr data-start=\"1351\" data-end=\"1354\">\n<h3 data-start=\"1356\" data-end=\"1394\"><strong>Hvorfor v\u00e6lge Cardinal GVL?<\/strong><\/h3>\n<p data-start=\"1396\" data-end=\"1703\">Uanset om du er solist, ensemblemusiker eller bandleder, leverer <strong data-start=\"1459\" data-end=\"1481\">Cardinal GVL Bb-euphonium<\/strong> den kvalitet og ydeevne, som professionelle over hele verden kr\u00e6ver. Instrumentet bruges af f\u00f8rende musikere i Storbritannien, Europa, USA, Japan og Australien og s\u00e6tter en ny standard inden for h\u00e5ndlavet messingdesign. <\/p>\n<hr data-start=\"1705\" data-end=\"1708\">\n<p data-start=\"1710\" data-end=\"1726\"><strong>Pr\u00f8vespil &#8211; <a href=\"https:\/\/genevainstruments.com\/da\/proev-foer-du-koeber\/\">pr\u00f8v f\u00f8r du k\u00f8ber<\/a><\/strong><\/p>\n<p data-start=\"1728\" data-end=\"2030\">Hvis du er p\u00e5 udkig efter et nyt instrument og endnu ikke har pr\u00f8vet <strong data-start=\"1736\" data-end=\"1758\">Cardinal GVL Bb-euphonium<\/strong>, og du \u00f8nsker at pr\u00f8ve det, bedes du udfylde &#8216;pr\u00f8v f\u00f8r du k\u00f8ber&#8217;-formularen. Der er muligheder uanset hvilket land, du bor i.<\/p>\n<hr data-start=\"2303\" data-end=\"2306\">\n<p data-start=\"153\" data-end=\"194\"><strong>Bestil dit Cardinal GVL-euphonium i dag<\/strong><\/p>\n<p data-start=\"196\" data-end=\"354\">Klar til at l\u00f8fte din pr\u00e6station? <strong data-start=\"235\" data-end=\"257\">Cardinal GVL Bb-euphonium<\/strong> leverer uovertruffen musikalsk pr\u00e6cision, kraft og h\u00e5ndv\u00e6rk, som topmusikere verden over har tillid til. <\/p>\n<p data-start=\"356\" data-end=\"594\">Du kan <strong data-start=\"364\" data-end=\"404\">k\u00f8be direkte gennem denne webshop<\/strong> eller, hvis du foretr\u00e6kker en mere personlig tilgang, is\u00e6r for dem uden for Storbritannien, eller har brug for hj\u00e6lp til at v\u00e6lge den rigtige model, kan du blot <strong data-start=\"494\" data-end=\"573\">sende en e-mail til <a class=\"decorated-link cursor-pointer\" href=\"mailto:info@genevainstruments.com\" rel=\"noopener\" data-start=\"508\" data-end=\"571\">info@genevainstruments.com<\/a><\/strong> for at afgive din ordre.<\/p>\n<p data-start=\"596\" data-end=\"702\">Uanset hvilken m\u00e5de du v\u00e6lger, er vores team her for at hj\u00e6lpe dig med at finde den perfekte Cardinal til din musikalske rejse.<\/p>\n<hr data-start=\"2032\" data-end=\"2035\">\n<p data-start=\"2037\" data-end=\"2057\"><strong>Hvad kunstnerne siger<\/strong><\/p>\n<p><em>&#8220;Ud over dets bem\u00e6rkelsesv\u00e6rdige spilleegenskaber finder jeg instrumentets \u00e6stetik, med dets h\u00e5ndlavede gravering p\u00e5 klokken, rose- og sorte finish overalt, g\u00f8r dette instrument til et unikt kunstv\u00e6rk i sig selv&#8221;<\/em><\/p>\n<p><strong>Dr. Glenn Van Looy<\/strong><br \/>\nProfessor i euphonium, Conservatoire Cantonal du Valais<br \/>\nGeneva Performance &amp; Development Artist<\/p>\n","protected":false},"excerpt":{"rendered":"<p>&#8220;Tag det ikke for givet &#8211; lyt til videoerne for at h\u00f8re dette instruments klang og tekniske form\u00e5en i en klasse for sig selv.&#8221; GVL <\/p>\n<p>Se videoerne.<\/p>\n<p>Den tredje er et fantastisk eksempel p\u00e5, hvor cool og alsidigt euphoniummet kan v\u00e6re &#8211; Takumi Yoshihisa.<\/p>\n","protected":false},"featured_media":11299,"comment_status":"closed","ping_status":"closed","template":"","meta":{"_acf_changed":false},"product_brand":[192],"product_cat":[315,542],"product_tag":[422,543,544],"class_list":{"0":"post-11297","1":"product","2":"type-product","3":"status-publish","4":"has-post-thumbnail","6":"product_brand-geneva-instruments","7":"product_cat-geneva-cardinal-instrumenter","8":"product_cat-geneva-cardinal-kunstnermodeller","9":"product_tag-bb-baritonhorn","10":"product_tag-bb-euphonium","11":"product_tag-bb-euphonium-signatur","12":"product_shipping_class-stor","13":"pa_range-geneva-cardinal-instrumenter","14":"sales-flash-overlay","15":"woocommerce-text-align-left","16":"woocommerce-image-align-center","17":"do-quantity-buttons","18":"wc-has-gallery","20":"first","21":"instock","22":"taxable","23":"shipping-taxable","24":"purchasable","25":"product-type-variable"},"acf":[],"_links":{"self":[{"href":"https:\/\/genevainstruments.com\/da\/wp-json\/wp\/v2\/product\/11297","targetHints":{"allow":["GET"]}}],"collection":[{"href":"https:\/\/genevainstruments.com\/da\/wp-json\/wp\/v2\/product"}],"about":[{"href":"https:\/\/genevainstruments.com\/da\/wp-json\/wp\/v2\/types\/product"}],"replies":[{"embeddable":true,"href":"https:\/\/genevainstruments.com\/da\/wp-json\/wp\/v2\/comments?post=11297"}],"wp:featuredmedia":[{"embeddable":true,"href":"https:\/\/genevainstruments.com\/da\/wp-json\/wp\/v2\/media\/11299"}],"wp:attachment":[{"href":"https:\/\/genevainstruments.com\/da\/wp-json\/wp\/v2\/media?parent=11297"}],"wp:term":[{"taxonomy":"product_brand","embeddable":true,"href":"https:\/\/genevainstruments.com\/da\/wp-json\/wp\/v2\/product_brand?post=11297"},{"taxonomy":"product_cat","embeddable":true,"href":"https:\/\/genevainstruments.com\/da\/wp-json\/wp\/v2\/product_cat?post=11297"},{"taxonomy":"product_tag","embeddable":true,"href":"https:\/\/genevainstruments.com\/da\/wp-json\/wp\/v2\/product_tag?post=11297"}],"curies":[{"name":"wp","href":"https:\/\/api.w.org\/{rel}","templated":true}]}}