{"id":11361,"date":"2024-09-09T14:36:21","date_gmt":"2024-09-09T13:36:21","guid":{"rendered":"https:\/\/geneva.viacreative.co\/product\/bb-flygelhorn-geneva-cardinal\/"},"modified":"2026-01-16T08:38:50","modified_gmt":"2026-01-16T08:38:50","slug":"bb-flygelhorn-geneva-cardinal","status":"publish","type":"product","link":"https:\/\/genevainstruments.com\/da\/vare\/bb-flygelhorn-geneva-cardinal\/","title":{"rendered":"Bb flygelhorn &#8211; Geneva cardinal"},"content":{"rendered":"<h1 data-start=\"336\" data-end=\"394\">Geneva cardinal flygelhorn<\/h1>\n<h2 data-start=\"336\" data-end=\"394\">Et flygelhorn i verdensklasse designet til den seri\u00f8se musiker<\/h2>\n<p data-start=\"396\" data-end=\"677\">Det <strong data-start=\"400\" data-end=\"429\">Geneva Cardinal Flygelhorn<\/strong> er resultatet af et kvart \u00e5rhundredes kontinuerlig forskning og udvikling. Bygget til musikere, der kr\u00e6ver overlegen tone, up\u00e5klagelig intonation og fejlfrit h\u00e5ndv\u00e6rk, repr\u00e6senterer denne premium kornet toppen af Genevas messinginstrumenters seneste innovationer og rene luksus <\/p>\n<hr data-start=\"679\" data-end=\"682\">\n<h4 data-start=\"684\" data-end=\"700\"><strong>N\u00f8glefunktioner<\/strong><\/h4>\n<ul data-start=\"702\" data-end=\"1349\">\n<li data-start=\"702\" data-end=\"815\">\n<p data-start=\"704\" data-end=\"815\"><strong data-start=\"704\" data-end=\"732\">Unik Venturi-mundstykker\u00f8r<\/strong><br data-start=\"732\" data-end=\"735\">Forbedrer lydprojektion og sikrer en j\u00e6vn, ubesv\u00e6ret spilleoplevelse.<\/p>\n<\/li>\n<li data-start=\"817\" data-end=\"910\">\n<p data-start=\"819\" data-end=\"910\"><strong data-start=\"819\" data-end=\"841\">H\u00e5ndhammeret klokke<\/strong><br data-start=\"841\" data-end=\"844\">H\u00e5ndv\u00e6rksm\u00e6ssigt fremstillet med pr\u00e6cision for at producere en fyldig, resonant tone.<\/p>\n<\/li>\n<\/ul>\n<ul>\n<li><strong data-start=\"819\" data-end=\"841\">H\u00e5ndgraveret<\/strong><br data-start=\"841\" data-end=\"844\">Fremstillet med h\u00e5ndv\u00e6rksm\u00e6ssig pr\u00e6cision med dekorativ gravering af Geneva-gribben.<\/li>\n<\/ul>\n<ul data-start=\"702\" data-end=\"1349\">\n<li data-start=\"912\" data-end=\"989\">\n<p data-start=\"914\" data-end=\"989\"><strong data-start=\"914\" data-end=\"937\">Skr\u00e6ddersyet metalblanding<\/strong><br data-start=\"937\" data-end=\"940\">Udviklet for holdbarhed og tonal kompleksitet.<\/p>\n<\/li>\n<li data-start=\"991\" data-end=\"1087\">\n<p data-start=\"993\" data-end=\"1087\"><strong data-start=\"993\" data-end=\"1013\">Ergonomisk design<\/strong><br data-start=\"1013\" data-end=\"1016\">Behagelig at holde og nem at kontrollere under l\u00e6ngerevarende optr\u00e6dener.<\/p>\n<\/li>\n<li data-start=\"1089\" data-end=\"1215\">\n<p data-start=\"1091\" data-end=\"1215\"><strong data-start=\"1091\" data-end=\"1112\">Dobbelt-niveau design<\/strong><br data-start=\"1112\" data-end=\"1115\">Udviklet for forbedret respons og f\u00f8lelse.<\/p>\n<\/li>\n<li data-start=\"1217\" data-end=\"1349\">\n<p data-start=\"1219\" data-end=\"1349\"><strong data-start=\"1219\" data-end=\"1252\">Forbedret sort nikkelbel\u00e6gning<\/strong><br data-start=\"1252\" data-end=\"1255\">En elegant ny finish muliggjort af vores investering i n\u00e6ste generations produktionsteknologi.<\/p>\n<\/li>\n<\/ul>\n<hr data-start=\"1351\" data-end=\"1354\">\n<h2 data-start=\"1356\" data-end=\"1394\">Hvorfor v\u00e6lge cardinal flygelhornet?<\/h2>\n<p data-start=\"1396\" data-end=\"1703\">Uanset om De er solist, ensemblespiller eller orkesterleder, leverer <strong data-start=\"1459\" data-end=\"1481\">Cardinal Flygelhornet<\/strong> den kvalitet og ydeevne, som professionelle kr\u00e6ver verden over. Brugt af f\u00f8rende musikere i Storbritannien, Europa, USA, Japan og Australien s\u00e6tter dette instrument en ny standard inden for h\u00e5ndlavet messingdesign. <\/p>\n<hr data-start=\"1705\" data-end=\"1708\">\n<h3 data-start=\"1710\" data-end=\"1726\">Pr\u00f8vespil &#8211; <a href=\"https:\/\/genevainstruments.com\/da\/proev-foer-du-koeber\/\">pr\u00f8v f\u00f8r du k\u00f8ber<\/a><\/h3>\n<p data-start=\"1728\" data-end=\"2030\">Hvis De er p\u00e5 markedet for et nyt instrument og ikke har testet <strong data-start=\"1736\" data-end=\"1758\">Cardinal Flygelhornet<\/strong> og \u00f8nsker at pr\u00f8ve det, bedes De udfylde pr\u00f8v-f\u00f8r-du-k\u00f8ber formularen &#8211; der er muligheder uanset hvilket land De bor i.<\/p>\n<hr data-start=\"2303\" data-end=\"2306\">\n<h3 data-start=\"153\" data-end=\"194\">Bestil Deres cardinal flygelhorn i dag<\/h3>\n<p data-start=\"196\" data-end=\"354\">Klar til at l\u00f8fte Deres pr\u00e6station? <strong data-start=\"235\" data-end=\"257\">Cardinal Flygelhornet<\/strong> leverer uovertruffen musikalsk pr\u00e6cision, kraft og h\u00e5ndv\u00e6rk, som topprofessionelle verden over stoler p\u00e5. <\/p>\n<p data-start=\"356\" data-end=\"594\">Du kan <strong data-start=\"364\" data-end=\"404\">k\u00f8be direkte gennem denne webshop<\/strong> eller, hvis du foretr\u00e6kker en mere personlig tilgang, is\u00e6r for dem uden for Storbritannien, eller har brug for hj\u00e6lp til at v\u00e6lge den rigtige model, kan du blot <strong data-start=\"494\" data-end=\"573\">sende en e-mail til <a class=\"decorated-link cursor-pointer\" href=\"mailto:info@genevainstruments.com\" rel=\"noopener\" data-start=\"508\" data-end=\"571\">info@genevainstruments.com<\/a><\/strong> for at afgive din ordre.<\/p>\n<p data-start=\"596\" data-end=\"702\">Uanset hvilken m\u00e5de du v\u00e6lger, er vores team her for at hj\u00e6lpe dig med at finde den perfekte Cardinal til din musikalske rejse.<\/p>\n<hr data-start=\"2032\" data-end=\"2035\">\n<h3 data-start=\"2037\" data-end=\"2057\">Hvad kunstnerne siger<\/h3>\n<p><em>&#8220;Dette er mit instrument af valg ikke kun for dets sk\u00f8nhed, mekanikken i 1. og 3. trigger giver mig mulighed for at h\u00e5ndtere de naturlige \u00f8vre harmoniske stemningsudfordringer for enhver flygelhorn-spiller. Vigtigere er det den exceptionelle og unikke lydkvalitet, der solgte dette instrument til mig, og til geng\u00e6ld fort\u00e6ller den lyd alt om, hvem jeg er som spiller&#8221;.<\/em><\/p>\n<p style=\"text-align: left;\"><strong>Stephanie Kennedy<\/strong><br \/>\nProfessionel musiker,<br \/>\nGeneva Performance Artist<\/p>\n","protected":false},"excerpt":{"rendered":"<p>Geneva instruments &#8211; bb flygelhorn &#8211; Geneva cardinal<\/p>\n","protected":false},"featured_media":11363,"comment_status":"closed","ping_status":"closed","template":"","meta":{"_acf_changed":false},"product_brand":[192],"product_cat":[315],"product_tag":[318],"class_list":{"0":"post-11361","1":"product","2":"type-product","3":"status-publish","4":"has-post-thumbnail","6":"product_brand-geneva-instruments","7":"product_cat-geneva-cardinal-instrumenter","8":"product_tag-bb-flygelhorn","9":"product_shipping_class-lille","10":"pa_range-geneva-cardinal-instrumenter","11":"sales-flash-overlay","12":"woocommerce-text-align-left","13":"woocommerce-image-align-center","14":"do-quantity-buttons","15":"wc-has-gallery","17":"first","18":"instock","19":"taxable","20":"shipping-taxable","21":"purchasable","22":"product-type-variable"},"acf":[],"_links":{"self":[{"href":"https:\/\/genevainstruments.com\/da\/wp-json\/wp\/v2\/product\/11361","targetHints":{"allow":["GET"]}}],"collection":[{"href":"https:\/\/genevainstruments.com\/da\/wp-json\/wp\/v2\/product"}],"about":[{"href":"https:\/\/genevainstruments.com\/da\/wp-json\/wp\/v2\/types\/product"}],"replies":[{"embeddable":true,"href":"https:\/\/genevainstruments.com\/da\/wp-json\/wp\/v2\/comments?post=11361"}],"wp:featuredmedia":[{"embeddable":true,"href":"https:\/\/genevainstruments.com\/da\/wp-json\/wp\/v2\/media\/11363"}],"wp:attachment":[{"href":"https:\/\/genevainstruments.com\/da\/wp-json\/wp\/v2\/media?parent=11361"}],"wp:term":[{"taxonomy":"product_brand","embeddable":true,"href":"https:\/\/genevainstruments.com\/da\/wp-json\/wp\/v2\/product_brand?post=11361"},{"taxonomy":"product_cat","embeddable":true,"href":"https:\/\/genevainstruments.com\/da\/wp-json\/wp\/v2\/product_cat?post=11361"},{"taxonomy":"product_tag","embeddable":true,"href":"https:\/\/genevainstruments.com\/da\/wp-json\/wp\/v2\/product_tag?post=11361"}],"curies":[{"name":"wp","href":"https:\/\/api.w.org\/{rel}","templated":true}]}}