{"id":12055,"date":"2024-09-09T14:36:45","date_gmt":"2024-09-09T13:36:45","guid":{"rendered":"https:\/\/geneva.viacreative.co\/product\/bb-kornet-geneva-heritage-philip-mccann\/"},"modified":"2026-01-16T08:38:54","modified_gmt":"2026-01-16T08:38:54","slug":"bb-kornet-geneva-heritage-philip-mccann","status":"publish","type":"product","link":"https:\/\/genevainstruments.com\/da\/vare\/bb-kornet-geneva-heritage-philip-mccann\/","title":{"rendered":"Bb kornet &#8211; Geneva Heritage (Philip McCann)"},"content":{"rendered":"<h3 data-start=\"278\" data-end=\"309\"><strong data-start=\"282\" data-end=\"307\">Geneva Heritage-serien<\/strong><\/h3>\n<p data-start=\"310\" data-end=\"361\"><strong data-start=\"310\" data-end=\"361\">Skabt til tradition. Designet til excellence. <\/strong><\/p>\n<p data-start=\"363\" data-end=\"639\"><em data-start=\"367\" data-end=\"384\">Geneva Heritage<\/em>-serien repr\u00e6senterer kulminationen af ren, udtryksfuld lyd. Denne enest\u00e5ende serie er udviklet specielt til det traditionelle brassband-marked i Storbritannien og har v\u00e6ret over 16 \u00e5r undervejs \u2013 og flytter gr\u00e6nserne for messinginstrumenth\u00e5ndv\u00e6rk.<\/p>\n<p data-start=\"641\" data-end=\"968\">Hvert instrument i Heritage-serien indeholder unikke designinnovationer, herunder et omhyggeligt konstrueret mundstykke med en gradvis konisk form fra venturi til ventil. Dette resulterer i en mere kontrolleret fornemmelse og lidt \u00f8get modstand sammenlignet med <em data-start=\"895\" data-end=\"912\">Geneva Cardinal<\/em>-serien \u2013 ideel til spillere, der s\u00f8ger pr\u00e6cision og respons. <\/p>\n<p data-start=\"970\" data-end=\"1278\">Heritage-serien er konstrueret af gul messing af h\u00f8j kvalitet og tilbyder ydeevnen og den tonale integritet af et premium-instrument til en overkommelig pris \u2013 uden at g\u00e5 p\u00e5 kompromis med lyd eller intonation. For mange spillere betyder dette forbedret kontrol og konsistens p\u00e5 tv\u00e6rs af alle registre og dynamikker. <\/p>\n<p data-start=\"1280\" data-end=\"1475\"><em data-start=\"1358\" data-end=\"1368\">Heritage<\/em>-serien er nu anerkendt som et af de f\u00f8rende valg i messingbandsverdenen og er begunstiget af anerkendte internationale solister og nogle af de mest prestigefyldte ensembler i verden.<\/p>\n<hr data-start=\"1477\" data-end=\"1480\">\n<h3 data-start=\"1482\" data-end=\"1532\"><strong data-start=\"1486\" data-end=\"1530\">Vi pr\u00e6senterer Philip McCann &#8211; Geneva Heritage kornetten <\/strong><\/h3>\n<p data-start=\"1533\" data-end=\"1582\"><strong data-start=\"1533\" data-end=\"1582\">Et signatursamarbejde med Phillip McCann<\/strong><\/p>\n<blockquote data-start=\"1584\" data-end=\"1796\">\n<p data-start=\"1586\" data-end=\"1796\"><em data-start=\"1586\" data-end=\"1771\">\u201cVi har alle en unik stemme. Denne Cardinal Heritage Kornet er en forl\u00e6ngelse af DIG og giver dig mulighed for at finde &#8216;din musikalske stemme&#8217;\u2026 resultatet af mit samarbejde med Geneva Instruments.\u201d<\/em><br data-start=\"1771\" data-end=\"1774\">\u2014 <strong data-start=\"1778\" data-end=\"1796\">Phillip McCann<\/strong><\/p>\n<\/blockquote>\n<p data-start=\"1798\" data-end=\"1998\">Vi er be\u00e6rede over at kunne pr\u00e6sentere <em data-start=\"1829\" data-end=\"1855\">Cardinal Heritage Kornetten<\/em>, en signaturmodel udviklet i samarbejde med den legendariske <strong data-start=\"1921\" data-end=\"1939\">Phillip McCann<\/strong> \u2013 en af de mest respekterede personer i messingbandsverdenen.<\/p>\n<p data-start=\"2000\" data-end=\"2354\">Phillip blev f\u00f8dt i Bo\u2019ness, Skotland, og hans karriere begyndte med Kinneil Colliery Band og blomstrede gennem lederroller, herunder fem \u00e5r som leder af National Youth Brass Band of Great Britain. Som Principal Cornet i det verdensber\u00f8mte <strong data-start=\"2246\" data-end=\"2265\">Black Dyke Band<\/strong> i dets gyldne \u00e6ra var Phillip med til at forme en ikonisk lyd, der stadig er \u00e6ret i dag. <\/p>\n<p data-start=\"2356\" data-end=\"2624\">Hans anmelderroste <em data-start=\"2370\" data-end=\"2379\">Chandos<\/em> CD-serie, <em data-start=\"2391\" data-end=\"2428\">The World\u2019s Most Beautiful Melodies<\/em>, er ber\u00f8mt for sin sublime tone og musikalitet og er j\u00e6vnligt at finde p\u00e5 <strong data-start=\"2503\" data-end=\"2516\">BBC Radio<\/strong> og <strong data-start=\"2521\" data-end=\"2535\">Classic FM<\/strong>. Hans passion for udtryksfuld optr\u00e6den lever nu videre i dette special edition-instrument.<\/p>\n<p data-start=\"2626\" data-end=\"2854\"><em data-start=\"2763\" data-end=\"2789\">Cardinal Heritage Kornetten<\/em> er udformet til at emulere den traditionelle varme messingbandlyd med enest\u00e5ende intonation og fritbl\u00e6sende respons p\u00e5 tv\u00e6rs af alle registre og giver musikere friheden til at udtrykke deres sande musikalske stemme.<\/p>\n<h3 data-start=\"1385\" data-end=\"1416\"><strong data-start=\"1389\" data-end=\"1416\">Bestilling og tilg\u00e6ngelighed<\/strong><\/h3>\n<p data-start=\"1418\" data-end=\"1667\">Hvis dit valgte instrument er i restordre, kan du stadig gennemf\u00f8re dit k\u00f8b online med en estimeret leveringstid p\u00e5 ca. 4 uger.<br data-start=\"1559\" data-end=\"1562\">Alternativt kan du sikre dig en plads i vores produktionsplan med et depositum p\u00e5 30 % ved at kontakte os direkte:<\/p>\n<p data-start=\"1669\" data-end=\"1731\">\ud83d\udce7 <strong data-start=\"1672\" data-end=\"1702\"><a class=\"decorated-link cursor-pointer\" rel=\"noopener\" data-start=\"1674\" data-end=\"1700\">info@genevainstruments.com<\/a><\/strong><br data-start=\"1702\" data-end=\"1705\">\ud83d\udcde <strong data-start=\"1708\" data-end=\"1731\">+44 (0) 1642 714464<\/strong><\/p>\n","protected":false},"excerpt":{"rendered":"<p>Bb-Kornet &#8211; Geneva Heritage &#8211; Professionel. Se videoen af dette instrument. <\/p>\n","protected":false},"featured_media":12057,"comment_status":"closed","ping_status":"closed","template":"","meta":{"_acf_changed":false},"product_brand":[192],"product_cat":[542,315],"product_tag":[320],"class_list":{"0":"post-12055","1":"product","2":"type-product","3":"status-publish","4":"has-post-thumbnail","6":"product_brand-geneva-instruments","7":"product_cat-geneva-cardinal-kunstnermodeller","8":"product_cat-geneva-cardinal-instrumenter","9":"product_tag-heritage-bb-kornet-professional","10":"product_shipping_class-lille","11":"pa_range-geneva-heritage-instrumenter","12":"sales-flash-overlay","13":"woocommerce-text-align-left","14":"woocommerce-image-align-center","15":"do-quantity-buttons","16":"wc-has-gallery","18":"first","19":"instock","20":"taxable","21":"shipping-taxable","22":"purchasable","23":"product-type-variable"},"acf":[],"_links":{"self":[{"href":"https:\/\/genevainstruments.com\/da\/wp-json\/wp\/v2\/product\/12055","targetHints":{"allow":["GET"]}}],"collection":[{"href":"https:\/\/genevainstruments.com\/da\/wp-json\/wp\/v2\/product"}],"about":[{"href":"https:\/\/genevainstruments.com\/da\/wp-json\/wp\/v2\/types\/product"}],"replies":[{"embeddable":true,"href":"https:\/\/genevainstruments.com\/da\/wp-json\/wp\/v2\/comments?post=12055"}],"wp:featuredmedia":[{"embeddable":true,"href":"https:\/\/genevainstruments.com\/da\/wp-json\/wp\/v2\/media\/12057"}],"wp:attachment":[{"href":"https:\/\/genevainstruments.com\/da\/wp-json\/wp\/v2\/media?parent=12055"}],"wp:term":[{"taxonomy":"product_brand","embeddable":true,"href":"https:\/\/genevainstruments.com\/da\/wp-json\/wp\/v2\/product_brand?post=12055"},{"taxonomy":"product_cat","embeddable":true,"href":"https:\/\/genevainstruments.com\/da\/wp-json\/wp\/v2\/product_cat?post=12055"},{"taxonomy":"product_tag","embeddable":true,"href":"https:\/\/genevainstruments.com\/da\/wp-json\/wp\/v2\/product_tag?post=12055"}],"curies":[{"name":"wp","href":"https:\/\/api.w.org\/{rel}","templated":true}]}}