{"id":12294,"date":"2024-09-09T14:36:33","date_gmt":"2024-09-09T13:36:33","guid":{"rendered":"https:\/\/geneva.viacreative.co\/product\/bb-euphonium-geneva-heritage\/"},"modified":"2025-12-21T08:26:01","modified_gmt":"2025-12-21T08:26:01","slug":"bb-euphonium-geneva-heritage","status":"publish","type":"product","link":"https:\/\/genevainstruments.com\/da\/vare\/bb-euphonium-geneva-heritage\/","title":{"rendered":"Bb euphonium &#8211; Geneva heritage"},"content":{"rendered":"<h3 data-start=\"181\" data-end=\"212\"><strong data-start=\"185\" data-end=\"210\">Geneva Heritage<\/strong><\/h3>\n<p data-start=\"213\" data-end=\"264\"><strong data-start=\"213\" data-end=\"264\">Skabt til tradition. Designet til excellence. <\/strong><\/p>\n<p data-start=\"266\" data-end=\"542\"><em data-start=\"270\" data-end=\"287\">Geneva Heritage<\/em> Bb Euphonium repr\u00e6senterer toppen af ren, udtryksfuld lyd. Udviklet specifikt til det traditionelle brass band-marked i Storbritannien har denne exceptionelle serie v\u00e6ret over 20 \u00e5r under udvikling\u2014og skubber gr\u00e6nserne for messinginstrument-h\u00e5ndv\u00e6rk.<\/p>\n<p data-start=\"544\" data-end=\"871\">Hvert instrument i Heritage-serien inkorporerer unikke designinnovationer, herunder et omhyggeligt konstrueret mundr\u00f8r med en gradvis tilspidsning fra venturi til ventil. Dette resulterer i en mere kontrolleret fornemmelse og en smule \u00f8get modstand sammenlignet med Cardinal-serien \u2013 ideel til spillere, der s\u00f8ger pr\u00e6cision og respons. <\/p>\n<p data-start=\"873\" data-end=\"1181\">Heritage-serien er konstrueret af gul messing af h\u00f8j kvalitet og tilbyder ydeevnen og den tonale integritet af et premium-instrument til en overkommelig pris \u2013 uden at g\u00e5 p\u00e5 kompromis med lyd eller intonation. For mange spillere betyder dette forbedret kontrol og konsistens p\u00e5 tv\u00e6rs af alle registre og dynamikker. <\/p>\n<p data-start=\"1183\" data-end=\"1378\"><em data-start=\"1261\" data-end=\"1271\">Heritage<\/em>-serien er nu anerkendt som et af de f\u00f8rende valg i messingbandsverdenen og er begunstiget af anerkendte internationale solister og nogle af de mest prestigefyldte ensembler i verden.<\/p>\n<hr data-start=\"1380\" data-end=\"1383\">\n<h3 data-start=\"1385\" data-end=\"1416\"><strong data-start=\"1389\" data-end=\"1416\">Bestilling og tilg\u00e6ngelighed<\/strong><\/h3>\n<p data-start=\"1418\" data-end=\"1667\">Hvis dit valgte instrument er i restordre, kan du stadig gennemf\u00f8re dit k\u00f8b online med en estimeret leveringstid p\u00e5 ca. 4 uger.<\/p>\n<p data-start=\"1418\" data-end=\"1667\">Alternativt kan du sikre dig en plads i vores produktionsplan med et depositum p\u00e5 30 % ved at kontakte os direkte:<\/p>\n<p data-start=\"1669\" data-end=\"1731\">\ud83d\udce7 <strong data-start=\"1672\" data-end=\"1702\"><a class=\"decorated-link cursor-pointer\" rel=\"noopener\" data-start=\"1674\" data-end=\"1700\">info@genevainstruments.com<\/a><\/strong><br data-start=\"1702\" data-end=\"1705\">\ud83d\udcde <strong data-start=\"1708\" data-end=\"1731\">+44 (0) 1642 714464<\/strong><\/p>\n","protected":false},"excerpt":{"rendered":"<p>Geneva Heritage Skabt til tradition. Designet til excellence. Geneva Heritage Bb Euphonium repr\u00e6senterer toppen af ren, udtryksfuld lyd. Udviklet specifikt til det traditionelle brass band-marked i Storbritannien har denne exceptionelle serie v\u00e6ret over 20 \u00e5r under udvikling\u2014og skubber gr\u00e6nserne for messinginstrument-h\u00e5ndv\u00e6rk. Hvert instrument i Heritage-serien inkorporerer unikke designinnovationer, herunder et omhyggeligt konstrueret mundr\u00f8r med en &#8230; <a title=\"Bb euphonium &#8211; Geneva heritage\" class=\"read-more\" href=\"https:\/\/genevainstruments.com\/da\/vare\/bb-euphonium-geneva-heritage\/\" aria-label=\"Read more about Bb euphonium &#8211; Geneva heritage\">L\u00e6s Mere<\/a><\/p>\n","protected":false},"featured_media":12295,"comment_status":"closed","ping_status":"closed","template":"","meta":{"_acf_changed":false},"product_brand":[192],"product_cat":[704],"product_tag":[726],"class_list":{"0":"post-12294","1":"product","2":"type-product","3":"status-publish","4":"has-post-thumbnail","6":"product_brand-geneva-instruments","7":"product_cat-geneva-heritage","8":"product_tag-bb-euphonium-symfoni","9":"product_shipping_class-stor","10":"pa_range-geneva-heritage-instrumenter","11":"sales-flash-overlay","12":"woocommerce-text-align-left","13":"woocommerce-image-align-center","14":"do-quantity-buttons","15":"wc-has-gallery","17":"first","18":"instock","19":"taxable","20":"shipping-taxable","21":"purchasable","22":"product-type-variable"},"acf":[],"_links":{"self":[{"href":"https:\/\/genevainstruments.com\/da\/wp-json\/wp\/v2\/product\/12294","targetHints":{"allow":["GET"]}}],"collection":[{"href":"https:\/\/genevainstruments.com\/da\/wp-json\/wp\/v2\/product"}],"about":[{"href":"https:\/\/genevainstruments.com\/da\/wp-json\/wp\/v2\/types\/product"}],"replies":[{"embeddable":true,"href":"https:\/\/genevainstruments.com\/da\/wp-json\/wp\/v2\/comments?post=12294"}],"wp:featuredmedia":[{"embeddable":true,"href":"https:\/\/genevainstruments.com\/da\/wp-json\/wp\/v2\/media\/12295"}],"wp:attachment":[{"href":"https:\/\/genevainstruments.com\/da\/wp-json\/wp\/v2\/media?parent=12294"}],"wp:term":[{"taxonomy":"product_brand","embeddable":true,"href":"https:\/\/genevainstruments.com\/da\/wp-json\/wp\/v2\/product_brand?post=12294"},{"taxonomy":"product_cat","embeddable":true,"href":"https:\/\/genevainstruments.com\/da\/wp-json\/wp\/v2\/product_cat?post=12294"},{"taxonomy":"product_tag","embeddable":true,"href":"https:\/\/genevainstruments.com\/da\/wp-json\/wp\/v2\/product_tag?post=12294"}],"curies":[{"name":"wp","href":"https:\/\/api.w.org\/{rel}","templated":true}]}}