{"id":12362,"date":"2024-09-09T14:36:56","date_gmt":"2024-09-09T13:36:56","guid":{"rendered":"https:\/\/geneva.viacreative.co\/product\/tenorsaxofon-lineage-pro\/"},"modified":"2025-12-21T08:26:01","modified_gmt":"2025-12-21T08:26:01","slug":"tenorsaxofon-lineage-pro","status":"publish","type":"product","link":"https:\/\/genevainstruments.com\/da\/vare\/tenorsaxofon-lineage-pro\/","title":{"rendered":"Tenorsaxofon &#8211; Lineage Pro"},"content":{"rendered":"<h2 data-start=\"410\" data-end=\"465\">Geneva Lineage professionel tenorsaxofon<\/h2>\n<p data-start=\"467\" data-end=\"790\">Oplev den kraftfulde stemme fra <strong data-start=\"504\" data-end=\"538\">Geneva Lineage Tenorsaxofon<\/strong> \u2013 et omhyggeligt designet instrument skabt til liveoptr\u00e6deners krav og studieekspertise. Foretrukket af topkunstnere, herunder <strong data-start=\"677\" data-end=\"693\">Nubya Garcia<\/strong>, legemligg\u00f8r denne tenorsaxofon over <strong data-start=\"730\" data-end=\"789\">70 \u00e5rs designinnovation og pr\u00e6stationsekspertise<\/strong>. <\/p>\n<hr data-start=\"792\" data-end=\"795\">\n<h3 data-start=\"797\" data-end=\"834\"><strong data-start=\"804\" data-end=\"833\">N\u00f8glefunktioner og h\u00f8jdepunkter<\/strong>:<\/h3>\n<ul>\n<li data-start=\"838\" data-end=\"964\"><strong data-start=\"840\" data-end=\"869\">Anbefalet af professionelle<\/strong>: Spillet af internationalt anerkendte kunstnere, herunder den ber\u00f8mte saxofonist <strong data-start=\"947\" data-end=\"963\">Nubya Garcia<\/strong>.<\/li>\n<li data-start=\"965\" data-end=\"1149\">\n<p data-start=\"967\" data-end=\"1149\"><strong data-start=\"969\" data-end=\"993\">Arv af Excellence<\/strong>: Udviklet af Genevas elitedesignteam, der kombinerer \u00e5rtiers <strong data-start=\"1057\" data-end=\"1085\">instrumenth\u00e5ndv\u00e6rk<\/strong>, <strong data-start=\"1087\" data-end=\"1111\">teknisk innovation<\/strong> og <strong data-start=\"1117\" data-end=\"1148\">liveoptr\u00e6denerfaring<\/strong>.<\/p>\n<\/li>\n<li data-start=\"1150\" data-end=\"1320\">\n<p data-start=\"1152\" data-end=\"1320\"><strong data-start=\"1154\" data-end=\"1189\">Overlegen europ\u00e6isk h\u00e5ndv\u00e6rk<\/strong>: Fremstillet i <strong data-start=\"1211\" data-end=\"1229\">Tjekkiet<\/strong> under Genevas n\u00f8jagtige standarder \u2013 en blanding af traditionelle teknikker og moderne pr\u00e6cision.<\/p>\n<\/li>\n<li data-start=\"1321\" data-end=\"1481\">\n<p data-start=\"1323\" data-end=\"1481\"><strong data-start=\"1325\" data-end=\"1352\">F\u00f8rende design i branchen<\/strong>: Del af <strong data-start=\"1366\" data-end=\"1387\">Lineage Pro-serien<\/strong>, der s\u00e6tter standarden for tonekvalitet, respons og holdbarhed i professionelle saxofoner.<\/p>\n<\/li>\n<li data-start=\"1482\" data-end=\"1639\">\n<p data-start=\"1484\" data-end=\"1639\"><strong data-start=\"1486\" data-end=\"1517\">Bygget til seri\u00f8se musikere<\/strong>: Ideel til turnerende kunstnere, studiemusikere og avancerede elever, der sigter mod at tage det n\u00e6ste skridt i deres musikalske rejse.<\/p>\n<\/li>\n<\/ul>\n<hr data-start=\"1641\" data-end=\"1644\">\n<h3 data-start=\"1646\" data-end=\"1686\"><strong data-start=\"1653\" data-end=\"1685\">Inkluderet med din saxofon<\/strong>:<\/h3>\n<ul data-start=\"1688\" data-end=\"1882\">\n<li data-start=\"1688\" data-end=\"1771\">\n<p data-start=\"1690\" data-end=\"1771\"><strong data-start=\"1693\" data-end=\"1711\">Nyt instrument<\/strong>: Leveres med en premium <strong data-start=\"1734\" data-end=\"1747\">hardcase<\/strong> for maksimal beskyttelse.<\/p>\n<\/li>\n<li data-start=\"1772\" data-end=\"1882\">\n<p data-start=\"1774\" data-end=\"1882\"><strong data-start=\"1777\" data-end=\"1795\">Ex-demo modeller<\/strong>: Leveres med en holdbar <strong data-start=\"1821\" data-end=\"1834\">softcase<\/strong> \u2013 perfekt til lettere transport og \u00f8vebrug.<\/p>\n<\/li>\n<\/ul>\n<hr data-start=\"1884\" data-end=\"1887\">\n<h3 data-start=\"1889\" data-end=\"1917\"><strong data-start=\"1896\" data-end=\"1916\">Produktoversigt<\/strong>:<\/h3>\n<p data-start=\"1919\" data-end=\"2238\">Som et kreativt produkt fra det internationalt anerkendte <strong data-start=\"1974\" data-end=\"1993\">Geneva Instruments<\/strong>, repr\u00e6senterer <strong data-start=\"1999\" data-end=\"2013\">OW Lineage<\/strong>-serien toppen af saxofondesign. Disse instrumenter afspejler Genevas filosofi: kombination af <strong data-start=\"2122\" data-end=\"2149\">banebrydende teknologi<\/strong> med <strong data-start=\"2155\" data-end=\"2184\">traditionelt h\u00e5ndv\u00e6rk<\/strong> for at skabe v\u00e6rkt\u00f8jer til udtryk, ikke kun pr\u00e6station. <\/p>\n<p data-start=\"2240\" data-end=\"2397\">Uanset om du er p\u00e5 scenen, i studiet eller skubber gr\u00e6nserne for din lyd, leverer Geneva Lineage Tenorsaxofon med kraft, pr\u00e6cision og sj\u00e6l.<\/p>\n<hr data-start=\"2399\" data-end=\"2402\">\n<h3 data-start=\"2404\" data-end=\"2465\"><strong data-start=\"2411\" data-end=\"2465\">Bestil nu \u2013 bygget til scenen, designet for livet<\/strong><\/h3>\n<p data-start=\"2467\" data-end=\"2637\">Udforsk lyden, der omdefinerer moderne saxofonpr\u00e6station. V\u00e6lg din model, v\u00e6lg din kasepreference, og tr\u00e6d ind i en ny klasse af tenorsaxofonekspertise <\/p>\n","protected":false},"excerpt":{"rendered":"<p>Geneva instruments &#8211; tenorsaxofon &#8211; lineage pro<\/p>\n","protected":false},"featured_media":12364,"comment_status":"closed","ping_status":"closed","template":"","meta":{"_acf_changed":false},"product_brand":[192],"product_cat":[756],"product_tag":[757],"class_list":{"0":"post-12362","1":"product","2":"type-product","3":"status-publish","4":"has-post-thumbnail","6":"product_brand-geneva-instruments","7":"product_cat-geneva-lineage","8":"product_tag-lineage-tenorsaxofon","9":"product_shipping_class-stor","10":"pa_range-lineage-pro-saxofonserien","11":"sales-flash-overlay","12":"woocommerce-text-align-left","13":"woocommerce-image-align-center","14":"do-quantity-buttons","15":"wc-has-gallery","17":"first","18":"instock","19":"taxable","20":"shipping-taxable","21":"purchasable","22":"product-type-variable"},"acf":[],"_links":{"self":[{"href":"https:\/\/genevainstruments.com\/da\/wp-json\/wp\/v2\/product\/12362","targetHints":{"allow":["GET"]}}],"collection":[{"href":"https:\/\/genevainstruments.com\/da\/wp-json\/wp\/v2\/product"}],"about":[{"href":"https:\/\/genevainstruments.com\/da\/wp-json\/wp\/v2\/types\/product"}],"replies":[{"embeddable":true,"href":"https:\/\/genevainstruments.com\/da\/wp-json\/wp\/v2\/comments?post=12362"}],"wp:featuredmedia":[{"embeddable":true,"href":"https:\/\/genevainstruments.com\/da\/wp-json\/wp\/v2\/media\/12364"}],"wp:attachment":[{"href":"https:\/\/genevainstruments.com\/da\/wp-json\/wp\/v2\/media?parent=12362"}],"wp:term":[{"taxonomy":"product_brand","embeddable":true,"href":"https:\/\/genevainstruments.com\/da\/wp-json\/wp\/v2\/product_brand?post=12362"},{"taxonomy":"product_cat","embeddable":true,"href":"https:\/\/genevainstruments.com\/da\/wp-json\/wp\/v2\/product_cat?post=12362"},{"taxonomy":"product_tag","embeddable":true,"href":"https:\/\/genevainstruments.com\/da\/wp-json\/wp\/v2\/product_tag?post=12362"}],"curies":[{"name":"wp","href":"https:\/\/api.w.org\/{rel}","templated":true}]}}