{"id":12587,"date":"2024-09-09T14:36:56","date_gmt":"2024-09-09T13:36:56","guid":{"rendered":"https:\/\/geneva.viacreative.co\/product\/sopransaxofon-lineage-pro\/"},"modified":"2025-12-21T08:26:05","modified_gmt":"2025-12-21T08:26:05","slug":"sopransaxofon-lineage-pro","status":"publish","type":"product","link":"https:\/\/genevainstruments.com\/da\/vare\/sopransaxofon-lineage-pro\/","title":{"rendered":"Sopransaxofon &#8211; Lineage Pro"},"content":{"rendered":"<p>Denne sopransaxofon var en af tilf\u00f8jelserne til Genevas tr\u00e6bl\u00e6sersortiment i 2024, som er udviklet fra vores Lineage Professional-modeller, og vi tager nu imod pr\u00f8ve-f\u00f8r-du-k\u00f8ber-bookinger og ordrer til lanceringen i efter\u00e5ret 2024.<\/p>\n<p>Dens koncept er f\u00f8dt ud af et \u00f8nske om at levere tr\u00e6bl\u00e6seinstrumenter til den progressive musiker, der giver et omkostningseffektivt instrument med lang levetid, der yder uden at g\u00e5 p\u00e5 kompromis med de designprincipper, der er s\u00e5 succesfulde i vores Lineage-serie af instrumenter.<\/p>\n<p>Den m\u00e5de, vi har opn\u00e5et denne nye serie p\u00e5, var ved at inkorporere Genevas viden og designf\u00e6rdigheder, samtidig med at vi forts\u00e6tter med at s\u00e6tte industristandarden for liveoptr\u00e6den med en filosofi baseret p\u00e5 et partnerskab mellem banebrydende teknologi og traditionelt h\u00e5ndv\u00e6rk.<\/p>\n<p>Resultatet har produceret en uovertruffen kvalitet af Bb-sopransaxofon i en klasse, der tilbyder en l\u00f8sning til avancerede tr\u00e6bl\u00e6serinstrumentalister i deres progressive rejse til professionelt musikerskab.<\/p>\n<p>Men igen anbefaler vi enhver spiller, der s\u00f8ger et avanceret tr\u00e6bl\u00e6serinstrument, at pr\u00f8ve denne Lineage JTP, f\u00f8r de tr\u00e6ffer deres valg, da den, n\u00e5r den f\u00f8rst er spillet, aldrig bliver glemt, is\u00e6r sammenlignet med dens tilsvarende model fra de masseproducerede globale m\u00e6rker.<\/p>\n<p>Nyt instrument leveres med en h\u00e5rd kasse. Ex demo&#8217;er er med bl\u00f8d kasse <\/p>\n","protected":false},"excerpt":{"rendered":"<p>Geneva-instrumenter &#8211; bb sopransaxofon &#8211; Lineage JTP &#8211; avanceret.<\/p>\n<p>&nbsp;<\/p>\n","protected":false},"featured_media":12589,"comment_status":"closed","ping_status":"closed","template":"","meta":{"_acf_changed":false},"product_brand":[192],"product_cat":[756],"product_tag":[837],"class_list":{"0":"post-12587","1":"product","2":"type-product","3":"status-publish","4":"has-post-thumbnail","6":"product_brand-geneva-instruments","7":"product_cat-geneva-lineage","8":"product_tag-sopransaxofon","9":"product_shipping_class-lille","10":"pa_range-lineage-pro-saxofonserien","11":"sales-flash-overlay","12":"woocommerce-text-align-left","13":"woocommerce-image-align-center","14":"do-quantity-buttons","16":"first","17":"instock","18":"taxable","19":"shipping-taxable","20":"purchasable","21":"product-type-variable"},"acf":[],"_links":{"self":[{"href":"https:\/\/genevainstruments.com\/da\/wp-json\/wp\/v2\/product\/12587","targetHints":{"allow":["GET"]}}],"collection":[{"href":"https:\/\/genevainstruments.com\/da\/wp-json\/wp\/v2\/product"}],"about":[{"href":"https:\/\/genevainstruments.com\/da\/wp-json\/wp\/v2\/types\/product"}],"replies":[{"embeddable":true,"href":"https:\/\/genevainstruments.com\/da\/wp-json\/wp\/v2\/comments?post=12587"}],"wp:featuredmedia":[{"embeddable":true,"href":"https:\/\/genevainstruments.com\/da\/wp-json\/wp\/v2\/media\/12589"}],"wp:attachment":[{"href":"https:\/\/genevainstruments.com\/da\/wp-json\/wp\/v2\/media?parent=12587"}],"wp:term":[{"taxonomy":"product_brand","embeddable":true,"href":"https:\/\/genevainstruments.com\/da\/wp-json\/wp\/v2\/product_brand?post=12587"},{"taxonomy":"product_cat","embeddable":true,"href":"https:\/\/genevainstruments.com\/da\/wp-json\/wp\/v2\/product_cat?post=12587"},{"taxonomy":"product_tag","embeddable":true,"href":"https:\/\/genevainstruments.com\/da\/wp-json\/wp\/v2\/product_tag?post=12587"}],"curies":[{"name":"wp","href":"https:\/\/api.w.org\/{rel}","templated":true}]}}