{"id":10464,"date":"2024-08-06T14:57:18","date_gmt":"2024-08-06T13:57:18","guid":{"rendered":"https:\/\/geneva.viacreative.co\/die-nachhaltige-wahl\/"},"modified":"2025-12-02T16:35:41","modified_gmt":"2025-12-02T16:35:41","slug":"die-nachhaltige-wahl","status":"publish","type":"page","link":"https:\/\/genevainstruments.com\/de\/die-nachhaltige-wahl\/","title":{"rendered":"Die nachhaltige Wahl"},"content":{"rendered":"<div class=\"gb-container gb-container-281ff18e alignfull\">\n<div class=\"gb-container gb-container-c640bff3\">\n\n<h2 class=\"gb-headline gb-headline-17e39d6c gb-headline-text\">Die nachhaltige Wahl<\/h2>\n\n\n\n<h4 class=\"gb-headline gb-headline-8a23b163 gb-headline-text\">Handwerkliche Hersteller von Blech- und Holzblasinstrumenten, die weltweit an Musiker jeden Niveaus verkaufen, die das bestm\u00f6gliche Instrument innerhalb ihres verf\u00fcgbaren Budgets haben m\u00f6chten<\/h4>\n\n<\/div>\n\n<div class=\"gb-container gb-container-1d08b1d3\">\n\n<a class=\"gb-button gb-button-8caab664 smooth-scroll via-scroll\" href=\"#design\"><span class=\"gb-icon\"><svg xmlns:xlink=\"http:\/\/www.w3.org\/1999\/xlink\" xmlns=\"http:\/\/www.w3.org\/2000\/svg\" version=\"1.1\" viewbox=\"0 0 16 16\" height=\"48px\" width=\"48px\">\n  <rect fill=\"none\" id=\"icon-bound\" height=\"16\" width=\"16\"><\/rect>\n  <polygon points=\"8,13 0,5 16,5\"><\/polygon>\n<\/svg><\/span><\/a>\n\n<\/div>\n<\/div><div class=\"gb-container gb-container-ac39d2d6 alignfull\" id=\"design\">\n<div class=\"gb-grid-wrapper gb-grid-wrapper-bf426437\">\n<div class=\"gb-grid-column gb-grid-column-b37df49a\"><div class=\"gb-container gb-container-b37df49a\">\n\n<h2 class=\"gb-headline gb-headline-c6defa70 gb-headline-text\">Die Spitze der Innovation<\/h2>\n\n\n\n<p class=\"gb-headline gb-headline-5bc85dbb gb-headline-text\">Geneva wurde im Jahr 2000 gegr\u00fcndet und war schon immer f\u00fchrend in Design und Technologie bei der Entwicklung gro\u00dfartiger Musikinstrumente. Unsere neuesten Modelle stehen dieser Tradition in nichts nach. <\/p>\n\n\n\n<p class=\"gb-headline gb-headline-35806561 gb-headline-text\">Wir fertigen unsere Instrumente in Europa, wo die Herstellung handgefertigter Blech- und Holzblasinstrumente seit 1842 im Leben und in der Seele der lokalen Arbeitskr\u00e4fte verankert ist.<\/p>\n\n\n\n<p class=\"gb-headline gb-headline-59be7cf1 gb-headline-text\">Unsere Forschungs- und Entwicklungsprojekte in Zusammenarbeit mit Musikern und Ingenieuren wie <a href=\"https:\/\/www.twi-global.com\/what-we-do\" data-type=\"link\" data-id=\"https:\/\/www.twi-global.com\/what-we-do\" rel=\"noopener\">TWI-Global<\/a>, einer der weltweit f\u00fchrenden unabh\u00e4ngigen Forschungs- und Technologieorganisationen mit Expertise in den Bereichen Werkstoffverbindung und Engineering-Prozesse, haben es uns erm\u00f6glicht, unsere Instrumente kontinuierlich zu verbessern, ohne Kompromisse bei Klang und Intonation einzugehen, die wir f\u00fcr unsere Marken als so wesentlich erachten.<\/p>\n\n\n\n<a class=\"gb-button gb-button-d89c776c button-arrow-down smooth-scroll via-scroll\" href=\"#potential\"><span class=\"gb-icon\"><svg xmlns:xlink=\"http:\/\/www.w3.org\/1999\/xlink\" xmlns=\"http:\/\/www.w3.org\/2000\/svg\" version=\"1.1\" viewbox=\"0 0 16 16\" height=\"48px\" width=\"48px\">\n  <rect fill=\"none\" id=\"icon-bound\" height=\"16\" width=\"16\"><\/rect>\n  <polygon points=\"8,13 0,5 16,5\"><\/polygon>\n<\/svg><\/span><\/a>\n\n<\/div><\/div>\n\n<div class=\"gb-grid-column gb-grid-column-9f7229ba\"><div class=\"gb-container gb-container-9f7229ba\"><\/div><\/div>\n\n<div class=\"gb-grid-column gb-grid-column-6b992e4b\"><div class=\"gb-container gb-container-6b992e4b\" id=\"potential\"><\/div><\/div>\n\n<div class=\"gb-grid-column gb-grid-column-ea25f211\"><div class=\"gb-container gb-container-ea25f211\">\n\n<h2 class=\"gb-headline gb-headline-63a129b2 gb-headline-text\">Entfalten Sie Ihr wahres Potenzial<\/h2>\n\n\n\n<p class=\"gb-headline gb-headline-514103a1 gb-headline-text\">Alle von Geneva hergestellten Instrumente sind so konzipiert, dass der Spieler sein wahres Potenzial entfalten kann.<\/p>\n\n\n\n<p class=\"gb-headline gb-headline-384a5977 gb-headline-text\">Im Mittelpunkt stand dabei Genevas Verst\u00e4ndnis der Eigenschaften verschiedener Materialien und wie sich dies sowohl auf den Klang, die Stimmung als auch auf die technische Flexibilit\u00e4t unserer gesamten Palette an Blech- und Holzblasinstrumenten auswirkt.<\/p>\n\n\n\n<p class=\"gb-headline gb-headline-fb183daf gb-headline-text\">Es bleibt die Grundvoraussetzung f\u00fcr alle Geneva-Instrumente, dass sie leicht zu spielen sind und eine au\u00dfergew\u00f6hnliche Intonation und einen au\u00dfergew\u00f6hnlichen Klang aufweisen<\/p>\n\n\n\n<a class=\"gb-button gb-button-bb1839e5 gb-button-text button-red-outline\" href=\"https:\/\/genevainstruments.com\/shop\/\">Jetzt einkaufen<\/a>\n\n<\/div><\/div>\n<\/div>\n<\/div><div class=\"gb-container gb-container-cc936e91 alignfull\" id=\"watch\">\n<div class=\"gb-container gb-container-75db3cbe\">\n\n<p class=\"gb-headline gb-headline-692b1c7e gb-headline-text explore\">Ansehen &amp; ANH\u00d6REN<\/p>\n\n<\/div>\n\n<div class=\"gb-container gb-container-76da2e16\">\n\n<h2 class=\"gb-headline gb-headline-a82eb01c gb-headline-text\">Die Spitze des Instrumentendesigns und der Technologie <\/h2>\n\n\n<div class=\"gb-grid-wrapper gb-grid-wrapper-3718238d\">\n<div class=\"gb-grid-column gb-grid-column-823301fc\"><div class=\"gb-container gb-container-823301fc\">\n\n<figure class=\"wp-block-embed is-type-video is-provider-youtube wp-block-embed-youtube wp-embed-aspect-16-9 wp-has-aspect-ratio\"><div class=\"wp-block-embed__wrapper\">\n<iframe loading=\"lazy\" title=\"Richard Marshall - The Geneva Cardinal Cornet\" width=\"1200\" height=\"675\" src=\"https:\/\/www.youtube.com\/embed\/oENeHZii8D4?feature=oembed\" frameborder=\"0\" allow=\"accelerometer; autoplay; clipboard-write; encrypted-media; gyroscope; picture-in-picture; web-share\" referrerpolicy=\"strict-origin-when-cross-origin\" allowfullscreen><\/iframe>\n<\/div><figcaption class=\"wp-element-caption\">Das Geneva Cardinal Cornet \u2013 sprach im Jahr 2021 und beriet Geneva dann bei der Neugestaltung im Jahr 2023<\/figcaption><\/figure>\n\n<\/div><\/div>\n\n<div class=\"gb-grid-column gb-grid-column-a64de3f4\"><div class=\"gb-container gb-container-a64de3f4\">\n\n<figure class=\"wp-block-embed is-type-video is-provider-youtube wp-block-embed-youtube wp-embed-aspect-16-9 wp-has-aspect-ratio\"><div class=\"wp-block-embed__wrapper\">\n<iframe loading=\"lazy\" title=\"Geneva Instruments Factory\" width=\"1200\" height=\"675\" src=\"https:\/\/www.youtube.com\/embed\/CQ0G0lgryLI?feature=oembed\" frameborder=\"0\" allow=\"accelerometer; autoplay; clipboard-write; encrypted-media; gyroscope; picture-in-picture; web-share\" referrerpolicy=\"strict-origin-when-cross-origin\" allowfullscreen><\/iframe>\n<\/div><figcaption class=\"wp-element-caption\">Geneva Instrumente Fabrik<\/figcaption><\/figure>\n\n<\/div><\/div>\n<\/div>\n<\/div>\n<\/div>","protected":false},"excerpt":{"rendered":"<p>Die nachhaltige Wahl Handwerkliche Hersteller von Blech- und Holzblasinstrumenten, die weltweit an Musiker jeden Niveaus verkaufen, die das bestm\u00f6gliche Instrument innerhalb ihres verf\u00fcgbaren Budgets haben m\u00f6chten Ansehen &amp; ANH\u00d6REN Die Spitze des Instrumentendesigns und der Technologie<\/p>\n","protected":false},"author":1,"featured_media":10474,"parent":0,"menu_order":1,"comment_status":"closed","ping_status":"closed","template":"","meta":{"_acf_changed":false,"footnotes":""},"class_list":["post-10464","page","type-page","status-publish","has-post-thumbnail"],"acf":[],"_links":{"self":[{"href":"https:\/\/genevainstruments.com\/de\/wp-json\/wp\/v2\/pages\/10464","targetHints":{"allow":["GET"]}}],"collection":[{"href":"https:\/\/genevainstruments.com\/de\/wp-json\/wp\/v2\/pages"}],"about":[{"href":"https:\/\/genevainstruments.com\/de\/wp-json\/wp\/v2\/types\/page"}],"author":[{"embeddable":true,"href":"https:\/\/genevainstruments.com\/de\/wp-json\/wp\/v2\/users\/1"}],"replies":[{"embeddable":true,"href":"https:\/\/genevainstruments.com\/de\/wp-json\/wp\/v2\/comments?post=10464"}],"version-history":[{"count":2,"href":"https:\/\/genevainstruments.com\/de\/wp-json\/wp\/v2\/pages\/10464\/revisions"}],"predecessor-version":[{"id":18971,"href":"https:\/\/genevainstruments.com\/de\/wp-json\/wp\/v2\/pages\/10464\/revisions\/18971"}],"wp:featuredmedia":[{"embeddable":true,"href":"https:\/\/genevainstruments.com\/de\/wp-json\/wp\/v2\/media\/10474"}],"wp:attachment":[{"href":"https:\/\/genevainstruments.com\/de\/wp-json\/wp\/v2\/media?parent=10464"}],"curies":[{"name":"wp","href":"https:\/\/api.w.org\/{rel}","templated":true}]}}