{"id":12630,"date":"2025-05-09T08:37:15","date_gmt":"2025-05-09T07:37:15","guid":{"rendered":"https:\/\/geneva.viacreative.co\/gewinnen-sie-ein-kardinal-quartett\/"},"modified":"2025-12-29T17:30:57","modified_gmt":"2025-12-29T17:30:57","slug":"gewinnen-sie-ein-kardinal-quartett","status":"publish","type":"page","link":"https:\/\/genevainstruments.com\/de\/gewinnen-sie-ein-kardinal-quartett\/","title":{"rendered":"Quartet of Cardinals Wettbewerb \u2013 Update"},"content":{"rendered":"<div class=\"gb-container gb-container-281ff18e alignfull\">\n<div class=\"gb-container gb-container-c48a3e65\">\n\n<h3 class=\"gb-headline gb-headline-6af4d3d1 gb-headline-text\">Der Quartet of Cardinals Wettbewerb ist nun offiziell beendet.<\/h3>\n\n\n\n<p class=\"gb-headline gb-headline-c3449f9f gb-headline-text\">Wir feiern ein Vierteljahrhundert (2000-2025) #ProgressInPlay<\/p>\n\n<\/div>\n\n<div class=\"gb-container gb-container-1d08b1d3\">\n\n<a class=\"gb-button gb-button-8caab664 smooth-scroll via-scroll\" href=\"#win\"><span class=\"gb-icon\"><svg xmlns:xlink=\"http:\/\/www.w3.org\/1999\/xlink\" xmlns=\"http:\/\/www.w3.org\/2000\/svg\" version=\"1.1\" viewbox=\"0 0 16 16\" height=\"48px\" width=\"48px\">\n  <rect fill=\"none\" id=\"icon-bound\" height=\"16\" width=\"16\"><\/rect>\n  <polygon points=\"8,13 0,5 16,5\"><\/polygon>\n<\/svg><\/span><\/a>\n\n<\/div>\n<\/div><div class=\"gb-container gb-container-8dfae3e5 alignfull\" id=\"win\">\n<div class=\"gb-container gb-container-dcbdf667\">\n\n<h2 class=\"gb-headline gb-headline-755ad35e gb-headline-text\">Wettbewerbe, die es Musikern erm\u00f6glichen, ihr wahres Potenzial zu entfalten<\/h2>\n\n\n\n<p class=\"gb-headline gb-headline-83910334 gb-headline-text\">Wir freuen uns, best\u00e4tigen zu k\u00f6nnen, dass der Quartet of Cardinals Wettbewerb 2025 eine enorme Resonanz gefunden hat. Es gingen Beitr\u00e4ge von Blechbl\u00e4sern aus allen Teilen der Welt ein, die ihre Brass Band f\u00fcr diesen einzigartigen und prestigetr\u00e4chtigen Preis angemeldet haben.<br><\/p>\n\n\n\n<p>Die Auslosung fand am 29. Dezember statt. Die Gewinnerband wurde direkt kontaktiert und eingeladen, den Preis unter den Teilnahmebedingungen des Wettbewerbs anzunehmen. Nach der Annahme wird ein Vertreter der Gewinnerband eingeladen, an den European Brass Band Championships (EBBC) in Linz teilzunehmen, wo das Quartett der Kardin\u00e4le am Messestand von Geneva Instruments vorgestellt wird. Sollte die Teilnahme am EBBC nicht m\u00f6glich sein, werden alternative Vorkehrungen f\u00fcr die Pr\u00e4sentation getroffen.   <\/p>\n\n\n\n<p><br\/>Wenn die ausgew\u00e4hlte Band den Preis nicht unter den unten aufgef\u00fchrten Wettbewerbsbedingungen annimmt, wird der Preis aus dem urspr\u00fcnglichen Pool der teilnahmeberechtigten Teilnehmer neu verlost. Wir m\u00f6chten allen Bands und Musikern, die am Wettbewerb teilgenommen und ihn zu einem solchen Erfolg gemacht haben, unseren aufrichtigen Dank aussprechen. <\/p>\n\n\n\n<p>Dieser Wettbewerb wurde als Preiswettbewerb durchgef\u00fchrt und in \u00dcbereinstimmung mit den Gesetzen von England und Wales, einschlie\u00dflich der relevanten Bestimmungen des Gl\u00fccksspielgesetzes von 2005, durchgef\u00fchrt.<\/p>\n\n\n\n<h2 class=\"gb-headline gb-headline-cf781719 gb-headline-text\">Behalten Sie diesen Platz im Auge, denn das <a href=\"https:\/\/genevainstruments.com\/de\/geneva-musikstiftung\/\" data-type=\"page\" data-id=\"10038\">Quartet of Cardinals<\/a> 2026 kehrt zur\u00fcck und wird am 25. April 2026 auf der EBBC vorgestellt<\/h2>\n\n\n\n<p>Mit Blick auf die Zukunft freuen wir uns, bekannt zu geben, dass der Quartet of Cardinals Wettbewerb im Jahr 2026 mit einem aufregenden neuen Format zur\u00fcckkehren wird. Zus\u00e4tzlich zum Standard-Anmeldeformular werden Bands eingeladen, ein kurzes Video als Teil ihrer Anmeldung einzureichen \u2013 weitere Details folgen zu gegebener Zeit. <\/p>\n\n<\/div>\n<\/div><div class=\"gb-container gb-container-8d9923a0 alignfull\"><\/div><div class=\"gb-container gb-container-0ba3f97d alignfull\" id=\"enter\"><\/div><div class=\"gb-container gb-container-4f567e77 alignfull\">\n<div class=\"gb-container gb-container-3d4b7b3d\">\n\n<h2 class=\"gb-headline gb-headline-8c6ded3b gb-headline-text\">Quartet of Cardinals 2025 Wettbewerbsbedingungen<\/h2>\n\n\n\n<ol class=\"wp-block-list\">\n<li>Der Wettbewerb steht jeder traditionellen Blechblaskapelle weltweit offen, d.h. jenen Blechbl\u00e4serensembles, die eine Kombination aus Kornett, Fl\u00fcgelhorn, Tenorhorn, Bariton, Euphonium und Tuba verwenden<\/li>\n\n\n\n<li>Um an der Verlosung teilzunehmen, muss die Person, die ihre Blechblaskapelle f\u00fcr \u201eGewinnen Sie ein Kardinal-Instrumenten-Quartett\u201c anmeldet:\n<ul class=\"wp-block-list\">\n<li>Ein aktives Mitglied der Blechblaskapelle sein<\/li>\n\n\n\n<li>Das gesamte Anmeldeformular ausf\u00fcllen und die Frage richtig beantworten<\/li>\n\n\n\n<li>Ihre Kontaktdaten sowie die ihrer Blechblaskapelle eingeben<\/li>\n<\/ul>\n<\/li>\n\n\n\n<li>Maximal 25 Einsendungen pro Blechblaskapelle<\/li>\n\n\n\n<li>Der Wettbewerb ist vom 9. Mai 2025 bis zum 15. Dezember 2025 ge\u00f6ffnet<\/li>\n\n\n\n<li>Die Verlosung findet am 20. Dezember 2025 statt<\/li>\n\n\n\n<li>Die Gewinner-Blechblaskapelle erh\u00e4lt:\n<ul class=\"wp-block-list\">\n<li>1x Cardinal Bb Kornett<\/li>\n\n\n\n<li>1x Cardinal Bb Fl\u00fcgelhorn<\/li>\n\n\n\n<li>1x Cardinal Es Tenorhorn<\/li>\n\n\n\n<li>1x Cardinal Bb Euphonium<\/li>\n<\/ul>\n<\/li>\n\n\n\n<li>Die Gewinner-Band verpflichtet sich:\n<ul class=\"wp-block-list\">\n<li>Das Kardinal-Instrumenten-Quartett im Rahmen ihrer Blechblaskapellen-Auftritte f\u00fcr mindestens 2 Jahre ab Erhalt zu spielen und zu pflegen<\/li>\n\n\n\n<li>Geneva Instruments zu gestatten und zu unterst\u00fctzen, ihre Blechblaskapellen-Aktivit\u00e4ten durch gemeinsame Pressemitteilungen innerhalb von 2 Jahren ab Erhalt zu bewerben<\/li>\n\n\n\n<li>Sollte die Band die Vereinbarung vor oder nach Erhalt in irgendeinem Punkt nicht erf\u00fcllen k\u00f6nnen, werden die Instrumente an Geneva Instruments zur\u00fcckgegeben und eine erneute Verlosung wird sie einer anderen Blechblaskapelle zuweisen, die am urspr\u00fcnglichen Wettbewerb teilgenommen hat<\/li>\n\n\n\n<li>Nach Ablauf der 2 Jahre werden die Instrumente das uneingeschr\u00e4nkte Eigentum der besitzenden Blechblaskapelle.<\/li>\n<\/ul>\n<\/li>\n<\/ol>\n\n<\/div>\n<\/div>","protected":false},"excerpt":{"rendered":"<p>Der Quartet of Cardinals Wettbewerb ist nun offiziell beendet. Wir feiern ein Vierteljahrhundert (2000-2025) #ProgressInPlay Wettbewerbe, die es Musikern erm\u00f6glichen, ihr wahres Potenzial zu entfalten Wir freuen uns, best\u00e4tigen zu k\u00f6nnen, dass der Quartet of Cardinals Wettbewerb 2025 eine enorme Resonanz gefunden hat. Es gingen Beitr\u00e4ge von Blechbl\u00e4sern aus allen Teilen der Welt ein, die &#8230; <a title=\"Quartet of Cardinals Wettbewerb \u2013 Update\" class=\"read-more\" href=\"https:\/\/genevainstruments.com\/de\/gewinnen-sie-ein-kardinal-quartett\/\" aria-label=\"Mehr Informationen \u00fcber Quartet of Cardinals Wettbewerb \u2013 Update\">Weiterlesen &#8230;<\/a><\/p>\n","protected":false},"author":1,"featured_media":12631,"parent":0,"menu_order":0,"comment_status":"closed","ping_status":"closed","template":"","meta":{"_acf_changed":false,"footnotes":""},"class_list":["post-12630","page","type-page","status-publish","has-post-thumbnail"],"acf":[],"_links":{"self":[{"href":"https:\/\/genevainstruments.com\/de\/wp-json\/wp\/v2\/pages\/12630","targetHints":{"allow":["GET"]}}],"collection":[{"href":"https:\/\/genevainstruments.com\/de\/wp-json\/wp\/v2\/pages"}],"about":[{"href":"https:\/\/genevainstruments.com\/de\/wp-json\/wp\/v2\/types\/page"}],"author":[{"embeddable":true,"href":"https:\/\/genevainstruments.com\/de\/wp-json\/wp\/v2\/users\/1"}],"replies":[{"embeddable":true,"href":"https:\/\/genevainstruments.com\/de\/wp-json\/wp\/v2\/comments?post=12630"}],"version-history":[{"count":4,"href":"https:\/\/genevainstruments.com\/de\/wp-json\/wp\/v2\/pages\/12630\/revisions"}],"predecessor-version":[{"id":19398,"href":"https:\/\/genevainstruments.com\/de\/wp-json\/wp\/v2\/pages\/12630\/revisions\/19398"}],"wp:featuredmedia":[{"embeddable":true,"href":"https:\/\/genevainstruments.com\/de\/wp-json\/wp\/v2\/media\/12631"}],"wp:attachment":[{"href":"https:\/\/genevainstruments.com\/de\/wp-json\/wp\/v2\/media?parent=12630"}],"curies":[{"name":"wp","href":"https:\/\/api.w.org\/{rel}","templated":true}]}}