{"id":18950,"date":"2025-12-02T12:33:26","date_gmt":"2025-12-02T12:33:26","guid":{"rendered":"https:\/\/genevainstruments.com\/zahlungsplan-allgemeine-geschaeftsbedingungen\/"},"modified":"2025-12-02T16:30:21","modified_gmt":"2025-12-02T16:30:21","slug":"zahlungsplan-allgemeine-geschaeftsbedingungen","status":"publish","type":"page","link":"https:\/\/genevainstruments.com\/de\/zahlungsplan-allgemeine-geschaeftsbedingungen\/","title":{"rendered":"Zahlungsplan \u2013 Allgemeine Gesch\u00e4ftsbedingungen"},"content":{"rendered":"<div class=\"gb-container gb-container-3a14c50b alignfull\">\n<div class=\"gb-container gb-container-edda4908\">\n\n<h2 class=\"gb-headline gb-headline-e96a6bdd gb-headline-text\">Geneva Brasswind Limited<\/h2>\n\n\n\n<h3 class=\"gb-headline gb-headline-1bd4009d gb-headline-text\">Zahlungsplan \u2013 Allgemeine Gesch\u00e4ftsbedingungen + R\u00fcckerstattungsrichtlinien<\/h3>\n\n\n\n<p class=\"gb-headline gb-headline-a04c6298 gb-headline-text\">Diese Allgemeinen Gesch\u00e4ftsbedingungen stellen eine rechtsverbindliche Vereinbarung zwischen Ihnen (dem Kunden) und Geneva Brasswind Limited (\u201ewir\u201c, \u201euns\u201c, \u201eunser\u201c) dar, welche den Kauf von Produkten von Geneva Instruments regelt, einschlie\u00dflich Zahlungspl\u00e4ne, Erf\u00fcllung, Versand, Eigentum und R\u00fcckerstattungen.<\/p>\n\n\n\n<h3 class=\"gb-headline gb-headline-226ef339 gb-headline-text\">1. Definitionen<\/h3>\n\n\n\n<ul class=\"wp-block-list\">\n<li>\u201eInstrument\u201c: Jedes Blasinstrument oder Zubeh\u00f6rteil, das von Geneva Brasswind Limited hergestellt oder geliefert wird.<\/li>\n\n\n\n<li>\u201eZahlungsplan\u201c: Eine Ratenzahlungsvereinbarung, die zwischen dem Kunden und Geneva Brasswind Limited getroffen wurde.<\/li>\n\n\n\n<li>\u201eAnzahlung\u201c: Eine nicht erstattungsf\u00e4hige erste Zahlung, die zur Reservierung eines Instruments erforderlich ist.<\/li>\n\n\n\n<li>\u201eAu\u00dfergew\u00f6hnliche Umst\u00e4nde\u201c: Situationen, die sich der zumutbaren Kontrolle des Kunden entziehen und eine Abweichung von denStandard-R\u00fcckerstattungsrichtlinien rechtfertigen k\u00f6nnen.<\/li>\n\n\n\n<li>\u201eSonderanfertigungen\u201c: Instrumente, die speziell nach Kundenwunsch gefertigt werden.<\/li>\n<\/ul>\n\n\n\n<h3 class=\"gb-headline gb-headline-b6944c66 gb-headline-text\">2. Bestellung und Vertragsabschluss<\/h3>\n\n\n\n<p class=\"gb-headline gb-headline-d34de576 gb-headline-text\">Mit der Abgabe einer Bestellung auf unserer Website best\u00e4tigen Sie:<\/p>\n\n\n\n<ul class=\"wp-block-list\">\n<li>Sie sind mindestens 18 Jahre alt oder haben die Rechtsf\u00e4higkeit, einen Vertrag abzuschlie\u00dfen.<\/li>\n\n\n\n<li>Sie akzeptieren diese Allgemeinen Gesch\u00e4ftsbedingungen.<\/li>\n\n\n\n<li>Sie gehen einen Vertrag mit Geneva Brasswind Limited ein.<br\/>Ein Vertrag kommt zustande, sobald wir eine Auftragsbest\u00e4tigungs-E-Mail versenden.<\/li>\n<\/ul>\n\n\n\n<h3 class=\"gb-headline gb-headline-771fedb9 gb-headline-text\">3. Zahlungspl\u00e4ne<\/h3>\n\n\n\n<p class=\"gb-headline gb-headline-549aa366 gb-headline-text\">Wir bieten verschiedene Zahlungsplanoptionen an, damit Kunden die Zahlung in Raten leisten k\u00f6nnen.<\/p>\n\n\n\n<h4 class=\"gb-headline gb-headline-7ed39cad gb-headline-text\">3.1 Anzahlungserfordernis<\/h4>\n\n\n\n<p class=\"gb-headline gb-headline-f8fe80eb gb-headline-text\">Zur Reservierung eines Instruments ist eine nicht erstattungsf\u00e4hige Anzahlung erforderlich. Diese Anzahlung: <\/p>\n\n\n\n<ul class=\"wp-block-list\">\n<li>Sichert Ihre Zuteilung innerhalb unserer Produktions- oder Zuteilungswarteschlange.<\/li>\n\n\n\n<li>Ist unter keinen Umst\u00e4nden \u00fcbertragbar oder erstattungsf\u00e4hig.<\/li>\n<\/ul>\n\n\n\n<h4 class=\"gb-headline gb-headline-9acc4270 gb-headline-text\">3.2 Ratenzahlungen<\/h4>\n\n\n\n<ul class=\"wp-block-list\">\n<li>Kunden erhalten monatliche Zahlungslinks per E-Mail.<\/li>\n\n\n\n<li>Ratenbetr\u00e4ge und -dauer variieren je nach dem beim Bezahlvorgang ausgew\u00e4hlten Plan.<\/li>\n\n\n\n<li>Kunden k\u00f6nnen den Restbetrag jederzeit ohne Vertragsstrafe vollst\u00e4ndig bezahlen.<\/li>\n\n\n\n<li>Sonderanfertigungen k\u00f6nnen nicht \u00fcber den urspr\u00fcnglich vereinbarten Zahlungsplan hinaus verl\u00e4ngert werden.<\/li>\n<\/ul>\n\n\n\n<h3 class=\"gb-headline gb-headline-9889858e gb-headline-text\">4. R\u00fcckerstattungsrichtlinien<\/h3>\n\n\n\n<p class=\"gb-headline gb-headline-1ec230cf gb-headline-text\">Unsere R\u00fcckerstattungsrichtlinien sind darauf ausgelegt, Klarheit zu schaffen und gleichzeitig echte Notlagen zu ber\u00fccksichtigen.<\/p>\n\n\n\n<h4 class=\"gb-headline gb-headline-3b5bd44e gb-headline-text\">4.1 Nicht erstattungsf\u00e4hige Zahlungen<\/h4>\n\n\n\n<p class=\"gb-headline gb-headline-e2fc61c0 gb-headline-text\">Die folgenden Zahlungen sind strikt nicht erstattungsf\u00e4hig:<\/p>\n\n\n\n<ul class=\"wp-block-list\">\n<li>Die Anzahlung.<\/li>\n\n\n\n<li>Die erste monatliche Rate.<br\/><\/li>\n<\/ul>\n\n\n\n<h4 class=\"gb-headline gb-headline-b79f7aae gb-headline-text\">4.2 R\u00fcckerstattungen unter au\u00dfergew\u00f6hnlichen Umst\u00e4nden<\/h4>\n\n\n\n<p class=\"gb-headline gb-headline-8a646f2f gb-headline-text\">R\u00fcckerstattungen auf nachfolgende Raten k\u00f6nnen <strong>nur unter au\u00dfergew\u00f6hnlichen Umst\u00e4nden<\/strong> gew\u00e4hrt werden, die von Fall zu Fall beurteilt werden.<\/p>\n\n\n\n<p class=\"gb-headline gb-headline-acd969c8 gb-headline-text\">Beispiele hierf\u00fcr sind:<\/p>\n\n\n\n<ul class=\"wp-block-list\">\n<li>Schwere medizinische Notf\u00e4lle.<\/li>\n\n\n\n<li>Unerwartete finanzielle Notlagen.<\/li>\n\n\n\n<li>Bedeutende pers\u00f6nliche Ereignisse, die Ihre F\u00e4higkeit zur Fortsetzung der Zahlungen beeintr\u00e4chtigen.<\/li>\n<\/ul>\n\n\n\n<h5 class=\"gb-headline gb-headline-4d943c6f gb-headline-text\">Unterst\u00fctzende Dokumentation<\/h5>\n\n\n\n<p class=\"gb-headline gb-headline-c6d520bd gb-headline-text\">Geneva Brasswind Limited kann vor der Bearbeitung eines R\u00fcckerstattungsantrags einen angemessenen Nachweis verlangen.<\/p>\n\n\n\n<h5 class=\"gb-headline gb-headline-37198c8c gb-headline-text\">Bearbeitung<\/h5>\n\n\n\n<p class=\"gb-headline gb-headline-44ca25d8 gb-headline-text\">Genehmigte R\u00fcckerstattungen werden innerhalb von 7\u201310 Werktagen ausgestellt.<\/p>\n\n\n\n<h4 class=\"gb-headline gb-headline-90729213 gb-headline-text\">4.3 \u00c4nderungen des Zahlungsplans<\/h4>\n\n\n\n<p class=\"gb-headline gb-headline-631a81e5 gb-headline-text\">Kunden (mit Ausnahme von Sonderanfertigungen) k\u00f6nnen Folgendes beantragen:<\/p>\n\n\n\n<ul class=\"wp-block-list\">\n<li>Eine Verl\u00e4ngerung des bestehenden Zahlungsplans.<\/li>\n\n\n\n<li>Geringf\u00fcgige Anpassungen der F\u00e4lligkeitstermine.<\/li>\n<\/ul>\n\n\n\n<p class=\"gb-headline gb-headline-37994895 gb-headline-text\">Antr\u00e4ge m\u00fcssen schriftlich an <a href=\"mailto:info@genevainstruments.com\">info@genevainstruments.com<\/a> gerichtet werden, nachdem die Anzahlung und die erste Rate bezahlt wurden.<\/p>\n\n\n\n<h3 class=\"gb-headline gb-headline-d2f10806 gb-headline-text\">5. Erf\u00fcllung und Versand<\/h3>\n\n\n\n<ul class=\"wp-block-list\">\n<li>Die Instrumente werden erst nach vollst\u00e4ndigem Zahlungseingang vorbereitet, qualit\u00e4tsgepr\u00fcft und versandt.<\/li>\n\n\n\n<li>Die Produktionsvorlaufzeit richtet sich nach Ihrem Zahlungsplan.<\/li>\n\n\n\n<li>Versandkosten, Einfuhrz\u00f6lle und Steuern (falls zutreffend) liegen in der Verantwortung des Kunden, sofern nicht anders angegeben.<\/li>\n<\/ul>\n\n\n\n<h3 class=\"gb-headline gb-headline-8e8f5383 gb-headline-text\">6. Eigentum und Risiko<\/h3>\n\n\n\n<ul class=\"wp-block-list\">\n<li>Das Eigentum geht <strong>erst nach vollst\u00e4ndiger Bezahlung<\/strong> auf den Kunden \u00fcber.<\/li>\n\n\n\n<li>Bis zur vollst\u00e4ndigen Bezahlung bleibt das Instrument rechtlich Eigentum von Geneva Brasswind Limited.<\/li>\n\n\n\n<li>Das Risiko an der Ware geht mit dem Versand auf den Kunden \u00fcber.<\/li>\n<\/ul>\n\n\n\n<h3 class=\"gb-headline gb-headline-e41e1290 gb-headline-text\">7. Verantwortlichkeiten des Kunden<\/h3>\n\n\n\n<p class=\"gb-headline gb-headline-fb382651 gb-headline-text\">Der Kunde verpflichtet sich zu Folgendem:<\/p>\n\n\n\n<ul class=\"wp-block-list\">\n<li>Genaue Kontakt- und Versandinformationen anzugeben.<\/li>\n\n\n\n<li>W\u00e4hrend des gesamten Zahlungsplans g\u00fcltige Zahlungsdaten zu f\u00fchren.<\/li>\n\n\n\n<li>Geneva Brasswind Limited unverz\u00fcglich \u00fcber alle Probleme zu informieren, die sich auf die Zahlung auswirken.<\/li>\n<\/ul>\n\n\n\n<h3 class=\"gb-headline gb-headline-32a69c9d gb-headline-text\">8. Unabh\u00e4ngige Streitbeilegungsrichtlinie<\/h3>\n\n\n\n<p class=\"gb-headline gb-headline-46c2a8d2 gb-headline-text\">Wir sind bestrebt, alle Probleme g\u00fctlich zu l\u00f6sen.<\/p>\n\n\n\n<h4 class=\"gb-headline gb-headline-54862e8d gb-headline-text\">8.1 Interne L\u00f6sung<\/h4>\n\n\n\n<p class=\"gb-headline gb-headline-dedad102 gb-headline-text\">Kunden sollten Streitigkeiten zun\u00e4chst schriftlich an folgende Adresse richten: <a href=\"mailto:info@genevainstruments.com\">info@genevainstruments.com<\/a><\/p>\n\n\n\n<p class=\"gb-headline gb-headline-e761417d gb-headline-text\">Wir werden:<\/p>\n\n\n\n<ul class=\"wp-block-list\">\n<li>Den Eingang innerhalb von 5 Werktagen best\u00e4tigen.<\/li>\n\n\n\n<li>Uns bem\u00fchen, innerhalb von 14 Werktagen eine L\u00f6sung vorzuschlagen.<\/li>\n<\/ul>\n\n\n\n<h4 class=\"gb-headline gb-headline-f88752e7 gb-headline-text\">8.2 Unabh\u00e4ngige \u00dcberpr\u00fcfung<\/h4>\n\n\n\n<p class=\"gb-headline gb-headline-a2ab7151 gb-headline-text\">Wenn eine interne L\u00f6sung nicht erfolgreich ist, kann jede Partei einen neutralen Dritten als Vermittler beantragen.<\/p>\n\n\n\n<ul class=\"wp-block-list\">\n<li>Die Vermittlungsgeb\u00fchren werden zu gleichen Teilen geteilt, sofern dies nicht anderweitig gesetzlich vorgeschrieben ist.<\/li>\n\n\n\n<li>Die Vermittlung ist nicht bindend.<\/li>\n<\/ul>\n\n\n\n<p class=\"gb-headline gb-headline-ef261651 gb-headline-text\">Kunden behalten sich alle Rechte vor, nach der Vermittlung Rechtsmittel einzulegen.<\/p>\n\n\n\n<h3 class=\"gb-headline gb-headline-fad70c9e gb-headline-text\">9. H\u00f6here Gewalt<\/h3>\n\n\n\n<p class=\"gb-headline gb-headline-2ffffb93 gb-headline-text\">Geneva Brasswind Limited haftet nicht f\u00fcr Verz\u00f6gerungen oder die Unf\u00e4higkeit, Verpflichtungen zu erf\u00fcllen, die durch Ereignisse verursacht werden, die sich der zumutbaren Kontrolle entziehen, einschlie\u00dflich, aber nicht beschr\u00e4nkt auf:<\/p>\n\n\n\n<ul class=\"wp-block-list\">\n<li>Naturkatastrophen<\/li>\n\n\n\n<li>Unterbrechungen der Lieferkette<\/li>\n\n\n\n<li>Krankheit oder Verletzung<\/li>\n\n\n\n<li>Streiks oder Transportverz\u00f6gerungen<\/li>\n\n\n\n<li>Regierungsakte oder Notfallsituationen<\/li>\n<\/ul>\n\n\n\n<h3 class=\"gb-headline gb-headline-27e28b6f gb-headline-text\">10. Haftungsbeschr\u00e4nkung<\/h3>\n\n\n\n<p class=\"gb-headline gb-headline-96ad9d4f gb-headline-text\">Soweit gesetzlich zul\u00e4ssig:<\/p>\n\n\n\n<ul class=\"wp-block-list\">\n<li>Die Haftung von Geneva Brasswind Limited darf den gezahlten Kaufpreis nicht \u00fcbersteigen.<\/li>\n\n\n\n<li>Wir haften nicht f\u00fcr indirekte Sch\u00e4den oder Folgesch\u00e4den, einschlie\u00dflich entgangenen Gewinns oder entgangener Auftrittsm\u00f6glichkeiten.<\/li>\n<\/ul>\n\n\n\n<h3 class=\"gb-headline gb-headline-9bde9bd3 gb-headline-text\">11. Geltendes Recht<\/h3>\n\n\n\n<p class=\"gb-headline gb-headline-5bca1be7 gb-headline-text\">Diese Allgemeinen Gesch\u00e4ftsbedingungen unterliegen den Gesetzen des Vereinigten K\u00f6nigreichs.<\/p>\n\n\n\n<p class=\"gb-headline gb-headline-30bc8084 gb-headline-text\">Alle Streitigkeiten unterliegen der ausschlie\u00dflichen Zust\u00e4ndigkeit der britischen Gerichte, nach einer optionalen Mediation.<\/p>\n\n\n\n<h3 class=\"gb-headline gb-headline-936a7e54 gb-headline-text\">12. Vertragsannahme<\/h3>\n\n\n\n<p class=\"gb-headline gb-headline-5a781287 gb-headline-text\">Mit der Abgabe einer Bestellung und\/oder der Auswahl eines Zahlungsplans best\u00e4tigt der Kunde die Annahme dieser Allgemeinen Gesch\u00e4ftsbedingungen, wodurch eine verbindliche Vereinbarung mit Geneva Brasswind Limited zustande kommt.<\/p>\n\n<\/div>\n<\/div>","protected":false},"excerpt":{"rendered":"<p>Geneva Brasswind Limited Zahlungsplan \u2013 Allgemeine Gesch\u00e4ftsbedingungen + R\u00fcckerstattungsrichtlinien Diese Allgemeinen Gesch\u00e4ftsbedingungen stellen eine rechtsverbindliche Vereinbarung zwischen Ihnen (dem Kunden) und Geneva Brasswind Limited (\u201ewir\u201c, \u201euns\u201c, \u201eunser\u201c) dar, welche den Kauf von Produkten von Geneva Instruments regelt, einschlie\u00dflich Zahlungspl\u00e4ne, Erf\u00fcllung, Versand, Eigentum und R\u00fcckerstattungen. 1. Definitionen 2. Bestellung und Vertragsabschluss Mit der Abgabe einer Bestellung &#8230; <a title=\"Zahlungsplan \u2013 Allgemeine Gesch\u00e4ftsbedingungen\" class=\"read-more\" href=\"https:\/\/genevainstruments.com\/de\/zahlungsplan-allgemeine-geschaeftsbedingungen\/\" aria-label=\"Mehr Informationen \u00fcber Zahlungsplan \u2013 Allgemeine Gesch\u00e4ftsbedingungen\">Weiterlesen &#8230;<\/a><\/p>\n","protected":false},"author":1,"featured_media":0,"parent":0,"menu_order":21,"comment_status":"closed","ping_status":"closed","template":"","meta":{"_acf_changed":false,"footnotes":""},"class_list":["post-18950","page","type-page","status-publish"],"acf":[],"_links":{"self":[{"href":"https:\/\/genevainstruments.com\/de\/wp-json\/wp\/v2\/pages\/18950","targetHints":{"allow":["GET"]}}],"collection":[{"href":"https:\/\/genevainstruments.com\/de\/wp-json\/wp\/v2\/pages"}],"about":[{"href":"https:\/\/genevainstruments.com\/de\/wp-json\/wp\/v2\/types\/page"}],"author":[{"embeddable":true,"href":"https:\/\/genevainstruments.com\/de\/wp-json\/wp\/v2\/users\/1"}],"replies":[{"embeddable":true,"href":"https:\/\/genevainstruments.com\/de\/wp-json\/wp\/v2\/comments?post=18950"}],"version-history":[{"count":1,"href":"https:\/\/genevainstruments.com\/de\/wp-json\/wp\/v2\/pages\/18950\/revisions"}],"predecessor-version":[{"id":18951,"href":"https:\/\/genevainstruments.com\/de\/wp-json\/wp\/v2\/pages\/18950\/revisions\/18951"}],"wp:attachment":[{"href":"https:\/\/genevainstruments.com\/de\/wp-json\/wp\/v2\/media?parent=18950"}],"curies":[{"name":"wp","href":"https:\/\/api.w.org\/{rel}","templated":true}]}}