{"id":18970,"date":"2021-02-16T16:44:56","date_gmt":"2021-02-16T16:44:56","guid":{"rendered":"https:\/\/genevainstruments.com\/datenschutzrichtlinie\/"},"modified":"2025-12-02T16:35:42","modified_gmt":"2025-12-02T16:35:42","slug":"datenschutzrichtlinie","status":"publish","type":"page","link":"https:\/\/genevainstruments.com\/de\/datenschutzrichtlinie\/","title":{"rendered":"Datenschutzrichtlinie"},"content":{"rendered":"<div class=\"gb-container gb-container-3a14c50b alignfull\">\n<div class=\"gb-container gb-container-edda4908\">\n\n<h2 class=\"gb-headline gb-headline-ed203461 gb-headline-text\">Datenschutzerkl\u00e4rung f\u00fcr Website und Unternehmen<\/h2>\n\n\n\n<p class=\"gb-headline gb-headline-66f80ce9 gb-headline-text\">Dies ist die Datenschutzerkl\u00e4rung von Geneva Instruments.<\/p>\n\n\n\n<p class=\"gb-headline gb-headline-bf623d36 gb-headline-text\">In diesem Dokument beziehen sich die Begriffe \u201ewir\u201c und \u201euns\u201c auf Geneva Instruments (einschlie\u00dflich Geneva Brasswind Ltd und Geneva Instruments Ltd).<\/p>\n\n\n\n<p class=\"gb-headline gb-headline-341aa9aa gb-headline-text\">Unser eingetragener Firmensitz befindet sich in Biz Hub Tees Valley, Belasis Hall Business Centre, Coxwold Way, TS23 4EA.<\/p>\n\n\n\n<h3 class=\"gb-headline gb-headline-b89c877c gb-headline-text\">Einf\u00fchrung<\/h3>\n\n\n\n<p>Mit dieser Erkl\u00e4rung m\u00f6chten wir Sie \u00fcber unsere Richtlinien bez\u00fcglich aller Informationen, die wir \u00fcber Sie erfassen, informieren. Sie legt die Bedingungen fest, unter denen wir Informationen, die wir von Ihnen erfassen oder die Sie uns zur Verf\u00fcgung stellen, verarbeiten d\u00fcrfen. Sie umfasst Informationen, die Sie identifizieren k\u00f6nnten (\u201epersonenbezogene Daten\u201c) sowie Informationen \u00fcber Sie, falls Sie Instrumente oder Zubeh\u00f6r bei uns erwerben.  <\/p>\n\n\n\n<p>Sollten Sie mit einem oder mehreren der nachfolgenden Punkte nicht einverstanden sein, kontaktieren Sie Geneva Instruments bitte \u00fcber die Kontaktseite der Website.<\/p>\n\n\n\n<p>Wir nehmen den Schutz Ihrer Privatsph\u00e4re und Vertraulichkeit ernst. Wir sind uns bewusst, dass alle Besucher unserer Website das Recht haben zu erfahren, dass ihre pers\u00f6nlichen Daten nur zur Lieferung von Instrumenten verwendet und nicht an Dritte weitergegeben werden. <\/p>\n\n\n\n<p>Wir verpflichten uns, die Vertraulichkeit aller Informationen zu wahren, die Sie der Geneva Group zur Verf\u00fcgung stellen.<\/p>\n\n\n\n<p>Unsere Richtlinien entsprechen dem entsprechend umgesetzten britischen Recht.<\/p>\n\n\n\n<p>Das Gesetz verpflichtet uns, Sie \u00fcber Ihre Rechte und unsere Pflichten in Bezug auf die Verarbeitung und Kontrolle Ihrer pers\u00f6nlichen Daten zu informieren. Dies tun wir hiermit, indem wir Sie bitten, die Informationen unter <a href=\"https:\/\/www.knowyourprivacyrights.org\/\" rel=\"noopener\">www.knowyourprivacyrights.org<\/a> zu lesen. <\/p>\n\n\n\n<p>Sofern nachfolgend nicht anders dargelegt, geben wir Ihre Daten nicht an Dritte weiter, verkaufen oder legen sie offen.<\/p>\n\n\n\n<p>Die Grundlagen, auf denen wir Informationen \u00fcber Sie verarbeiten<\/p>\n\n\n\n<p>Das Gesetz verpflichtet uns festzulegen, auf welcher der sechs definierten Grundlagen wir verschiedene Kategorien Ihrer pers\u00f6nlichen Daten f\u00fcr Geneva Instruments verarbeiten.<\/p>\n\n\n\n<p>Wenn eine Grundlage, auf der wir Ihre pers\u00f6nlichen Daten verarbeiten, nicht mehr relevant ist.<\/p>\n\n\n\n<p>Wenn sich die Grundlage \u00e4ndert, werden wir Sie, falls gesetzlich vorgeschrieben, \u00fcber die \u00c4nderung und jede neue Grundlage informieren.<\/p>\n\n\n\n<p>Informationen, die wir verarbeiten, weil wir eine vertragliche Verpflichtung mit Ihnen haben<\/p>\n\n\n\n<p>Wenn Sie ein Produkt oder eine Dienstleistung von uns kaufen oder anderweitig unseren Allgemeinen Gesch\u00e4ftsbedingungen f\u00fcr die Geneva Group zustimmen.<\/p>\n\n\n\n<p>Um unsere Verpflichtungen aus diesem Vertrag zu erf\u00fcllen, m\u00fcssen wir die Informationen verarbeiten, die Sie uns geben.<\/p>\n\n\n\n<p>Wir k\u00f6nnen diese verwenden, um:<\/p>\n\n\n\n<ol class=\"wp-block-list\">\n<li>Ihre Identit\u00e4t zu Sicherheitszwecken zu \u00fcberpr\u00fcfen<\/li>\n\n\n\n<li>Ihnen Produkte zu verkaufen<\/li>\n\n\n\n<li>Ihnen unsere Dienstleistungen anzubieten<\/li>\n\n\n\n<li>Ihnen Vorschl\u00e4ge und Ratschl\u00e4ge zu Produkten und Dienstleistungen zu geben.<\/li>\n<\/ol>\n\n\n\n<p>Wir verarbeiten diese Informationen auf der Grundlage, dass ein Vertrag zwischen uns besteht oder dass Sie Waren oder Informationen angefordert haben.<\/p>\n\n\n\n<p>Dar\u00fcber hinaus k\u00f6nnen wir diese Informationen in allgemeiner Form zusammenfassen und verwenden, um Klasseninformationen bereitzustellen, beispielsweise um unsere Leistung in Bezug auf die von uns erbrachte Dienstleistung zu \u00fcberwachen.<\/p>\n\n\n\n<p>Wir werden diese Informationen weiterhin verarbeiten, bis der Vertrag zwischen uns endet oder gek\u00fcndigt wird.<\/p>\n\n\n\n<h3 class=\"gb-headline gb-headline-a3427af8 gb-headline-text\">Informationen, die wir mit Ihrer Einwilligung verarbeiten<\/h3>\n\n\n\n<p>Durch bestimmte Handlungen, wenn ansonsten keine vertragliche Beziehung zwischen uns besteht, z. B. wenn Sie unsere Website besuchen oder uns bitten, Ihnen weitere Informationen \u00fcber unser Gesch\u00e4ft, einschlie\u00dflich Instrumente, Instrumentenwartung und Zubeh\u00f6r, zukommen zu lassen.<\/p>\n\n\n\n<p>Wo immer m\u00f6glich, sind wir bestrebt, Ihre ausdr\u00fcckliche Einwilligung zur Verarbeitung dieser Informationen einzuholen.<\/p>\n\n\n\n<p>Manchmal erteilen Sie Ihre Einwilligung m\u00f6glicherweise stillschweigend, z. B. wenn Sie uns eine Nachricht per E-Mail \u00fcber die Website senden.<\/p>\n\n\n\n<p>Sofern Sie nicht in die Verwendung Ihrer Informationen f\u00fcr einen bestimmten Zweck eingewilligt haben, verwenden wir Ihre Informationen in keiner Weise, die Sie pers\u00f6nlich identifizieren w\u00fcrde. Wir k\u00f6nnen sie in allgemeiner Form zusammenfassen, um Ihnen weiterhin den bestm\u00f6glichen Service zu bieten. <\/p>\n\n\n\n<p>Wir verarbeiten Ihre Informationen auf dieser Grundlage weiterhin, bis Sie Ihre Einwilligung widerrufen oder sie verwendet werden k\u00f6nnen, um Sie auf Sonderangebote oder Rabatte oder neue Produkte aufmerksam zu machen.<\/p>\n\n\n\n<p>Sie k\u00f6nnen Ihre Einwilligung jederzeit widerrufen, indem Sie uns unter <a href=\"https:\/\/genevainstruments.com\/de\/\">GenevaInstruments.com<\/a> kontaktieren.<\/p>\n\n\n\n<h3 class=\"gb-headline gb-headline-7ba1939a gb-headline-text\">Informationen, die wir zum Zwecke berechtigter Interessen verarbeiten<\/h3>\n\n\n\n<p>Wir k\u00f6nnen Informationen auf der Grundlage verarbeiten, dass ein berechtigtes Interesse besteht, entweder an Produkten oder Informationen.<\/p>\n\n\n\n<p>Wenn wir Ihre Informationen auf dieser Grundlage verarbeiten, tun wir dies in Ihrem Interesse, um Sie \u00fcber Veranstaltungen oder neue Produkte zu informieren:<\/p>\n\n\n\n<p>Zum Beispiel k\u00f6nnen wir Ihre Daten verarbeiten, um Sie \u00fcber einen Blechbl\u00e4ser-Workshop in Ihrer N\u00e4he zu informieren, Aufzeichnungen f\u00fcr die ordnungsgem\u00e4\u00dfe und notwendige Verwaltung von Instrumenten und Zubeh\u00f6r zu f\u00fchren, auf unaufgeforderte Kommunikation von Ihnen zu antworten, die wir in Bezug auf Produkte oder Waren erhalten, die Wahrung und Geltendmachung der gesetzlichen Rechte einer Partei.<\/p>\n\n\n\n<p>Versicherung gegen oder Einholung von professioneller Beratung, die erforderlich ist, um bei Ihrer Anfrage zu helfen oder Sie zu unterst\u00fctzen<\/p>\n\n\n\n<p>Schutz Ihrer Interessen, wenn wir glauben, dass wir dazu verpflichtet sind<\/p>\n\n\n\n<h3 class=\"gb-headline gb-headline-b8c1c4b9 gb-headline-text\">Informationen, die wir verarbeiten, weil wir eine gesetzliche Verpflichtung haben<\/h3>\n\n\n\n<p>Wir unterliegen dem Gesetz wie alle anderen auch. Manchmal m\u00fcssen wir Ihre Adress- oder E-Mail-Informationen verarbeiten. <\/p>\n\n\n\n<p>Zum Beispiel k\u00f6nnen wir verpflichtet sein, Rechtsbeh\u00f6rden Informationen zu geben, wenn diese dies verlangen oder wenn sie ein Interesse an einer Einzelperson haben. Dies kann Ihre pers\u00f6nlichen Daten umfassen. <\/p>\n\n\n\n<h3 class=\"gb-headline gb-headline-2932f599 gb-headline-text\">Spezifische Verwendung von Informationen, die Sie uns zur Verf\u00fcgung stellen<\/h3>\n\n\n\n<p>Informationen, die unter dem Verst\u00e4ndnis bereitgestellt werden, dass sie an Dritte weitergegeben werden.<\/p>\n\n\n\n<p>Auf unserer Website k\u00f6nnen Sie keine Informationen ver\u00f6ffentlichen.<\/p>\n\n\n\n<p>Beschwerden bez\u00fcglich Inhalten auf unserer Website.<\/p>\n\n\n\n<p>Unsere Website ist ein Ver\u00f6ffentlichungsmedium, aber Inhalte k\u00f6nnen nicht von Dritten ver\u00f6ffentlicht werden.<\/p>\n\n\n\n<p>Wenn Sie sich \u00fcber Inhalte auf <a href=\"https:\/\/genevainstruments.com\/de\/\">GenevaInstruments.com<\/a> beschweren, werden wir dies untersuchen und, wenn wir es f\u00fcr gerechtfertigt halten, diese Inhalte entfernen.<\/p>\n\n\n\n<p>Die freie Meinungs\u00e4u\u00dferung ist ein Grundrecht, daher m\u00fcssen wir jede Anfrage nach unserem Ermessen pr\u00fcfen.<\/p>\n\n\n\n<p>Wenn wir Ihre Beschwerde f\u00fcr gerechtfertigt halten, werden Ma\u00dfnahmen ergriffen, um Inhalte zu entfernen.<\/p>\n\n\n\n<p>Informationen bez\u00fcglich Ihrer Zahlungsmethode<\/p>\n\n\n\n<p>Zahlungsinformationen werden niemals von uns gespeichert. Zum Zeitpunkt der Zahlung f\u00fcr ein Instrument w\u00e4hlen Sie Ihre Zahlungsoption.<\/p>\n\n\n\n<h3 class=\"gb-headline gb-headline-dc70bf8e gb-headline-text\">Eine Nachricht senden<\/h3>\n\n\n\n<p>Wenn Sie uns kontaktieren, sei es per Telefon oder \u00fcber unsere Website, erfassen wir Ihre Anfrage und speichern keine pers\u00f6nlichen Daten aus solchen Anfragen.<\/p>\n\n\n\n<h3 class=\"gb-headline gb-headline-e533b1a2 gb-headline-text\">Beschwerde einreichen<\/h3>\n\n\n\n<p>Wenn wir eine Beschwerde per E-Mail oder Telefon erhalten, verwenden wir diese Informationen, um Ihre Beschwerde zu l\u00f6sen.<\/p>\n\n\n\n<p>Wenn Ihre Beschwerde es vern\u00fcnftigerweise erfordert, dass wir eine andere Person kontaktieren, k\u00f6nnen wir beschlie\u00dfen, dieser anderen Person Informationen zu geben.<\/p>\n\n\n\n<p>Wir k\u00f6nnen auch Statistiken erstellen, die Informationen aus dieser Beschwerde zeigen.<\/p>\n\n\n\n<p>Verwendung von Informationen, die wir durch automatisierte Systeme erfassen, wenn Sie unsere Website besuchen<\/p>\n\n\n\n<h3 class=\"gb-headline gb-headline-5da56707 gb-headline-text\">Cookies<\/h3>\n\n\n\n<p>Cookies sind kleine Textdateien, die von Ihrem Webbrowser auf der Festplatte Ihres Computers abgelegt werden, wenn Sie eine Website besuchen.<\/p>\n\n\n\n<p>Wir verwenden Cookies auf folgende Weise:<\/p>\n\n\n\n<ol class=\"wp-block-list\">\n<li>um zu verfolgen, wie Sie unsere Website nutzen<\/li>\n\n\n\n<li>um aufzuzeichnen, ob Sie unsere Website regelm\u00e4\u00dfig besuchen<\/li>\n\n\n\n<li>um Sie auf unserer Website angemeldet zu halten<\/li>\n<\/ol>\n\n\n\n<h3 class=\"gb-headline gb-headline-f2fdafcf gb-headline-text\">Offenlegung und Weitergabe Ihrer Informationen<\/h3>\n\n\n\n<p>Informationen, die wir von Dritten erhalten<\/p>\n\n\n\n<p>Keine dieser Informationen ist f\u00fcr Sie pers\u00f6nlich identifizierbar.<\/p>\n\n\n\n<p>Daten k\u00f6nnen au\u00dferhalb der Europ\u00e4ischen Union verarbeitet werden.<\/p>\n\n\n\n<p>Unsere Websites werden in Gro\u00dfbritannien gehostet.<\/p>\n\n\n\n<p>Zugriff auf Ihre eigenen Informationen.<\/p>\n\n\n\n<p>Sie k\u00f6nnen die von uns gespeicherten Informationen jederzeit l\u00f6schen, indem Sie uns kontaktieren.<\/p>\n\n\n\n<h3 class=\"gb-headline gb-headline-d8bf2857 gb-headline-text\">Sonstige Angelegenheiten<\/h3>\n\n\n\n<p>Wie Sie sich beschweren k\u00f6nnen<\/p>\n\n\n\n<p>Kontaktieren Sie <a href=\"https:\/\/genevainstruments.com\/de\/\">GenevaInstruments.com<\/a> und klicken Sie auf die Registerkarte \u201eKontakt\u201c.<\/p>\n\n\n\n<p>Wenn Sie in irgendeiner Weise unzufrieden damit sind, wie wir Ihre pers\u00f6nlichen Daten verarbeiten, haben Sie das Recht, eine Beschwerde beim Information Commissioner einzureichen.<\/p>\n\n<\/div>\n<\/div>","protected":false},"excerpt":{"rendered":"<p>Datenschutzerkl\u00e4rung f\u00fcr Website und Unternehmen Dies ist die Datenschutzerkl\u00e4rung von Geneva Instruments. In diesem Dokument beziehen sich die Begriffe \u201ewir\u201c und \u201euns\u201c auf Geneva Instruments (einschlie\u00dflich Geneva Brasswind Ltd und Geneva Instruments Ltd). Unser eingetragener Firmensitz befindet sich in Biz Hub Tees Valley, Belasis Hall Business Centre, Coxwold Way, TS23 4EA. Einf\u00fchrung Mit dieser Erkl\u00e4rung &#8230; <a title=\"Datenschutzrichtlinie\" class=\"read-more\" href=\"https:\/\/genevainstruments.com\/de\/datenschutzrichtlinie\/\" aria-label=\"Mehr Informationen \u00fcber Datenschutzrichtlinie\">Weiterlesen &#8230;<\/a><\/p>\n","protected":false},"author":1,"featured_media":0,"parent":0,"menu_order":20,"comment_status":"closed","ping_status":"closed","template":"","meta":{"_acf_changed":false,"footnotes":""},"class_list":["post-18970","page","type-page","status-publish"],"acf":[],"_links":{"self":[{"href":"https:\/\/genevainstruments.com\/de\/wp-json\/wp\/v2\/pages\/18970","targetHints":{"allow":["GET"]}}],"collection":[{"href":"https:\/\/genevainstruments.com\/de\/wp-json\/wp\/v2\/pages"}],"about":[{"href":"https:\/\/genevainstruments.com\/de\/wp-json\/wp\/v2\/types\/page"}],"author":[{"embeddable":true,"href":"https:\/\/genevainstruments.com\/de\/wp-json\/wp\/v2\/users\/1"}],"replies":[{"embeddable":true,"href":"https:\/\/genevainstruments.com\/de\/wp-json\/wp\/v2\/comments?post=18970"}],"version-history":[{"count":1,"href":"https:\/\/genevainstruments.com\/de\/wp-json\/wp\/v2\/pages\/18970\/revisions"}],"predecessor-version":[{"id":18972,"href":"https:\/\/genevainstruments.com\/de\/wp-json\/wp\/v2\/pages\/18970\/revisions\/18972"}],"wp:attachment":[{"href":"https:\/\/genevainstruments.com\/de\/wp-json\/wp\/v2\/media?parent=18970"}],"curies":[{"name":"wp","href":"https:\/\/api.w.org\/{rel}","templated":true}]}}