{"id":18993,"date":"2021-01-15T11:41:21","date_gmt":"2021-01-15T11:41:21","guid":{"rendered":"https:\/\/genevainstruments.com\/allgemeine-geschaeftsbedingungen\/"},"modified":"2025-12-02T16:36:49","modified_gmt":"2025-12-02T16:36:49","slug":"allgemeine-geschaeftsbedingungen","status":"publish","type":"page","link":"https:\/\/genevainstruments.com\/de\/allgemeine-geschaeftsbedingungen\/","title":{"rendered":"Allgemeine Gesch\u00e4ftsbedingungen"},"content":{"rendered":"<div class=\"gb-container gb-container-3a14c50b alignfull\">\n<div class=\"gb-container gb-container-edda4908\">\n\n<p class=\"gb-headline gb-headline-2dc42e1d gb-headline-text\">Geneva Brasswind Ltd,<br>Geneva House,<br>Belasis Business Hub,<br>Coxwold Way,<br>Billingham<br>TS23 4EA<br>Vereinigtes K\u00f6nigreich<br>Tel.: +44 01642 714464<\/p>\n\n\n\n<p class=\"gb-headline gb-headline-16a2f222 gb-headline-text\">Gesellschaft mit beschr\u00e4nkter Haftung<br>Handelsregisternummer 09961254<\/p>\n\n\n\n<p class=\"gb-headline gb-headline-8149964d gb-headline-text\">Der Zugriff auf die Website sowie die Nutzung ihrer Inhalte unterliegen den folgenden Bedingungen. Diese Nutzungsbedingungen k\u00f6nnen jederzeit ge\u00e4ndert werden. Diese \u00c4nderungen gelten als von den Internetnutzern akzeptiert, sobald sie online gestellt werden.  <\/p>\n\n\n\n<ol class=\"wp-block-list\">\n<li>GEISTIGES EIGENTUM<\/li>\n\n\n\n<li>HAFTUNG<\/li>\n\n\n\n<li>TECHNISCHE FUNKTIONSWEISE DER WEBSITE<\/li>\n\n\n\n<li>GERICHTSSTANDSVEREINBARUNG<\/li>\n\n\n\n<li>SIE ERREICHEN UNS UNTER DER FOLGENDEN ADRESSE<\/li>\n\n\n\n<li>WEBSITE-DESIGN UND -PRODUKTION<\/li>\n<\/ol>\n\n\n\n<ol class=\"wp-block-list\">\n<li>GEISTIGES EIGENTUM<br\/>Alle auf der Website enthaltenen Elemente (Software, Texte, animierte oder statische Bilder, T\u00f6ne, Know-how und allgemeiner jede Art von Daten) sind durch das (franz\u00f6sische) Gesetz \u00fcber geistiges Eigentum gesch\u00fctzt. Jede vollst\u00e4ndige oder teilweise Darstellung und\/oder Vervielf\u00e4ltigung der Website durch ein beliebiges Verfahren ohne die ausdr\u00fcckliche Genehmigung von Geneva Brasswind ist untersagt und w\u00fcrde eine rechtswidrige Verletzung nach dem Recht von England und Wales darstellen. Warenzeichen und Logos, die auf der Website erscheinen, sind Eigentum von Geneva Brasswind. Jede vollst\u00e4ndige oder teilweise Nutzung oder Vervielf\u00e4ltigung dieser Warenzeichen und\/oder Logos ist ohne die vorherige und ausdr\u00fcckliche Genehmigung von Geneva Brasswind untersagt.   <br\/><\/li>\n\n\n\n<li>WEBSITE-INHALTE \u2013 HAFTUNG<br\/>Die auf der Website enthaltenen Informationen dienen nur zu Informationszwecken. Geneva Brasswind ist bestrebt, die Website auf dem neuesten Stand zu halten, kann jedoch nicht garantieren, dass die auf der Website ver\u00f6ffentlichten Informationen korrekt, vollst\u00e4ndig und aktuell sind, noch kann sie garantieren, dass diese Informationen f\u00fcr die vom Benutzer gew\u00fcnschte Verwendung geeignet sind. Folglich erkennt der Benutzer an, dass er allein f\u00fcr die Verwendung dieser Informationen verantwortlich ist.<br\/>Der Benutzer muss die Bestimmungen des (englischen) Gesetzes \u00fcber den Datenschutz einhalten, dessen Verletzung strafrechtliche Sanktionen nach sich zieht.<br\/>Insbesondere muss er in Bezug auf personenbezogene Daten, auf die er Zugriff hat, jede Form der Sammlung, des Missbrauchs und allgemein jede Handlung unterlassen, die geeignet ist, die Privatsph\u00e4re von Personen zu verletzen oder ihren Ruf zu gef\u00e4hrden.  <br\/><\/li>\n\n\n\n<li>TECHNISCHE FUNKTIONSWEISE DER WEBSITE<br\/>Die Website ist in der Regel 24 Stunden am Tag, 7 Tage die Woche zug\u00e4nglich. In F\u00e4llen von h\u00f6herer Gewalt, Problemen mit Informationssystemen, strukturellen Problemen mit Telekommunikationsnetzen, technischen Schwierigkeiten oder aus Wartungsgr\u00fcnden \u2013 diese Aufz\u00e4hlung ist nicht ersch\u00f6pfend \u2013 kann der Zugriff auf die gesamte oder einen Teil der Website durch einfache Entscheidung von Geneva Brasswind ausgesetzt oder entfernt werden. Aus Wartungsgr\u00fcnden und\/oder aufgrund einer anderen Entscheidung von Geneva Brasswind kann der Zugriff auf die Website unterbrochen werden. Die Website kann ohne vorherige Ank\u00fcndigung jeglicher Art ge\u00e4ndert und weiterentwickelt werden. In jedem Fall haftet Geneva Brasswind in keiner Weise f\u00fcr direkte, indirekte oder besondere Sch\u00e4den, die sich aus der Nutzung der Website oder anderer mit ihr verbundener Websites ergeben, insbesondere f\u00fcr finanzielle oder kommerzielle Verluste oder den Verlust von Programmen oder Daten aus dem Informationssystem des Benutzers.    <br\/><\/li>\n\n\n\n<li>GERICHTSSTANDSVEREINBARUNG<br\/>Der Inhalt der Website unterliegt englischem Recht. Dies gilt sowohl f\u00fcr materielle als auch f\u00fcr verfahrensrechtliche Regeln, und ihr Inhalt wird ausschlie\u00dflich von den zust\u00e4ndigen englischen Gerichtsbarkeiten beurteilt. Kollisionsnormen sind zugunsten der vollst\u00e4ndigen und uneingeschr\u00e4nkten Anwendung englischen Rechts ausgeschlossen.  <br\/><\/li>\n\n\n\n<li>SIE ERREICHEN UNS UNTER DER FOLGENDEN ADRESSE<br\/>Wenn Sie Fragen oder Beschwerden haben, kontaktieren Sie uns unter folgender Adresse:<br\/>Geneva Brasswind Ltd,<br\/>Geneva House,<br\/>Belasis Business Hub,<br\/>Coxwold Way,<br\/>Billingham<br\/>TS23 4EA<br\/>Vereinigtes K\u00f6nigreich<br\/>Tel.: +44 01642 714464<br\/>F\u00fcr eine Kopie der Verkaufs- und Garantiebedingungen senden Sie bitte eine E-Mail an <a href=\"mailto:info@genevainstruments.com\">info@genevainstruments.com<\/a>.<br\/><\/li>\n\n\n\n<li>WEB-DESIGN<br\/>Diese Website wurde von VIA Creative entworfen und entwickelt \u2013 www.viacreatve.co.uk<br\/>FOTO- &amp; VIDEO-NACHWEISE<br\/>Bei Bedarf werden diese bei den entsprechenden Fotos und Videos platziert.<\/li>\n<\/ol>\n\n<\/div>\n<\/div>","protected":false},"excerpt":{"rendered":"<p>Geneva Brasswind Ltd,Geneva House,Belasis Business Hub,Coxwold Way,BillinghamTS23 4EAVereinigtes K\u00f6nigreichTel.: +44 01642 714464 Gesellschaft mit beschr\u00e4nkter HaftungHandelsregisternummer 09961254 Der Zugriff auf die Website sowie die Nutzung ihrer Inhalte unterliegen den folgenden Bedingungen. Diese Nutzungsbedingungen k\u00f6nnen jederzeit ge\u00e4ndert werden. Diese \u00c4nderungen gelten als von den Internetnutzern akzeptiert, sobald sie online gestellt werden.<\/p>\n","protected":false},"author":1,"featured_media":0,"parent":0,"menu_order":20,"comment_status":"closed","ping_status":"closed","template":"","meta":{"_acf_changed":false,"footnotes":""},"class_list":["post-18993","page","type-page","status-publish"],"acf":[],"_links":{"self":[{"href":"https:\/\/genevainstruments.com\/de\/wp-json\/wp\/v2\/pages\/18993","targetHints":{"allow":["GET"]}}],"collection":[{"href":"https:\/\/genevainstruments.com\/de\/wp-json\/wp\/v2\/pages"}],"about":[{"href":"https:\/\/genevainstruments.com\/de\/wp-json\/wp\/v2\/types\/page"}],"author":[{"embeddable":true,"href":"https:\/\/genevainstruments.com\/de\/wp-json\/wp\/v2\/users\/1"}],"replies":[{"embeddable":true,"href":"https:\/\/genevainstruments.com\/de\/wp-json\/wp\/v2\/comments?post=18993"}],"version-history":[{"count":1,"href":"https:\/\/genevainstruments.com\/de\/wp-json\/wp\/v2\/pages\/18993\/revisions"}],"predecessor-version":[{"id":18994,"href":"https:\/\/genevainstruments.com\/de\/wp-json\/wp\/v2\/pages\/18993\/revisions\/18994"}],"wp:attachment":[{"href":"https:\/\/genevainstruments.com\/de\/wp-json\/wp\/v2\/media?parent=18993"}],"curies":[{"name":"wp","href":"https:\/\/api.w.org\/{rel}","templated":true}]}}