{"id":19072,"date":"2024-08-09T12:08:15","date_gmt":"2024-08-09T11:08:15","guid":{"rendered":"https:\/\/genevainstruments.com\/sitemap\/"},"modified":"2025-12-02T16:40:12","modified_gmt":"2025-12-02T16:40:12","slug":"sitemap","status":"publish","type":"page","link":"https:\/\/genevainstruments.com\/de\/sitemap\/","title":{"rendered":"Sitemap"},"content":{"rendered":"<div class=\"gb-container gb-container-a26cf13b alignfull\">\n<div class=\"gb-container gb-container-2a1e3da6\">\n\n<h2 class=\"gb-headline gb-headline-236aee2a gb-headline-text\">Geneva Instruments<\/h2>\n\n\n\n<p class=\"gb-headline gb-headline-d9da69ff gb-headline-text\">Finden Sie musikalische Instrumente von Geneva, Produktkategorien, Geneva Artists, die Geneva Foundation, Videos und mehr auf der Geneva Instruments-Website.<br>Finden Sie auch Instrumente, die \u00fcber den National Plan for Music Education als zugelassener Instrumentenlieferant f\u00fcr das britische Bildungswesen erh\u00e4ltlich sind.<\/p>\n\n\n<div class=\"gb-grid-wrapper gb-grid-wrapper-551c7637\">\n<div class=\"gb-grid-column gb-grid-column-ff131c44\"><div class=\"gb-container gb-container-ff131c44\">\n<div id=\"wp-realtime-sitemap-pages\"><h3>Seiten<\/h3><ul><li class=\"page_item page-item-10451\"><a href=\"https:\/\/genevainstruments.com\/de\/\">Startseite<\/a><\/li>\n<li class=\"page_item page-item-12630\"><a href=\"https:\/\/genevainstruments.com\/de\/gewinnen-sie-ein-kardinal-quartett\/\">Quartet of Cardinals Wettbewerb \u2013 Update<\/a><\/li>\n<li class=\"page_item page-item-10464\"><a href=\"https:\/\/genevainstruments.com\/de\/die-nachhaltige-wahl\/\">Die nachhaltige Wahl<\/a><\/li>\n<li class=\"page_item page-item-10654\"><a href=\"https:\/\/genevainstruments.com\/de\/genfer-kuenstler\/\">Genfer K\u00fcnstler<\/a><\/li>\n<li class=\"page_item page-item-10690\"><a href=\"https:\/\/genevainstruments.com\/de\/geneva-musikstiftung\/\">Geneva Musikstiftung<\/a><\/li>\n<li class=\"page_item page-item-10724\"><a href=\"https:\/\/genevainstruments.com\/de\/geneva-instrumente-im-konzert\/\">Geneva-Instrumente im Konzert<\/a><\/li>\n<li class=\"page_item page-item-10738\"><a href=\"https:\/\/genevainstruments.com\/de\/testen-bevor-sie-kaufen\/\">Testen, bevor Sie kaufen<\/a><\/li>\n<li class=\"page_item page-item-10403\"><a href=\"https:\/\/genevainstruments.com\/de\/shop\/\">Shop<\/a><\/li>\n<li class=\"page_item page-item-10792\"><a href=\"https:\/\/genevainstruments.com\/de\/reparatur-garantie\/\">Ersatzteile, Service &amp; Reparaturen<\/a><\/li>\n<li class=\"page_item page-item-19052\"><a href=\"https:\/\/genevainstruments.com\/de\/kontaktieren-sie-uns\/\">Kontaktieren Sie uns<\/a><\/li>\n<li class=\"page_item page-item-10406\"><a href=\"https:\/\/genevainstruments.com\/de\/warenkorb\/\">Warenkorb<\/a><\/li>\n<li class=\"page_item page-item-10407\"><a href=\"https:\/\/genevainstruments.com\/de\/kasse\/\">Kasse<\/a><\/li>\n<li class=\"page_item page-item-10408\"><a href=\"https:\/\/genevainstruments.com\/de\/mein-konto\/\">Mein Konto<\/a><\/li>\n<li class=\"page_item page-item-18993\"><a href=\"https:\/\/genevainstruments.com\/de\/allgemeine-geschaeftsbedingungen\/\">Allgemeine Gesch\u00e4ftsbedingungen<\/a><\/li>\n<li class=\"page_item page-item-18981\"><a href=\"https:\/\/genevainstruments.com\/de\/rueckgabebestimmungen\/\">R\u00fcckgabebestimmungen<\/a><\/li>\n<li class=\"page_item page-item-18970\"><a href=\"https:\/\/genevainstruments.com\/de\/datenschutzrichtlinie\/\">Datenschutzrichtlinie<\/a><\/li>\n<li class=\"page_item page-item-18950\"><a href=\"https:\/\/genevainstruments.com\/de\/zahlungsplan-allgemeine-geschaeftsbedingungen\/\">Zahlungsplan \u2013 Allgemeine Gesch\u00e4ftsbedingungen<\/a><\/li>\n<li class=\"page_item page-item-19072\"><a href=\"https:\/\/genevainstruments.com\/de\/sitemap\/\">Sitemap<\/a><\/li>\n<\/ul><\/div><div id=\"wp-realtime-sitemap-geneva-artist\"><h3>Geneva Artists<\/h3><ul><li><a href=\"https:\/\/genevainstruments.com\/de\/geneva-artist\/gavin-saynor\/\" title=\"Permalink zu Gavin Saynor\" rel=\"bookmark\">Gavin Saynor<\/a><\/li><li><a href=\"https:\/\/genevainstruments.com\/de\/geneva-artist\/glenn-van-looy\/\" title=\"Permalink zu Glenn Van Looy Euphonium\" rel=\"bookmark\">Glenn Van Looy Euphonium<\/a><\/li><li><a href=\"https:\/\/genevainstruments.com\/de\/geneva-artist\/ho-wang-lam\/\" title=\"Permalink zu Ho Wang Lam\" rel=\"bookmark\">Ho Wang Lam<\/a><\/li><li><a href=\"https:\/\/genevainstruments.com\/de\/geneva-artist\/jamie-smith\/\" title=\"Permalink zu Jamie Smith\" rel=\"bookmark\">Jamie Smith<\/a><\/li><li><a href=\"https:\/\/genevainstruments.com\/de\/geneva-artist\/john-storey\/\" title=\"Permalink zu John Storey\" rel=\"bookmark\">John Storey<\/a><\/li><li><a href=\"https:\/\/genevainstruments.com\/de\/geneva-artist\/oesteres-machando-trumpet\/\" title=\"Permalink zu Oesteres Machando\" rel=\"bookmark\">Oesteres Machando<\/a><\/li><li><a href=\"https:\/\/genevainstruments.com\/de\/geneva-artist\/stephanie-binns\/\" title=\"Permalink zu Stephanie Binns\" rel=\"bookmark\">Stephanie Binns<\/a><\/li><\/ul><\/div><div id=\"wp-realtime-sitemap-product\"><h3>Produkte<\/h3><ul><li><a href=\"https:\/\/genevainstruments.com\/de\/produkt\/b-baritonhorn-geneva-cardinal\/\" title=\"Permalink zu B-Baritonhorn \u2013 Geneva Cardinal\" rel=\"bookmark\">B-Baritonhorn \u2013 Geneva Cardinal<\/a><\/li><li><a href=\"https:\/\/genevainstruments.com\/de\/produkt\/b-euphonium-geneva-heritage\/\" title=\"Permalink zu B-Euphonium &#8211; Geneva Heritage\" rel=\"bookmark\">B-Euphonium &#8211; Geneva Heritage<\/a><\/li><li><a href=\"https:\/\/genevainstruments.com\/de\/produkt\/b-euphonium-geneva-cardinal\/\" title=\"Permalink zu B-Euphonium \u2013 Geneva Cardinal\" rel=\"bookmark\">B-Euphonium \u2013 Geneva Cardinal<\/a><\/li><li><a href=\"https:\/\/genevainstruments.com\/de\/produkt\/b-kornett-geneva-heritage-philip-mccann\/\" title=\"Permalink zu B-Kornett \u2013 Geneva Heritage (Philip McCann)\" rel=\"bookmark\">B-Kornett \u2013 Geneva Heritage (Philip McCann)<\/a><\/li><li><a href=\"https:\/\/genevainstruments.com\/de\/produkt\/b-trompete-geneva-cardinal\/\" title=\"Permalink zu B-Trompete &#8211; Geneva Cardinal\" rel=\"bookmark\">B-Trompete &#8211; Geneva Cardinal<\/a><\/li><li><a href=\"https:\/\/genevainstruments.com\/de\/produkt\/b-a-piccolotrompete-geneva-cardinal\/\" title=\"Permalink zu B\/A-Piccolotrompete \u2013 Geneva Cardinal\" rel=\"bookmark\">B\/A-Piccolotrompete \u2013 Geneva Cardinal<\/a><\/li><li><a href=\"https:\/\/genevainstruments.com\/de\/produkt\/bb-fluegelhorn-geneva-cardinal\/\" title=\"Permalink zu Bb Fl\u00fcgelhorn &#8211; Geneva Cardinal\" rel=\"bookmark\">Bb Fl\u00fcgelhorn &#8211; Geneva Cardinal<\/a><\/li><li><a href=\"https:\/\/genevainstruments.com\/de\/produkt\/bb-euphonium-geneva-cardinal-gvl\/\" title=\"Permalink zu Bb-Euphonium \u2013 Geneva Cardinal GVL\" rel=\"bookmark\">Bb-Euphonium \u2013 Geneva Cardinal GVL<\/a><\/li><li><a href=\"https:\/\/genevainstruments.com\/de\/produkt\/bb-kornett-geneva-cardinal\/\" title=\"Permalink zu Bb-Kornett \u2013 Geneva Cardinal\" rel=\"bookmark\">Bb-Kornett \u2013 Geneva Cardinal<\/a><\/li><li><a href=\"https:\/\/genevainstruments.com\/de\/produkt\/c-trompete-geneva-cardinal\/\" title=\"Permalink zu C-Trompete &#8211; Geneva Cardinal\" rel=\"bookmark\">C-Trompete &#8211; Geneva Cardinal<\/a><\/li><li><a href=\"https:\/\/genevainstruments.com\/de\/produkt\/eeb-tuba-geneva-cardinal-jc\/\" title=\"Permalink zu EEb Tuba &#8211; Geneva Cardinal JC\" rel=\"bookmark\">EEb Tuba &#8211; Geneva Cardinal JC<\/a><\/li><li><a href=\"https:\/\/genevainstruments.com\/de\/produkt\/eeb-tuba-geneva-cardinal\/\" title=\"Permalink zu EEb Tuba \u2013 Geneva Cardinal\" rel=\"bookmark\">EEb Tuba \u2013 Geneva Cardinal<\/a><\/li><li><a href=\"https:\/\/genevainstruments.com\/de\/produkt\/es-sopran-kornett-geneva-cardinal-modell-2025\/\" title=\"Permalink zu Es-Sopran-Kornett \u2013 Geneva Cardinal \u2013 (Modell 2025)\" rel=\"bookmark\">Es-Sopran-Kornett \u2013 Geneva Cardinal \u2013 (Modell 2025)<\/a><\/li><li><a href=\"https:\/\/genevainstruments.com\/de\/produkt\/es-tenorhorn-geneva-cardinal\/\" title=\"Permalink zu Es-Tenorhorn \u2013 Geneva Cardinal\" rel=\"bookmark\">Es-Tenorhorn \u2013 Geneva Cardinal<\/a><\/li><li><a href=\"https:\/\/genevainstruments.com\/de\/produkt\/es-tuba-geneva-heritage\/\" title=\"Permalink zu Es-Tuba \u2013 Geneva Heritage\" rel=\"bookmark\">Es-Tuba \u2013 Geneva Heritage<\/a><\/li><li><a href=\"https:\/\/genevainstruments.com\/de\/produkt\/sopransaxophon-lineage-pro\/\" title=\"Permalink zu Sopransaxophon \u2013 Lineage Pro\" rel=\"bookmark\">Sopransaxophon \u2013 Lineage Pro<\/a><\/li><li><a href=\"https:\/\/genevainstruments.com\/de\/produkt\/tenorsaxophon-lineage-pro\/\" title=\"Permalink zu Tenorsaxophon \u2013 Lineage Pro\" rel=\"bookmark\">Tenorsaxophon \u2013 Lineage Pro<\/a><\/li><li><a href=\"https:\/\/genevainstruments.com\/de\/produkt\/widow-maker-bariton-saxophon-lineage-pro\/\" title=\"Permalink zu Widow Maker Bariton-Saxophon &#8211; Lineage Pro\" rel=\"bookmark\">Widow Maker Bariton-Saxophon &#8211; Lineage Pro<\/a><\/li><\/ul><\/div>\n\n<\/div><\/div>\n\n<div class=\"gb-grid-column gb-grid-column-2aa0d1bf\"><div class=\"gb-container gb-container-2aa0d1bf\">\n<div id=\"wp-realtime-sitemap-geneva-artist\"><h3>Geneva Artists<\/h3><ul><li><a href=\"https:\/\/genevainstruments.com\/de\/geneva-artist\/gavin-saynor\/\" title=\"Permalink zu Gavin Saynor\" rel=\"bookmark\">Gavin Saynor<\/a><\/li><li><a href=\"https:\/\/genevainstruments.com\/de\/geneva-artist\/glenn-van-looy\/\" title=\"Permalink zu Glenn Van Looy Euphonium\" rel=\"bookmark\">Glenn Van Looy Euphonium<\/a><\/li><li><a href=\"https:\/\/genevainstruments.com\/de\/geneva-artist\/ho-wang-lam\/\" title=\"Permalink zu Ho Wang Lam\" rel=\"bookmark\">Ho Wang Lam<\/a><\/li><li><a href=\"https:\/\/genevainstruments.com\/de\/geneva-artist\/jamie-smith\/\" title=\"Permalink zu Jamie Smith\" rel=\"bookmark\">Jamie Smith<\/a><\/li><li><a href=\"https:\/\/genevainstruments.com\/de\/geneva-artist\/john-storey\/\" title=\"Permalink zu John Storey\" rel=\"bookmark\">John Storey<\/a><\/li><li><a href=\"https:\/\/genevainstruments.com\/de\/geneva-artist\/oesteres-machando-trumpet\/\" title=\"Permalink zu Oesteres Machando\" rel=\"bookmark\">Oesteres Machando<\/a><\/li><li><a href=\"https:\/\/genevainstruments.com\/de\/geneva-artist\/stephanie-binns\/\" title=\"Permalink zu Stephanie Binns\" rel=\"bookmark\">Stephanie Binns<\/a><\/li><\/ul><\/div><div id=\"wp-realtime-sitemap-product\"><h3>Produkte<\/h3><ul><li><a href=\"https:\/\/genevainstruments.com\/de\/produkt\/b-baritonhorn-geneva-cardinal\/\" title=\"Permalink zu B-Baritonhorn \u2013 Geneva Cardinal\" rel=\"bookmark\">B-Baritonhorn \u2013 Geneva Cardinal<\/a><\/li><li><a href=\"https:\/\/genevainstruments.com\/de\/produkt\/b-euphonium-geneva-heritage\/\" title=\"Permalink zu B-Euphonium &#8211; Geneva Heritage\" rel=\"bookmark\">B-Euphonium &#8211; Geneva Heritage<\/a><\/li><li><a href=\"https:\/\/genevainstruments.com\/de\/produkt\/b-euphonium-geneva-cardinal\/\" title=\"Permalink zu B-Euphonium \u2013 Geneva Cardinal\" rel=\"bookmark\">B-Euphonium \u2013 Geneva Cardinal<\/a><\/li><li><a href=\"https:\/\/genevainstruments.com\/de\/produkt\/b-kornett-geneva-heritage-philip-mccann\/\" title=\"Permalink zu B-Kornett \u2013 Geneva Heritage (Philip McCann)\" rel=\"bookmark\">B-Kornett \u2013 Geneva Heritage (Philip McCann)<\/a><\/li><li><a href=\"https:\/\/genevainstruments.com\/de\/produkt\/b-trompete-geneva-cardinal\/\" title=\"Permalink zu B-Trompete &#8211; Geneva Cardinal\" rel=\"bookmark\">B-Trompete &#8211; Geneva Cardinal<\/a><\/li><li><a href=\"https:\/\/genevainstruments.com\/de\/produkt\/b-a-piccolotrompete-geneva-cardinal\/\" title=\"Permalink zu B\/A-Piccolotrompete \u2013 Geneva Cardinal\" rel=\"bookmark\">B\/A-Piccolotrompete \u2013 Geneva Cardinal<\/a><\/li><li><a href=\"https:\/\/genevainstruments.com\/de\/produkt\/bb-fluegelhorn-geneva-cardinal\/\" title=\"Permalink zu Bb Fl\u00fcgelhorn &#8211; Geneva Cardinal\" rel=\"bookmark\">Bb Fl\u00fcgelhorn &#8211; Geneva Cardinal<\/a><\/li><li><a href=\"https:\/\/genevainstruments.com\/de\/produkt\/bb-euphonium-geneva-cardinal-gvl\/\" title=\"Permalink zu Bb-Euphonium \u2013 Geneva Cardinal GVL\" rel=\"bookmark\">Bb-Euphonium \u2013 Geneva Cardinal GVL<\/a><\/li><li><a href=\"https:\/\/genevainstruments.com\/de\/produkt\/bb-kornett-geneva-cardinal\/\" title=\"Permalink zu Bb-Kornett \u2013 Geneva Cardinal\" rel=\"bookmark\">Bb-Kornett \u2013 Geneva Cardinal<\/a><\/li><li><a href=\"https:\/\/genevainstruments.com\/de\/produkt\/c-trompete-geneva-cardinal\/\" title=\"Permalink zu C-Trompete &#8211; Geneva Cardinal\" rel=\"bookmark\">C-Trompete &#8211; Geneva Cardinal<\/a><\/li><li><a href=\"https:\/\/genevainstruments.com\/de\/produkt\/eeb-tuba-geneva-cardinal-jc\/\" title=\"Permalink zu EEb Tuba &#8211; Geneva Cardinal JC\" rel=\"bookmark\">EEb Tuba &#8211; Geneva Cardinal JC<\/a><\/li><li><a href=\"https:\/\/genevainstruments.com\/de\/produkt\/eeb-tuba-geneva-cardinal\/\" title=\"Permalink zu EEb Tuba \u2013 Geneva Cardinal\" rel=\"bookmark\">EEb Tuba \u2013 Geneva Cardinal<\/a><\/li><li><a href=\"https:\/\/genevainstruments.com\/de\/produkt\/es-sopran-kornett-geneva-cardinal-modell-2025\/\" title=\"Permalink zu Es-Sopran-Kornett \u2013 Geneva Cardinal \u2013 (Modell 2025)\" rel=\"bookmark\">Es-Sopran-Kornett \u2013 Geneva Cardinal \u2013 (Modell 2025)<\/a><\/li><li><a href=\"https:\/\/genevainstruments.com\/de\/produkt\/es-tenorhorn-geneva-cardinal\/\" title=\"Permalink zu Es-Tenorhorn \u2013 Geneva Cardinal\" rel=\"bookmark\">Es-Tenorhorn \u2013 Geneva Cardinal<\/a><\/li><li><a href=\"https:\/\/genevainstruments.com\/de\/produkt\/es-tuba-geneva-heritage\/\" title=\"Permalink zu Es-Tuba \u2013 Geneva Heritage\" rel=\"bookmark\">Es-Tuba \u2013 Geneva Heritage<\/a><\/li><li><a href=\"https:\/\/genevainstruments.com\/de\/produkt\/sopransaxophon-lineage-pro\/\" title=\"Permalink zu Sopransaxophon \u2013 Lineage Pro\" rel=\"bookmark\">Sopransaxophon \u2013 Lineage Pro<\/a><\/li><li><a href=\"https:\/\/genevainstruments.com\/de\/produkt\/tenorsaxophon-lineage-pro\/\" title=\"Permalink zu Tenorsaxophon \u2013 Lineage Pro\" rel=\"bookmark\">Tenorsaxophon \u2013 Lineage Pro<\/a><\/li><li><a href=\"https:\/\/genevainstruments.com\/de\/produkt\/widow-maker-bariton-saxophon-lineage-pro\/\" title=\"Permalink zu Widow Maker Bariton-Saxophon &#8211; Lineage Pro\" rel=\"bookmark\">Widow Maker Bariton-Saxophon &#8211; Lineage Pro<\/a><\/li><\/ul><\/div>\n\n<\/div><\/div>\n\n<div class=\"gb-grid-column gb-grid-column-5eac4a4a\"><div class=\"gb-container gb-container-5eac4a4a\">\n\n<h3 class=\"gb-headline gb-headline-636af1d9 gb-headline-text\">Produktkategorien<\/h3>\n\n\n<div data-block-name=\"woocommerce\/product-categories\" class=\"wp-block-woocommerce-product-categories wc-block-product-categories is-list \" style=\"\"><ul class=\"wc-block-product-categories-list wc-block-product-categories-list--depth-0\">\t\t\t\t<li class=\"wc-block-product-categories-list-item\">\t\t\t\t\t<a style=\"\" href=\"https:\/\/genevainstruments.com\/de\/product-category\/geneva-cardinal-instrumente\/\"><span class=\"wc-block-product-categories-list-item__name\">Geneva Cardinal Instrumente<\/span><\/a><span class=\"wc-block-product-categories-list-item-count\"><span aria-hidden=\"true\">13<\/span><span class=\"screen-reader-text\">13 Produkte<\/span><\/span>\t\t\t\t<\/li>\t\t\t\t\t\t\t<li class=\"wc-block-product-categories-list-item\">\t\t\t\t\t<a style=\"\" href=\"https:\/\/genevainstruments.com\/de\/product-category\/geneva-cardinal-kunstlermodelle\/\"><span class=\"wc-block-product-categories-list-item__name\">Geneva Cardinal K\u00fcnstlermodelle<\/span><\/a><span class=\"wc-block-product-categories-list-item-count\"><span aria-hidden=\"true\">3<\/span><span class=\"screen-reader-text\">3 Produkte<\/span><\/span>\t\t\t\t<\/li>\t\t\t\t\t\t\t<li class=\"wc-block-product-categories-list-item\">\t\t\t\t\t<a style=\"\" href=\"https:\/\/genevainstruments.com\/de\/product-category\/geneva-heritage\/\"><span class=\"wc-block-product-categories-list-item__name\">Geneva Heritage<\/span><\/a><span class=\"wc-block-product-categories-list-item-count\"><span aria-hidden=\"true\">2<\/span><span class=\"screen-reader-text\">2 Produkte<\/span><\/span>\t\t\t\t<\/li>\t\t\t\t\t\t\t<li class=\"wc-block-product-categories-list-item\">\t\t\t\t\t<a style=\"\" href=\"https:\/\/genevainstruments.com\/de\/product-category\/geneva-lineage\/\"><span class=\"wc-block-product-categories-list-item__name\">Geneva Lineage<\/span><\/a><span class=\"wc-block-product-categories-list-item-count\"><span aria-hidden=\"true\">3<\/span><span class=\"screen-reader-text\">3 Produkte<\/span><\/span>\t\t\t\t<\/li>\t\t\t<\/ul><\/div>\n\n<div><h3>Range<\/h3><ul class=\"product-attributes-list\"><li><a href=\"https:\/\/genevainstruments.com\/de\/range\/geneva-cardinal-instrumente\/\">Geneva Cardinal Instrumente<\/a><\/li> <li><a href=\"https:\/\/genevainstruments.com\/de\/range\/geneva-heritage-instrumente\/\">Geneva Heritage Instrumente<\/a><\/li> <li><a href=\"https:\/\/genevainstruments.com\/de\/range\/lineage-pro-saxophonreihe\/\">Lineage Pro Saxophonreihe<\/a><\/ul><\/div><\/div>\n\n<\/div><\/div>\n<\/div>\n<\/div>\n<\/div>","protected":false},"excerpt":{"rendered":"<p>Geneva Instruments Finden Sie musikalische Instrumente von Geneva, Produktkategorien, Geneva Artists, die Geneva Foundation, Videos und mehr auf der Geneva Instruments-Website.Finden Sie auch Instrumente, die \u00fcber den National Plan for Music Education als zugelassener Instrumentenlieferant f\u00fcr das britische Bildungswesen erh\u00e4ltlich sind.<\/p>\n","protected":false},"author":1,"featured_media":10466,"parent":0,"menu_order":100,"comment_status":"closed","ping_status":"closed","template":"","meta":{"_acf_changed":false,"footnotes":""},"class_list":["post-19072","page","type-page","status-publish","has-post-thumbnail","hentry","sales-flash-overlay","woocommerce-text-align-left","woocommerce-image-align-center","do-quantity-buttons"],"acf":[],"_links":{"self":[{"href":"https:\/\/genevainstruments.com\/de\/wp-json\/wp\/v2\/pages\/19072","targetHints":{"allow":["GET"]}}],"collection":[{"href":"https:\/\/genevainstruments.com\/de\/wp-json\/wp\/v2\/pages"}],"about":[{"href":"https:\/\/genevainstruments.com\/de\/wp-json\/wp\/v2\/types\/page"}],"author":[{"embeddable":true,"href":"https:\/\/genevainstruments.com\/de\/wp-json\/wp\/v2\/users\/1"}],"replies":[{"embeddable":true,"href":"https:\/\/genevainstruments.com\/de\/wp-json\/wp\/v2\/comments?post=19072"}],"version-history":[{"count":1,"href":"https:\/\/genevainstruments.com\/de\/wp-json\/wp\/v2\/pages\/19072\/revisions"}],"predecessor-version":[{"id":19075,"href":"https:\/\/genevainstruments.com\/de\/wp-json\/wp\/v2\/pages\/19072\/revisions\/19075"}],"wp:featuredmedia":[{"embeddable":true,"href":"https:\/\/genevainstruments.com\/de\/wp-json\/wp\/v2\/media\/10466"}],"wp:attachment":[{"href":"https:\/\/genevainstruments.com\/de\/wp-json\/wp\/v2\/media?parent=19072"}],"curies":[{"name":"wp","href":"https:\/\/api.w.org\/{rel}","templated":true}]}}