{"id":11051,"date":"2024-11-10T10:27:01","date_gmt":"2024-11-10T10:27:01","guid":{"rendered":"https:\/\/geneva.viacreative.co\/product\/b-a-piccolotrompete-geneva-cardinal\/"},"modified":"2026-01-16T08:38:47","modified_gmt":"2026-01-16T08:38:47","slug":"b-a-piccolotrompete-geneva-cardinal","status":"publish","type":"product","link":"https:\/\/genevainstruments.com\/de\/produkt\/b-a-piccolotrompete-geneva-cardinal\/","title":{"rendered":"B\/A-Piccolotrompete \u2013 Geneva Cardinal"},"content":{"rendered":"<h1 data-start=\"336\" data-end=\"394\">Geneva Cardinal B\/A-Piccolotrompete<\/h1>\n<h2 data-start=\"336\" data-end=\"394\">Eine erstklassige Piccolotrompete, entwickelt f\u00fcr den anspruchsvollen Musiker<\/h2>\n<p data-start=\"396\" data-end=\"677\">Die <strong data-start=\"400\" data-end=\"429\">Geneva Cardinal Piccolotrompete<\/strong> ist das Ergebnis eines Vierteljahrhunderts kontinuierlicher Forschung und Entwicklung. Entwickelt f\u00fcr Musiker, die \u00fcberragenden Klang, makellose Intonation und tadellose Handwerkskunst verlangen, repr\u00e4sentiert diese Premium-Piccolotrompete den H\u00f6hepunkt der neuesten Innovationen und des puren Luxus der Blechblasinstrumente von Geneva. <\/p>\n<hr data-start=\"679\" data-end=\"682\">\n<p data-start=\"684\" data-end=\"700\"><strong>Hauptmerkmale<\/strong><\/p>\n<ul data-start=\"702\" data-end=\"1349\">\n<li data-start=\"702\" data-end=\"815\">\n<p data-start=\"704\" data-end=\"815\"><strong data-start=\"704\" data-end=\"732\">Einzigartiges Venturi-Mundrohr<\/strong><br data-start=\"732\" data-end=\"735\">Verbessert die Klangprojektion und sorgt f\u00fcr ein sanftes, m\u00fcheloses Spielerlebnis.<\/p>\n<\/li>\n<li data-start=\"817\" data-end=\"910\">\n<p data-start=\"819\" data-end=\"910\"><strong data-start=\"819\" data-end=\"841\">Handgeh\u00e4mmerter Schallbecher<\/strong><br data-start=\"841\" data-end=\"844\">Mit handwerklicher Pr\u00e4zision gefertigt, um einen reichen, resonanten Klang zu erzeugen.<\/p>\n<\/li>\n<\/ul>\n<ul>\n<li><strong data-start=\"819\" data-end=\"841\">Handgraviert<\/strong><br data-start=\"841\" data-end=\"844\">Mit handwerklicher Pr\u00e4zision und dekorativer Gravur gefertigt.<\/li>\n<\/ul>\n<ul data-start=\"702\" data-end=\"1349\">\n<li data-start=\"912\" data-end=\"989\">\n<p data-start=\"914\" data-end=\"989\"><strong data-start=\"914\" data-end=\"937\">Ma\u00dfgeschneiderte Metalllegierung<\/strong><br data-start=\"937\" data-end=\"940\">Entwickelt f\u00fcr Langlebigkeit und klangliche Komplexit\u00e4t.<\/p>\n<\/li>\n<li data-start=\"991\" data-end=\"1087\">\n<p data-start=\"993\" data-end=\"1087\"><strong data-start=\"993\" data-end=\"1013\">Ergonomisches Design<\/strong><br data-start=\"1013\" data-end=\"1016\">Bequem zu halten und einfach zu kontrollieren bei l\u00e4ngeren Darbietungen.<\/p>\n<\/li>\n<li data-start=\"1217\" data-end=\"1349\">\n<p data-start=\"1219\" data-end=\"1349\"><strong data-start=\"1219\" data-end=\"1252\">Veredelte Schwarz-Nickel-Beschichtung<\/strong><br data-start=\"1252\" data-end=\"1255\">Eine elegante neue Oberfl\u00e4che, die durch unsere Investition in Produktionstechnologie der n\u00e4chsten Generation erm\u00f6glicht wurde.<\/p>\n<\/li>\n<\/ul>\n<hr data-start=\"1351\" data-end=\"1354\">\n<p data-start=\"1356\" data-end=\"1394\"><strong>Warum das Cardinal w\u00e4hlen?<\/strong><\/p>\n<p data-start=\"1396\" data-end=\"1703\">Ob Sie Solist, Ensemblemusiker oder Bandleader sind, die <strong data-start=\"1459\" data-end=\"1481\">Cardinal B\/A-Piccolotrompete<\/strong> liefert die Qualit\u00e4t und Leistung, die von Profis weltweit gefordert wird. Von f\u00fchrenden Musikern in Gro\u00dfbritannien, Europa, den USA, Japan und Australien verwendet, setzt dieses Instrument einen neuen Standard im handgefertigten Blechblasinstrumentenbau. <\/p>\n<hr data-start=\"1705\" data-end=\"1708\">\n<p data-start=\"1710\" data-end=\"1726\"><strong>Roadtesting \u2013 <a href=\"https:\/\/genevainstruments.com\/de\/testen-bevor-sie-kaufen\/\">Vor dem Kauf testen<\/a><\/strong><\/p>\n<p data-start=\"1728\" data-end=\"2030\">Wenn Sie auf der Suche nach einem neuen Instrument sind und die <strong data-start=\"1736\" data-end=\"1758\">Cardinal B\/A-Piccolotrompete<\/strong> noch nicht getestet haben und Sie diese ausprobieren m\u00f6chten, f\u00fcllen Sie bitte das Formular \u201eTesten vor dem Kauf\u201c aus; es gibt Optionen, egal in welchem Land Sie wohnen.<\/p>\n<hr data-start=\"2303\" data-end=\"2306\">\n<p data-start=\"153\" data-end=\"194\"><strong>Bestellen Sie noch heute Ihre Cardinal<\/strong><\/p>\n<p data-start=\"196\" data-end=\"354\">Bereit, Ihre Leistung zu steigern? Die <strong data-start=\"235\" data-end=\"257\">Cardinal B\/A-Piccolotrompete<\/strong> bietet un\u00fcbertroffene musikalische Pr\u00e4zision, Kraft und Handwerkskunst, der Top-Spieler weltweit vertrauen. <\/p>\n<p data-start=\"356\" data-end=\"594\">Sie k\u00f6nnen <strong data-start=\"364\" data-end=\"404\">direkt \u00fcber diesen Online-Shop kaufen<\/strong> oder, wenn Sie eine pers\u00f6nlichere Betreuung bevorzugen oder Hilfe bei der Auswahl des richtigen Modells ben\u00f6tigen, senden Sie einfach eine <strong data-start=\"494\" data-end=\"573\">E-Mail an <a class=\"decorated-link cursor-pointer\" rel=\"noopener\" data-start=\"508\" data-end=\"571\">info@genevainstruments.com<\/a><\/strong>, um Ihre Bestellung aufzugeben.<\/p>\n<p data-start=\"596\" data-end=\"702\">Wie auch immer Sie sich entscheiden, unser Team ist hier, um Ihnen zu helfen, das perfekte Cardinal f\u00fcr Ihre musikalische Reise zu finden.<\/p>\n<hr data-start=\"2032\" data-end=\"2035\">\n<p>&nbsp;<\/p>\n<p>&nbsp;<\/p>\n","protected":false},"excerpt":{"rendered":"<p>B\/A-Piccolotrompete \u2013 Cardinal \u2013 Professionell. Sehen Sie sich das Video dieses Instruments an\u2026 <\/p>\n","protected":false},"featured_media":11053,"comment_status":"closed","ping_status":"closed","template":"","meta":{"_acf_changed":false},"product_brand":[192],"product_cat":[287],"product_tag":[],"class_list":{"0":"post-11051","1":"product","2":"type-product","3":"status-publish","4":"has-post-thumbnail","6":"product_brand-geneva-instruments","7":"product_cat-geneva-cardinal-instrumente","8":"product_shipping_class-klein","9":"pa_range-geneva-cardinal-instrumente","10":"sales-flash-overlay","11":"woocommerce-text-align-left","12":"woocommerce-image-align-center","13":"do-quantity-buttons","15":"first","16":"instock","17":"taxable","18":"shipping-taxable","19":"purchasable","20":"product-type-variable"},"acf":[],"_links":{"self":[{"href":"https:\/\/genevainstruments.com\/de\/wp-json\/wp\/v2\/product\/11051","targetHints":{"allow":["GET"]}}],"collection":[{"href":"https:\/\/genevainstruments.com\/de\/wp-json\/wp\/v2\/product"}],"about":[{"href":"https:\/\/genevainstruments.com\/de\/wp-json\/wp\/v2\/types\/product"}],"replies":[{"embeddable":true,"href":"https:\/\/genevainstruments.com\/de\/wp-json\/wp\/v2\/comments?post=11051"}],"wp:featuredmedia":[{"embeddable":true,"href":"https:\/\/genevainstruments.com\/de\/wp-json\/wp\/v2\/media\/11053"}],"wp:attachment":[{"href":"https:\/\/genevainstruments.com\/de\/wp-json\/wp\/v2\/media?parent=11051"}],"wp:term":[{"taxonomy":"product_brand","embeddable":true,"href":"https:\/\/genevainstruments.com\/de\/wp-json\/wp\/v2\/product_brand?post=11051"},{"taxonomy":"product_cat","embeddable":true,"href":"https:\/\/genevainstruments.com\/de\/wp-json\/wp\/v2\/product_cat?post=11051"},{"taxonomy":"product_tag","embeddable":true,"href":"https:\/\/genevainstruments.com\/de\/wp-json\/wp\/v2\/product_tag?post=11051"}],"curies":[{"name":"wp","href":"https:\/\/api.w.org\/{rel}","templated":true}]}}