{"id":11147,"date":"2024-09-09T14:36:32","date_gmt":"2024-09-09T13:36:32","guid":{"rendered":"https:\/\/geneva.viacreative.co\/product\/eeb-tuba-geneva-cardinal\/"},"modified":"2026-01-16T08:38:48","modified_gmt":"2026-01-16T08:38:48","slug":"eeb-tuba-geneva-cardinal","status":"publish","type":"product","link":"https:\/\/genevainstruments.com\/de\/produkt\/eeb-tuba-geneva-cardinal\/","title":{"rendered":"EEb Tuba \u2013 Geneva Cardinal"},"content":{"rendered":"<h1 data-start=\"336\" data-end=\"394\">Cardinal EEb Tuba<\/h1>\n<h2 data-start=\"336\" data-end=\"394\">Eine Weltklasse EEb Tuba, konzipiert f\u00fcr den anspruchsvollen Musiker<\/h2>\n<p data-start=\"396\" data-end=\"677\">Die <strong data-start=\"400\" data-end=\"429\">Geneva Cardinal EEb Tuba<\/strong> ist das Ergebnis eines Vierteljahrhunderts kontinuierlicher Forschung und Entwicklung. Entwickelt f\u00fcr Musiker, die \u00fcberragenden Klang, makellose Intonation und tadellose Handwerkskunst verlangen, repr\u00e4sentiert dieses Premium-Instrument den H\u00f6hepunkt der neuesten Innovationen von Geneva im Bereich der Blechblasinstrumente \u2013 purer Luxus. <\/p>\n<hr data-start=\"679\" data-end=\"682\">\n<p data-start=\"684\" data-end=\"700\"><strong>Hauptmerkmale<\/strong><\/p>\n<ul data-start=\"702\" data-end=\"1349\">\n<li data-start=\"702\" data-end=\"815\">\n<p data-start=\"704\" data-end=\"815\"><strong data-start=\"704\" data-end=\"732\">Einzigartiges Venturi-Mundrohr<\/strong><br data-start=\"732\" data-end=\"735\">Verbessert die Klangprojektion und sorgt f\u00fcr ein sanftes, m\u00fcheloses Spielerlebnis.<\/p>\n<\/li>\n<li data-start=\"817\" data-end=\"910\">\n<p data-start=\"819\" data-end=\"910\"><strong data-start=\"819\" data-end=\"841\">Handgeh\u00e4mmerter Schallbecher<\/strong><br data-start=\"841\" data-end=\"844\">Mit handwerklicher Pr\u00e4zision gefertigt, um einen reichen, resonanten Klang zu erzeugen.<\/p>\n<\/li>\n<\/ul>\n<ul>\n<li><strong data-start=\"819\" data-end=\"841\">Handgraviert<\/strong><br data-start=\"841\" data-end=\"844\">Mit handwerklicher Pr\u00e4zision gefertigt, mit dekorativer Gravur des Genfer Greifs.<\/li>\n<\/ul>\n<ul data-start=\"702\" data-end=\"1349\">\n<li data-start=\"912\" data-end=\"989\">\n<p data-start=\"914\" data-end=\"989\"><strong data-start=\"914\" data-end=\"937\">Ma\u00dfgeschneiderte Metalllegierung<\/strong><br data-start=\"937\" data-end=\"940\">Entwickelt f\u00fcr Langlebigkeit und klangliche Komplexit\u00e4t.<\/p>\n<\/li>\n<li data-start=\"991\" data-end=\"1087\">\n<p data-start=\"993\" data-end=\"1087\"><strong data-start=\"993\" data-end=\"1013\">Ergonomisches Design<\/strong><br data-start=\"1013\" data-end=\"1016\">Bequem zu halten und einfach zu kontrollieren bei l\u00e4ngeren Darbietungen.<\/p>\n<\/li>\n<li data-start=\"1089\" data-end=\"1215\">\n<p data-start=\"1091\" data-end=\"1215\"><strong data-start=\"1091\" data-end=\"1112\">Paddle-Stimmhebel-Design<\/strong><br data-start=\"1112\" data-end=\"1115\">Entwickelt in Zusammenarbeit mit Gavin Saynor f\u00fcr verbesserte Ansprache und Haptik.<\/p>\n<\/li>\n<li data-start=\"1217\" data-end=\"1349\">\n<p data-start=\"1219\" data-end=\"1349\"><strong data-start=\"1219\" data-end=\"1252\">Verbesserte Schwarz-Nickel-Beschichtung<\/strong><br data-start=\"1252\" data-end=\"1255\">Eine elegante neue Oberfl\u00e4che, erm\u00f6glicht durch unsere Investition in Produktionstechnologie der n\u00e4chsten Generation.<\/p>\n<\/li>\n<\/ul>\n<hr data-start=\"1351\" data-end=\"1354\">\n<h2 data-start=\"1356\" data-end=\"1394\">Warum das Cardinal w\u00e4hlen?<\/h2>\n<p data-start=\"1396\" data-end=\"1703\">Ob Sie Solist, Ensemblespieler oder Bandleader sind, die <strong>Geneva Cardinal Range <\/strong> bietet die Qualit\u00e4t und Leistung, die von Profis weltweit gefordert wird. Dieses Instrument wird von f\u00fchrenden Musikern in Gro\u00dfbritannien, Europa, den USA, Japan und Australien verwendet und setzt einen neuen Standard im handgefertigten Blechblasinstrumentenbau. <\/p>\n<hr data-start=\"1705\" data-end=\"1708\">\n<p data-start=\"1710\" data-end=\"1726\"><strong>Roadtesting \u2013 <a href=\"https:\/\/genevainstruments.com\/de\/testen-bevor-sie-kaufen\/\">Vor dem Kauf testen<\/a><\/strong><\/p>\n<p data-start=\"1728\" data-end=\"2030\">Wenn Sie auf der Suche nach einem neuen Instrument sind und die <strong data-start=\"1736\" data-end=\"1758\">Cardinal EEb Tuba<\/strong> noch nicht getestet haben und diese ausprobieren m\u00f6chten, f\u00fcllen Sie bitte das Formular \u201eTesten vor dem Kauf\u201c aus; es gibt Optionen, egal in welchem Land Sie wohnen.<\/p>\n<hr data-start=\"2303\" data-end=\"2306\">\n<p data-start=\"153\" data-end=\"194\"><strong>Bestellen Sie Ihre Cardinal EEb Tuba noch heute<\/strong><\/p>\n<p data-start=\"196\" data-end=\"354\">Bereit, Ihre Leistung zu steigern? Die <strong>Geneva Cardinal Range <\/strong> bietet un\u00fcbertroffene musikalische Pr\u00e4zision, Kraft und Handwerkskunst, der Top-Spieler weltweit vertrauen. <\/p>\n<p data-start=\"356\" data-end=\"594\">Sie k\u00f6nnen <strong data-start=\"364\" data-end=\"404\">direkt \u00fcber diesen Online-Shop kaufen<\/strong> oder, wenn Sie einen pers\u00f6nlicheren Ansatz bevorzugen, insbesondere f\u00fcr diejenigen au\u00dferhalb Gro\u00dfbritanniens, oder Hilfe bei der Auswahl des richtigen Modells ben\u00f6tigen, senden Sie uns einfach eine <strong data-start=\"494\" data-end=\"573\">E-Mail an <a class=\"decorated-link cursor-pointer\" href=\"mailto:info@genevainstruments.com\" rel=\"noopener\" data-start=\"508\" data-end=\"571\">info@genevainstruments.com<\/a><\/strong>, um Ihre Bestellung aufzugeben.<\/p>\n<p data-start=\"596\" data-end=\"702\">Wie auch immer Sie sich entscheiden, unser Team ist hier, um Ihnen zu helfen, das perfekte Cardinal f\u00fcr Ihre musikalische Reise zu finden.<\/p>\n<hr data-start=\"2032\" data-end=\"2035\">\n<p data-start=\"2037\" data-end=\"2057\"><strong>Was K\u00fcnstler sagen<\/strong><\/p>\n<p>\u201eWas ich m\u00f6chte, ist ein Instrument, das mir in allen Registern die volle Kontrolle gibt, mit den \u00c4nderungen, die wir an diesem Instrument vorgenommen haben, ist es perfekt f\u00fcr mich und ich bin sicher, das wird es auch f\u00fcr Sie sein.\u201c<\/p>\n<p style=\"text-align: left;\"><strong>Gavin Saynor<\/strong><br \/>\nvirtuoser professioneller Tubist<br \/>\nGeneva Performance- &amp; Entwicklungs-K\u00fcnstler<\/p>\n<p style=\"text-align: center;\"><strong>\u201eHartschalenkoffer im Lieferumfang des Instruments enthalten.\u201c<\/strong><\/p>\n","protected":false},"excerpt":{"rendered":"<p>Geneva Instrumente EEb Tuba \u2013 Geneva Cardinal \u2013 professionell<\/p>\n","protected":false},"featured_media":11149,"comment_status":"closed","ping_status":"closed","template":"","meta":{"_acf_changed":false},"product_brand":[192],"product_cat":[287],"product_tag":[491],"class_list":{"0":"post-11147","1":"product","2":"type-product","3":"status-publish","4":"has-post-thumbnail","6":"product_brand-geneva-instruments","7":"product_cat-geneva-cardinal-instrumente","8":"product_tag-eeb-tuba","9":"product_shipping_class-extra-gros","10":"pa_range-geneva-cardinal-instrumente","11":"sales-flash-overlay","12":"woocommerce-text-align-left","13":"woocommerce-image-align-center","14":"do-quantity-buttons","15":"wc-has-gallery","17":"first","18":"instock","19":"taxable","20":"shipping-taxable","21":"purchasable","22":"product-type-variable"},"acf":[],"_links":{"self":[{"href":"https:\/\/genevainstruments.com\/de\/wp-json\/wp\/v2\/product\/11147","targetHints":{"allow":["GET"]}}],"collection":[{"href":"https:\/\/genevainstruments.com\/de\/wp-json\/wp\/v2\/product"}],"about":[{"href":"https:\/\/genevainstruments.com\/de\/wp-json\/wp\/v2\/types\/product"}],"replies":[{"embeddable":true,"href":"https:\/\/genevainstruments.com\/de\/wp-json\/wp\/v2\/comments?post=11147"}],"wp:featuredmedia":[{"embeddable":true,"href":"https:\/\/genevainstruments.com\/de\/wp-json\/wp\/v2\/media\/11149"}],"wp:attachment":[{"href":"https:\/\/genevainstruments.com\/de\/wp-json\/wp\/v2\/media?parent=11147"}],"wp:term":[{"taxonomy":"product_brand","embeddable":true,"href":"https:\/\/genevainstruments.com\/de\/wp-json\/wp\/v2\/product_brand?post=11147"},{"taxonomy":"product_cat","embeddable":true,"href":"https:\/\/genevainstruments.com\/de\/wp-json\/wp\/v2\/product_cat?post=11147"},{"taxonomy":"product_tag","embeddable":true,"href":"https:\/\/genevainstruments.com\/de\/wp-json\/wp\/v2\/product_tag?post=11147"}],"curies":[{"name":"wp","href":"https:\/\/api.w.org\/{rel}","templated":true}]}}