{"id":11704,"date":"2024-11-10T10:14:30","date_gmt":"2024-11-10T10:14:30","guid":{"rendered":"https:\/\/geneva.viacreative.co\/product\/c-trompete-geneva-cardinal\/"},"modified":"2025-12-02T16:02:38","modified_gmt":"2025-12-02T16:02:38","slug":"c-trompete-geneva-cardinal","status":"publish","type":"product","link":"https:\/\/genevainstruments.com\/de\/produkt\/c-trompete-geneva-cardinal\/","title":{"rendered":"C-Trompete &#8211; Geneva Cardinal"},"content":{"rendered":"<h1 data-start=\"336\" data-end=\"394\">Geneva Cardinal C-Trompete<\/h1>\n<h2 data-start=\"336\" data-end=\"394\">Eine Weltklasse C-Trompete f\u00fcr den ernsthaften Musiker<\/h2>\n<p data-start=\"396\" data-end=\"677\">Die <strong data-start=\"400\" data-end=\"429\">Geneva Cardinal C-Trompete<\/strong> ist das Ergebnis eines Vierteljahrhunderts kontinuierlicher Forschung und Entwicklung. Gebaut f\u00fcr Musiker, die \u00fcberragenden Klang, makellose Intonation und tadellose Handwerkskunst verlangen, repr\u00e4sentiert diese Premium-Trompete den H\u00f6hepunkt der neuesten Innovationen von Geneva im Bereich der Blechblasinstrumente und bietet puren Luxus. <\/p>\n<hr data-start=\"679\" data-end=\"682\">\n<p data-start=\"684\" data-end=\"700\"><strong>Hauptmerkmale<\/strong><\/p>\n<ul data-start=\"702\" data-end=\"1349\">\n<li data-start=\"702\" data-end=\"815\">\n<p data-start=\"704\" data-end=\"815\"><strong data-start=\"704\" data-end=\"732\">Einzigartiges Venturi-Mundrohr (2025)<\/strong><br data-start=\"732\" data-end=\"735\">Verbessert die Klangprojektion und sorgt f\u00fcr ein sanftes, m\u00fcheloses Spielerlebnis.<\/p>\n<\/li>\n<li data-start=\"817\" data-end=\"910\">\n<p data-start=\"819\" data-end=\"910\"><strong data-start=\"819\" data-end=\"841\">Handgeh\u00e4mmerter Schallbecher<\/strong><br data-start=\"841\" data-end=\"844\">Mit handwerklicher Pr\u00e4zision gefertigt, um einen vollen, resonanten Klang zu erzeugen.<\/p>\n<\/li>\n<\/ul>\n<ul>\n<li><strong data-start=\"819\" data-end=\"841\">Handgraviert<\/strong><br data-start=\"841\" data-end=\"844\">Mit handwerklicher Pr\u00e4zision gefertigt und mit dekorativen Gravuren versehen.<\/li>\n<\/ul>\n<ul data-start=\"702\" data-end=\"1349\">\n<li data-start=\"912\" data-end=\"989\">\n<p data-start=\"914\" data-end=\"989\"><strong data-start=\"914\" data-end=\"937\">Ma\u00dfgeschneiderte Metalllegierung<\/strong><br data-start=\"937\" data-end=\"940\">Entwickelt f\u00fcr Langlebigkeit und klangliche Komplexit\u00e4t.<\/p>\n<\/li>\n<li data-start=\"991\" data-end=\"1087\">\n<p data-start=\"993\" data-end=\"1087\"><strong data-start=\"993\" data-end=\"1013\">Ergonomisches Design<\/strong><br data-start=\"1013\" data-end=\"1016\">Bequem zu halten und leicht zu kontrollieren bei l\u00e4ngeren Auftritten.<\/p>\n<\/li>\n<li data-start=\"1089\" data-end=\"1215\">\n<p data-start=\"1091\" data-end=\"1215\"><strong data-start=\"1091\" data-end=\"1112\">Neues Paddle-Design<\/strong><br data-start=\"1112\" data-end=\"1115\">Entwickelt in Zusammenarbeit mit Richard Marshall f\u00fcr verbesserte Ansprache und Spielgef\u00fchl.<\/p>\n<\/li>\n<li data-start=\"1217\" data-end=\"1349\">\n<p data-start=\"1219\" data-end=\"1349\"><strong data-start=\"1219\" data-end=\"1252\">Verbesserte Schwarz-Nickel-Beschichtung<\/strong><br data-start=\"1252\" data-end=\"1255\">Ein elegantes neues Finish, das durch unsere Investition in Produktionstechnologie der n\u00e4chsten Generation erm\u00f6glicht wurde.<\/p>\n<\/li>\n<\/ul>\n<hr data-start=\"1351\" data-end=\"1354\">\n<p data-start=\"1356\" data-end=\"1394\"><strong>Warum sollten Sie die Geneva Cardinal Serie w\u00e4hlen?<\/strong><\/p>\n<p data-start=\"1396\" data-end=\"1703\">Ob Sie Solist, Ensemblemusiker oder Bandleader sind, die <strong data-start=\"1459\" data-end=\"1481\">Cardinal C-Trompete<\/strong> bietet die Qualit\u00e4t und Leistung, die von Profis weltweit gefordert wird. Von f\u00fchrenden Musikern in Gro\u00dfbritannien, Europa, den USA, Japan und Australien verwendet, setzt dieses Instrument einen neuen Standard im handgefertigten Blechblasinstrumentenbau. <\/p>\n<hr data-start=\"1705\" data-end=\"1708\">\n<p data-start=\"1710\" data-end=\"1726\"><strong>Roadtesting \u2013 <a href=\"https:\/\/genevainstruments.com\/de\/testen-bevor-sie-kaufen\/\">Vor dem Kauf testen<\/a><\/strong><\/p>\n<p data-start=\"1728\" data-end=\"2030\">Wenn Sie auf der Suche nach einem neuen Instrument sind und die <strong data-start=\"1736\" data-end=\"1758\">Cardinal C-Trompete<\/strong> noch nicht getestet haben und diese ausprobieren m\u00f6chten, f\u00fcllen Sie bitte das Formular \u201eTesten vor dem Kauf\u201c aus. Es gibt Optionen, unabh\u00e4ngig davon, in welchem Land Sie wohnen.<\/p>\n<hr data-start=\"2303\" data-end=\"2306\">\n<p data-start=\"153\" data-end=\"194\"><strong>Bestellen Sie noch heute Ihre Cardinal<\/strong><\/p>\n<p data-start=\"196\" data-end=\"354\">Bereit, Ihre Leistung zu steigern? Die <strong data-start=\"235\" data-end=\"257\">Cardinal C-Trompete<\/strong> bietet un\u00fcbertroffene musikalische Pr\u00e4zision, Kraft und Handwerkskunst, der Top-Spieler weltweit vertrauen. <\/p>\n<p data-start=\"356\" data-end=\"594\">Sie k\u00f6nnen <strong data-start=\"364\" data-end=\"404\">direkt \u00fcber diesen Online-Shop kaufen<\/strong> oder, wenn Sie eine pers\u00f6nlichere Betreuung bevorzugen oder Hilfe bei der Auswahl des richtigen Modells ben\u00f6tigen, senden Sie einfach eine <strong data-start=\"494\" data-end=\"573\">E-Mail an <a class=\"decorated-link cursor-pointer\" rel=\"noopener\" data-start=\"508\" data-end=\"571\">info@genevainstruments.com<\/a><\/strong>, um Ihre Bestellung aufzugeben.<\/p>\n<p data-start=\"596\" data-end=\"702\">Wie auch immer Sie sich entscheiden, unser Team ist hier, um Ihnen zu helfen, das perfekte Cardinal f\u00fcr Ihre musikalische Reise zu finden.<\/p>\n<hr data-start=\"2032\" data-end=\"2035\">\n<p>&nbsp;<\/p>\n","protected":false},"excerpt":{"rendered":"<p>Geneva Instruments &#8211; C-Trompete &#8211; Symphony. Sehen Sie sich das Video dieses Instruments an\u2026 <\/p>\n","protected":false},"featured_media":11705,"comment_status":"closed","ping_status":"closed","template":"","meta":{"_acf_changed":false},"product_brand":[192],"product_cat":[287],"product_tag":[619],"class_list":{"0":"post-11704","1":"product","2":"type-product","3":"status-publish","4":"has-post-thumbnail","6":"product_brand-geneva-instruments","7":"product_cat-geneva-cardinal-instrumente","8":"product_tag-c-trompete-symphony","9":"product_shipping_class-klein","10":"pa_range-geneva-cardinal-instrumente","11":"sales-flash-overlay","12":"woocommerce-text-align-left","13":"woocommerce-image-align-center","14":"do-quantity-buttons","16":"first","17":"instock","18":"taxable","19":"shipping-taxable","20":"purchasable","21":"product-type-variable"},"acf":[],"_links":{"self":[{"href":"https:\/\/genevainstruments.com\/de\/wp-json\/wp\/v2\/product\/11704","targetHints":{"allow":["GET"]}}],"collection":[{"href":"https:\/\/genevainstruments.com\/de\/wp-json\/wp\/v2\/product"}],"about":[{"href":"https:\/\/genevainstruments.com\/de\/wp-json\/wp\/v2\/types\/product"}],"replies":[{"embeddable":true,"href":"https:\/\/genevainstruments.com\/de\/wp-json\/wp\/v2\/comments?post=11704"}],"wp:featuredmedia":[{"embeddable":true,"href":"https:\/\/genevainstruments.com\/de\/wp-json\/wp\/v2\/media\/11705"}],"wp:attachment":[{"href":"https:\/\/genevainstruments.com\/de\/wp-json\/wp\/v2\/media?parent=11704"}],"wp:term":[{"taxonomy":"product_brand","embeddable":true,"href":"https:\/\/genevainstruments.com\/de\/wp-json\/wp\/v2\/product_brand?post=11704"},{"taxonomy":"product_cat","embeddable":true,"href":"https:\/\/genevainstruments.com\/de\/wp-json\/wp\/v2\/product_cat?post=11704"},{"taxonomy":"product_tag","embeddable":true,"href":"https:\/\/genevainstruments.com\/de\/wp-json\/wp\/v2\/product_tag?post=11704"}],"curies":[{"name":"wp","href":"https:\/\/api.w.org\/{rel}","templated":true}]}}