{"id":12100,"date":"2024-09-09T14:36:45","date_gmt":"2024-09-09T13:36:45","guid":{"rendered":"https:\/\/geneva.viacreative.co\/product\/b-kornett-geneva-heritage-philip-mccann\/"},"modified":"2026-01-16T08:38:55","modified_gmt":"2026-01-16T08:38:55","slug":"b-kornett-geneva-heritage-philip-mccann","status":"publish","type":"product","link":"https:\/\/genevainstruments.com\/de\/produkt\/b-kornett-geneva-heritage-philip-mccann\/","title":{"rendered":"B-Kornett \u2013 Geneva Heritage (Philip McCann)"},"content":{"rendered":"<h3 data-start=\"278\" data-end=\"309\"><strong data-start=\"282\" data-end=\"307\">Geneva Heritage-Reihe<\/strong><\/h3>\n<p data-start=\"310\" data-end=\"361\"><strong data-start=\"310\" data-end=\"361\">F\u00fcr Tradition geschaffen. F\u00fcr Exzellenz entwickelt. <\/strong><\/p>\n<p data-start=\"363\" data-end=\"639\">Die <em data-start=\"367\" data-end=\"384\">Geneva Heritage<\/em> Reihe repr\u00e4sentiert den Gipfel des reinen, ausdrucksstarken Klangs. Diese au\u00dfergew\u00f6hnliche Serie wurde speziell f\u00fcr den traditionellen Brassband-Markt in Gro\u00dfbritannien entwickelt und befindet sich seit \u00fcber 16 Jahren in der Entwicklung \u2013 wobei die Grenzen der Blechblasinstrumenten-Handwerkskunst verschoben wurden.<\/p>\n<p data-start=\"641\" data-end=\"968\">Jedes Instrument der Heritage-Reihe beinhaltet einzigartige Designinnovationen, darunter ein sorgf\u00e4ltig konstruiertes Mundrohr mit einer allm\u00e4hlichen Verj\u00fcngung von Venturi zu Ventil. Dies f\u00fchrt zu einem kontrollierteren Spielgef\u00fchl und einem leicht erh\u00f6hten Widerstand im Vergleich zur <em data-start=\"895\" data-end=\"912\">Geneva Cardinal<\/em>-Reihe \u2013 ideal f\u00fcr Spieler, die Pr\u00e4zision und Ansprache suchen. <\/p>\n<p data-start=\"970\" data-end=\"1278\">Die Heritage-Reihe ist aus hochwertigem Gelbmessing gefertigt und bietet die Leistung und tonale Integrit\u00e4t eines Premium-Instruments zu einem erschwinglichen Preis \u2013 ohne Kompromisse bei Klang oder Intonation. F\u00fcr viele Spieler bedeutet dies eine verbesserte Kontrolle und Konsistenz \u00fcber alle Register und Dynamiken hinweg. <\/p>\n<p data-start=\"1280\" data-end=\"1475\">Die <em data-start=\"1358\" data-end=\"1368\">Heritage<\/em>-Reihe, die mittlerweile als eine der f\u00fchrenden Optionen in der Welt der Brassbands gilt, wird von renommierten internationalen Solisten und einigen der angesehensten Ensembles weltweit bevorzugt.<\/p>\n<hr data-start=\"1477\" data-end=\"1480\">\n<h3 data-start=\"1482\" data-end=\"1532\"><strong data-start=\"1486\" data-end=\"1530\">Wir pr\u00e4sentieren das Philip McCann &#8211; Geneva Heritage Kornett <\/strong><\/h3>\n<p data-start=\"1533\" data-end=\"1582\"><strong data-start=\"1533\" data-end=\"1582\">Eine besondere Zusammenarbeit mit Phillip McCann<\/strong><\/p>\n<blockquote data-start=\"1584\" data-end=\"1796\">\n<p data-start=\"1586\" data-end=\"1796\"><em data-start=\"1586\" data-end=\"1771\">\u201eWir alle haben eine einzigartige Stimme. Dieses Cardinal Heritage Kornett ist eine Erweiterung von IHNEN und erm\u00f6glicht es Ihnen, \u201aIhre musikalische Stimme\u2018 zu finden \u2026 das Ergebnis meiner Zusammenarbeit mit Geneva Instruments.\u201c<\/em><br data-start=\"1771\" data-end=\"1774\">\u2014 <strong data-start=\"1778\" data-end=\"1796\">Phillip McCann<\/strong><\/p>\n<\/blockquote>\n<p data-start=\"1798\" data-end=\"1998\">Wir f\u00fchlen uns geehrt, das <em data-start=\"1829\" data-end=\"1855\">Cardinal Heritage Cornet<\/em> zu pr\u00e4sentieren, ein Signature-Modell, das in Zusammenarbeit mit dem legend\u00e4ren <strong data-start=\"1921\" data-end=\"1939\">Phillip McCann<\/strong> entwickelt wurde \u2013 einer der angesehensten Pers\u00f6nlichkeiten in der Brassband-Welt.<\/p>\n<p data-start=\"2000\" data-end=\"2354\">Phillips Karriere begann im schottischen Bo\u2019ness bei der Kinneil Colliery Band und bl\u00fchte durch F\u00fchrungsrollen auf, darunter f\u00fcnf Jahre als Leiter der National Youth Brass Band of Great Britain. Als Principal Cornet der weltbekannten <strong data-start=\"2246\" data-end=\"2265\">Black Dyke Band<\/strong> w\u00e4hrend ihrer goldenen \u00c4ra trug Phillip dazu bei, einen ikonischen Klang zu formen, der bis heute verehrt wird. <\/p>\n<p data-start=\"2356\" data-end=\"2624\">Seine gefeierte <em data-start=\"2370\" data-end=\"2379\">Chandos<\/em> CD-Reihe, <em data-start=\"2391\" data-end=\"2428\">The World\u2019s Most Beautiful Melodies<\/em>, wird f\u00fcr ihren erhabenen Ton und ihre Musikalit\u00e4t gefeiert und regelm\u00e4\u00dfig auf <strong data-start=\"2503\" data-end=\"2516\">BBC Radio<\/strong> und <strong data-start=\"2521\" data-end=\"2535\">Classic FM<\/strong> gespielt. Seine Leidenschaft f\u00fcr ausdrucksstarke Darbietungen lebt nun in diesem Instrument in Sonderausgabe weiter.<\/p>\n<p data-start=\"2626\" data-end=\"2854\">Das <em data-start=\"2763\" data-end=\"2789\">Cardinal Heritage Cornet<\/em> wurde entwickelt, um den traditionellen, warmen Brassband-Sound mit au\u00dfergew\u00f6hnlicher Intonation und freier Ansprache \u00fcber alle Register hinweg zu emulieren, und gibt Musikern die Freiheit, ihre wahre musikalische Stimme auszudr\u00fccken.<\/p>\n<h3 data-start=\"1385\" data-end=\"1416\"><strong data-start=\"1389\" data-end=\"1416\">Bestellung &amp; Verf\u00fcgbarkeit<\/strong><\/h3>\n<p data-start=\"1418\" data-end=\"1667\">Wenn Ihr gew\u00e4hltes Instrument nicht vorr\u00e4tig ist, k\u00f6nnen Sie Ihren Kauf trotzdem online abschlie\u00dfen, mit einer gesch\u00e4tzten Vorlaufzeit von ca. 4 Wochen.<br data-start=\"1559\" data-end=\"1562\">Alternativ k\u00f6nnen Sie sich Ihren Platz in unserem Produktionsplan mit einer Anzahlung von 30 % sichern, indem Sie uns direkt kontaktieren:<\/p>\n<p data-start=\"1669\" data-end=\"1731\">\ud83d\udce7 <strong data-start=\"1672\" data-end=\"1702\"><a class=\"decorated-link cursor-pointer\" rel=\"noopener\" data-start=\"1674\" data-end=\"1700\">info@genevainstruments.com<\/a><\/strong><br data-start=\"1702\" data-end=\"1705\">\ud83d\udcde <strong data-start=\"1708\" data-end=\"1731\">+44 (0) 1642 714464<\/strong><\/p>\n","protected":false},"excerpt":{"rendered":"<p>B-Cornet &#8211; Geneva Heritage &#8211; Professional. Sehen Sie sich das Video zu diesem Instrument an. <\/p>\n","protected":false},"featured_media":12102,"comment_status":"closed","ping_status":"closed","template":"","meta":{"_acf_changed":false},"product_brand":[192],"product_cat":[287,532],"product_tag":[292],"class_list":{"0":"post-12100","1":"product","2":"type-product","3":"status-publish","4":"has-post-thumbnail","6":"product_brand-geneva-instruments","7":"product_cat-geneva-cardinal-instrumente","8":"product_cat-geneva-cardinal-kunstlermodelle","9":"product_tag-heritage-bb-kornett-professional","10":"product_shipping_class-klein","11":"pa_range-geneva-heritage-instrumente","12":"sales-flash-overlay","13":"woocommerce-text-align-left","14":"woocommerce-image-align-center","15":"do-quantity-buttons","16":"wc-has-gallery","18":"first","19":"instock","20":"taxable","21":"shipping-taxable","22":"purchasable","23":"product-type-variable"},"acf":[],"_links":{"self":[{"href":"https:\/\/genevainstruments.com\/de\/wp-json\/wp\/v2\/product\/12100","targetHints":{"allow":["GET"]}}],"collection":[{"href":"https:\/\/genevainstruments.com\/de\/wp-json\/wp\/v2\/product"}],"about":[{"href":"https:\/\/genevainstruments.com\/de\/wp-json\/wp\/v2\/types\/product"}],"replies":[{"embeddable":true,"href":"https:\/\/genevainstruments.com\/de\/wp-json\/wp\/v2\/comments?post=12100"}],"wp:featuredmedia":[{"embeddable":true,"href":"https:\/\/genevainstruments.com\/de\/wp-json\/wp\/v2\/media\/12102"}],"wp:attachment":[{"href":"https:\/\/genevainstruments.com\/de\/wp-json\/wp\/v2\/media?parent=12100"}],"wp:term":[{"taxonomy":"product_brand","embeddable":true,"href":"https:\/\/genevainstruments.com\/de\/wp-json\/wp\/v2\/product_brand?post=12100"},{"taxonomy":"product_cat","embeddable":true,"href":"https:\/\/genevainstruments.com\/de\/wp-json\/wp\/v2\/product_cat?post=12100"},{"taxonomy":"product_tag","embeddable":true,"href":"https:\/\/genevainstruments.com\/de\/wp-json\/wp\/v2\/product_tag?post=12100"}],"curies":[{"name":"wp","href":"https:\/\/api.w.org\/{rel}","templated":true}]}}