{"id":12557,"date":"2024-09-09T14:36:56","date_gmt":"2024-09-09T13:36:56","guid":{"rendered":"https:\/\/geneva.viacreative.co\/product\/sopransaxophon-lineage-pro\/"},"modified":"2025-12-21T08:26:05","modified_gmt":"2025-12-21T08:26:05","slug":"sopransaxophon-lineage-pro","status":"publish","type":"product","link":"https:\/\/genevainstruments.com\/de\/produkt\/sopransaxophon-lineage-pro\/","title":{"rendered":"Sopransaxophon \u2013 Lineage Pro"},"content":{"rendered":"<p>Dieses Sopransaxophon war eine der Erg\u00e4nzungen der Genfer Holzblasinstrumentenreihe im Jahr 2024, die sich aus unseren Lineage Professional-Modellen entwickelt hat. Wir nehmen jetzt Anfragen f\u00fcr Testl\u00e4ufe und Bestellungen f\u00fcr die Markteinf\u00fchrung im Herbst 2024 entgegen.<\/p>\n<p>Sein Konzept entspringt dem Wunsch, fortschrittlichen Musikern Holzblasinstrumente anzubieten, die ein kosteng\u00fcnstiges und langlebiges Instrument darstellen, das ohne Kompromisse bei den Designprinzipien funktioniert, die in unserer Lineage-Instrumentenreihe so erfolgreich sind.<\/p>\n<p>Wir haben diese neue Reihe erreicht, indem wir das Wissen und die Designf\u00e4higkeiten von Geneva einbezogen und gleichzeitig den Branchenma\u00dfstab f\u00fcr Live-Performance mit einer Philosophie gesetzt haben, die auf einer Partnerschaft aus Spitzentechnologie und traditioneller Handwerkskunst basiert.<\/p>\n<p>Das Ergebnis ist eine un\u00fcbertroffene Qualit\u00e4t des Bb-Sopransaxophons in einer Klasse, die eine L\u00f6sung f\u00fcr fortgeschrittene Holzbl\u00e4ser auf ihrem fortschrittlichen Weg zur professionellen Musikalit\u00e4t bietet.<\/p>\n<p>Wir empfehlen jedoch jedem Spieler, der ein fortgeschrittenes Holzblasinstrument sucht, dieses Lineage JTP auszuprobieren, bevor er seine Wahl trifft, denn einmal gespielt, nie vergessen, besonders im Vergleich zu seinem vergleichbaren Modell von den in Massenproduktion hergestellten globalen Marken.<\/p>\n<p>Das neue Instrument wird mit einem Hartschalenkoffer geliefert. Vorf\u00fchrmodelle werden mit einem Softcase geliefert. <\/p>\n","protected":false},"excerpt":{"rendered":"<p>Geneva Instruments \u2013 Bb-Sopransaxophon \u2013 Lineage JTP \u2013 Fortgeschritten.<\/p>\n<p>&nbsp;<\/p>\n","protected":false},"featured_media":12560,"comment_status":"closed","ping_status":"closed","template":"","meta":{"_acf_changed":false},"product_brand":[192],"product_cat":[738],"product_tag":[825],"class_list":{"0":"post-12557","1":"product","2":"type-product","3":"status-publish","4":"has-post-thumbnail","6":"product_brand-geneva-instruments","7":"product_cat-geneva-lineage","8":"product_tag-sopransaxophon","9":"product_shipping_class-klein","10":"pa_range-lineage-pro-saxophonreihe","11":"sales-flash-overlay","12":"woocommerce-text-align-left","13":"woocommerce-image-align-center","14":"do-quantity-buttons","16":"first","17":"instock","18":"taxable","19":"shipping-taxable","20":"purchasable","21":"product-type-variable"},"acf":[],"_links":{"self":[{"href":"https:\/\/genevainstruments.com\/de\/wp-json\/wp\/v2\/product\/12557","targetHints":{"allow":["GET"]}}],"collection":[{"href":"https:\/\/genevainstruments.com\/de\/wp-json\/wp\/v2\/product"}],"about":[{"href":"https:\/\/genevainstruments.com\/de\/wp-json\/wp\/v2\/types\/product"}],"replies":[{"embeddable":true,"href":"https:\/\/genevainstruments.com\/de\/wp-json\/wp\/v2\/comments?post=12557"}],"wp:featuredmedia":[{"embeddable":true,"href":"https:\/\/genevainstruments.com\/de\/wp-json\/wp\/v2\/media\/12560"}],"wp:attachment":[{"href":"https:\/\/genevainstruments.com\/de\/wp-json\/wp\/v2\/media?parent=12557"}],"wp:term":[{"taxonomy":"product_brand","embeddable":true,"href":"https:\/\/genevainstruments.com\/de\/wp-json\/wp\/v2\/product_brand?post=12557"},{"taxonomy":"product_cat","embeddable":true,"href":"https:\/\/genevainstruments.com\/de\/wp-json\/wp\/v2\/product_cat?post=12557"},{"taxonomy":"product_tag","embeddable":true,"href":"https:\/\/genevainstruments.com\/de\/wp-json\/wp\/v2\/product_tag?post=12557"}],"curies":[{"name":"wp","href":"https:\/\/api.w.org\/{rel}","templated":true}]}}