{"id":12592,"date":"2025-05-09T08:37:15","date_gmt":"2025-05-09T07:37:15","guid":{"rendered":"https:\/\/geneva.viacreative.co\/gane-un-cuarteto-de-cardinals\/"},"modified":"2025-12-29T17:31:13","modified_gmt":"2025-12-29T17:31:13","slug":"gane-un-cuarteto-de-cardinals","status":"publish","type":"page","link":"https:\/\/genevainstruments.com\/es\/gane-un-cuarteto-de-cardinals\/","title":{"rendered":"Actualizaci\u00f3n del concurso Cuarteto de Cardenales"},"content":{"rendered":"<div class=\"gb-container gb-container-281ff18e alignfull\">\n<div class=\"gb-container gb-container-c48a3e65\">\n\n<h3 class=\"gb-headline gb-headline-6af4d3d1 gb-headline-text\">El concurso Cuarteto de Cardenales se ha cerrado oficialmente.<\/h3>\n\n\n\n<p class=\"gb-headline gb-headline-c3449f9f gb-headline-text\">Celebrando un cuarto de siglo (2000-2025) de #ProgressInPlay<\/p>\n\n<\/div>\n\n<div class=\"gb-container gb-container-1d08b1d3\">\n\n<a class=\"gb-button gb-button-8caab664 smooth-scroll via-scroll\" href=\"#win\"><span class=\"gb-icon\"><svg xmlns:xlink=\"http:\/\/www.w3.org\/1999\/xlink\" xmlns=\"http:\/\/www.w3.org\/2000\/svg\" version=\"1.1\" viewbox=\"0 0 16 16\" height=\"48px\" width=\"48px\">\n  <rect fill=\"none\" id=\"icon-bound\" height=\"16\" width=\"16\"><\/rect>\n  <polygon points=\"8,13 0,5 16,5\"><\/polygon>\n<\/svg><\/span><\/a>\n\n<\/div>\n<\/div><div class=\"gb-container gb-container-8dfae3e5 alignfull\" id=\"win\">\n<div class=\"gb-container gb-container-dcbdf667\">\n\n<h2 class=\"gb-headline gb-headline-755ad35e gb-headline-text\">Concursos que permiten a los m\u00fasicos alcanzar su verdadero potencial<\/h2>\n\n\n\n<p class=\"gb-headline gb-headline-83910334 gb-headline-text\">Nos complace confirmar que el concurso Cuarteto de Cardenales 2025 ha atra\u00eddo una gran respuesta, con inscripciones recibidas de m\u00fasicos de metal de todos los rincones del mundo, cada uno inscribiendo a su banda de m\u00fasica para este premio \u00fanico y prestigioso.<br><\/p>\n\n\n\n<p>El sorteo tuvo lugar el 29 de diciembre. Se ha contactado directamente con la banda ganadora y se le ha invitado a aceptar el premio, sujeto a los t\u00e9rminos y condiciones del concurso. Tras la aceptaci\u00f3n, se invitar\u00e1 a un representante de la banda ganadora a asistir al Campeonato Europeo de Bandas de M\u00fasica (EBBC) en Linz, donde se presentar\u00e1 al Cuarteto de Cardenales en el stand de Geneva Instruments. En caso de que no sea posible asistir al EBBC, se har\u00e1n otros arreglos para la presentaci\u00f3n.   <\/p>\n\n\n\n<p><br\/>Si la banda seleccionada decide no aceptar el premio seg\u00fan las condiciones del concurso que se indican a continuaci\u00f3n, el premio se volver\u00e1 a sortear entre el grupo original de participantes elegibles. Nos gustar\u00eda extender nuestro m\u00e1s sincero agradecimiento a todas las bandas y m\u00fasicos que participaron en el concurso y ayudaron a que fuera un \u00e9xito. <\/p>\n\n\n\n<p>Este concurso se ha llevado a cabo como un concurso de premios y se rige de acuerdo con las leyes de Inglaterra y Gales, incluidas las disposiciones pertinentes de la Ley de Juego de 2005.<\/p>\n\n\n\n<h2 class=\"gb-headline gb-headline-cf781719 gb-headline-text\">Est\u00e9n atentos, ya que el <a href=\"https:\/\/genevainstruments.com\/es\/fundacion-musical-geneva\/\" data-type=\"page\" data-id=\"10038\">Cuarteto de Cardenales<\/a> 2026 regresar\u00e1 y se lanzar\u00e1 el 25 de abril de 2026 en el EBBC<\/h2>\n\n\n\n<p>De cara al futuro, nos complace anunciar que en 2026 el concurso Cuarteto de Cardenales regresar\u00e1 con un nuevo y emocionante formato. Adem\u00e1s del formulario de inscripci\u00f3n est\u00e1ndar, se invitar\u00e1 a las bandas a enviar un breve v\u00eddeo como parte de su inscripci\u00f3n; se dar\u00e1n m\u00e1s detalles a su debido tiempo. <\/p>\n\n<\/div>\n<\/div><div class=\"gb-container gb-container-8d9923a0 alignfull\"><\/div><div class=\"gb-container gb-container-0ba3f97d alignfull\" id=\"enter\"><\/div><div class=\"gb-container gb-container-4f567e77 alignfull\">\n<div class=\"gb-container gb-container-3d4b7b3d\">\n\n<h2 class=\"gb-headline gb-headline-8c6ded3b gb-headline-text\">T\u00e9rminos y condiciones del concurso Cuarteto de Cardenales 2025<\/h2>\n\n\n\n<ol class=\"wp-block-list\">\n<li>El concurso est\u00e1 abierto a cualquier banda de m\u00fasica tradicional del mundo, es decir, aquellos conjuntos de metal que utilizan una combinaci\u00f3n de corneta, fliscorno, trompa tenor, bar\u00edtono, bombardino y tuba<\/li>\n\n\n\n<li>Para participar en el sorteo, la persona que inscriba a su banda de m\u00fasica para \u2018Ganar un cuarteto de instrumentos Cardinal\u2019 debe:\n<ul class=\"wp-block-list\">\n<li>Ser miembro activo de la banda de m\u00fasica<\/li>\n\n\n\n<li>Completar todo el formulario de inscripci\u00f3n y responder correctamente a la pregunta<\/li>\n\n\n\n<li>Introducir sus datos de contacto y los de su banda de m\u00fasica<\/li>\n<\/ul>\n<\/li>\n\n\n\n<li>25 inscripciones como m\u00e1ximo por banda de m\u00fasica<\/li>\n\n\n\n<li>El concurso estar\u00e1 abierto del 9 de mayo de 2025 al 15 de diciembre de 2025<\/li>\n\n\n\n<li>El sorteo se realizar\u00e1 el 20 de diciembre de 2025<\/li>\n\n\n\n<li>La banda de m\u00fasica ganadora recibir\u00e1:\n<ul class=\"wp-block-list\">\n<li>1 x Corneta Cardinal Bb<\/li>\n\n\n\n<li>1 x Fliscorno Cardinal Bb<\/li>\n\n\n\n<li>1 x Trompa tenor Cardinal Eb<\/li>\n\n\n\n<li>1 x Bombardino Cardinal Bb<\/li>\n<\/ul>\n<\/li>\n\n\n\n<li>La banda ganadora se compromete a:\n<ul class=\"wp-block-list\">\n<li>Tocar y mantener el cuarteto de instrumentos Cardinal en las actuaciones de su banda de m\u00fasica durante un m\u00ednimo de 2 a\u00f1os a partir de la recepci\u00f3n<\/li>\n\n\n\n<li>Permitir y ayudar a Geneva Instruments a promocionar la actividad de su banda de m\u00fasica a trav\u00e9s de comunicados de prensa conjuntos en los 2 a\u00f1os siguientes a la recepci\u00f3n<\/li>\n\n\n\n<li>Si la banda no puede cumplir el acuerdo en su totalidad antes o despu\u00e9s de la recepci\u00f3n, los instrumentos se devolver\u00e1n a Geneva Instruments y un nuevo sorteo los asignar\u00e1 a otra banda de m\u00fasica que haya participado en el concurso original<\/li>\n\n\n\n<li>Una vez transcurridos los 2 a\u00f1os, los instrumentos pasar\u00e1n a ser propiedad absoluta de la banda de m\u00fasica que los posea.<\/li>\n<\/ul>\n<\/li>\n<\/ol>\n\n<\/div>\n<\/div>","protected":false},"excerpt":{"rendered":"<p>El concurso Cuarteto de Cardenales se ha cerrado oficialmente. Celebrando un cuarto de siglo (2000-2025) de #ProgressInPlay Concursos que permiten a los m\u00fasicos alcanzar su verdadero potencial Nos complace confirmar que el concurso Cuarteto de Cardenales 2025 ha atra\u00eddo una gran respuesta, con inscripciones recibidas de m\u00fasicos de metal de todos los rincones del mundo, &#8230; <a title=\"Actualizaci\u00f3n del concurso Cuarteto de Cardenales\" class=\"read-more\" href=\"https:\/\/genevainstruments.com\/es\/gane-un-cuarteto-de-cardinals\/\" aria-label=\"Leer m\u00e1s sobre Actualizaci\u00f3n del concurso Cuarteto de Cardenales\">Leer m\u00e1s<\/a><\/p>\n","protected":false},"author":1,"featured_media":12594,"parent":0,"menu_order":0,"comment_status":"closed","ping_status":"closed","template":"","meta":{"_acf_changed":false,"footnotes":""},"class_list":["post-12592","page","type-page","status-publish","has-post-thumbnail"],"acf":[],"_links":{"self":[{"href":"https:\/\/genevainstruments.com\/es\/wp-json\/wp\/v2\/pages\/12592","targetHints":{"allow":["GET"]}}],"collection":[{"href":"https:\/\/genevainstruments.com\/es\/wp-json\/wp\/v2\/pages"}],"about":[{"href":"https:\/\/genevainstruments.com\/es\/wp-json\/wp\/v2\/types\/page"}],"author":[{"embeddable":true,"href":"https:\/\/genevainstruments.com\/es\/wp-json\/wp\/v2\/users\/1"}],"replies":[{"embeddable":true,"href":"https:\/\/genevainstruments.com\/es\/wp-json\/wp\/v2\/comments?post=12592"}],"version-history":[{"count":6,"href":"https:\/\/genevainstruments.com\/es\/wp-json\/wp\/v2\/pages\/12592\/revisions"}],"predecessor-version":[{"id":19415,"href":"https:\/\/genevainstruments.com\/es\/wp-json\/wp\/v2\/pages\/12592\/revisions\/19415"}],"wp:featuredmedia":[{"embeddable":true,"href":"https:\/\/genevainstruments.com\/es\/wp-json\/wp\/v2\/media\/12594"}],"wp:attachment":[{"href":"https:\/\/genevainstruments.com\/es\/wp-json\/wp\/v2\/media?parent=12592"}],"curies":[{"name":"wp","href":"https:\/\/api.w.org\/{rel}","templated":true}]}}