{"id":18979,"date":"2024-08-09T12:08:15","date_gmt":"2024-08-09T11:08:15","guid":{"rendered":"https:\/\/genevainstruments.com\/mapa-del-sitio\/"},"modified":"2025-12-02T16:35:58","modified_gmt":"2025-12-02T16:35:58","slug":"mapa-del-sitio","status":"publish","type":"page","link":"https:\/\/genevainstruments.com\/es\/mapa-del-sitio\/","title":{"rendered":"Mapa del sitio"},"content":{"rendered":"<div class=\"gb-container gb-container-a26cf13b alignfull\">\n<div class=\"gb-container gb-container-2a1e3da6\">\n\n<h2 class=\"gb-headline gb-headline-236aee2a gb-headline-text\">Geneva Instruments<\/h2>\n\n\n\n<p class=\"gb-headline gb-headline-d9da69ff gb-headline-text\">Encuentre instrumentos musicales Geneva, categor\u00edas de productos, artistas de Geneva, la Fundaci\u00f3n Geneva, v\u00eddeos y mucho m\u00e1s en el sitio web de Geneva Instruments.<br>Tambi\u00e9n encontrar\u00e1 instrumentos disponibles a trav\u00e9s del Plan Nacional para la Educaci\u00f3n Musical como proveedor de instrumentos aprobado para la educaci\u00f3n en el Reino Unido.<\/p>\n\n\n<div class=\"gb-grid-wrapper gb-grid-wrapper-551c7637\">\n<div class=\"gb-grid-column gb-grid-column-ff131c44\"><div class=\"gb-container gb-container-ff131c44\">\n<div id=\"wp-realtime-sitemap-pages\"><h3>Pages<\/h3><ul><li class=\"page_item page-item-10588\"><a href=\"https:\/\/genevainstruments.com\/es\/\">Inicio<\/a><\/li>\n<li class=\"page_item page-item-12592\"><a href=\"https:\/\/genevainstruments.com\/es\/gane-un-cuarteto-de-cardinals\/\">Actualizaci\u00f3n del concurso Cuarteto de Cardenales<\/a><\/li>\n<li class=\"page_item page-item-10616\"><a href=\"https:\/\/genevainstruments.com\/es\/la-eleccion-sostenible\/\">La elecci\u00f3n sostenible<\/a><\/li>\n<li class=\"page_item page-item-10675\"><a href=\"https:\/\/genevainstruments.com\/es\/artistas-de-geneva\/\">Artistas de Geneva<\/a><\/li>\n<li class=\"page_item page-item-10693\"><a href=\"https:\/\/genevainstruments.com\/es\/fundacion-musical-geneva\/\">Fundaci\u00f3n musical Geneva<\/a><\/li>\n<li class=\"page_item page-item-10732\"><a href=\"https:\/\/genevainstruments.com\/es\/instrumentos-geneva-en-concierto\/\">Instrumentos Geneva en concierto<\/a><\/li>\n<li class=\"page_item page-item-10768\"><a href=\"https:\/\/genevainstruments.com\/es\/pruebe-antes-de-comprar\/\">Pruebe antes de comprar<\/a><\/li>\n<li class=\"page_item page-item-10439\"><a href=\"https:\/\/genevainstruments.com\/es\/tienda\/\">Tienda<\/a><\/li>\n<li class=\"page_item page-item-10795\"><a href=\"https:\/\/genevainstruments.com\/es\/reparacion-y-garantia\/\">Piezas de repuesto, servicio y reparaciones<\/a><\/li>\n<li class=\"page_item page-item-19045\"><a href=\"https:\/\/genevainstruments.com\/es\/contactenos\/\">Cont\u00e1ctenos<\/a><\/li>\n<li class=\"page_item page-item-10442\"><a href=\"https:\/\/genevainstruments.com\/es\/carrito\/\">Carrito<\/a><\/li>\n<li class=\"page_item page-item-10443\"><a href=\"https:\/\/genevainstruments.com\/es\/finalizar-compra\/\">Finalizar compra<\/a><\/li>\n<li class=\"page_item page-item-10444\"><a href=\"https:\/\/genevainstruments.com\/es\/mi-cuenta\/\">Mi cuenta<\/a><\/li>\n<li class=\"page_item page-item-19001\"><a href=\"https:\/\/genevainstruments.com\/es\/terminos-y-condiciones\/\">T\u00e9rminos y condiciones<\/a><\/li>\n<li class=\"page_item page-item-19043\"><a href=\"https:\/\/genevainstruments.com\/es\/politica-de-devoluciones\/\">Pol\u00edtica de devoluciones<\/a><\/li>\n<li class=\"page_item page-item-18987\"><a href=\"https:\/\/genevainstruments.com\/es\/politica-de-privacidad\/\">Pol\u00edtica de privacidad<\/a><\/li>\n<li class=\"page_item page-item-18954\"><a href=\"https:\/\/genevainstruments.com\/es\/terminos-y-condiciones-del-plan-de-pago\/\">T\u00e9rminos y condiciones del plan de pago<\/a><\/li>\n<li class=\"page_item page-item-18979\"><a href=\"https:\/\/genevainstruments.com\/es\/mapa-del-sitio\/\">Mapa del sitio<\/a><\/li>\n<\/ul><\/div><div id=\"wp-realtime-sitemap-geneva-artist\"><h3>Geneva Artists<\/h3><ul><li><a href=\"https:\/\/genevainstruments.com\/es\/geneva-artist\/gavin-saynor\/\" title=\"Enlace permanenta a Gavin Saynor\" rel=\"bookmark\">Gavin Saynor<\/a><\/li><li><a href=\"https:\/\/genevainstruments.com\/es\/geneva-artist\/glenn-van-looy\/\" title=\"Enlace permanenta a Glenn Van Looy Euphonium\" rel=\"bookmark\">Glenn Van Looy Euphonium<\/a><\/li><li><a href=\"https:\/\/genevainstruments.com\/es\/geneva-artist\/ho-wang-lam\/\" title=\"Enlace permanenta a Ho Wang Lam\" rel=\"bookmark\">Ho Wang Lam<\/a><\/li><li><a href=\"https:\/\/genevainstruments.com\/es\/geneva-artist\/jamie-smith\/\" title=\"Enlace permanenta a Jamie Smith\" rel=\"bookmark\">Jamie Smith<\/a><\/li><li><a href=\"https:\/\/genevainstruments.com\/es\/geneva-artist\/john-storey\/\" title=\"Enlace permanenta a John Storey\" rel=\"bookmark\">John Storey<\/a><\/li><li><a href=\"https:\/\/genevainstruments.com\/es\/geneva-artist\/oesteres-machando-trumpet\/\" title=\"Enlace permanenta a Oesteres Machando\" rel=\"bookmark\">Oesteres Machando<\/a><\/li><li><a href=\"https:\/\/genevainstruments.com\/es\/geneva-artist\/stephanie-binns\/\" title=\"Enlace permanenta a Stephanie Binns\" rel=\"bookmark\">Stephanie Binns<\/a><\/li><\/ul><\/div><div id=\"wp-realtime-sitemap-product\"><h3>Productos<\/h3><ul><li><a href=\"https:\/\/genevainstruments.com\/es\/producto\/bombardino-en-mi-bemol-geneva-cardinal\/\" title=\"Enlace permanenta a Bombardino en mi bemol &#8211; Geneva Cardinal\" rel=\"bookmark\">Bombardino en mi bemol &#8211; Geneva Cardinal<\/a><\/li><li><a href=\"https:\/\/genevainstruments.com\/es\/producto\/bombardino-en-sib-geneva-cardinal\/\" title=\"Enlace permanenta a Bombardino en Sib &#8211; Geneva Cardinal\" rel=\"bookmark\">Bombardino en Sib &#8211; Geneva Cardinal<\/a><\/li><li><a href=\"https:\/\/genevainstruments.com\/es\/producto\/bombardino-en-sib-geneva-cardinal-2\/\" title=\"Enlace permanenta a Bombardino en Sib &#8211; Geneva Cardinal\" rel=\"bookmark\">Bombardino en Sib &#8211; Geneva Cardinal<\/a><\/li><li><a href=\"https:\/\/genevainstruments.com\/es\/producto\/bombardino-en-sib-geneva-cardinal-gvl\/\" title=\"Enlace permanenta a Bombardino en Sib &#8211; Geneva Cardinal GVL\" rel=\"bookmark\">Bombardino en Sib &#8211; Geneva Cardinal GVL<\/a><\/li><li><a href=\"https:\/\/genevainstruments.com\/es\/producto\/bombardino-en-sib-geneva-heritage\/\" title=\"Enlace permanenta a Bombardino en Sib &#8211; Geneva Heritage\" rel=\"bookmark\">Bombardino en Sib &#8211; Geneva Heritage<\/a><\/li><li><a href=\"https:\/\/genevainstruments.com\/es\/producto\/corneta-en-sib-geneva-cardinal\/\" title=\"Enlace permanenta a Corneta en Sib &#8211; Geneva Cardinal\" rel=\"bookmark\">Corneta en Sib &#8211; Geneva Cardinal<\/a><\/li><li><a href=\"https:\/\/genevainstruments.com\/es\/producto\/corneta-en-sib-geneva-heritage-philip-mccann\/\" title=\"Enlace permanenta a Corneta en Sib &#8211; Geneva Heritage (Philip McCann)\" rel=\"bookmark\">Corneta en Sib &#8211; Geneva Heritage (Philip McCann)<\/a><\/li><li><a href=\"https:\/\/genevainstruments.com\/es\/producto\/cornetino-soprano-en-mi-bemol-geneva-cardinal-modelo-2025\/\" title=\"Enlace permanenta a Cornetino soprano en Mi bemol &#8211; Geneva Cardinal &#8211; (modelo 2025)\" rel=\"bookmark\">Cornetino soprano en Mi bemol &#8211; Geneva Cardinal &#8211; (modelo 2025)<\/a><\/li><li><a href=\"https:\/\/genevainstruments.com\/es\/producto\/fliscorno-en-sib-geneva-cardinal\/\" title=\"Enlace permanenta a Fliscorno en Sib &#8211; Geneva Cardinal\" rel=\"bookmark\">Fliscorno en Sib &#8211; Geneva Cardinal<\/a><\/li><li><a href=\"https:\/\/genevainstruments.com\/es\/producto\/saxofon-baritono-widow-maker-lineage-pro\/\" title=\"Enlace permanenta a Saxof\u00f3n bar\u00edtono Widow Maker &#8211; Lineage Pro\" rel=\"bookmark\">Saxof\u00f3n bar\u00edtono Widow Maker &#8211; Lineage Pro<\/a><\/li><li><a href=\"https:\/\/genevainstruments.com\/es\/producto\/saxofon-soprano-lineage-pro\/\" title=\"Enlace permanenta a Saxof\u00f3n soprano &#8211; Lineage Pro\" rel=\"bookmark\">Saxof\u00f3n soprano &#8211; Lineage Pro<\/a><\/li><li><a href=\"https:\/\/genevainstruments.com\/es\/producto\/saxofon-tenor-lineage-pro\/\" title=\"Enlace permanenta a Saxof\u00f3n tenor &#8211; Lineage Pro\" rel=\"bookmark\">Saxof\u00f3n tenor &#8211; Lineage Pro<\/a><\/li><li><a href=\"https:\/\/genevainstruments.com\/es\/producto\/trompeta-en-do-geneva-cardinal\/\" title=\"Enlace permanenta a Trompeta en Do &#8211; Geneva Cardinal\" rel=\"bookmark\">Trompeta en Do &#8211; Geneva Cardinal<\/a><\/li><li><a href=\"https:\/\/genevainstruments.com\/es\/producto\/trompeta-en-sib-geneva-cardinal\/\" title=\"Enlace permanenta a Trompeta en Sib &#8211; Geneva Cardinal\" rel=\"bookmark\">Trompeta en Sib &#8211; Geneva Cardinal<\/a><\/li><li><a href=\"https:\/\/genevainstruments.com\/es\/producto\/trompeta-piccolo-sib-la-geneva-cardinal\/\" title=\"Enlace permanenta a Trompeta piccolo Sib\/La &#8211; Geneva Cardinal\" rel=\"bookmark\">Trompeta piccolo Sib\/La &#8211; Geneva Cardinal<\/a><\/li><li><a href=\"https:\/\/genevainstruments.com\/es\/producto\/tuba-en-mi-bemol-geneva-heritage\/\" title=\"Enlace permanenta a Tuba en Mi bemol &#8211; Geneva Heritage\" rel=\"bookmark\">Tuba en Mi bemol &#8211; Geneva Heritage<\/a><\/li><li><a href=\"https:\/\/genevainstruments.com\/es\/producto\/tuba-en-mib-geneva-cardinal\/\" title=\"Enlace permanenta a Tuba en Mib &#8211; Geneva Cardinal\" rel=\"bookmark\">Tuba en Mib &#8211; Geneva Cardinal<\/a><\/li><li><a href=\"https:\/\/genevainstruments.com\/es\/producto\/tuba-sib-geneva-cardinal-jc\/\" title=\"Enlace permanenta a Tuba Sib &#8211; Geneva cardinal JC\" rel=\"bookmark\">Tuba Sib &#8211; Geneva cardinal JC<\/a><\/li><\/ul><\/div>\n\n<\/div><\/div>\n\n<div class=\"gb-grid-column gb-grid-column-2aa0d1bf\"><div class=\"gb-container gb-container-2aa0d1bf\">\n<div id=\"wp-realtime-sitemap-geneva-artist\"><h3>Geneva Artists<\/h3><ul><li><a href=\"https:\/\/genevainstruments.com\/es\/geneva-artist\/gavin-saynor\/\" title=\"Enlace permanenta a Gavin Saynor\" rel=\"bookmark\">Gavin Saynor<\/a><\/li><li><a href=\"https:\/\/genevainstruments.com\/es\/geneva-artist\/glenn-van-looy\/\" title=\"Enlace permanenta a Glenn Van Looy Euphonium\" rel=\"bookmark\">Glenn Van Looy Euphonium<\/a><\/li><li><a href=\"https:\/\/genevainstruments.com\/es\/geneva-artist\/ho-wang-lam\/\" title=\"Enlace permanenta a Ho Wang Lam\" rel=\"bookmark\">Ho Wang Lam<\/a><\/li><li><a href=\"https:\/\/genevainstruments.com\/es\/geneva-artist\/jamie-smith\/\" title=\"Enlace permanenta a Jamie Smith\" rel=\"bookmark\">Jamie Smith<\/a><\/li><li><a href=\"https:\/\/genevainstruments.com\/es\/geneva-artist\/john-storey\/\" title=\"Enlace permanenta a John Storey\" rel=\"bookmark\">John Storey<\/a><\/li><li><a href=\"https:\/\/genevainstruments.com\/es\/geneva-artist\/oesteres-machando-trumpet\/\" title=\"Enlace permanenta a Oesteres Machando\" rel=\"bookmark\">Oesteres Machando<\/a><\/li><li><a href=\"https:\/\/genevainstruments.com\/es\/geneva-artist\/stephanie-binns\/\" title=\"Enlace permanenta a Stephanie Binns\" rel=\"bookmark\">Stephanie Binns<\/a><\/li><\/ul><\/div><div id=\"wp-realtime-sitemap-product\"><h3>Productos<\/h3><ul><li><a href=\"https:\/\/genevainstruments.com\/es\/producto\/bombardino-en-mi-bemol-geneva-cardinal\/\" title=\"Enlace permanenta a Bombardino en mi bemol &#8211; Geneva Cardinal\" rel=\"bookmark\">Bombardino en mi bemol &#8211; Geneva Cardinal<\/a><\/li><li><a href=\"https:\/\/genevainstruments.com\/es\/producto\/bombardino-en-sib-geneva-cardinal\/\" title=\"Enlace permanenta a Bombardino en Sib &#8211; Geneva Cardinal\" rel=\"bookmark\">Bombardino en Sib &#8211; Geneva Cardinal<\/a><\/li><li><a href=\"https:\/\/genevainstruments.com\/es\/producto\/bombardino-en-sib-geneva-cardinal-2\/\" title=\"Enlace permanenta a Bombardino en Sib &#8211; Geneva Cardinal\" rel=\"bookmark\">Bombardino en Sib &#8211; Geneva Cardinal<\/a><\/li><li><a href=\"https:\/\/genevainstruments.com\/es\/producto\/bombardino-en-sib-geneva-cardinal-gvl\/\" title=\"Enlace permanenta a Bombardino en Sib &#8211; Geneva Cardinal GVL\" rel=\"bookmark\">Bombardino en Sib &#8211; Geneva Cardinal GVL<\/a><\/li><li><a href=\"https:\/\/genevainstruments.com\/es\/producto\/bombardino-en-sib-geneva-heritage\/\" title=\"Enlace permanenta a Bombardino en Sib &#8211; Geneva Heritage\" rel=\"bookmark\">Bombardino en Sib &#8211; Geneva Heritage<\/a><\/li><li><a href=\"https:\/\/genevainstruments.com\/es\/producto\/corneta-en-sib-geneva-cardinal\/\" title=\"Enlace permanenta a Corneta en Sib &#8211; Geneva Cardinal\" rel=\"bookmark\">Corneta en Sib &#8211; Geneva Cardinal<\/a><\/li><li><a href=\"https:\/\/genevainstruments.com\/es\/producto\/corneta-en-sib-geneva-heritage-philip-mccann\/\" title=\"Enlace permanenta a Corneta en Sib &#8211; Geneva Heritage (Philip McCann)\" rel=\"bookmark\">Corneta en Sib &#8211; Geneva Heritage (Philip McCann)<\/a><\/li><li><a href=\"https:\/\/genevainstruments.com\/es\/producto\/cornetino-soprano-en-mi-bemol-geneva-cardinal-modelo-2025\/\" title=\"Enlace permanenta a Cornetino soprano en Mi bemol &#8211; Geneva Cardinal &#8211; (modelo 2025)\" rel=\"bookmark\">Cornetino soprano en Mi bemol &#8211; Geneva Cardinal &#8211; (modelo 2025)<\/a><\/li><li><a href=\"https:\/\/genevainstruments.com\/es\/producto\/fliscorno-en-sib-geneva-cardinal\/\" title=\"Enlace permanenta a Fliscorno en Sib &#8211; Geneva Cardinal\" rel=\"bookmark\">Fliscorno en Sib &#8211; Geneva Cardinal<\/a><\/li><li><a href=\"https:\/\/genevainstruments.com\/es\/producto\/saxofon-baritono-widow-maker-lineage-pro\/\" title=\"Enlace permanenta a Saxof\u00f3n bar\u00edtono Widow Maker &#8211; Lineage Pro\" rel=\"bookmark\">Saxof\u00f3n bar\u00edtono Widow Maker &#8211; Lineage Pro<\/a><\/li><li><a href=\"https:\/\/genevainstruments.com\/es\/producto\/saxofon-soprano-lineage-pro\/\" title=\"Enlace permanenta a Saxof\u00f3n soprano &#8211; Lineage Pro\" rel=\"bookmark\">Saxof\u00f3n soprano &#8211; Lineage Pro<\/a><\/li><li><a href=\"https:\/\/genevainstruments.com\/es\/producto\/saxofon-tenor-lineage-pro\/\" title=\"Enlace permanenta a Saxof\u00f3n tenor &#8211; Lineage Pro\" rel=\"bookmark\">Saxof\u00f3n tenor &#8211; Lineage Pro<\/a><\/li><li><a href=\"https:\/\/genevainstruments.com\/es\/producto\/trompeta-en-do-geneva-cardinal\/\" title=\"Enlace permanenta a Trompeta en Do &#8211; Geneva Cardinal\" rel=\"bookmark\">Trompeta en Do &#8211; Geneva Cardinal<\/a><\/li><li><a href=\"https:\/\/genevainstruments.com\/es\/producto\/trompeta-en-sib-geneva-cardinal\/\" title=\"Enlace permanenta a Trompeta en Sib &#8211; Geneva Cardinal\" rel=\"bookmark\">Trompeta en Sib &#8211; Geneva Cardinal<\/a><\/li><li><a href=\"https:\/\/genevainstruments.com\/es\/producto\/trompeta-piccolo-sib-la-geneva-cardinal\/\" title=\"Enlace permanenta a Trompeta piccolo Sib\/La &#8211; Geneva Cardinal\" rel=\"bookmark\">Trompeta piccolo Sib\/La &#8211; Geneva Cardinal<\/a><\/li><li><a href=\"https:\/\/genevainstruments.com\/es\/producto\/tuba-en-mi-bemol-geneva-heritage\/\" title=\"Enlace permanenta a Tuba en Mi bemol &#8211; Geneva Heritage\" rel=\"bookmark\">Tuba en Mi bemol &#8211; Geneva Heritage<\/a><\/li><li><a href=\"https:\/\/genevainstruments.com\/es\/producto\/tuba-en-mib-geneva-cardinal\/\" title=\"Enlace permanenta a Tuba en Mib &#8211; Geneva Cardinal\" rel=\"bookmark\">Tuba en Mib &#8211; Geneva Cardinal<\/a><\/li><li><a href=\"https:\/\/genevainstruments.com\/es\/producto\/tuba-sib-geneva-cardinal-jc\/\" title=\"Enlace permanenta a Tuba Sib &#8211; Geneva cardinal JC\" rel=\"bookmark\">Tuba Sib &#8211; Geneva cardinal JC<\/a><\/li><\/ul><\/div>\n\n<\/div><\/div>\n\n<div class=\"gb-grid-column gb-grid-column-5eac4a4a\"><div class=\"gb-container gb-container-5eac4a4a\">\n\n<h3 class=\"gb-headline gb-headline-636af1d9 gb-headline-text\">Categor\u00edas de productos<\/h3>\n\n\n<div data-block-name=\"woocommerce\/product-categories\" class=\"wp-block-woocommerce-product-categories wc-block-product-categories is-list \" style=\"\"><ul class=\"wc-block-product-categories-list wc-block-product-categories-list--depth-0\">\t\t\t\t<li class=\"wc-block-product-categories-list-item\">\t\t\t\t\t<a style=\"\" href=\"https:\/\/genevainstruments.com\/es\/product-category\/geneva-heritage\/\"><span class=\"wc-block-product-categories-list-item__name\">Geneva Heritage<\/span><\/a><span class=\"wc-block-product-categories-list-item-count\"><span aria-hidden=\"true\">2<\/span><span class=\"screen-reader-text\">2 productos<\/span><\/span>\t\t\t\t<\/li>\t\t\t\t\t\t\t<li class=\"wc-block-product-categories-list-item\">\t\t\t\t\t<a style=\"\" href=\"https:\/\/genevainstruments.com\/es\/product-category\/geneva-lineage\/\"><span class=\"wc-block-product-categories-list-item__name\">Geneva Lineage<\/span><\/a><span class=\"wc-block-product-categories-list-item-count\"><span aria-hidden=\"true\">3<\/span><span class=\"screen-reader-text\">3 productos<\/span><\/span>\t\t\t\t<\/li>\t\t\t\t\t\t\t<li class=\"wc-block-product-categories-list-item\">\t\t\t\t\t<a style=\"\" href=\"https:\/\/genevainstruments.com\/es\/product-category\/instrumentos-geneva-cardinal\/\"><span class=\"wc-block-product-categories-list-item__name\">Instrumentos Geneva Cardinal<\/span><\/a><span class=\"wc-block-product-categories-list-item-count\"><span aria-hidden=\"true\">13<\/span><span class=\"screen-reader-text\">13 productos<\/span><\/span>\t\t\t\t<\/li>\t\t\t\t\t\t\t<li class=\"wc-block-product-categories-list-item\">\t\t\t\t\t<a style=\"\" href=\"https:\/\/genevainstruments.com\/es\/product-category\/modelos-de-artistas-de-geneva-cardinal\/\"><span class=\"wc-block-product-categories-list-item__name\">Modelos de artistas de Geneva Cardinal<\/span><\/a><span class=\"wc-block-product-categories-list-item-count\"><span aria-hidden=\"true\">3<\/span><span class=\"screen-reader-text\">3 productos<\/span><\/span>\t\t\t\t<\/li>\t\t\t<\/ul><\/div>\n\n<div><h3>Range<\/h3><ul class=\"product-attributes-list\"><li><a href=\"https:\/\/genevainstruments.com\/es\/range\/gama-de-saxofones-lineage-pro\/\">Gama de saxofones Lineage Pro<\/a><\/li> <li><a href=\"https:\/\/genevainstruments.com\/es\/range\/instrumentos-geneva-cardinal\/\">Instrumentos Geneva Cardinal<\/a><\/li> <li><a href=\"https:\/\/genevainstruments.com\/pt-pt\/range\/instrumentos-geneva-heritage\/\">Instrumentos Geneva Heritage<\/a><\/ul><\/div><\/div>\n\n<\/div><\/div>\n<\/div>\n<\/div>\n<\/div>","protected":false},"excerpt":{"rendered":"<p>Geneva Instruments Encuentre instrumentos musicales Geneva, categor\u00edas de productos, artistas de Geneva, la Fundaci\u00f3n Geneva, v\u00eddeos y mucho m\u00e1s en el sitio web de Geneva Instruments.Tambi\u00e9n encontrar\u00e1 instrumentos disponibles a trav\u00e9s del Plan Nacional para la Educaci\u00f3n Musical como proveedor de instrumentos aprobado para la educaci\u00f3n en el Reino Unido.<\/p>\n","protected":false},"author":1,"featured_media":10617,"parent":0,"menu_order":100,"comment_status":"closed","ping_status":"closed","template":"","meta":{"_acf_changed":false,"footnotes":""},"class_list":["post-18979","page","type-page","status-publish","has-post-thumbnail","hentry","sales-flash-overlay","woocommerce-text-align-left","woocommerce-image-align-center","do-quantity-buttons"],"acf":[],"_links":{"self":[{"href":"https:\/\/genevainstruments.com\/es\/wp-json\/wp\/v2\/pages\/18979","targetHints":{"allow":["GET"]}}],"collection":[{"href":"https:\/\/genevainstruments.com\/es\/wp-json\/wp\/v2\/pages"}],"about":[{"href":"https:\/\/genevainstruments.com\/es\/wp-json\/wp\/v2\/types\/page"}],"author":[{"embeddable":true,"href":"https:\/\/genevainstruments.com\/es\/wp-json\/wp\/v2\/users\/1"}],"replies":[{"embeddable":true,"href":"https:\/\/genevainstruments.com\/es\/wp-json\/wp\/v2\/comments?post=18979"}],"version-history":[{"count":1,"href":"https:\/\/genevainstruments.com\/es\/wp-json\/wp\/v2\/pages\/18979\/revisions"}],"predecessor-version":[{"id":18980,"href":"https:\/\/genevainstruments.com\/es\/wp-json\/wp\/v2\/pages\/18979\/revisions\/18980"}],"wp:featuredmedia":[{"embeddable":true,"href":"https:\/\/genevainstruments.com\/es\/wp-json\/wp\/v2\/media\/10617"}],"wp:attachment":[{"href":"https:\/\/genevainstruments.com\/es\/wp-json\/wp\/v2\/media?parent=18979"}],"curies":[{"name":"wp","href":"https:\/\/api.w.org\/{rel}","templated":true}]}}