{"id":18987,"date":"2021-02-16T16:44:56","date_gmt":"2021-02-16T16:44:56","guid":{"rendered":"https:\/\/genevainstruments.com\/politica-de-privacidad\/"},"modified":"2025-12-02T16:36:31","modified_gmt":"2025-12-02T16:36:31","slug":"politica-de-privacidad","status":"publish","type":"page","link":"https:\/\/genevainstruments.com\/es\/politica-de-privacidad\/","title":{"rendered":"Pol\u00edtica de privacidad"},"content":{"rendered":"<div class=\"gb-container gb-container-3a14c50b alignfull\">\n<div class=\"gb-container gb-container-edda4908\">\n\n<h2 class=\"gb-headline gb-headline-ed203461 gb-headline-text\">Aviso de privacidad del sitio web y de la empresa<\/h2>\n\n\n\n<p class=\"gb-headline gb-headline-66f80ce9 gb-headline-text\">Este es el aviso de privacidad de Geneva Instruments.<\/p>\n\n\n\n<p class=\"gb-headline gb-headline-bf623d36 gb-headline-text\">En este documento, \u201cnosotros\u201d, Geneva Instruments (que incorpora Geneva Brasswind Ltd y Geneva Instruments Ltd).<\/p>\n\n\n\n<p class=\"gb-headline gb-headline-341aa9aa gb-headline-text\">Nuestra oficina registrada se encuentra en Biz Hub Tees Valley, Belasis Hall Business Centre, Coxwold Way, TS23 4EA.<\/p>\n\n\n\n<h3 class=\"gb-headline gb-headline-b89c877c gb-headline-text\">Introducci\u00f3n<\/h3>\n\n\n\n<p>Este es un aviso para informarle de nuestra pol\u00edtica sobre toda la informaci\u00f3n que registramos sobre usted. Establece las condiciones bajo las cuales podemos procesar cualquier informaci\u00f3n que recopilemos de usted o que usted nos proporcione. Cubre la informaci\u00f3n que podr\u00eda identificarle (\u201cinformaci\u00f3n personal\u201d) y la informaci\u00f3n sobre usted en caso de que nos compre instrumentos o accesorios.  <\/p>\n\n\n\n<p>Lamentamos que, si no est\u00e1 de acuerdo con uno o m\u00e1s de los puntos siguientes, p\u00f3ngase en contacto con Geneva Instruments a trav\u00e9s de la p\u00e1gina de contacto del sitio web.<\/p>\n\n\n\n<p>Nos tomamos en serio la protecci\u00f3n de su privacidad y confidencialidad. Entendemos que todos los visitantes de nuestro sitio web tienen derecho a saber que sus datos personales no se utilizar\u00e1n para ning\u00fan otro fin que no sea el de entregar instrumentos y que no se compartir\u00e1n con terceros. <\/p>\n\n\n\n<p>Nos comprometemos a preservar la confidencialidad de toda la informaci\u00f3n que proporcione a The Geneva Group.<\/p>\n\n\n\n<p>Nuestra pol\u00edtica cumple con la legislaci\u00f3n del Reino Unido debidamente implementada.<\/p>\n\n\n\n<p>La ley nos exige que le informemos sobre sus derechos y nuestras obligaciones con respecto al procesamiento y control de sus datos personales. Lo hacemos ahora, solicit\u00e1ndole que lea la informaci\u00f3n proporcionada en <a href=\"https:\/\/www.knowyourprivacyrights.org\/\" rel=\"noopener\">www.knowyourprivacyrights.org<\/a> <\/p>\n\n\n\n<p>Excepto como se establece a continuaci\u00f3n, no compartimos, vendemos ni divulgamos a terceros.<\/p>\n\n\n\n<p>Las bases sobre las que procesamos informaci\u00f3n sobre usted<\/p>\n\n\n\n<p>La ley nos exige que determinemos en cu\u00e1l de las seis bases definidas procesamos las diferentes categor\u00edas de su informaci\u00f3n personal, para Geneva Instruments.<\/p>\n\n\n\n<p>Si una base sobre la que procesamos su informaci\u00f3n personal ya no es relevante.<\/p>\n\n\n\n<p>Si la base cambia, entonces, si lo exige la ley, le notificaremos el cambio y cualquier nueva base.<\/p>\n\n\n\n<p>Informaci\u00f3n que procesamos porque tenemos una obligaci\u00f3n contractual con usted<\/p>\n\n\n\n<p>Cuando usted compra un producto o servicio de nosotros, o de otra manera acepta nuestros t\u00e9rminos y condiciones para Geneva Group.<\/p>\n\n\n\n<p>Para cumplir con nuestras obligaciones en virtud de ese contrato, debemos procesar la informaci\u00f3n que nos proporciona.<\/p>\n\n\n\n<p>Podemos utilizarla para:<\/p>\n\n\n\n<ol class=\"wp-block-list\">\n<li>verificar su identidad por motivos de seguridad<\/li>\n\n\n\n<li>venderle productos<\/li>\n\n\n\n<li>proporcionarle nuestros servicios<\/li>\n\n\n\n<li>proporcionarle sugerencias y consejos sobre productos y servicios.<\/li>\n<\/ol>\n\n\n\n<p>Procesamos esta informaci\u00f3n sobre la base de que existe un contrato entre nosotros, o de que usted ha solicitado mercanc\u00eda o informaci\u00f3n.<\/p>\n\n\n\n<p>Adem\u00e1s, podemos agregar esta informaci\u00f3n de forma general y utilizarla para proporcionar informaci\u00f3n de clase, por ejemplo, para supervisar nuestro rendimiento con respecto al servicio que prestamos.<\/p>\n\n\n\n<p>Continuaremos procesando esta informaci\u00f3n hasta que el contrato entre nosotros finalice o se rescinda.<\/p>\n\n\n\n<h3 class=\"gb-headline gb-headline-a3427af8 gb-headline-text\">Informaci\u00f3n que procesamos con su consentimiento<\/h3>\n\n\n\n<p>A trav\u00e9s de ciertas acciones cuando de otra manera no hay una relaci\u00f3n contractual entre nosotros, como cuando usted navega por nuestro sitio web o nos pide que le proporcionemos m\u00e1s informaci\u00f3n sobre nuestro negocio, incluyendo instrumentos, servicio de instrumentos y accesorios.<\/p>\n\n\n\n<p>Siempre que sea posible, nuestro objetivo es obtener su consentimiento expl\u00edcito para procesar esta informaci\u00f3n.<\/p>\n\n\n\n<p>A veces puede dar su consentimiento impl\u00edcitamente, como cuando nos env\u00eda un mensaje por correo electr\u00f3nico a trav\u00e9s del sitio web.<\/p>\n\n\n\n<p>Excepto cuando usted ha consentido nuestro uso de su informaci\u00f3n para un prop\u00f3sito espec\u00edfico, no utilizamos su informaci\u00f3n de ninguna manera que le identifique personalmente. Podemos agregarla de forma general para seguir proporcion\u00e1ndole el mejor servicio posible. <\/p>\n\n\n\n<p>Continuamos procesando su informaci\u00f3n sobre esta base hasta que usted retire su consentimiento, o pueda ser utilizada para hacerle consciente de ofertas especiales o descuentos o nuevos productos.<\/p>\n\n\n\n<p>Puede retirar su consentimiento en cualquier momento d\u00e1ndonos instrucciones en <a href=\"https:\/\/genevainstruments.com\/es\/\">GenevaInstruments.com<\/a>.<\/p>\n\n\n\n<h3 class=\"gb-headline gb-headline-7ba1939a gb-headline-text\">Informaci\u00f3n que procesamos para los fines de intereses leg\u00edtimos<\/h3>\n\n\n\n<p>Podemos procesar informaci\u00f3n sobre la base de que existe un inter\u00e9s leg\u00edtimo, ya sea para productos o informaci\u00f3n.<\/p>\n\n\n\n<p>Cuando procesamos su informaci\u00f3n sobre esta base, lo hacemos en su inter\u00e9s para informarle de eventos o nuevos productos:<\/p>\n\n\n\n<p>Por ejemplo, podemos procesar sus datos para informarle de un taller de lat\u00f3n en su \u00e1rea, el mantenimiento de registros para la administraci\u00f3n adecuada y necesaria de instrumentos y accesorios, respondiendo a la comunicaci\u00f3n no solicitada de usted a la que recibimos para hacer con productos o mercanc\u00edas protegiendo y haciendo valer los derechos legales de cualquier parte.<\/p>\n\n\n\n<p>asegurando contra u obteniendo asesoramiento profesional que se requiere para ayudar o asistir en su consulta<\/p>\n\n\n\n<p>protegiendo sus intereses donde creemos que tenemos la obligaci\u00f3n de hacerlo<\/p>\n\n\n\n<h3 class=\"gb-headline gb-headline-b8c1c4b9 gb-headline-text\">Informaci\u00f3n que procesamos porque tenemos una obligaci\u00f3n legal<\/h3>\n\n\n\n<p>Estamos sujetos a la ley como todos los dem\u00e1s. A veces, debemos procesar su direcci\u00f3n o informaci\u00f3n de correo electr\u00f3nico. <\/p>\n\n\n\n<p>Por ejemplo, se nos puede exigir que demos informaci\u00f3n a las autoridades legales si as\u00ed lo solicitan o si tienen un inter\u00e9s en un individuo. Esto puede incluir su informaci\u00f3n personal. <\/p>\n\n\n\n<h3 class=\"gb-headline gb-headline-2932f599 gb-headline-text\">Usos espec\u00edficos de la informaci\u00f3n que nos proporciona<\/h3>\n\n\n\n<p>Informaci\u00f3n proporcionada en el entendimiento de que ser\u00e1 compartida con un tercero.<\/p>\n\n\n\n<p>Nuestro sitio web no le permite publicar informaci\u00f3n.<\/p>\n\n\n\n<p>Quejas sobre el contenido de nuestro sitio web.<\/p>\n\n\n\n<p>Nuestro sitio web es un medio de publicaci\u00f3n, pero el contenido no es publicable por terceros.<\/p>\n\n\n\n<p>Si se queja de cualquier contenido encontrado en <a href=\"https:\/\/genevainstruments.com\/es\/\">GenevaInstruments.com<\/a>, entonces investigaremos y si sentimos que est\u00e1 justificado, eliminaremos dicho contenido.<\/p>\n\n\n\n<p>La libertad de expresi\u00f3n es un derecho fundamental, por lo que tenemos que considerar cada solicitud como mejor nos parezca.<\/p>\n\n\n\n<p>Si creemos que su queja est\u00e1 justificada, entonces se tomar\u00e1n medidas para eliminar el contenido.<\/p>\n\n\n\n<p>Informaci\u00f3n relativa a su m\u00e9todo de pago<\/p>\n\n\n\n<p>La informaci\u00f3n de pago nunca es almacenada por nosotros, en el momento del pago de un instrumento usted elegir\u00e1 su opci\u00f3n de pago.<\/p>\n\n\n\n<h3 class=\"gb-headline gb-headline-dc70bf8e gb-headline-text\">Env\u00edo de un mensaje<\/h3>\n\n\n\n<p>Cuando se pone en contacto con nosotros, ya sea por tel\u00e9fono, a trav\u00e9s de nuestro sitio web, registramos su solicitud y no guardamos ning\u00fan dato personal de dichas solicitudes.<\/p>\n\n\n\n<h3 class=\"gb-headline gb-headline-e533b1a2 gb-headline-text\">Quejarse<\/h3>\n\n\n\n<p>Cuando recibimos una queja por correo electr\u00f3nico o por tel\u00e9fono, utilizamos esa informaci\u00f3n para resolver su queja.<\/p>\n\n\n\n<p>Si su queja razonablemente requiere que nos pongamos en contacto con alguna otra persona, podemos decidir dar informaci\u00f3n a esa otra persona.<\/p>\n\n\n\n<p>Tambi\u00e9n podemos recopilar estad\u00edsticas que muestren la informaci\u00f3n obtenida de esta queja.<\/p>\n\n\n\n<p>Uso de la informaci\u00f3n que recopilamos a trav\u00e9s de sistemas automatizados cuando visita nuestro sitio web<\/p>\n\n\n\n<h3 class=\"gb-headline gb-headline-5da56707 gb-headline-text\">Cookies<\/h3>\n\n\n\n<p>Las cookies son peque\u00f1os archivos de texto que su navegador web coloca en el disco duro de su ordenador cuando visita cualquier sitio web.<\/p>\n\n\n\n<p>Utilizamos cookies de las siguientes maneras:<\/p>\n\n\n\n<ol class=\"wp-block-list\">\n<li>para rastrear c\u00f3mo utiliza nuestro sitio web<\/li>\n\n\n\n<li>para registrar si visita nuestro sitio web con regularidad<\/li>\n\n\n\n<li>para mantenerle conectado a nuestro sitio<\/li>\n<\/ol>\n\n\n\n<h3 class=\"gb-headline gb-headline-f2fdafcf gb-headline-text\">Divulgaci\u00f3n y compartici\u00f3n de su informaci\u00f3n<\/h3>\n\n\n\n<p>Informaci\u00f3n que obtenemos de terceros<\/p>\n\n\n\n<p>Ninguna de esta informaci\u00f3n es personalmente identificable para usted.<\/p>\n\n\n\n<p>Los datos pueden ser procesados fuera de la Uni\u00f3n Europea.<\/p>\n\n\n\n<p>Nuestros sitios web est\u00e1n alojados en el Reino Unido.<\/p>\n\n\n\n<p>Acceso a su propia informaci\u00f3n.<\/p>\n\n\n\n<p>Puede eliminar la informaci\u00f3n que tenemos en cualquier momento poni\u00e9ndose en contacto con nosotros.<\/p>\n\n\n\n<h3 class=\"gb-headline gb-headline-d8bf2857 gb-headline-text\">Otros asuntos<\/h3>\n\n\n\n<p>C\u00f3mo puede presentar una queja<\/p>\n\n\n\n<p>P\u00f3ngase en contacto con <a href=\"https:\/\/genevainstruments.com\/es\/\">GenevaInstruments.com<\/a> y haga clic en la pesta\u00f1a de contacto.<\/p>\n\n\n\n<p>Si no est\u00e1 satisfecho de alguna manera sobre c\u00f3mo procesamos su informaci\u00f3n personal, tiene derecho a presentar una queja ante el Comisionado de Informaci\u00f3n.<\/p>\n\n<\/div>\n<\/div>","protected":false},"excerpt":{"rendered":"<p>Aviso de privacidad del sitio web y de la empresa Este es el aviso de privacidad de Geneva Instruments. En este documento, \u201cnosotros\u201d, Geneva Instruments (que incorpora Geneva Brasswind Ltd y Geneva Instruments Ltd). Nuestra oficina registrada se encuentra en Biz Hub Tees Valley, Belasis Hall Business Centre, Coxwold Way, TS23 4EA. Introducci\u00f3n Este es &#8230; <a title=\"Pol\u00edtica de privacidad\" class=\"read-more\" href=\"https:\/\/genevainstruments.com\/es\/politica-de-privacidad\/\" aria-label=\"Leer m\u00e1s sobre Pol\u00edtica de privacidad\">Leer m\u00e1s<\/a><\/p>\n","protected":false},"author":1,"featured_media":0,"parent":0,"menu_order":20,"comment_status":"closed","ping_status":"closed","template":"","meta":{"_acf_changed":false,"footnotes":""},"class_list":["post-18987","page","type-page","status-publish"],"acf":[],"_links":{"self":[{"href":"https:\/\/genevainstruments.com\/es\/wp-json\/wp\/v2\/pages\/18987","targetHints":{"allow":["GET"]}}],"collection":[{"href":"https:\/\/genevainstruments.com\/es\/wp-json\/wp\/v2\/pages"}],"about":[{"href":"https:\/\/genevainstruments.com\/es\/wp-json\/wp\/v2\/types\/page"}],"author":[{"embeddable":true,"href":"https:\/\/genevainstruments.com\/es\/wp-json\/wp\/v2\/users\/1"}],"replies":[{"embeddable":true,"href":"https:\/\/genevainstruments.com\/es\/wp-json\/wp\/v2\/comments?post=18987"}],"version-history":[{"count":1,"href":"https:\/\/genevainstruments.com\/es\/wp-json\/wp\/v2\/pages\/18987\/revisions"}],"predecessor-version":[{"id":18988,"href":"https:\/\/genevainstruments.com\/es\/wp-json\/wp\/v2\/pages\/18987\/revisions\/18988"}],"wp:attachment":[{"href":"https:\/\/genevainstruments.com\/es\/wp-json\/wp\/v2\/media?parent=18987"}],"curies":[{"name":"wp","href":"https:\/\/api.w.org\/{rel}","templated":true}]}}