{"id":19001,"date":"2021-01-15T11:41:21","date_gmt":"2021-01-15T11:41:21","guid":{"rendered":"https:\/\/genevainstruments.com\/terminos-y-condiciones\/"},"modified":"2025-12-02T16:37:05","modified_gmt":"2025-12-02T16:37:05","slug":"terminos-y-condiciones","status":"publish","type":"page","link":"https:\/\/genevainstruments.com\/es\/terminos-y-condiciones\/","title":{"rendered":"T\u00e9rminos y condiciones"},"content":{"rendered":"<div class=\"gb-container gb-container-3a14c50b alignfull\">\n<div class=\"gb-container gb-container-edda4908\">\n\n<p class=\"gb-headline gb-headline-2dc42e1d gb-headline-text\">Geneva Brasswind Ltd,<br>Geneva House,<br>Belasis Business Hub,<br>Coxwold Way,<br>Billingham<br>TS23 4EA<br>Reino Unido<br>Tel.: +44 01642 714464<\/p>\n\n\n\n<p class=\"gb-headline gb-headline-16a2f222 gb-headline-text\">Sociedad de responsabilidad limitada<br>N\u00famero de registro de empresas: 09961254<\/p>\n\n\n\n<p class=\"gb-headline gb-headline-8149964d gb-headline-text\">El acceso al sitio web, as\u00ed como el uso de su contenido, est\u00e1n sujetos a las siguientes condiciones. Estas condiciones de uso pueden ser modificadas en cualquier momento. Se considerar\u00e1 que los usuarios de Internet aceptan estas modificaciones tan pronto como se publiquen en l\u00ednea.  <\/p>\n\n\n\n<ol class=\"wp-block-list\">\n<li>PROPIEDAD INTELECTUAL<\/li>\n\n\n\n<li>RESPONSABILIDAD<\/li>\n\n\n\n<li>FUNCIONAMIENTO T\u00c9CNICO DEL SITIO WEB<\/li>\n\n\n\n<li>ASIGNACI\u00d3N DE JURISDICCI\u00d3N<\/li>\n\n\n\n<li>PUEDE PONERSE EN CONTACTO CON NOSOTROS EN LA SIGUIENTE DIRECCI\u00d3N<\/li>\n\n\n\n<li>DISE\u00d1O Y PRODUCCI\u00d3N DEL SITIO WEB<\/li>\n<\/ol>\n\n\n\n<ol class=\"wp-block-list\">\n<li>PROPIEDAD INTELECTUAL<br\/>Todos los elementos contenidos en el sitio web (software, texto, im\u00e1genes animadas o est\u00e1ticas, sonidos, conocimientos t\u00e9cnicos y, en general, cualquier tipo de dato) est\u00e1n protegidos por el C\u00f3digo de la Propiedad Intelectual (franc\u00e9s). Queda prohibida cualquier representaci\u00f3n y\/o reproducci\u00f3n total o parcial del sitio web mediante un procedimiento de cualquier tipo, sin la autorizaci\u00f3n expresa de Geneva Brasswind, y constituir\u00eda una infracci\u00f3n ilegal en virtud de la Ley de Inglaterra y Gales. Las marcas comerciales y los logotipos que aparecen en el sitio web son propiedad de Geneva Brasswind. Queda prohibido cualquier uso o reproducci\u00f3n total o parcial de estas marcas comerciales y\/o logotipos sin la autorizaci\u00f3n previa y expresa de Geneva Brasswind.   <br\/><\/li>\n\n\n\n<li>CONTENIDO DEL SITIO WEB \u2013 RESPONSABILIDAD<br\/>La informaci\u00f3n que aparece en el sitio web tiene fines meramente informativos. Geneva Brasswind se esfuerza por mantener el sitio web actualizado, pero no puede garantizar que la informaci\u00f3n publicada en el sitio web sea correcta, completa y est\u00e9 actualizada, ni puede garantizar que dicha informaci\u00f3n sea adecuada para el uso deseado por el usuario. En consecuencia, el usuario reconoce que es el \u00fanico responsable del uso de esta informaci\u00f3n.<br\/>El usuario deber\u00e1 cumplir con las disposiciones de la Ley (inglesa) de Protecci\u00f3n de Datos, cuya violaci\u00f3n conlleva sanciones penales.<br\/>En particular, con respecto a los datos personales a los que tiene acceso, debe abstenerse de cualquier forma de recopilaci\u00f3n, uso indebido y, en general, cualquier acci\u00f3n que pueda violar la privacidad de las personas o poner en peligro su reputaci\u00f3n.  <br\/><\/li>\n\n\n\n<li>FUNCIONAMIENTO T\u00c9CNICO DEL SITIO WEB<br\/>El sitio suele ser accesible las 24 horas del d\u00eda, los 7 d\u00edas de la semana. En casos de fuerza mayor, problemas con los sistemas de informaci\u00f3n, problemas estructurales con las redes de telecomunicaciones, dificultades t\u00e9cnicas o por motivos de mantenimiento \u2013 esta lista no es exhaustiva \u2013 el acceso a todo o parte del sitio web puede ser suspendido o eliminado por la simple decisi\u00f3n de Geneva Brasswind. Por motivos de mantenimiento y\/o por cualquier otra decisi\u00f3n tomada por Geneva Brasswind, el acceso al sitio web puede ser interrumpido. El sitio web puede ser modificado y desarrollado sin previo aviso de ning\u00fan tipo. En cualquier caso, Geneva Brasswind no se har\u00e1 responsable en modo alguno de los da\u00f1os directos, indirectos o especiales, resultantes del uso del sitio web u otros sitios relacionados con ellos y, en particular, de cualquier p\u00e9rdida financiera o comercial, o p\u00e9rdida de programas o datos del sistema de informaci\u00f3n del usuario.    <br\/><\/li>\n\n\n\n<li>ASIGNACI\u00d3N DE JURISDICCI\u00d3N<br\/>El contenido del sitio web se rige por la legislaci\u00f3n inglesa. Esto se aplica tanto a las normas sustantivas como a las procesales, y su contenido ser\u00e1 juzgado \u00fanicamente por las jurisdicciones inglesas competentes. Se excluyen las normas sobre conflicto de leyes en favor de la aplicaci\u00f3n completa e incondicional de la legislaci\u00f3n inglesa.  <br\/><\/li>\n\n\n\n<li>PUEDE PONERSE EN CONTACTO CON NOSOTROS EN LA SIGUIENTE DIRECCI\u00d3N<br\/>Si tiene alguna pregunta o queja, p\u00f3ngase en contacto con nosotros en la siguiente direcci\u00f3n:<br\/>Geneva Brasswind Ltd,<br\/>Geneva House,<br\/>Belasis Business Hub,<br\/>Coxwold Way,<br\/>Billingham<br\/>TS23 4EA<br\/>Reino Unido<br\/>Tel.: +44 01642 714464<br\/>Para obtener una copia de los t\u00e9rminos y condiciones de venta y garant\u00eda, env\u00ede un correo electr\u00f3nico a <a href=\"mailto:info@genevainstruments.com\">info@genevainstruments.com<\/a>.<br\/><\/li>\n\n\n\n<li>DISE\u00d1O WEB<br\/>Este sitio fue dise\u00f1ado y desarrollado por VIA Creative \u2013 www.viacreatve.co.uk<br\/>CR\u00c9DITOS DE FOTOS Y V\u00cdDEOS<br\/>Seg\u00fan sea necesario, se colocar\u00e1n con dichas fotos y v\u00eddeos.<\/li>\n<\/ol>\n\n<\/div>\n<\/div>","protected":false},"excerpt":{"rendered":"<p>Geneva Brasswind Ltd,Geneva House,Belasis Business Hub,Coxwold Way,BillinghamTS23 4EAReino UnidoTel.: +44 01642 714464 Sociedad de responsabilidad limitadaN\u00famero de registro de empresas: 09961254 El acceso al sitio web, as\u00ed como el uso de su contenido, est\u00e1n sujetos a las siguientes condiciones. Estas condiciones de uso pueden ser modificadas en cualquier momento. Se considerar\u00e1 que los usuarios de &#8230; <a title=\"T\u00e9rminos y condiciones\" class=\"read-more\" href=\"https:\/\/genevainstruments.com\/es\/terminos-y-condiciones\/\" aria-label=\"Leer m\u00e1s sobre T\u00e9rminos y condiciones\">Leer m\u00e1s<\/a><\/p>\n","protected":false},"author":1,"featured_media":0,"parent":0,"menu_order":20,"comment_status":"closed","ping_status":"closed","template":"","meta":{"_acf_changed":false,"footnotes":""},"class_list":["post-19001","page","type-page","status-publish"],"acf":[],"_links":{"self":[{"href":"https:\/\/genevainstruments.com\/es\/wp-json\/wp\/v2\/pages\/19001","targetHints":{"allow":["GET"]}}],"collection":[{"href":"https:\/\/genevainstruments.com\/es\/wp-json\/wp\/v2\/pages"}],"about":[{"href":"https:\/\/genevainstruments.com\/es\/wp-json\/wp\/v2\/types\/page"}],"author":[{"embeddable":true,"href":"https:\/\/genevainstruments.com\/es\/wp-json\/wp\/v2\/users\/1"}],"replies":[{"embeddable":true,"href":"https:\/\/genevainstruments.com\/es\/wp-json\/wp\/v2\/comments?post=19001"}],"version-history":[{"count":1,"href":"https:\/\/genevainstruments.com\/es\/wp-json\/wp\/v2\/pages\/19001\/revisions"}],"predecessor-version":[{"id":19002,"href":"https:\/\/genevainstruments.com\/es\/wp-json\/wp\/v2\/pages\/19001\/revisions\/19002"}],"wp:attachment":[{"href":"https:\/\/genevainstruments.com\/es\/wp-json\/wp\/v2\/media?parent=19001"}],"curies":[{"name":"wp","href":"https:\/\/api.w.org\/{rel}","templated":true}]}}