{"id":11309,"date":"2024-09-09T14:36:32","date_gmt":"2024-09-09T13:36:32","guid":{"rendered":"https:\/\/geneva.viacreative.co\/product\/bombardino-en-sib-geneva-cardinal-gvl\/"},"modified":"2026-01-16T08:38:49","modified_gmt":"2026-01-16T08:38:49","slug":"bombardino-en-sib-geneva-cardinal-gvl","status":"publish","type":"product","link":"https:\/\/genevainstruments.com\/es\/producto\/bombardino-en-sib-geneva-cardinal-gvl\/","title":{"rendered":"Bombardino en Sib &#8211; Geneva Cardinal GVL"},"content":{"rendered":"<h1 data-start=\"336\" data-end=\"394\">Bombardino en Sib Geneva Cardinal GVL<\/h1>\n<h2 data-start=\"336\" data-end=\"394\">Un bombardino de clase mundial dise\u00f1ado para el m\u00fasico serio<\/h2>\n<p data-start=\"396\" data-end=\"677\">El <strong data-start=\"400\" data-end=\"429\">Bombardino en Sib Geneva Cardinal GVL<\/strong> es el resultado de un cuarto de siglo de continua investigaci\u00f3n y desarrollo. Construido para m\u00fasicos que exigen un tono superior, una entonaci\u00f3n impecable y una artesan\u00eda impecable, este cornet\u00edn de primera calidad representa el pin\u00e1culo de las \u00faltimas innovaciones de los instrumentos de metal de Geneva, puro lujo <\/p>\n<hr data-start=\"679\" data-end=\"682\">\n<p data-start=\"684\" data-end=\"700\"><strong>Caracter\u00edsticas principales<\/strong><\/p>\n<ul data-start=\"702\" data-end=\"1349\">\n<li data-start=\"702\" data-end=\"815\">\n<p data-start=\"704\" data-end=\"815\"><strong data-start=\"704\" data-end=\"732\">Tubo de entrada Venturi \u00fanico<\/strong><br data-start=\"732\" data-end=\"735\">Mejora la proyecci\u00f3n del sonido y garantiza una experiencia de interpretaci\u00f3n suave y sin esfuerzo.<\/p>\n<\/li>\n<li data-start=\"817\" data-end=\"910\">\n<p data-start=\"819\" data-end=\"910\"><strong data-start=\"819\" data-end=\"841\">Campana martillada a mano<\/strong><br data-start=\"841\" data-end=\"844\">Elaborada con precisi\u00f3n artesanal para producir un tono rico y resonante.<\/p>\n<\/li>\n<\/ul>\n<ul>\n<li><strong data-start=\"819\" data-end=\"841\">Grabado a mano<\/strong><br data-start=\"841\" data-end=\"844\">Elaborado con precisi\u00f3n artesanal con un grabado decorativo del Grifo de Ginebra.<\/li>\n<\/ul>\n<ul data-start=\"702\" data-end=\"1349\">\n<li data-start=\"912\" data-end=\"989\">\n<p data-start=\"914\" data-end=\"989\"><strong data-start=\"914\" data-end=\"937\">Mezcla de metal a medida<\/strong><br data-start=\"937\" data-end=\"940\">Dise\u00f1ado para ofrecer durabilidad y complejidad tonal.<\/p>\n<\/li>\n<li data-start=\"991\" data-end=\"1087\">\n<p data-start=\"993\" data-end=\"1087\"><strong data-start=\"993\" data-end=\"1013\">Dise\u00f1o ergon\u00f3mico<\/strong><br data-start=\"1013\" data-end=\"1016\">C\u00f3modo de sujetar y f\u00e1cil de controlar durante interpretaciones prolongadas.<\/p>\n<\/li>\n<li data-start=\"1089\" data-end=\"1215\">\n<p data-start=\"1091\" data-end=\"1215\"><strong data-start=\"1091\" data-end=\"1112\">Dise\u00f1o de nivel de afinaci\u00f3n de paleta<\/strong><br data-start=\"1112\" data-end=\"1115\">Desarrollado en colaboraci\u00f3n con Glenn Van Looy para mejorar la respuesta y la sensaci\u00f3n.<\/p>\n<\/li>\n<li data-start=\"1217\" data-end=\"1349\">\n<p data-start=\"1219\" data-end=\"1349\"><strong data-start=\"1219\" data-end=\"1252\">Enchapado de n\u00edquel negro mejorado<\/strong><br data-start=\"1252\" data-end=\"1255\">Un nuevo y elegante acabado posible gracias a nuestra inversi\u00f3n en tecnolog\u00eda de producci\u00f3n de \u00faltima generaci\u00f3n.<\/p>\n<\/li>\n<\/ul>\n<hr data-start=\"1351\" data-end=\"1354\">\n<h3 data-start=\"1356\" data-end=\"1394\"><strong>\u00bfPor qu\u00e9 elegir el Cardinal GVL?<\/strong><\/h3>\n<p data-start=\"1396\" data-end=\"1703\">Ya sea solista, miembro de un conjunto o director de banda, el <strong data-start=\"1459\" data-end=\"1481\">Bombardino en Sib Cardinal GVL<\/strong> ofrece la calidad y el rendimiento que exigen los profesionales de todo el mundo. Utilizado por m\u00fasicos destacados en el Reino Unido, Europa, EE. UU., Jap\u00f3n y Australia, este instrumento establece un nuevo est\u00e1ndar en el dise\u00f1o de instrumentos de metal hechos a mano. <\/p>\n<hr data-start=\"1705\" data-end=\"1708\">\n<p data-start=\"1710\" data-end=\"1726\"><strong>Prueba en carretera &#8211; <a href=\"https:\/\/genevainstruments.com\/es\/pruebe-antes-de-comprar\/\">pruebe antes de comprar<\/a><\/strong><\/p>\n<p data-start=\"1728\" data-end=\"2030\">Si est\u00e1 buscando un instrumento nuevo y no ha probado el <strong data-start=\"1736\" data-end=\"1758\">Bombardino en Sib Cardinal GVL<\/strong> y desea probarlo, complete el formulario de prueba antes de comprar; hay opciones sin importar en qu\u00e9 pa\u00eds resida.<\/p>\n<hr data-start=\"2303\" data-end=\"2306\">\n<p data-start=\"153\" data-end=\"194\"><strong>Solicite hoy mismo su bombardino Cardinal GVL<\/strong><\/p>\n<p data-start=\"196\" data-end=\"354\">\u00bfListo para mejorar su interpretaci\u00f3n? El <strong data-start=\"235\" data-end=\"257\">Bombardino en Sib Cardinal GVL<\/strong> ofrece una precisi\u00f3n musical, una potencia y una artesan\u00eda inigualables en las que conf\u00edan los mejores int\u00e9rpretes de todo el mundo. <\/p>\n<p data-start=\"356\" data-end=\"594\">Puede <strong data-start=\"364\" data-end=\"404\">comprar directamente a trav\u00e9s de esta tienda en l\u00ednea<\/strong> o, si prefiere un enfoque m\u00e1s personal, especialmente para aquellos que se encuentran fuera del Reino Unido, o necesita ayuda para elegir el modelo correcto, simplemente <strong data-start=\"494\" data-end=\"573\">env\u00edenos un correo electr\u00f3nico a <a class=\"decorated-link cursor-pointer\" href=\"mailto:info@genevainstruments.com\" rel=\"noopener\" data-start=\"508\" data-end=\"571\">info@genevainstruments.com<\/a><\/strong> para realizar su pedido.<\/p>\n<p data-start=\"596\" data-end=\"702\">Sea cual sea la forma que elija, nuestro equipo est\u00e1 aqu\u00ed para ayudarle a encontrar la Cardinal perfecta para su viaje musical.<\/p>\n<hr data-start=\"2032\" data-end=\"2035\">\n<p data-start=\"2037\" data-end=\"2057\"><strong>Lo que dicen los artistas<\/strong><\/p>\n<p><em>\u00abAdem\u00e1s de sus notables caracter\u00edsticas de interpretaci\u00f3n, encuentro que la est\u00e9tica del instrumento, con su grabado artesanal en la campana y los acabados en rosa y negro en todo el instrumento, hace que este instrumento destaque como una obra de arte \u00fanica en s\u00ed misma\u00bb<\/em><\/p>\n<p><strong>Dr Glenn Van Looy<\/strong><br \/>\nProfesor de Bombardino, Conservatoire Cantonal du Valais<br \/>\nArtista de Interpretaci\u00f3n y Desarrollo de Geneva<\/p>\n","protected":false},"excerpt":{"rendered":"<p>\u201cNo lo d\u00e9 por sentado, escuche los v\u00eddeos para comprobar el tono y la capacidad t\u00e9cnica de este instrumento, que est\u00e1 en una liga propia\u201d. GVL <\/p>\n<p>Echa un vistazo a los v\u00eddeos.<\/p>\n<p>El tercero es un ejemplo asombroso de lo genial y vers\u00e1til que puede ser el bombardino: Takumi Yoshihisa.<\/p>\n","protected":false},"featured_media":11311,"comment_status":"closed","ping_status":"closed","template":"","meta":{"_acf_changed":false},"product_brand":[192],"product_cat":[361,547],"product_tag":[481,418,482],"class_list":{"0":"post-11309","1":"product","2":"type-product","3":"status-publish","4":"has-post-thumbnail","6":"product_brand-geneva-instruments","7":"product_cat-instrumentos-geneva-cardinal","8":"product_cat-modelos-de-artistas-de-geneva-cardinal","9":"product_tag-bombardino-en-sib-2","10":"product_tag-bombardino-en-sib","11":"product_tag-bombardino-en-sib-signature","12":"product_shipping_class-grande","13":"pa_range-instrumentos-geneva-cardinal","14":"sales-flash-overlay","15":"woocommerce-text-align-left","16":"woocommerce-image-align-center","17":"do-quantity-buttons","18":"wc-has-gallery","20":"first","21":"instock","22":"taxable","23":"shipping-taxable","24":"purchasable","25":"product-type-variable"},"acf":[],"_links":{"self":[{"href":"https:\/\/genevainstruments.com\/es\/wp-json\/wp\/v2\/product\/11309","targetHints":{"allow":["GET"]}}],"collection":[{"href":"https:\/\/genevainstruments.com\/es\/wp-json\/wp\/v2\/product"}],"about":[{"href":"https:\/\/genevainstruments.com\/es\/wp-json\/wp\/v2\/types\/product"}],"replies":[{"embeddable":true,"href":"https:\/\/genevainstruments.com\/es\/wp-json\/wp\/v2\/comments?post=11309"}],"wp:featuredmedia":[{"embeddable":true,"href":"https:\/\/genevainstruments.com\/es\/wp-json\/wp\/v2\/media\/11311"}],"wp:attachment":[{"href":"https:\/\/genevainstruments.com\/es\/wp-json\/wp\/v2\/media?parent=11309"}],"wp:term":[{"taxonomy":"product_brand","embeddable":true,"href":"https:\/\/genevainstruments.com\/es\/wp-json\/wp\/v2\/product_brand?post=11309"},{"taxonomy":"product_cat","embeddable":true,"href":"https:\/\/genevainstruments.com\/es\/wp-json\/wp\/v2\/product_cat?post=11309"},{"taxonomy":"product_tag","embeddable":true,"href":"https:\/\/genevainstruments.com\/es\/wp-json\/wp\/v2\/product_tag?post=11309"}],"curies":[{"name":"wp","href":"https:\/\/api.w.org\/{rel}","templated":true}]}}