{"id":11979,"date":"2024-09-09T14:36:57","date_gmt":"2024-09-09T13:36:57","guid":{"rendered":"https:\/\/geneva.viacreative.co\/product\/tuba-sib-geneva-cardinal-jc\/"},"modified":"2025-12-21T08:26:00","modified_gmt":"2025-12-21T08:26:00","slug":"tuba-sib-geneva-cardinal-jc","status":"publish","type":"product","link":"https:\/\/genevainstruments.com\/es\/producto\/tuba-sib-geneva-cardinal-jc\/","title":{"rendered":"Tuba Sib &#8211; Geneva cardinal JC"},"content":{"rendered":"<h1 data-start=\"336\" data-end=\"394\">Tuba Sib Geneva cardinal JC<\/h1>\n<h2 data-start=\"336\" data-end=\"394\">Una tuba de primera clase dise\u00f1ada para el m\u00fasico exigente<\/h2>\n<p data-start=\"396\" data-end=\"677\">La <strong data-start=\"400\" data-end=\"429\">Tuba Geneva Cardinal JC<\/strong> es el resultado de un cuarto de siglo de continua investigaci\u00f3n y desarrollo. Construida para m\u00fasicos que exigen un tono superior, una entonaci\u00f3n impecable y una artesan\u00eda impecable, esta corneta de primera calidad representa el pin\u00e1culo de las \u00faltimas innovaciones de los instrumentos de metal de Geneva, puro lujo. <\/p>\n<hr data-start=\"679\" data-end=\"682\">\n<p data-start=\"684\" data-end=\"700\"><strong>Caracter\u00edsticas principales<\/strong><\/p>\n<ul data-start=\"702\" data-end=\"1349\">\n<li data-start=\"702\" data-end=\"815\">\n<p data-start=\"704\" data-end=\"815\"><strong data-start=\"704\" data-end=\"732\">Tubo de entrada Venturi \u00fanico<\/strong><br data-start=\"732\" data-end=\"735\">Mejora la proyecci\u00f3n del sonido y garantiza una experiencia de interpretaci\u00f3n suave y sin esfuerzo.<\/p>\n<\/li>\n<li data-start=\"817\" data-end=\"910\">\n<p data-start=\"819\" data-end=\"910\"><strong data-start=\"819\" data-end=\"841\">Campana martillada a mano<\/strong><br data-start=\"841\" data-end=\"844\">Elaborada con precisi\u00f3n artesanal para producir un tono rico y resonante.<\/p>\n<\/li>\n<\/ul>\n<ul>\n<li><strong data-start=\"819\" data-end=\"841\">Grabado a mano<\/strong><br data-start=\"841\" data-end=\"844\">Elaborado con precisi\u00f3n artesanal con un grabado decorativo del Grifo de Ginebra.<\/li>\n<\/ul>\n<ul data-start=\"702\" data-end=\"1349\">\n<li data-start=\"912\" data-end=\"989\">\n<p data-start=\"914\" data-end=\"989\"><strong data-start=\"914\" data-end=\"937\">Mezcla de metal a medida<\/strong><br data-start=\"937\" data-end=\"940\">Dise\u00f1ado para la durabilidad y la complejidad tonal.<\/p>\n<\/li>\n<li data-start=\"991\" data-end=\"1087\">\n<p data-start=\"993\" data-end=\"1087\"><strong data-start=\"993\" data-end=\"1013\">Dise\u00f1o ergon\u00f3mico<\/strong><br data-start=\"1013\" data-end=\"1016\">C\u00f3modo de sostener y f\u00e1cil de controlar durante interpretaciones prolongadas.<\/p>\n<\/li>\n<li data-start=\"1089\" data-end=\"1215\">\n<p data-start=\"1091\" data-end=\"1215\"><strong data-start=\"1091\" data-end=\"1112\">Dise\u00f1o de nivel de giro de paleta<\/strong><br data-start=\"1112\" data-end=\"1115\">Desarrollado en colaboraci\u00f3n con Glenn Van Looy para mejorar la respuesta y la sensaci\u00f3n.<\/p>\n<\/li>\n<li data-start=\"1217\" data-end=\"1349\">\n<p data-start=\"1219\" data-end=\"1349\"><strong data-start=\"1219\" data-end=\"1252\">Enchapado de n\u00edquel negro mejorado<\/strong><br data-start=\"1252\" data-end=\"1255\">Un nuevo acabado elegante posible gracias a nuestra inversi\u00f3n en tecnolog\u00eda de producci\u00f3n de \u00faltima generaci\u00f3n.<\/p>\n<\/li>\n<\/ul>\n<hr data-start=\"1351\" data-end=\"1354\">\n<h2 data-start=\"1356\" data-end=\"1394\">\u00bfPor qu\u00e9 elegir la Cardinal?<\/h2>\n<p data-start=\"1396\" data-end=\"1703\">Ya sea solista, miembro de un conjunto o director de banda, la <strong data-start=\"1459\" data-end=\"1481\">gama Cardinal<\/strong> ofrece la calidad y el rendimiento exigidos por los profesionales de todo el mundo. Utilizado por m\u00fasicos destacados en el Reino Unido, Europa, EE. UU., Jap\u00f3n y Australia, este instrumento establece un nuevo est\u00e1ndar en el dise\u00f1o de instrumentos de metal hechos a mano. <\/p>\n<hr data-start=\"1705\" data-end=\"1708\">\n<h3 data-start=\"1710\" data-end=\"1726\">Prueba en carretera &#8211; <a href=\"https:\/\/genevainstruments.com\/es\/pruebe-antes-de-comprar\/\">pruebe antes de comprar<\/a><\/h3>\n<p data-start=\"1728\" data-end=\"2030\">Si est\u00e1 buscando un instrumento nuevo y no ha probado la <strong data-start=\"1736\" data-end=\"1758\">Tuba Cardinal JC<\/strong> y desea probarla, complete el formulario de prueba antes de comprar; hay opciones sin importar en qu\u00e9 pa\u00eds resida.<\/p>\n<hr data-start=\"2303\" data-end=\"2306\">\n<h4 data-start=\"153\" data-end=\"194\"><strong>Solicite su tuba Cardinal JC hoy mismo<\/strong><\/h4>\n<p data-start=\"196\" data-end=\"354\">\u00bfListo para mejorar su interpretaci\u00f3n? La <strong>Geneva<\/strong> <strong data-start=\"235\" data-end=\"257\">Cardinal Range<\/strong> ofrece una precisi\u00f3n musical, potencia y artesan\u00eda inigualables en las que conf\u00edan los mejores int\u00e9rpretes de todo el mundo. <\/p>\n<p data-start=\"356\" data-end=\"594\">Puede <strong data-start=\"364\" data-end=\"404\">comprar directamente a trav\u00e9s de esta tienda en l\u00ednea<\/strong> o, si prefiere un enfoque m\u00e1s personal, especialmente para aquellos que se encuentran fuera del Reino Unido, o necesita ayuda para elegir el modelo correcto, simplemente <strong data-start=\"494\" data-end=\"573\">env\u00edenos un correo electr\u00f3nico a <a class=\"decorated-link cursor-pointer\" href=\"mailto:info@genevainstruments.com\" rel=\"noopener\" data-start=\"508\" data-end=\"571\">info@genevainstruments.com<\/a><\/strong> para realizar su pedido.<\/p>\n<p data-start=\"596\" data-end=\"702\">Sea cual sea la forma que elija, nuestro equipo est\u00e1 aqu\u00ed para ayudarle a encontrar la Cardinal perfecta para su viaje musical.<\/p>\n<hr data-start=\"2032\" data-end=\"2035\">\n<p data-start=\"2037\" data-end=\"2057\"><strong>Lo que dice el equipo de dise\u00f1o de Geneva<\/strong><\/p>\n<p>\u00abEsta colaboraci\u00f3n \u00fanica entre Geneva y el virtuoso tubista Joe Cook para producir un instrumento que ofrezca un sonido m\u00e1s grande y una mayor proyecci\u00f3n sin distorsi\u00f3n fue el desaf\u00edo que nos propusimos para este producto.<\/p>\n<p><em>\u201cLa incorporaci\u00f3n resultante de la campana Rose y el ensanchamiento de n\u00edquel fue la soluci\u00f3n perfecta a este desaf\u00edo, que ha creado un instrumento excepcional que no tiene comparaci\u00f3n en el mercado actual\u201d.<\/em><\/p>\n<h4 style=\"text-align: center;\">\u201cEstuche r\u00edgido suministrado con el instrumento\u201d.<\/h4>\n","protected":false},"excerpt":{"rendered":"<p>Tuba Sib de Geneva Instruments &#8211; Geneva Cardinal JC.<\/p>\n","protected":false},"featured_media":11981,"comment_status":"closed","ping_status":"closed","template":"","meta":{"_acf_changed":false},"product_brand":[192],"product_cat":[361,547],"product_tag":[659],"class_list":{"0":"post-11979","1":"product","2":"type-product","3":"status-publish","4":"has-post-thumbnail","6":"product_brand-geneva-instruments","7":"product_cat-instrumentos-geneva-cardinal","8":"product_cat-modelos-de-artistas-de-geneva-cardinal","9":"product_tag-tuba-en-mib","10":"product_shipping_class-extragrande","11":"pa_range-instrumentos-geneva-cardinal","12":"sales-flash-overlay","13":"woocommerce-text-align-left","14":"woocommerce-image-align-center","15":"do-quantity-buttons","17":"first","18":"onbackorder","19":"taxable","20":"shipping-taxable","21":"purchasable","22":"product-type-variable"},"acf":[],"_links":{"self":[{"href":"https:\/\/genevainstruments.com\/es\/wp-json\/wp\/v2\/product\/11979","targetHints":{"allow":["GET"]}}],"collection":[{"href":"https:\/\/genevainstruments.com\/es\/wp-json\/wp\/v2\/product"}],"about":[{"href":"https:\/\/genevainstruments.com\/es\/wp-json\/wp\/v2\/types\/product"}],"replies":[{"embeddable":true,"href":"https:\/\/genevainstruments.com\/es\/wp-json\/wp\/v2\/comments?post=11979"}],"wp:featuredmedia":[{"embeddable":true,"href":"https:\/\/genevainstruments.com\/es\/wp-json\/wp\/v2\/media\/11981"}],"wp:attachment":[{"href":"https:\/\/genevainstruments.com\/es\/wp-json\/wp\/v2\/media?parent=11979"}],"wp:term":[{"taxonomy":"product_brand","embeddable":true,"href":"https:\/\/genevainstruments.com\/es\/wp-json\/wp\/v2\/product_brand?post=11979"},{"taxonomy":"product_cat","embeddable":true,"href":"https:\/\/genevainstruments.com\/es\/wp-json\/wp\/v2\/product_cat?post=11979"},{"taxonomy":"product_tag","embeddable":true,"href":"https:\/\/genevainstruments.com\/es\/wp-json\/wp\/v2\/product_tag?post=11979"}],"curies":[{"name":"wp","href":"https:\/\/api.w.org\/{rel}","templated":true}]}}