{"id":12127,"date":"2024-09-09T14:36:45","date_gmt":"2024-09-09T13:36:45","guid":{"rendered":"https:\/\/geneva.viacreative.co\/product\/corneta-en-sib-geneva-heritage-philip-mccann\/"},"modified":"2026-01-16T08:38:55","modified_gmt":"2026-01-16T08:38:55","slug":"corneta-en-sib-geneva-heritage-philip-mccann","status":"publish","type":"product","link":"https:\/\/genevainstruments.com\/es\/producto\/corneta-en-sib-geneva-heritage-philip-mccann\/","title":{"rendered":"Corneta en Sib &#8211; Geneva Heritage (Philip McCann)"},"content":{"rendered":"<h3 data-start=\"278\" data-end=\"309\"><strong data-start=\"282\" data-end=\"307\">Gama Geneva Heritage<\/strong><\/h3>\n<p data-start=\"310\" data-end=\"361\"><strong data-start=\"310\" data-end=\"361\">Dise\u00f1ado para la tradici\u00f3n. Creado para la excelencia. <\/strong><\/p>\n<p data-start=\"363\" data-end=\"639\">La gama <em data-start=\"367\" data-end=\"384\">Geneva Heritage<\/em> representa la c\u00faspide del sonido puro y expresivo. Desarrollada espec\u00edficamente para el mercado tradicional de bandas de m\u00fasica de metal en Gran Breta\u00f1a, esta excepcional serie ha tardado m\u00e1s de 16 a\u00f1os en fabricarse, superando los l\u00edmites de la artesan\u00eda de los instrumentos de metal.<\/p>\n<p data-start=\"641\" data-end=\"968\">Cada instrumento de la gama Heritage incorpora innovaciones de dise\u00f1o \u00fanicas, incluido un tudel cuidadosamente dise\u00f1ado con una conicidad gradual desde el venturi hasta la v\u00e1lvula. Esto da como resultado una sensaci\u00f3n m\u00e1s controlada y una resistencia ligeramente mayor en comparaci\u00f3n con la gama <em data-start=\"895\" data-end=\"912\">Geneva Cardinal<\/em>, ideal para m\u00fasicos que buscan precisi\u00f3n y respuesta. <\/p>\n<p data-start=\"970\" data-end=\"1278\">Construida con lat\u00f3n amarillo de alta calidad, la gama Heritage ofrece el rendimiento y la integridad tonal de un instrumento de primera calidad a un precio accesible, sin comprometer el sonido ni la afinaci\u00f3n. Para muchos m\u00fasicos, esto se traduce en un mejor control y consistencia en todos los registros y din\u00e1micas. <\/p>\n<p data-start=\"1280\" data-end=\"1475\">Ahora reconocida como una de las opciones l\u00edderes en el mundo de las bandas de m\u00fasica de metal, la gama <em data-start=\"1358\" data-end=\"1368\">Heritage<\/em> es la preferida por renombrados solistas internacionales y algunos de los conjuntos m\u00e1s prestigiosos del mundo.<\/p>\n<hr data-start=\"1477\" data-end=\"1480\">\n<h3 data-start=\"1482\" data-end=\"1532\"><strong data-start=\"1486\" data-end=\"1530\">Presentamos la corneta Philip McCann &#8211; Geneva Heritage <\/strong><\/h3>\n<p data-start=\"1533\" data-end=\"1582\"><strong data-start=\"1533\" data-end=\"1582\">Una colaboraci\u00f3n exclusiva con Phillip McCann<\/strong><\/p>\n<blockquote data-start=\"1584\" data-end=\"1796\">\n<p data-start=\"1586\" data-end=\"1796\"><em data-start=\"1586\" data-end=\"1771\">\u201cTodos tenemos una voz \u00fanica. Esta corneta Cardinal Heritage es una extensi\u00f3n de TI y te permite encontrar &#8216;tu voz musical&#8217;&#8230; el resultado de mi colaboraci\u00f3n con Geneva Instruments\u201d.<\/em><br data-start=\"1771\" data-end=\"1774\">\u2014 <strong data-start=\"1778\" data-end=\"1796\">Phillip McCann<\/strong><\/p>\n<\/blockquote>\n<p data-start=\"1798\" data-end=\"1998\">Nos honra presentar la <em data-start=\"1829\" data-end=\"1855\">Cardinal Heritage Cornet<\/em>, un modelo exclusivo desarrollado en colaboraci\u00f3n con el legendario <strong data-start=\"1921\" data-end=\"1939\">Phillip McCann<\/strong>, una de las figuras m\u00e1s respetadas en el mundo de las bandas de m\u00fasica de metal.<\/p>\n<p data-start=\"2000\" data-end=\"2354\">Nacido en Bo\u2019ness, Escocia, la carrera de Phillip comenz\u00f3 con la Kinneil Colliery Band y floreci\u00f3 a trav\u00e9s de roles de liderazgo, incluidos cinco a\u00f1os como l\u00edder de la National Youth Brass Band of Great Britain. Como corneta principal de la mundialmente famosa <strong data-start=\"2246\" data-end=\"2265\">Black Dyke Band<\/strong> durante su \u00e9poca dorada, Phillip ayud\u00f3 a dar forma a un sonido ic\u00f3nico que todav\u00eda se venera en la actualidad. <\/p>\n<p data-start=\"2356\" data-end=\"2624\">Su aclamada serie de CD <em data-start=\"2370\" data-end=\"2379\">Chandos<\/em>, <em data-start=\"2391\" data-end=\"2428\">The World\u2019s Most Beautiful Melodies<\/em>, es famosa por su tono sublime y musicalidad, que se presenta regularmente en <strong data-start=\"2503\" data-end=\"2516\">BBC Radio<\/strong> y <strong data-start=\"2521\" data-end=\"2535\">Classic FM<\/strong>. Su pasi\u00f3n por la interpretaci\u00f3n expresiva ahora perdura en este instrumento de edici\u00f3n especial.<\/p>\n<p data-start=\"2626\" data-end=\"2854\">Dise\u00f1ada para emular el sonido c\u00e1lido y tradicional de la banda de m\u00fasica de metal con una afinaci\u00f3n excepcional y una respuesta de soplado libre en todos los registros, la <em data-start=\"2763\" data-end=\"2789\">Cardinal Heritage Cornet<\/em> brinda a los m\u00fasicos la libertad de expresar su verdadera voz musical.<\/p>\n<h3 data-start=\"1385\" data-end=\"1416\"><strong data-start=\"1389\" data-end=\"1416\">Pedidos y disponibilidad<\/strong><\/h3>\n<p data-start=\"1418\" data-end=\"1667\">Si el instrumento elegido est\u00e1 en espera, a\u00fan puede completar su compra en l\u00ednea con un plazo de entrega estimado de aproximadamente 4 semanas.<br data-start=\"1559\" data-end=\"1562\">Alternativamente, asegure su lugar en nuestro programa de producci\u00f3n con un dep\u00f3sito del 30% contact\u00e1ndonos directamente:<\/p>\n<p data-start=\"1669\" data-end=\"1731\">\ud83d\udce7 <strong data-start=\"1672\" data-end=\"1702\"><a class=\"decorated-link cursor-pointer\" rel=\"noopener\" data-start=\"1674\" data-end=\"1700\">info@genevainstruments.com<\/a><\/strong><br data-start=\"1702\" data-end=\"1705\">\ud83d\udcde <strong data-start=\"1708\" data-end=\"1731\">+44 (0) 1642 714464<\/strong><\/p>\n","protected":false},"excerpt":{"rendered":"<p>Corneta en Sib &#8211; Geneva Heritage &#8211; Profesional. Vea el v\u00eddeo de este instrumento. <\/p>\n","protected":false},"featured_media":12129,"comment_status":"closed","ping_status":"closed","template":"","meta":{"_acf_changed":false},"product_brand":[192],"product_cat":[361,547],"product_tag":[366],"class_list":{"0":"post-12127","1":"product","2":"type-product","3":"status-publish","4":"has-post-thumbnail","6":"product_brand-geneva-instruments","7":"product_cat-instrumentos-geneva-cardinal","8":"product_cat-modelos-de-artistas-de-geneva-cardinal","9":"product_tag-corneta-en-sib-heritage-profesional","10":"product_shipping_class-pequeno","11":"pa_range-instrumentos-geneva-heritage","12":"sales-flash-overlay","13":"woocommerce-text-align-left","14":"woocommerce-image-align-center","15":"do-quantity-buttons","16":"wc-has-gallery","18":"first","19":"instock","20":"taxable","21":"shipping-taxable","22":"purchasable","23":"product-type-variable"},"acf":[],"_links":{"self":[{"href":"https:\/\/genevainstruments.com\/es\/wp-json\/wp\/v2\/product\/12127","targetHints":{"allow":["GET"]}}],"collection":[{"href":"https:\/\/genevainstruments.com\/es\/wp-json\/wp\/v2\/product"}],"about":[{"href":"https:\/\/genevainstruments.com\/es\/wp-json\/wp\/v2\/types\/product"}],"replies":[{"embeddable":true,"href":"https:\/\/genevainstruments.com\/es\/wp-json\/wp\/v2\/comments?post=12127"}],"wp:featuredmedia":[{"embeddable":true,"href":"https:\/\/genevainstruments.com\/es\/wp-json\/wp\/v2\/media\/12129"}],"wp:attachment":[{"href":"https:\/\/genevainstruments.com\/es\/wp-json\/wp\/v2\/media?parent=12127"}],"wp:term":[{"taxonomy":"product_brand","embeddable":true,"href":"https:\/\/genevainstruments.com\/es\/wp-json\/wp\/v2\/product_brand?post=12127"},{"taxonomy":"product_cat","embeddable":true,"href":"https:\/\/genevainstruments.com\/es\/wp-json\/wp\/v2\/product_cat?post=12127"},{"taxonomy":"product_tag","embeddable":true,"href":"https:\/\/genevainstruments.com\/es\/wp-json\/wp\/v2\/product_tag?post=12127"}],"curies":[{"name":"wp","href":"https:\/\/api.w.org\/{rel}","templated":true}]}}