{"id":12210,"date":"2024-09-09T14:36:43","date_gmt":"2024-09-09T13:36:43","guid":{"rendered":"https:\/\/geneva.viacreative.co\/product\/tuba-en-mi-bemol-geneva-heritage\/"},"modified":"2025-12-02T16:02:11","modified_gmt":"2025-12-02T16:02:11","slug":"tuba-en-mi-bemol-geneva-heritage","status":"publish","type":"product","link":"https:\/\/genevainstruments.com\/es\/producto\/tuba-en-mi-bemol-geneva-heritage\/","title":{"rendered":"Tuba en Mi bemol &#8211; Geneva Heritage"},"content":{"rendered":"<h3 data-start=\"181\" data-end=\"212\"><strong data-start=\"185\" data-end=\"210\">Geneva Heritage<\/strong><\/h3>\n<p data-start=\"213\" data-end=\"264\"><strong data-start=\"213\" data-end=\"264\">Dise\u00f1ado para la tradici\u00f3n. Creado para la excelencia. <\/strong><\/p>\n<p data-start=\"266\" data-end=\"542\">La tuba en Mib <em data-start=\"270\" data-end=\"287\">Geneva Heritage<\/em> representa la c\u00faspide del sonido puro y expresivo. Desarrollada espec\u00edficamente para el mercado tradicional de bandas de m\u00fasica en Gran Breta\u00f1a, esta excepcional serie ha tardado m\u00e1s de 20 a\u00f1os en fabricarse, superando los l\u00edmites de la artesan\u00eda de los instrumentos de metal.<\/p>\n<p data-start=\"544\" data-end=\"871\">Cada instrumento de la gama Heritage incorpora innovaciones de dise\u00f1o \u00fanicas, incluido un tudel cuidadosamente dise\u00f1ado con una conicidad gradual desde el venturi hasta la v\u00e1lvula. Esto da como resultado una sensaci\u00f3n m\u00e1s controlada y una resistencia ligeramente mayor en comparaci\u00f3n con la gama Cardinal, ideal para los m\u00fasicos que buscan precisi\u00f3n y respuesta. <\/p>\n<p data-start=\"873\" data-end=\"1181\">Construida con lat\u00f3n amarillo de alta calidad, la gama Heritage ofrece el rendimiento y la integridad tonal de un instrumento de primera calidad a un precio accesible, sin comprometer el sonido ni la afinaci\u00f3n. Para muchos m\u00fasicos, esto se traduce en un mejor control y consistencia en todos los registros y din\u00e1micas. <\/p>\n<p data-start=\"1183\" data-end=\"1378\">Ahora reconocida como una de las opciones l\u00edderes en el mundo de las bandas de m\u00fasica de metal, la gama <em data-start=\"1261\" data-end=\"1271\">Heritage<\/em> es la preferida por renombrados solistas internacionales y algunos de los conjuntos m\u00e1s prestigiosos del mundo.<\/p>\n<hr data-start=\"1380\" data-end=\"1383\">\n<h3 data-start=\"1385\" data-end=\"1416\"><strong data-start=\"1389\" data-end=\"1416\">Pedidos y disponibilidad<\/strong><\/h3>\n<p data-start=\"1418\" data-end=\"1667\">Si el instrumento elegido est\u00e1 en espera, a\u00fan puede completar su compra en l\u00ednea con un plazo de entrega estimado de aproximadamente 4 semanas.<\/p>\n<p data-start=\"1418\" data-end=\"1667\">Alternativamente, asegure su lugar en nuestro programa de producci\u00f3n con un dep\u00f3sito del 30% contact\u00e1ndonos directamente:<\/p>\n<p data-start=\"1669\" data-end=\"1731\">\ud83d\udce7 <strong data-start=\"1672\" data-end=\"1702\"><a class=\"decorated-link cursor-pointer\" rel=\"noopener\" data-start=\"1674\" data-end=\"1700\">info@genevainstruments.com<\/a><\/strong><br data-start=\"1702\" data-end=\"1705\">\ud83d\udcde <strong data-start=\"1708\" data-end=\"1731\">+44 (0) 1642 714464<\/strong><\/p>\n<h4 style=\"text-align: center;\">\u201cEstuche r\u00edgido suministrado con el instrumento\u201d.<\/h4>\n","protected":false},"excerpt":{"rendered":"<p>Instrumentos Geneva Tuba en Mi bemol &#8211; Geneva Heritage &#8211; profesional<\/p>\n","protected":false},"featured_media":12213,"comment_status":"closed","ping_status":"closed","template":"","meta":{"_acf_changed":false},"product_brand":[192],"product_cat":[702],"product_tag":[710],"class_list":{"0":"post-12210","1":"product","2":"type-product","3":"status-publish","4":"has-post-thumbnail","6":"product_brand-geneva-instruments","7":"product_cat-geneva-heritage","8":"product_tag-tuba-en-mi-bemol-heritage-anteriormente-symphony","9":"product_shipping_class-extragrande","10":"pa_range-instrumentos-geneva-heritage","11":"sales-flash-overlay","12":"woocommerce-text-align-left","13":"woocommerce-image-align-center","14":"do-quantity-buttons","15":"wc-has-gallery","17":"first","18":"instock","19":"taxable","20":"shipping-taxable","21":"purchasable","22":"product-type-variable"},"acf":[],"_links":{"self":[{"href":"https:\/\/genevainstruments.com\/es\/wp-json\/wp\/v2\/product\/12210","targetHints":{"allow":["GET"]}}],"collection":[{"href":"https:\/\/genevainstruments.com\/es\/wp-json\/wp\/v2\/product"}],"about":[{"href":"https:\/\/genevainstruments.com\/es\/wp-json\/wp\/v2\/types\/product"}],"replies":[{"embeddable":true,"href":"https:\/\/genevainstruments.com\/es\/wp-json\/wp\/v2\/comments?post=12210"}],"wp:featuredmedia":[{"embeddable":true,"href":"https:\/\/genevainstruments.com\/es\/wp-json\/wp\/v2\/media\/12213"}],"wp:attachment":[{"href":"https:\/\/genevainstruments.com\/es\/wp-json\/wp\/v2\/media?parent=12210"}],"wp:term":[{"taxonomy":"product_brand","embeddable":true,"href":"https:\/\/genevainstruments.com\/es\/wp-json\/wp\/v2\/product_brand?post=12210"},{"taxonomy":"product_cat","embeddable":true,"href":"https:\/\/genevainstruments.com\/es\/wp-json\/wp\/v2\/product_cat?post=12210"},{"taxonomy":"product_tag","embeddable":true,"href":"https:\/\/genevainstruments.com\/es\/wp-json\/wp\/v2\/product_tag?post=12210"}],"curies":[{"name":"wp","href":"https:\/\/api.w.org\/{rel}","templated":true}]}}