{"id":12380,"date":"2024-09-09T14:36:56","date_gmt":"2024-09-09T13:36:56","guid":{"rendered":"https:\/\/geneva.viacreative.co\/product\/saxofon-tenor-lineage-pro\/"},"modified":"2025-12-21T08:26:02","modified_gmt":"2025-12-21T08:26:02","slug":"saxofon-tenor-lineage-pro","status":"publish","type":"product","link":"https:\/\/genevainstruments.com\/es\/producto\/saxofon-tenor-lineage-pro\/","title":{"rendered":"Saxof\u00f3n tenor &#8211; Lineage Pro"},"content":{"rendered":"<h2 data-start=\"410\" data-end=\"465\">Saxof\u00f3n tenor profesional Geneva Lineage<\/h2>\n<p data-start=\"467\" data-end=\"790\">Experimente la potente voz del <strong data-start=\"504\" data-end=\"538\">saxof\u00f3n tenor Geneva Lineage<\/strong>: un instrumento meticulosamente dise\u00f1ado para las exigencias de la interpretaci\u00f3n en vivo y la excelencia en el estudio. Favorecido por artistas de primer nivel como <strong data-start=\"677\" data-end=\"693\">Nubya Garcia<\/strong>, este saxof\u00f3n tenor encarna m\u00e1s de <strong data-start=\"730\" data-end=\"789\">70 a\u00f1os de innovaci\u00f3n en dise\u00f1o y experiencia en interpretaci\u00f3n<\/strong>. <\/p>\n<hr data-start=\"792\" data-end=\"795\">\n<h3 data-start=\"797\" data-end=\"834\"><strong data-start=\"804\" data-end=\"833\">Caracter\u00edsticas y aspectos destacados principales<\/strong>:<\/h3>\n<ul>\n<li data-start=\"838\" data-end=\"964\"><strong data-start=\"840\" data-end=\"869\">Avalado por profesionales<\/strong>: Utilizado por artistas de renombre internacional, incluida la aclamada saxofonista <strong data-start=\"947\" data-end=\"963\">Nubya Garcia<\/strong>.<\/li>\n<li data-start=\"965\" data-end=\"1149\">\n<p data-start=\"967\" data-end=\"1149\"><strong data-start=\"969\" data-end=\"993\">Legado de excelencia<\/strong>: Desarrollado por el equipo de dise\u00f1o de \u00e9lite de Geneva, que combina d\u00e9cadas de <strong data-start=\"1057\" data-end=\"1085\">artesan\u00eda de instrumentos<\/strong>, <strong data-start=\"1087\" data-end=\"1111\">innovaci\u00f3n t\u00e9cnica<\/strong> y <strong data-start=\"1117\" data-end=\"1148\">experiencia en interpretaci\u00f3n en vivo<\/strong>.<\/p>\n<\/li>\n<li data-start=\"1150\" data-end=\"1320\">\n<p data-start=\"1152\" data-end=\"1320\"><strong data-start=\"1154\" data-end=\"1189\">Artesan\u00eda europea superior<\/strong>: Fabricado en la <strong data-start=\"1211\" data-end=\"1229\">Rep\u00fablica Checa<\/strong> bajo los exigentes est\u00e1ndares de Geneva, que combinan t\u00e9cnicas tradicionales con precisi\u00f3n moderna.<\/p>\n<\/li>\n<li data-start=\"1321\" data-end=\"1481\">\n<p data-start=\"1323\" data-end=\"1481\"><strong data-start=\"1325\" data-end=\"1352\">Dise\u00f1o l\u00edder en la industria<\/strong>: Parte de la <strong data-start=\"1366\" data-end=\"1387\">serie Lineage Pro<\/strong>, que establece el est\u00e1ndar de calidad tonal, respuesta y durabilidad en los saxofones profesionales.<\/p>\n<\/li>\n<li data-start=\"1482\" data-end=\"1639\">\n<p data-start=\"1484\" data-end=\"1639\"><strong data-start=\"1486\" data-end=\"1517\">Construido para m\u00fasicos serios<\/strong>: Ideal para artistas de conciertos, m\u00fasicos de sesi\u00f3n y estudiantes avanzados que desean dar el siguiente paso en su trayectoria musical.<\/p>\n<\/li>\n<\/ul>\n<hr data-start=\"1641\" data-end=\"1644\">\n<h3 data-start=\"1646\" data-end=\"1686\"><strong data-start=\"1653\" data-end=\"1685\">Incluido con su saxof\u00f3n<\/strong>:<\/h3>\n<ul data-start=\"1688\" data-end=\"1882\">\n<li data-start=\"1688\" data-end=\"1771\">\n<p data-start=\"1690\" data-end=\"1771\"><strong data-start=\"1693\" data-end=\"1711\">Instrumento nuevo<\/strong>: Se entrega con un <strong data-start=\"1734\" data-end=\"1747\">estuche r\u00edgido<\/strong> de primera calidad para una m\u00e1xima protecci\u00f3n.<\/p>\n<\/li>\n<li data-start=\"1772\" data-end=\"1882\">\n<p data-start=\"1774\" data-end=\"1882\"><strong data-start=\"1777\" data-end=\"1795\">Modelos de demostraci\u00f3n<\/strong>: Se suministra con un <strong data-start=\"1821\" data-end=\"1834\">estuche blando<\/strong> duradero, perfecto para viajes m\u00e1s ligeros y uso en ensayos.<\/p>\n<\/li>\n<\/ul>\n<hr data-start=\"1884\" data-end=\"1887\">\n<h3 data-start=\"1889\" data-end=\"1917\"><strong data-start=\"1896\" data-end=\"1916\">Descripci\u00f3n general del producto<\/strong>:<\/h3>\n<p data-start=\"1919\" data-end=\"2238\">Como producto creativo de la internacionalmente reconocida <strong data-start=\"1974\" data-end=\"1993\">Geneva Instruments<\/strong>, la gama <strong data-start=\"1999\" data-end=\"2013\">OW Lineage<\/strong> representa la c\u00faspide del dise\u00f1o de saxofones. Estos instrumentos reflejan la filosof\u00eda de Geneva: combinar <strong data-start=\"2122\" data-end=\"2149\">tecnolog\u00eda de vanguardia<\/strong> con <strong data-start=\"2155\" data-end=\"2184\">artesan\u00eda tradicional<\/strong> para crear herramientas de expresi\u00f3n, no solo de interpretaci\u00f3n. <\/p>\n<p data-start=\"2240\" data-end=\"2397\">Ya sea que est\u00e9 en el escenario, en el estudio o superando los l\u00edmites de su sonido, el saxof\u00f3n tenor Geneva Lineage ofrece potencia, precisi\u00f3n y alma.<\/p>\n<hr data-start=\"2399\" data-end=\"2402\">\n<h3 data-start=\"2404\" data-end=\"2465\"><strong data-start=\"2411\" data-end=\"2465\">Haga su pedido ahora: construido para el escenario, dise\u00f1ado para la vida<\/strong><\/h3>\n<p data-start=\"2467\" data-end=\"2637\">Explore el sonido que est\u00e1 redefiniendo la interpretaci\u00f3n moderna del saxof\u00f3n. Elija su modelo, seleccione su preferencia de estuche y entre en una nueva clase de excelencia en saxofones tenores <\/p>\n","protected":false},"excerpt":{"rendered":"<p>Instrumentos Geneva &#8211; saxof\u00f3n tenor &#8211; Lineage Pro<\/p>\n","protected":false},"featured_media":12383,"comment_status":"closed","ping_status":"closed","template":"","meta":{"_acf_changed":false},"product_brand":[192],"product_cat":[770],"product_tag":[771],"class_list":{"0":"post-12380","1":"product","2":"type-product","3":"status-publish","4":"has-post-thumbnail","6":"product_brand-geneva-instruments","7":"product_cat-geneva-lineage","8":"product_tag-saxofon-tenor-lineage","9":"product_shipping_class-grande","10":"pa_range-gama-de-saxofones-lineage-pro","11":"sales-flash-overlay","12":"woocommerce-text-align-left","13":"woocommerce-image-align-center","14":"do-quantity-buttons","15":"wc-has-gallery","17":"first","18":"instock","19":"taxable","20":"shipping-taxable","21":"purchasable","22":"product-type-variable"},"acf":[],"_links":{"self":[{"href":"https:\/\/genevainstruments.com\/es\/wp-json\/wp\/v2\/product\/12380","targetHints":{"allow":["GET"]}}],"collection":[{"href":"https:\/\/genevainstruments.com\/es\/wp-json\/wp\/v2\/product"}],"about":[{"href":"https:\/\/genevainstruments.com\/es\/wp-json\/wp\/v2\/types\/product"}],"replies":[{"embeddable":true,"href":"https:\/\/genevainstruments.com\/es\/wp-json\/wp\/v2\/comments?post=12380"}],"wp:featuredmedia":[{"embeddable":true,"href":"https:\/\/genevainstruments.com\/es\/wp-json\/wp\/v2\/media\/12383"}],"wp:attachment":[{"href":"https:\/\/genevainstruments.com\/es\/wp-json\/wp\/v2\/media?parent=12380"}],"wp:term":[{"taxonomy":"product_brand","embeddable":true,"href":"https:\/\/genevainstruments.com\/es\/wp-json\/wp\/v2\/product_brand?post=12380"},{"taxonomy":"product_cat","embeddable":true,"href":"https:\/\/genevainstruments.com\/es\/wp-json\/wp\/v2\/product_cat?post=12380"},{"taxonomy":"product_tag","embeddable":true,"href":"https:\/\/genevainstruments.com\/es\/wp-json\/wp\/v2\/product_tag?post=12380"}],"curies":[{"name":"wp","href":"https:\/\/api.w.org\/{rel}","templated":true}]}}