{"id":12547,"date":"2024-09-09T14:36:56","date_gmt":"2024-09-09T13:36:56","guid":{"rendered":"https:\/\/geneva.viacreative.co\/product\/saxofon-soprano-lineage-pro\/"},"modified":"2025-12-21T08:26:04","modified_gmt":"2025-12-21T08:26:04","slug":"saxofon-soprano-lineage-pro","status":"publish","type":"product","link":"https:\/\/genevainstruments.com\/es\/producto\/saxofon-soprano-lineage-pro\/","title":{"rendered":"Saxof\u00f3n soprano &#8211; Lineage Pro"},"content":{"rendered":"<p>Este saxof\u00f3n soprano fue una de las incorporaciones de 2024 a la gama de instrumentos de viento de madera de Geneva, que ha evolucionado a partir de nuestros modelos Lineage Professional, y ahora estamos aceptando reservas de pruebas antes de comprar y pedidos para su lanzamiento en oto\u00f1o de 2024.<\/p>\n<p>Su concepto nace del deseo de proporcionar instrumentos de viento de madera al m\u00fasico progresista que ofrezcan una relaci\u00f3n calidad-precio eficaz con un instrumento de larga duraci\u00f3n que funcione sin comprometer los principios de dise\u00f1o tan exitosos en nuestra gama de instrumentos Lineage.<\/p>\n<p>La forma en que hemos logrado esta nueva gama fue incorporar el conocimiento y las habilidades de dise\u00f1o de Geneva, al tiempo que continuamos estableciendo el punto de referencia de la industria para la interpretaci\u00f3n en vivo con una filosof\u00eda basada en una asociaci\u00f3n de tecnolog\u00eda de vanguardia y artesan\u00eda tradicional.<\/p>\n<p>El resultado ha producido una calidad inigualable de saxof\u00f3n soprano en Sib en una clase que ofrece una soluci\u00f3n para instrumentistas de viento de madera avanzados en su viaje progresivo hacia la profesionalidad musical.<\/p>\n<p>Pero, de nuevo, recomendamos a cualquier int\u00e9rprete que busque un instrumento de viento de madera avanzado que pruebe este Lineage JTP antes de tomar su decisi\u00f3n, ya que una vez que se toca, nunca se olvida, especialmente cuando se compara con su modelo comparable de las marcas globales producidas en masa.<\/p>\n<p>El instrumento nuevo se suministra con un estuche r\u00edgido. Los modelos de demostraci\u00f3n se entregan con un estuche blando. <\/p>\n","protected":false},"excerpt":{"rendered":"<p>Instrumentos Geneva &#8211; saxof\u00f3n soprano en Sib &#8211; Lineage JTP &#8211; avanzado.<\/p>\n<p>&nbsp;<\/p>\n","protected":false},"featured_media":12551,"comment_status":"closed","ping_status":"closed","template":"","meta":{"_acf_changed":false},"product_brand":[192],"product_cat":[770],"product_tag":[822],"class_list":{"0":"post-12547","1":"product","2":"type-product","3":"status-publish","4":"has-post-thumbnail","6":"product_brand-geneva-instruments","7":"product_cat-geneva-lineage","8":"product_tag-saxofon-soprano","9":"product_shipping_class-pequeno","10":"pa_range-gama-de-saxofones-lineage-pro","11":"sales-flash-overlay","12":"woocommerce-text-align-left","13":"woocommerce-image-align-center","14":"do-quantity-buttons","16":"first","17":"instock","18":"taxable","19":"shipping-taxable","20":"purchasable","21":"product-type-variable"},"acf":[],"_links":{"self":[{"href":"https:\/\/genevainstruments.com\/es\/wp-json\/wp\/v2\/product\/12547","targetHints":{"allow":["GET"]}}],"collection":[{"href":"https:\/\/genevainstruments.com\/es\/wp-json\/wp\/v2\/product"}],"about":[{"href":"https:\/\/genevainstruments.com\/es\/wp-json\/wp\/v2\/types\/product"}],"replies":[{"embeddable":true,"href":"https:\/\/genevainstruments.com\/es\/wp-json\/wp\/v2\/comments?post=12547"}],"wp:featuredmedia":[{"embeddable":true,"href":"https:\/\/genevainstruments.com\/es\/wp-json\/wp\/v2\/media\/12551"}],"wp:attachment":[{"href":"https:\/\/genevainstruments.com\/es\/wp-json\/wp\/v2\/media?parent=12547"}],"wp:term":[{"taxonomy":"product_brand","embeddable":true,"href":"https:\/\/genevainstruments.com\/es\/wp-json\/wp\/v2\/product_brand?post=12547"},{"taxonomy":"product_cat","embeddable":true,"href":"https:\/\/genevainstruments.com\/es\/wp-json\/wp\/v2\/product_cat?post=12547"},{"taxonomy":"product_tag","embeddable":true,"href":"https:\/\/genevainstruments.com\/es\/wp-json\/wp\/v2\/product_tag?post=12547"}],"curies":[{"name":"wp","href":"https:\/\/api.w.org\/{rel}","templated":true}]}}