{"id":10812,"date":"2021-01-13T16:26:10","date_gmt":"2021-01-13T16:26:10","guid":{"rendered":"https:\/\/geneva.viacreative.co\/accueil\/"},"modified":"2025-12-16T10:06:04","modified_gmt":"2025-12-16T10:06:04","slug":"accueil","status":"publish","type":"page","link":"https:\/\/genevainstruments.com\/fr\/","title":{"rendered":"Accueil"},"content":{"rendered":"<div class=\"gb-container gb-container-281ff18e page-title-container\">\n<div class=\"gb-container gb-container-bc761fd8\">\n\n<h1 class=\"gb-headline gb-headline-17e39d6c gb-headline-text\">Bienvenue chez Geneva Instruments, votre fabricant d&rsquo;instruments de musique<\/h1>\n\n<\/div>\n\n<div class=\"gb-container gb-container-cd5c64ce\">\n\n<h2 class=\"gb-headline gb-headline-a4e36df4 gb-headline-text\">Promotions sp\u00e9ciales de la vente saisonni\u00e8re <\/h2>\n\n\n\n<a class=\"gb-button gb-button-214ee6ed gb-button-text button-red-outline-white-text\" href=\"https:\/\/genevainstruments.com\/shop\/\">Acheter maintenant<\/a>\n\n<\/div>\n\n<div class=\"gb-container gb-container-150551db\">\n\n<h2 class=\"gb-headline gb-headline-8accc988 gb-headline-text\">Faites gagner \u00e0 votre fanfare un quatuor de cardinaux<\/h2>\n\n\n\n<a class=\"gb-button gb-button-00c14136 gb-button-text button-red-outline-white-text\" href=\"https:\/\/genevainstruments.com\/quartet-of-cardinals\/\" target=\"_blank\" rel=\"noopener noreferrer\">Actuellement ferm\u00e9<\/a>\n\n<\/div>\n\n<div class=\"gb-container gb-container-1d08b1d3\">\n\n<a class=\"gb-button gb-button-8caab664 smooth-scroll via-scroll\" href=\"#instruments\"><span class=\"gb-icon\"><svg xmlns:xlink=\"http:\/\/www.w3.org\/1999\/xlink\" xmlns=\"http:\/\/www.w3.org\/2000\/svg\" version=\"1.1\" viewbox=\"0 0 16 16\" height=\"48px\" width=\"48px\">\n  <rect fill=\"none\" id=\"icon-bound\" height=\"16\" width=\"16\"><\/rect>\n  <polygon points=\"8,13 0,5 16,5\"><\/polygon>\n<\/svg><\/span><\/a>\n\n<\/div>\n<\/div><div class=\"gb-container gb-container-d9e7af4f alignfull\" id=\"instruments\">\n<div class=\"gb-container gb-container-75db3cbe\">\n\n<h4 class=\"gb-headline gb-headline-692b1c7e gb-headline-text explore\">Instruments de musique Geneva fabriqu\u00e9s \u00e0 la main<\/h4>\n\n<\/div>\n\n<div class=\"gb-container gb-container-519e74c9\">\n\n<h2 class=\"gb-headline gb-headline-b607d745 gb-headline-text\">Con\u00e7us et d\u00e9velopp\u00e9s pour vous aider \u00e0 atteindre votre v\u00e9ritable potentiel<\/h2>\n\n\n\n<a class=\"gb-button gb-button-c3f4e306 gb-button-text button-red-outline\" href=\"https:\/\/genevainstruments.com\/shop\/\">D\u00e9couvrez notre gamme compl\u00e8te<\/a>\n\n<\/div>\n\n<div class=\"gb-container gb-container-4201ee7a\">\n\n<a class=\"gb-button gb-button-4790774c gb-button-text button-red-outline\" href=\"https:\/\/genevainstruments.com\/shop\/\">D\u00e9couvrez notre gamme compl\u00e8te<\/a>\n\n<\/div>\n<\/div><div class=\"gb-container gb-container-c0e33931 alignfull\">\n<div class=\"gb-grid-wrapper gb-grid-wrapper-2c26f673\">\n<div class=\"gb-grid-column gb-grid-column-0b1db123\"><div class=\"gb-container gb-container-0b1db123\">\n\n<p class=\"gb-headline gb-headline-b1d5ad26 gb-headline-text\">\u00c0 propos de nous<\/p>\n\n\n\n<h2 class=\"gb-headline gb-headline-42079df7 gb-headline-text\">\u00c0 la pointe<\/h2>\n\n\n\n<p class=\"gb-headline gb-headline-67c228be gb-headline-text\">Depuis sa cr\u00e9ation en 2000, Geneva Instruments s&rsquo;enorgueillit d&rsquo;\u00eatre \u00e0 la pointe du design et de la technologie britanniques dans la production d&rsquo;instruments de musique. Nos derniers mod\u00e8les Geneva perp\u00e9tuent une v\u00e9ritable lign\u00e9e depuis 1842.<\/p>\n\n\n\n<p class=\"gb-headline gb-headline-7867fe07 gb-headline-text\">Une gamme d&rsquo;instruments con\u00e7ue pour tous les musiciens.<\/p>\n\n\n\n<a class=\"gb-button gb-button-3d97f9bc gb-button-text button-red-outline-white-text\" href=\"https:\/\/genevainstruments.com\/fr\/le-choix-durable\/\">En savoir plus<\/a>\n\n<\/div><\/div>\n\n<div class=\"gb-grid-column gb-grid-column-10701f71\"><div class=\"gb-container gb-container-10701f71\"><\/div><\/div>\n<\/div>\n<\/div><div class=\"gb-container gb-container-97814c92 alignfull\">\n<div class=\"gb-container gb-container-a4911f27\">\n\n<h2 class=\"gb-headline gb-headline-1655ddc4 gb-headline-text\">Le pouvoir de la musique pour changer des vies<br><a href=\"https:\/\/genevainstruments.com\/npme\/\"><\/a><\/h2>\n\n<\/div>\n<\/div>","protected":false},"excerpt":{"rendered":"<p>Bienvenue chez Geneva Instruments, votre fabricant d&rsquo;instruments de musique Promotions sp\u00e9ciales de la vente saisonni\u00e8re Faites gagner \u00e0 votre fanfare un quatuor de cardinaux Instruments de musique Geneva fabriqu\u00e9s \u00e0 la main Con\u00e7us et d\u00e9velopp\u00e9s pour vous aider \u00e0 atteindre votre v\u00e9ritable potentiel Le pouvoir de la musique pour changer des vies<\/p>\n","protected":false},"author":1,"featured_media":10815,"parent":0,"menu_order":0,"comment_status":"closed","ping_status":"closed","template":"","meta":{"_acf_changed":false,"footnotes":""},"class_list":["post-10812","page","type-page","status-publish","has-post-thumbnail"],"acf":[],"_links":{"self":[{"href":"https:\/\/genevainstruments.com\/fr\/wp-json\/wp\/v2\/pages\/10812","targetHints":{"allow":["GET"]}}],"collection":[{"href":"https:\/\/genevainstruments.com\/fr\/wp-json\/wp\/v2\/pages"}],"about":[{"href":"https:\/\/genevainstruments.com\/fr\/wp-json\/wp\/v2\/types\/page"}],"author":[{"embeddable":true,"href":"https:\/\/genevainstruments.com\/fr\/wp-json\/wp\/v2\/users\/1"}],"replies":[{"embeddable":true,"href":"https:\/\/genevainstruments.com\/fr\/wp-json\/wp\/v2\/comments?post=10812"}],"version-history":[{"count":12,"href":"https:\/\/genevainstruments.com\/fr\/wp-json\/wp\/v2\/pages\/10812\/revisions"}],"predecessor-version":[{"id":19336,"href":"https:\/\/genevainstruments.com\/fr\/wp-json\/wp\/v2\/pages\/10812\/revisions\/19336"}],"wp:featuredmedia":[{"embeddable":true,"href":"https:\/\/genevainstruments.com\/fr\/wp-json\/wp\/v2\/media\/10815"}],"wp:attachment":[{"href":"https:\/\/genevainstruments.com\/fr\/wp-json\/wp\/v2\/media?parent=10812"}],"curies":[{"name":"wp","href":"https:\/\/api.w.org\/{rel}","templated":true}]}}