{"id":10820,"date":"2024-07-01T14:17:55","date_gmt":"2024-07-01T13:17:55","guid":{"rendered":"https:\/\/geneva.viacreative.co\/les-instruments-geneva-en-concert\/"},"modified":"2025-11-19T12:28:08","modified_gmt":"2025-11-19T12:28:08","slug":"les-instruments-geneva-en-concert","status":"publish","type":"page","link":"https:\/\/genevainstruments.com\/fr\/les-instruments-geneva-en-concert\/","title":{"rendered":"Les instruments Geneva en concert"},"content":{"rendered":"<div class=\"gb-container gb-container-8dfae3e5 alignfull\">\n<div class=\"gb-container gb-container-dcbdf667\">\n\n<h2 class=\"gb-headline gb-headline-755ad35e gb-headline-text\">Parfois, il ne s&rsquo;agit pas seulement d&rsquo;admirer l&rsquo;esth\u00e9tique de nos instruments, mais aussi d&rsquo;appr\u00e9cier leur importance en les \u00e9coutant jouer. <\/h2>\n\n\n\n<p class=\"gb-headline gb-headline-7a246c07 gb-headline-text\">Nous mettrons \u00e0 jour les vid\u00e9os sur cette page de temps en temps pour ton plaisir.<\/p>\n\n\n<div class=\"gb-grid-wrapper gb-grid-wrapper-d9db3976\">\n<div class=\"gb-grid-column gb-grid-column-83c6f50c\"><div class=\"gb-container gb-container-83c6f50c\">\n\n<figure class=\"wp-block-embed is-type-video is-provider-youtube wp-block-embed-youtube wp-embed-aspect-4-3 wp-has-aspect-ratio\"><div class=\"wp-block-embed__wrapper\">\n<iframe loading=\"lazy\" title=\"Glenn Van Looy - Virtuoso Euphonium\" width=\"1200\" height=\"900\" src=\"https:\/\/www.youtube.com\/embed\/Jftjp9bbVpY?feature=oembed\" frameborder=\"0\" allow=\"accelerometer; autoplay; clipboard-write; encrypted-media; gyroscope; picture-in-picture; web-share\" referrerpolicy=\"strict-origin-when-cross-origin\" allowfullscreen><\/iframe>\n<\/div><figcaption class=\"wp-element-caption\">Glenn Van Looy &#8211; Le virtuose dans sa meilleure performance.<\/figcaption><\/figure>\n\n<\/div><\/div>\n\n<div class=\"gb-grid-column gb-grid-column-98356b9d\"><div class=\"gb-container gb-container-98356b9d\">\n\n<figure class=\"wp-block-embed is-type-video is-provider-youtube wp-block-embed-youtube wp-embed-aspect-16-9 wp-has-aspect-ratio\"><div class=\"wp-block-embed__wrapper\">\n<iframe loading=\"lazy\" title=\"Siobhan Bates - 1st Movement of the Trumpet Concerto in Eb J Neruda - Geneva Cardinal Tenor Horn\" width=\"1200\" height=\"675\" src=\"https:\/\/www.youtube.com\/embed\/Z4D3qV5ZpuA?feature=oembed\" frameborder=\"0\" allow=\"accelerometer; autoplay; clipboard-write; encrypted-media; gyroscope; picture-in-picture; web-share\" referrerpolicy=\"strict-origin-when-cross-origin\" allowfullscreen><\/iframe>\n<\/div><figcaption class=\"wp-element-caption\">Siobhan Bates 2020 &#8211; 1er Mouvement du Concerto pour Trompette en Mi b\u00e9mol de J Neruda &#8211; Cor t\u00e9nor Geneva Cardinal.<\/figcaption><\/figure>\n\n<\/div><\/div>\n\n<div class=\"gb-grid-column gb-grid-column-cad51e4c\"><div class=\"gb-container gb-container-cad51e4c\">\n\n<figure class=\"wp-block-embed is-type-video is-provider-youtube wp-block-embed-youtube wp-embed-aspect-16-9 wp-has-aspect-ratio\"><div class=\"wp-block-embed__wrapper\">\n<iframe loading=\"lazy\" title=\"Oresetes Machado\" width=\"1200\" height=\"675\" src=\"https:\/\/www.youtube.com\/embed\/BjcaXlqECzE?feature=oembed\" frameborder=\"0\" allow=\"accelerometer; autoplay; clipboard-write; encrypted-media; gyroscope; picture-in-picture; web-share\" referrerpolicy=\"strict-origin-when-cross-origin\" allowfullscreen><\/iframe>\n<\/div><figcaption class=\"wp-element-caption\">Orestes Machado &#8211; Nous faisons aussi des trompettes &#8211; et voici une belle d\u00e9monstration par notre artiste am\u00e9ricain.<\/figcaption><\/figure>\n\n<\/div><\/div>\n\n<div class=\"gb-grid-column gb-grid-column-348cf3e5\"><div class=\"gb-container gb-container-348cf3e5\">\n\n<figure class=\"wp-block-embed is-type-video is-provider-youtube wp-block-embed-youtube wp-embed-aspect-9-16 wp-has-aspect-ratio\"><div class=\"wp-block-embed__wrapper\">\n<iframe loading=\"lazy\" title=\"Jazz on Euphonium Really! #Euphonium #jazzmusic  #brass\" width=\"563\" height=\"1000\" src=\"https:\/\/www.youtube.com\/embed\/JlA9RIJVIe8?feature=oembed\" frameborder=\"0\" allow=\"accelerometer; autoplay; clipboard-write; encrypted-media; gyroscope; picture-in-picture; web-share\" referrerpolicy=\"strict-origin-when-cross-origin\" allowfullscreen><\/iframe>\n<\/div><figcaption class=\"wp-element-caption\">Daniel &#8211; Un ambassadeur Geneva avec un avenir prometteur jouant du jazz \u00e0 l&rsquo;euphonium !<\/figcaption><\/figure>\n\n<\/div><\/div>\n\n<div class=\"gb-grid-column gb-grid-column-b7c9bd3a\"><div class=\"gb-container gb-container-b7c9bd3a\">\n\n<figure class=\"wp-block-embed is-type-video is-provider-youtube wp-block-embed-youtube wp-embed-aspect-16-9 wp-has-aspect-ratio\"><div class=\"wp-block-embed__wrapper\">\n<iframe loading=\"lazy\" title=\"Richard Marshall - Demonstrates - Geneva Cardinal Cornet\" width=\"1200\" height=\"675\" src=\"https:\/\/www.youtube.com\/embed\/ycS_P01S2-Q?feature=oembed\" frameborder=\"0\" allow=\"accelerometer; autoplay; clipboard-write; encrypted-media; gyroscope; picture-in-picture; web-share\" referrerpolicy=\"strict-origin-when-cross-origin\" allowfullscreen><\/iframe>\n<\/div><figcaption class=\"wp-element-caption\">Black Dyke Band &#8211; Solo de cornet \u00ab\u00a0Melody of the Heart\u00a0\u00bb par Richard Marshall. Terry Camsey Salvation Army. <\/figcaption><\/figure>\n\n<\/div><\/div>\n\n<div class=\"gb-grid-column gb-grid-column-e9eddc85\"><div class=\"gb-container gb-container-e9eddc85\">\n\n<figure class=\"wp-block-embed is-type-video is-provider-youtube wp-block-embed-youtube wp-embed-aspect-16-9 wp-has-aspect-ratio\"><div class=\"wp-block-embed__wrapper\">\n<iframe loading=\"lazy\" title=\"Jamie Smith performs \u2018The Comfort Knitters\u2019 by Nadje Noordhuis\" width=\"1200\" height=\"675\" src=\"https:\/\/www.youtube.com\/embed\/cbLre4nYcGk?feature=oembed\" frameborder=\"0\" allow=\"accelerometer; autoplay; clipboard-write; encrypted-media; gyroscope; picture-in-picture; web-share\" referrerpolicy=\"strict-origin-when-cross-origin\" allowfullscreen><\/iframe>\n<\/div><figcaption class=\"wp-element-caption\">Jamie Smith, cornet principal de Grimethorpe, interpr\u00e8te &lsquo;The Comfort Knitters&rsquo; de Nadje Noordhuis.<\/figcaption><\/figure>\n\n<\/div><\/div>\n<\/div>\n<\/div>\n<\/div>","protected":false},"excerpt":{"rendered":"<p>Parfois, il ne s&rsquo;agit pas seulement d&rsquo;admirer l&rsquo;esth\u00e9tique de nos instruments, mais aussi d&rsquo;appr\u00e9cier leur importance en les \u00e9coutant jouer. Nous mettrons \u00e0 jour les vid\u00e9os sur cette page de temps en temps pour ton plaisir.<\/p>\n","protected":false},"author":1,"featured_media":0,"parent":0,"menu_order":3,"comment_status":"closed","ping_status":"closed","template":"","meta":{"_acf_changed":false,"footnotes":""},"class_list":["post-10820","page","type-page","status-publish"],"acf":[],"_links":{"self":[{"href":"https:\/\/genevainstruments.com\/fr\/wp-json\/wp\/v2\/pages\/10820","targetHints":{"allow":["GET"]}}],"collection":[{"href":"https:\/\/genevainstruments.com\/fr\/wp-json\/wp\/v2\/pages"}],"about":[{"href":"https:\/\/genevainstruments.com\/fr\/wp-json\/wp\/v2\/types\/page"}],"author":[{"embeddable":true,"href":"https:\/\/genevainstruments.com\/fr\/wp-json\/wp\/v2\/users\/1"}],"replies":[{"embeddable":true,"href":"https:\/\/genevainstruments.com\/fr\/wp-json\/wp\/v2\/comments?post=10820"}],"version-history":[{"count":1,"href":"https:\/\/genevainstruments.com\/fr\/wp-json\/wp\/v2\/pages\/10820\/revisions"}],"predecessor-version":[{"id":10821,"href":"https:\/\/genevainstruments.com\/fr\/wp-json\/wp\/v2\/pages\/10820\/revisions\/10821"}],"wp:attachment":[{"href":"https:\/\/genevainstruments.com\/fr\/wp-json\/wp\/v2\/media?parent=10820"}],"curies":[{"name":"wp","href":"https:\/\/api.w.org\/{rel}","templated":true}]}}