{"id":10823,"date":"2024-08-06T14:57:18","date_gmt":"2024-08-06T13:57:18","guid":{"rendered":"https:\/\/geneva.viacreative.co\/le-choix-durable\/"},"modified":"2025-12-02T16:35:41","modified_gmt":"2025-12-02T16:35:41","slug":"le-choix-durable","status":"publish","type":"page","link":"https:\/\/genevainstruments.com\/fr\/le-choix-durable\/","title":{"rendered":"Le choix durable"},"content":{"rendered":"<div class=\"gb-container gb-container-281ff18e alignfull\">\n<div class=\"gb-container gb-container-c640bff3\">\n\n<h2 class=\"gb-headline gb-headline-17e39d6c gb-headline-text\">Le choix durable<\/h2>\n\n\n\n<h4 class=\"gb-headline gb-headline-8a23b163 gb-headline-text\">Fabricants artisanaux d&rsquo;instruments \u00e0 vent en cuivre et en bois, vendant dans le monde entier aux musiciens de tous niveaux qui souhaitent avoir le meilleur instrument possible selon leur budget<\/h4>\n\n<\/div>\n\n<div class=\"gb-container gb-container-1d08b1d3\">\n\n<a class=\"gb-button gb-button-8caab664 smooth-scroll via-scroll\" href=\"#design\"><span class=\"gb-icon\"><svg xmlns:xlink=\"http:\/\/www.w3.org\/1999\/xlink\" xmlns=\"http:\/\/www.w3.org\/2000\/svg\" version=\"1.1\" viewbox=\"0 0 16 16\" height=\"48px\" width=\"48px\">\n  <rect fill=\"none\" id=\"icon-bound\" height=\"16\" width=\"16\"><\/rect>\n  <polygon points=\"8,13 0,5 16,5\"><\/polygon>\n<\/svg><\/span><\/a>\n\n<\/div>\n<\/div><div class=\"gb-container gb-container-ac39d2d6 alignfull\" id=\"design\">\n<div class=\"gb-grid-wrapper gb-grid-wrapper-bf426437\">\n<div class=\"gb-grid-column gb-grid-column-b37df49a\"><div class=\"gb-container gb-container-b37df49a\">\n\n<h2 class=\"gb-headline gb-headline-c6defa70 gb-headline-text\">La pointe de l&rsquo;innovation<\/h2>\n\n\n\n<p class=\"gb-headline gb-headline-5bc85dbb gb-headline-text\">Fond\u00e9e en 2000, Geneva a toujours \u00e9t\u00e9 \u00e0 l&rsquo;avant-garde du design et de la technologie dans la cr\u00e9ation d&rsquo;excellents instruments de musique. Nos derniers mod\u00e8les s&rsquo;inscrivent dans cette lign\u00e9e. <\/p>\n\n\n\n<p class=\"gb-headline gb-headline-35806561 gb-headline-text\">Nous fabriquons nos instruments en Europe, o\u00f9 la fabrication artisanale d&rsquo;instruments \u00e0 vent en cuivre et en bois est ancr\u00e9e dans la vie et l&rsquo;\u00e2me de la communaut\u00e9 locale depuis 1842.<\/p>\n\n\n\n<p class=\"gb-headline gb-headline-59be7cf1 gb-headline-text\">Nos projets de recherche et d\u00e9veloppement, en collaboration avec des musiciens et des ing\u00e9nieurs comme <a href=\"https:\/\/www.twi-global.com\/what-we-do\" data-type=\"link\" data-id=\"https:\/\/www.twi-global.com\/what-we-do\" rel=\"noopener\">TWI-Global<\/a>, l&rsquo;une des principales organisations ind\u00e9pendantes de recherche et de technologie au monde, sp\u00e9cialis\u00e9e dans l&rsquo;assemblage des mat\u00e9riaux et les processus d&rsquo;ing\u00e9nierie, nous ont permis d&rsquo;am\u00e9liorer continuellement nos instruments sans compromettre le son et la justesse que nous consid\u00e9rons essentiels \u00e0 nos marques.<\/p>\n\n\n\n<a class=\"gb-button gb-button-d89c776c button-arrow-down smooth-scroll via-scroll\" href=\"#potential\"><span class=\"gb-icon\"><svg xmlns:xlink=\"http:\/\/www.w3.org\/1999\/xlink\" xmlns=\"http:\/\/www.w3.org\/2000\/svg\" version=\"1.1\" viewbox=\"0 0 16 16\" height=\"48px\" width=\"48px\">\n  <rect fill=\"none\" id=\"icon-bound\" height=\"16\" width=\"16\"><\/rect>\n  <polygon points=\"8,13 0,5 16,5\"><\/polygon>\n<\/svg><\/span><\/a>\n\n<\/div><\/div>\n\n<div class=\"gb-grid-column gb-grid-column-9f7229ba\"><div class=\"gb-container gb-container-9f7229ba\"><\/div><\/div>\n\n<div class=\"gb-grid-column gb-grid-column-6b992e4b\"><div class=\"gb-container gb-container-6b992e4b\" id=\"potential\"><\/div><\/div>\n\n<div class=\"gb-grid-column gb-grid-column-ea25f211\"><div class=\"gb-container gb-container-ea25f211\">\n\n<h2 class=\"gb-headline gb-headline-63a129b2 gb-headline-text\">Atteins ton v\u00e9ritable potentiel<\/h2>\n\n\n\n<p class=\"gb-headline gb-headline-514103a1 gb-headline-text\">Tous les instruments que Geneva produit ont \u00e9t\u00e9 con\u00e7us pour permettre au musicien d&rsquo;atteindre son v\u00e9ritable potentiel.<\/p>\n\n\n\n<p class=\"gb-headline gb-headline-384a5977 gb-headline-text\">Au c\u0153ur de cette d\u00e9marche se trouve la compr\u00e9hension par Geneva des propri\u00e9t\u00e9s des diff\u00e9rents mat\u00e9riaux et de leur influence sur le son, l&rsquo;accord et la flexibilit\u00e9 technique de notre gamme compl\u00e8te d&rsquo;instruments \u00e0 vent.<\/p>\n\n\n\n<p class=\"gb-headline gb-headline-fb183daf gb-headline-text\">L&rsquo;exigence fondamentale pour tous les instruments Geneva reste qu&rsquo;ils soient faciles \u00e0 jouer avec une justesse et une sonorit\u00e9 exceptionnelles<\/p>\n\n\n\n<a class=\"gb-button gb-button-bb1839e5 gb-button-text button-red-outline\" href=\"https:\/\/genevainstruments.com\/shop\/\">Acheter maintenant<\/a>\n\n<\/div><\/div>\n<\/div>\n<\/div><div class=\"gb-container gb-container-cc936e91 alignfull\" id=\"watch\">\n<div class=\"gb-container gb-container-75db3cbe\">\n\n<p class=\"gb-headline gb-headline-692b1c7e gb-headline-text explore\">Regarder et \u00c9COUTER<\/p>\n\n<\/div>\n\n<div class=\"gb-container gb-container-76da2e16\">\n\n<h2 class=\"gb-headline gb-headline-a82eb01c gb-headline-text\">La pointe de l&rsquo;innovation en mati\u00e8re de conception et de technologie d&rsquo;instruments <\/h2>\n\n\n<div class=\"gb-grid-wrapper gb-grid-wrapper-3718238d\">\n<div class=\"gb-grid-column gb-grid-column-823301fc\"><div class=\"gb-container gb-container-823301fc\">\n\n<figure class=\"wp-block-embed is-type-video is-provider-youtube wp-block-embed-youtube wp-embed-aspect-16-9 wp-has-aspect-ratio\"><div class=\"wp-block-embed__wrapper\">\n<iframe loading=\"lazy\" title=\"Richard Marshall - The Geneva Cardinal Cornet\" width=\"1200\" height=\"675\" src=\"https:\/\/www.youtube.com\/embed\/oENeHZii8D4?feature=oembed\" frameborder=\"0\" allow=\"accelerometer; autoplay; clipboard-write; encrypted-media; gyroscope; picture-in-picture; web-share\" referrerpolicy=\"strict-origin-when-cross-origin\" allowfullscreen><\/iframe>\n<\/div><figcaption class=\"wp-element-caption\">La Cornette Geneva Cardinal &#8211; Interview en 2021 suivie d&rsquo;une consultation pour sa refonte en 2023<\/figcaption><\/figure>\n\n<\/div><\/div>\n\n<div class=\"gb-grid-column gb-grid-column-a64de3f4\"><div class=\"gb-container gb-container-a64de3f4\">\n\n<figure class=\"wp-block-embed is-type-video is-provider-youtube wp-block-embed-youtube wp-embed-aspect-16-9 wp-has-aspect-ratio\"><div class=\"wp-block-embed__wrapper\">\n<iframe loading=\"lazy\" title=\"Geneva Instruments Factory\" width=\"1200\" height=\"675\" src=\"https:\/\/www.youtube.com\/embed\/CQ0G0lgryLI?feature=oembed\" frameborder=\"0\" allow=\"accelerometer; autoplay; clipboard-write; encrypted-media; gyroscope; picture-in-picture; web-share\" referrerpolicy=\"strict-origin-when-cross-origin\" allowfullscreen><\/iframe>\n<\/div><figcaption class=\"wp-element-caption\">Usine d&rsquo;instruments Geneva<\/figcaption><\/figure>\n\n<\/div><\/div>\n<\/div>\n<\/div>\n<\/div>","protected":false},"excerpt":{"rendered":"<p>Le choix durable Fabricants artisanaux d&rsquo;instruments \u00e0 vent en cuivre et en bois, vendant dans le monde entier aux musiciens de tous niveaux qui souhaitent avoir le meilleur instrument possible selon leur budget Regarder et \u00c9COUTER La pointe de l&rsquo;innovation en mati\u00e8re de conception et de technologie d&rsquo;instruments<\/p>\n","protected":false},"author":1,"featured_media":10828,"parent":0,"menu_order":1,"comment_status":"closed","ping_status":"closed","template":"","meta":{"_acf_changed":false,"footnotes":""},"class_list":["post-10823","page","type-page","status-publish","has-post-thumbnail"],"acf":[],"_links":{"self":[{"href":"https:\/\/genevainstruments.com\/fr\/wp-json\/wp\/v2\/pages\/10823","targetHints":{"allow":["GET"]}}],"collection":[{"href":"https:\/\/genevainstruments.com\/fr\/wp-json\/wp\/v2\/pages"}],"about":[{"href":"https:\/\/genevainstruments.com\/fr\/wp-json\/wp\/v2\/types\/page"}],"author":[{"embeddable":true,"href":"https:\/\/genevainstruments.com\/fr\/wp-json\/wp\/v2\/users\/1"}],"replies":[{"embeddable":true,"href":"https:\/\/genevainstruments.com\/fr\/wp-json\/wp\/v2\/comments?post=10823"}],"version-history":[{"count":1,"href":"https:\/\/genevainstruments.com\/fr\/wp-json\/wp\/v2\/pages\/10823\/revisions"}],"predecessor-version":[{"id":10830,"href":"https:\/\/genevainstruments.com\/fr\/wp-json\/wp\/v2\/pages\/10823\/revisions\/10830"}],"wp:featuredmedia":[{"embeddable":true,"href":"https:\/\/genevainstruments.com\/fr\/wp-json\/wp\/v2\/media\/10828"}],"wp:attachment":[{"href":"https:\/\/genevainstruments.com\/fr\/wp-json\/wp\/v2\/media?parent=10823"}],"curies":[{"name":"wp","href":"https:\/\/api.w.org\/{rel}","templated":true}]}}