{"id":10829,"date":"2021-01-15T10:35:43","date_gmt":"2021-01-15T10:35:43","guid":{"rendered":"https:\/\/geneva.viacreative.co\/panier\/"},"modified":"2025-11-19T12:28:09","modified_gmt":"2025-11-19T12:28:09","slug":"panier","status":"publish","type":"page","link":"https:\/\/genevainstruments.com\/fr\/panier\/","title":{"rendered":"Panier"},"content":{"rendered":"\n<div data-block-name=\"woocommerce\/cart\" class=\"wp-block-woocommerce-cart alignwide is-loading\">\n<div data-block-name=\"woocommerce\/filled-cart-block\" class=\"wp-block-woocommerce-filled-cart-block\">\n<div data-block-name=\"woocommerce\/cart-items-block\" class=\"wp-block-woocommerce-cart-items-block\">\n<div data-block-name=\"woocommerce\/cart-line-items-block\" data-translated-with-w-p-m-l-t-m=\"1\" class=\"wp-block-woocommerce-cart-line-items-block\"\/>\n\n\n\n<div data-block-name=\"woocommerce\/cart-cross-sells-block\" class=\"wp-block-woocommerce-cart-cross-sells-block\">\n<h2 class=\"wp-block-heading has-large-font-size\">Tu pourrais \u00eatre int\u00e9ress\u00e9 par&#8230;<\/h2>\n\n\n\n<div data-block-name=\"woocommerce\/cart-cross-sells-products-block\" data-translated-with-w-p-m-l-t-m=\"1\" class=\"wp-block-woocommerce-cart-cross-sells-products-block\"\/>\n<\/div>\n<\/div>\n\n\n\n<div data-block-name=\"woocommerce\/cart-totals-block\" class=\"wp-block-woocommerce-cart-totals-block\">\n<div data-block-name=\"woocommerce\/cart-order-summary-block\" class=\"wp-block-woocommerce-cart-order-summary-block\">\n\t\t\t<div data-block-name=\"woocommerce\/cart-order-summary-heading-block\" class=\"wp-block-woocommerce-cart-order-summary-heading-block\"><\/div>\n\t\t\t<div data-block-name=\"woocommerce\/cart-order-summary-subtotal-block\" class=\"wp-block-woocommerce-cart-order-summary-subtotal-block\"><\/div>\n\t\t\t<div data-block-name=\"woocommerce\/cart-order-summary-fee-block\" class=\"wp-block-woocommerce-cart-order-summary-fee-block\"><\/div>\n\t\t\t<div data-block-name=\"woocommerce\/cart-order-summary-discount-block\" class=\"wp-block-woocommerce-cart-order-summary-discount-block\"><\/div>\n\t\t\t<div data-block-name=\"woocommerce\/cart-order-summary-coupon-form-block\" class=\"wp-block-woocommerce-cart-order-summary-coupon-form-block\"><\/div>\n\t\t\t<div data-block-name=\"woocommerce\/cart-order-summary-shipping-form-block\" class=\"wp-block-woocommerce-cart-order-summary-shipping-block\"><\/div>\n\t\t\t<div data-block-name=\"woocommerce\/cart-order-summary-taxes-block\" class=\"wp-block-woocommerce-cart-order-summary-taxes-block\"><\/div>\n\t\t\n<div data-block-name=\"woocommerce\/cart-order-summary-heading-block\" data-content=\"Totaux du panier\" class=\"wp-block-woocommerce-cart-order-summary-heading-block\"><\/div><div data-block-name=\"woocommerce\/cart-order-summary-coupon-form-block\" data-translated-with-w-p-m-l-t-m=\"1\" class=\"wp-block-woocommerce-cart-order-summary-coupon-form-block\"\/>\n\n\n\n<div data-block-name=\"woocommerce\/cart-express-payment-block\" data-translated-with-w-p-m-l-t-m=\"1\" class=\"wp-block-woocommerce-cart-express-payment-block\"\/>\n\n\n\n<div data-block-name=\"woocommerce\/proceed-to-checkout-block\" class=\"wp-block-woocommerce-proceed-to-checkout-block\"><\/div>\n\n\n\n<div data-block-name=\"woocommerce\/cart-accepted-payment-methods-block\" data-translated-with-w-p-m-l-t-m=\"1\" class=\"wp-block-woocommerce-cart-accepted-payment-methods-block\"\/>\n<\/div>\n<\/div>\n\n\n\n<div data-block-name=\"woocommerce\/empty-cart-block\" class=\"wp-block-woocommerce-empty-cart-block\">\n<h2 class=\"wp-block-heading has-text-align-center with-empty-cart-icon wc-block-cart__empty-cart__title\">Ton panier est actuellement vide !<\/h2>\n\n\n\n<p class=\"has-text-align-center\"><a href=\"https:\/\/genevainstruments.com\/shop\/\">Parcourir la boutique<\/a><\/p>\n\n\n\n<hr class=\"wp-block-separator has-alpha-channel-opacity is-style-dots\"\/>\n\n\n\n<h2 class=\"wp-block-heading has-text-align-center\">Nouveaut\u00e9s en boutique<\/h2>\n\n\n<div data-block-name=\"woocommerce\/product-new\" data-columns=\"4\" data-rows=\"1\" class=\"wc-block-grid wp-block-product-new wp-block-woocommerce-product-new wc-block-product-new has-4-columns\"><ul class=\"wc-block-grid__products\"><li class=\"wc-block-grid__product\">\n\t\t\t\t<a href=\"https:\/\/genevainstruments.com\/fr\/produit\/trompette-piccolo-sib-la-geneva-cardinal\/\" class=\"wc-block-grid__product-link\">\n\t\t\t\t\t\n\t\t\t\t\t<div class=\"wc-block-grid__product-image\"><img loading=\"lazy\" decoding=\"async\" width=\"600\" height=\"800\" src=\"https:\/\/genevainstruments.com\/wp-content\/uploads\/2024\/09\/geneva_laq-symphony-piccolo-trumpet-bba-600x800.jpg\" class=\"attachment-woocommerce_thumbnail size-woocommerce_thumbnail\" alt=\"Trompette piccolo\" srcset=\"https:\/\/genevainstruments.com\/wp-content\/uploads\/2024\/09\/geneva_laq-symphony-piccolo-trumpet-bba-600x800.jpg 600w, https:\/\/genevainstruments.com\/wp-content\/uploads\/2024\/09\/geneva_laq-symphony-piccolo-trumpet-bba-450x600.jpg 450w, https:\/\/genevainstruments.com\/wp-content\/uploads\/2024\/09\/geneva_laq-symphony-piccolo-trumpet-bba-300x400.jpg 300w, https:\/\/genevainstruments.com\/wp-content\/uploads\/2024\/09\/geneva_laq-symphony-piccolo-trumpet-bba-210x280.jpg 210w, https:\/\/genevainstruments.com\/wp-content\/uploads\/2024\/09\/geneva_laq-symphony-piccolo-trumpet-bba.jpg 645w\" sizes=\"auto, (max-width: 600px) 100vw, 600px\" \/><\/div>\n\t\t\t\t\t<div class=\"wc-block-grid__product-title\">Trompette piccolo Sib\/La &#8211; Geneva Cardinal<\/div>\n\t\t\t\t<\/a>\n\t\t\t\t<div class=\"wc-block-grid__product-price price\"><span class=\"woocommerce-Price-amount amount\"><bdi><span class=\"woocommerce-Price-currencySymbol\">&pound;<\/span>2,875.42<\/bdi><\/span> <small class=\"woocommerce-price-suffix\">Ex VAT &amp; Shipping (Enter Billing Address in Checkout for No Obligation Quote)<\/small><\/div>\n\t\t\t\t\n\t\t\t\t<div class=\"wp-block-button wc-block-grid__product-add-to-cart\"><a href=\"https:\/\/genevainstruments.com\/fr\/produit\/trompette-piccolo-sib-la-geneva-cardinal\/\" aria-label=\"S\u00e9lectionner les options pour &ldquo;Trompette piccolo Sib\/La - Geneva Cardinal&rdquo;\" data-quantity=\"1\" data-product_id=\"10948\" data-product_sku=\"\" data-price=\"2875.42\" rel=\"nofollow\" class=\"wp-block-button__link  add_to_cart_button\">S\u00e9lectionner les options<\/a><\/div>\n\t\t\t<\/li><li class=\"wc-block-grid__product\">\n\t\t\t\t<a href=\"https:\/\/genevainstruments.com\/fr\/produit\/trompette-en-do-geneva-cardinal\/\" class=\"wc-block-grid__product-link\">\n\t\t\t\t\t\n\t\t\t\t\t<div class=\"wc-block-grid__product-image\"><img loading=\"lazy\" decoding=\"async\" width=\"600\" height=\"800\" src=\"https:\/\/genevainstruments.com\/wp-content\/uploads\/2024\/10\/geneva_laq-symphony-trumpet-c-600x800.jpg\" class=\"attachment-woocommerce_thumbnail size-woocommerce_thumbnail\" alt=\"Trompette en Do Geneva\" srcset=\"https:\/\/genevainstruments.com\/wp-content\/uploads\/2024\/10\/geneva_laq-symphony-trumpet-c-600x800.jpg 600w, https:\/\/genevainstruments.com\/wp-content\/uploads\/2024\/10\/geneva_laq-symphony-trumpet-c-450x600.jpg 450w, https:\/\/genevainstruments.com\/wp-content\/uploads\/2024\/10\/geneva_laq-symphony-trumpet-c-300x400.jpg 300w, https:\/\/genevainstruments.com\/wp-content\/uploads\/2024\/10\/geneva_laq-symphony-trumpet-c-210x280.jpg 210w, https:\/\/genevainstruments.com\/wp-content\/uploads\/2024\/10\/geneva_laq-symphony-trumpet-c.jpg 750w\" sizes=\"auto, (max-width: 600px) 100vw, 600px\" \/><\/div>\n\t\t\t\t\t<div class=\"wc-block-grid__product-title\">Trompette en Do &#8211; Geneva Cardinal<\/div>\n\t\t\t\t<\/a>\n\t\t\t\t<div class=\"wc-block-grid__product-price price\"><span class=\"woocommerce-Price-amount amount\"><bdi><span class=\"woocommerce-Price-currencySymbol\">&pound;<\/span>2,791.67<\/bdi><\/span> <small class=\"woocommerce-price-suffix\">Ex VAT &amp; Shipping (Enter Billing Address in Checkout for No Obligation Quote)<\/small><\/div>\n\t\t\t\t\n\t\t\t\t<div class=\"wp-block-button wc-block-grid__product-add-to-cart\"><a href=\"https:\/\/genevainstruments.com\/fr\/produit\/trompette-en-do-geneva-cardinal\/\" aria-label=\"S\u00e9lectionner les options pour &ldquo;Trompette en Do - Geneva Cardinal&rdquo;\" data-quantity=\"1\" data-product_id=\"11618\" data-product_sku=\"\" data-price=\"2791.67\" rel=\"nofollow\" class=\"wp-block-button__link  add_to_cart_button\">S\u00e9lectionner les options<\/a><\/div>\n\t\t\t<\/li><li class=\"wc-block-grid__product\">\n\t\t\t\t<a href=\"https:\/\/genevainstruments.com\/fr\/produit\/cornet-en-sib-geneva-cardinal\/\" class=\"wc-block-grid__product-link\">\n\t\t\t\t\t\n\t\t\t\t\t<div class=\"wc-block-grid__product-image\"><img loading=\"lazy\" decoding=\"async\" width=\"600\" height=\"800\" src=\"https:\/\/genevainstruments.com\/wp-content\/uploads\/2024\/10\/geneva_cardinal_cornet_lacquer_1789-600x800.jpg\" class=\"attachment-woocommerce_thumbnail size-woocommerce_thumbnail\" alt=\"Cornet en Sib Cardinal\" srcset=\"https:\/\/genevainstruments.com\/wp-content\/uploads\/2024\/10\/geneva_cardinal_cornet_lacquer_1789-600x800.jpg 600w, https:\/\/genevainstruments.com\/wp-content\/uploads\/2024\/10\/geneva_cardinal_cornet_lacquer_1789-450x600.jpg 450w, https:\/\/genevainstruments.com\/wp-content\/uploads\/2024\/10\/geneva_cardinal_cornet_lacquer_1789-900x1200.jpg 900w, https:\/\/genevainstruments.com\/wp-content\/uploads\/2024\/10\/geneva_cardinal_cornet_lacquer_1789-300x400.jpg 300w, https:\/\/genevainstruments.com\/wp-content\/uploads\/2024\/10\/geneva_cardinal_cornet_lacquer_1789-768x1024.jpg 768w, https:\/\/genevainstruments.com\/wp-content\/uploads\/2024\/10\/geneva_cardinal_cornet_lacquer_1789-1152x1536.jpg 1152w, https:\/\/genevainstruments.com\/wp-content\/uploads\/2024\/10\/geneva_cardinal_cornet_lacquer_1789-1536x2048.jpg 1536w, https:\/\/genevainstruments.com\/wp-content\/uploads\/2024\/10\/geneva_cardinal_cornet_lacquer_1789-1000x1333.jpg 1000w, https:\/\/genevainstruments.com\/wp-content\/uploads\/2024\/10\/geneva_cardinal_cornet_lacquer_1789-210x280.jpg 210w, https:\/\/genevainstruments.com\/wp-content\/uploads\/2024\/10\/geneva_cardinal_cornet_lacquer_1789.jpg 1800w\" sizes=\"auto, (max-width: 600px) 100vw, 600px\" \/><\/div>\n\t\t\t\t\t<div class=\"wc-block-grid__product-title\">Cornet en Sib &#8211; Geneva Cardinal<\/div>\n\t\t\t\t<\/a>\n\t\t\t\t<div class=\"wc-block-grid__product-price price\"><span class=\"woocommerce-Price-amount amount\" aria-hidden=\"true\"><bdi><span class=\"woocommerce-Price-currencySymbol\">&pound;<\/span>3,079.17<\/bdi><\/span> <span aria-hidden=\"true\">\u00a0\u2013\u00a0<\/span> <span class=\"woocommerce-Price-amount amount\" aria-hidden=\"true\"><bdi><span class=\"woocommerce-Price-currencySymbol\">&pound;<\/span>3,411.67<\/bdi><\/span><span class=\"screen-reader-text\">Plage de prix\u00a0: &pound;3,079.17 \u00e0 &pound;3,411.67<\/span> <small class=\"woocommerce-price-suffix\">Ex VAT &amp; Shipping (Enter Billing Address in Checkout for No Obligation Quote)<\/small><\/div>\n\t\t\t\t\n\t\t\t\t<div class=\"wp-block-button wc-block-grid__product-add-to-cart\"><a href=\"https:\/\/genevainstruments.com\/fr\/produit\/cornet-en-sib-geneva-cardinal\/\" aria-label=\"S\u00e9lectionner les options pour &ldquo;Cornet en Sib - Geneva Cardinal&rdquo;\" data-quantity=\"1\" data-product_id=\"10872\" data-product_sku=\"G4\/BCNT\/CA-1\" data-price=\"3079.17\" rel=\"nofollow\" class=\"wp-block-button__link  add_to_cart_button\">S\u00e9lectionner les options<\/a><\/div>\n\t\t\t<\/li><li class=\"wc-block-grid__product\">\n\t\t\t\t<a href=\"https:\/\/genevainstruments.com\/fr\/produit\/tuba-en-mib-geneva-cardinal-jc\/\" class=\"wc-block-grid__product-link\">\n\t\t\t\t\t\n\t\t\t\t\t<div class=\"wc-block-grid__product-image\"><img loading=\"lazy\" decoding=\"async\" width=\"600\" height=\"800\" src=\"https:\/\/genevainstruments.com\/wp-content\/uploads\/2024\/09\/geneva_cardinal-eeb_tuba-600x800.png\" class=\"attachment-woocommerce_thumbnail size-woocommerce_thumbnail\" alt=\"Tuba en MIb Geneva Cardinal\" srcset=\"https:\/\/genevainstruments.com\/wp-content\/uploads\/2024\/09\/geneva_cardinal-eeb_tuba-600x800.png 600w, https:\/\/genevainstruments.com\/wp-content\/uploads\/2024\/09\/geneva_cardinal-eeb_tuba-450x600.png 450w, https:\/\/genevainstruments.com\/wp-content\/uploads\/2024\/09\/geneva_cardinal-eeb_tuba-300x400.png 300w, https:\/\/genevainstruments.com\/wp-content\/uploads\/2024\/09\/geneva_cardinal-eeb_tuba-210x280.png 210w, https:\/\/genevainstruments.com\/wp-content\/uploads\/2024\/09\/geneva_cardinal-eeb_tuba.png 750w\" sizes=\"auto, (max-width: 600px) 100vw, 600px\" \/><\/div>\n\t\t\t\t\t<div class=\"wc-block-grid__product-title\">Tuba en MIb &#8211; Geneva Cardinal JC<\/div>\n\t\t\t\t<\/a>\n\t\t\t\t<div class=\"wc-block-grid__product-price price\"><span class=\"woocommerce-Price-amount amount\"><bdi><span class=\"woocommerce-Price-currencySymbol\">&pound;<\/span>10,416.67<\/bdi><\/span> <small class=\"woocommerce-price-suffix\">Ex VAT &amp; Shipping (Enter Billing Address in Checkout for No Obligation Quote)<\/small><\/div>\n\t\t\t\t\n\t\t\t\t<div class=\"wp-block-button wc-block-grid__product-add-to-cart\"><a href=\"https:\/\/genevainstruments.com\/fr\/produit\/tuba-en-mib-geneva-cardinal-jc\/\" aria-label=\"S\u00e9lectionner les options pour &ldquo;Tuba en MIb - Geneva Cardinal JC&rdquo;\" data-quantity=\"1\" data-product_id=\"11956\" data-product_sku=\"\" data-price=\"10416.67\" rel=\"nofollow\" class=\"wp-block-button__link  add_to_cart_button\">S\u00e9lectionner les options<\/a><\/div>\n\t\t\t<\/li><\/ul><\/div><\/div>\n<\/div>\n","protected":false},"excerpt":{"rendered":"","protected":false},"author":1,"featured_media":0,"parent":0,"menu_order":15,"comment_status":"closed","ping_status":"closed","template":"","meta":{"_acf_changed":false,"footnotes":""},"class_list":["post-10829","page","type-page","status-publish"],"acf":[],"_links":{"self":[{"href":"https:\/\/genevainstruments.com\/fr\/wp-json\/wp\/v2\/pages\/10829","targetHints":{"allow":["GET"]}}],"collection":[{"href":"https:\/\/genevainstruments.com\/fr\/wp-json\/wp\/v2\/pages"}],"about":[{"href":"https:\/\/genevainstruments.com\/fr\/wp-json\/wp\/v2\/types\/page"}],"author":[{"embeddable":true,"href":"https:\/\/genevainstruments.com\/fr\/wp-json\/wp\/v2\/users\/1"}],"replies":[{"embeddable":true,"href":"https:\/\/genevainstruments.com\/fr\/wp-json\/wp\/v2\/comments?post=10829"}],"version-history":[{"count":1,"href":"https:\/\/genevainstruments.com\/fr\/wp-json\/wp\/v2\/pages\/10829\/revisions"}],"predecessor-version":[{"id":10831,"href":"https:\/\/genevainstruments.com\/fr\/wp-json\/wp\/v2\/pages\/10829\/revisions\/10831"}],"wp:attachment":[{"href":"https:\/\/genevainstruments.com\/fr\/wp-json\/wp\/v2\/media?parent=10829"}],"curies":[{"name":"wp","href":"https:\/\/api.w.org\/{rel}","templated":true}]}}