{"id":12612,"date":"2025-05-09T08:37:15","date_gmt":"2025-05-09T07:37:15","guid":{"rendered":"https:\/\/geneva.viacreative.co\/gagnez-un-quatuor-de-cardinals\/"},"modified":"2025-12-29T17:30:45","modified_gmt":"2025-12-29T17:30:45","slug":"gagnez-un-quatuor-de-cardinals","status":"publish","type":"page","link":"https:\/\/genevainstruments.com\/fr\/gagnez-un-quatuor-de-cardinals\/","title":{"rendered":"Quartet of Cardinals Competition \u2013 Mise \u00e0 jour"},"content":{"rendered":"<div class=\"gb-container gb-container-281ff18e alignfull\">\n<div class=\"gb-container gb-container-c48a3e65\">\n\n<h3 class=\"gb-headline gb-headline-6af4d3d1 gb-headline-text\">Le concours Quartet of Cardinals est maintenant officiellement clos.<\/h3>\n\n\n\n<p class=\"gb-headline gb-headline-c3449f9f gb-headline-text\">C\u00e9l\u00e9bration d&rsquo;un quart de si\u00e8cle (2000-2025) de #ProgressInPlay<\/p>\n\n<\/div>\n\n<div class=\"gb-container gb-container-1d08b1d3\">\n\n<a class=\"gb-button gb-button-8caab664 smooth-scroll via-scroll\" href=\"#win\"><span class=\"gb-icon\"><svg xmlns:xlink=\"http:\/\/www.w3.org\/1999\/xlink\" xmlns=\"http:\/\/www.w3.org\/2000\/svg\" version=\"1.1\" viewbox=\"0 0 16 16\" height=\"48px\" width=\"48px\">\n  <rect fill=\"none\" id=\"icon-bound\" height=\"16\" width=\"16\"><\/rect>\n  <polygon points=\"8,13 0,5 16,5\"><\/polygon>\n<\/svg><\/span><\/a>\n\n<\/div>\n<\/div><div class=\"gb-container gb-container-8dfae3e5 alignfull\" id=\"win\">\n<div class=\"gb-container gb-container-dcbdf667\">\n\n<h2 class=\"gb-headline gb-headline-755ad35e gb-headline-text\">Des concours qui permettent aux musiciens d\u2019atteindre leur v\u00e9ritable potentiel<\/h2>\n\n\n\n<p class=\"gb-headline gb-headline-83910334 gb-headline-text\">Nous sommes ravis de confirmer que le concours Quartet of Cardinals&nbsp;2025 a suscit\u00e9 un \u00e9norme int\u00e9r\u00eat, avec des inscriptions de musiciens de cuivres des quatre coins du monde, chacun inscrivant sa fanfare pour ce prix unique et prestigieux.<br><\/p>\n\n\n\n<p>Le tirage au sort a eu lieu le 29 d\u00e9cembre. Le groupe gagnant a \u00e9t\u00e9 contact\u00e9 directement et invit\u00e9 \u00e0 accepter le prix, sous r\u00e9serve des conditions g\u00e9n\u00e9rales du concours. Apr\u00e8s acceptation, un repr\u00e9sentant du groupe gagnant sera invit\u00e9 \u00e0 assister aux Championnats europ\u00e9ens de brass band (EBBC) \u00e0 Linz, o\u00f9 le Quartet of Cardinals sera pr\u00e9sent\u00e9 sur le stand de Geneva Instruments. Si la participation \u00e0 l&rsquo;EBBC n&rsquo;est pas possible, d&rsquo;autres dispositions seront prises pour la pr\u00e9sentation.   <\/p>\n\n\n\n<p><br\/>Si le groupe s\u00e9lectionn\u00e9 choisit de ne pas accepter le prix dans les conditions de concours prescrites ci-dessous, le prix sera tir\u00e9 au sort \u00e0 nouveau parmi le groupe initial de participants admissibles. Nous tenons \u00e0 remercier sinc\u00e8rement tous les groupes et musiciens qui ont particip\u00e9 au concours et ont contribu\u00e9 \u00e0 son succ\u00e8s. <\/p>\n\n\n\n<p>Ce concours a \u00e9t\u00e9 men\u00e9 en tant que concours de prix et organis\u00e9 conform\u00e9ment aux lois d\u2019Angleterre et du Pays de Galles, y compris les dispositions pertinentes de la loi de 2005 sur les jeux de hasard.<\/p>\n\n\n\n<h2 class=\"gb-headline gb-headline-cf781719 gb-headline-text\">Surveillez cet espace car le <a href=\"https:\/\/genevainstruments.com\/fr\/fondation-musicale-geneva\/\" data-type=\"page\" data-id=\"10038\">Quartet of Cardinals<\/a>&nbsp;2026 sera de retour et lanc\u00e9 le 25&nbsp;avril&nbsp;2026 \u00e0 l\u2019EBBC<\/h2>\n\n\n\n<p>Pour l\u2019avenir, nous sommes heureux d\u2019annoncer qu\u2019en\u00a02026, le concours Quartet of Cardinals sera de retour avec un nouveau format passionnant. En plus du formulaire d\u2019inscription standard, les groupes seront invit\u00e9s \u00e0 soumettre une courte vid\u00e9o dans le cadre de leur inscription\u00a0\u2014 plus de d\u00e9tails \u00e0 suivre en temps voulu. <\/p>\n\n<\/div>\n<\/div><div class=\"gb-container gb-container-8d9923a0 alignfull\"><\/div><div class=\"gb-container gb-container-0ba3f97d alignfull\" id=\"enter\"><\/div><div class=\"gb-container gb-container-4f567e77 alignfull\">\n<div class=\"gb-container gb-container-3d4b7b3d\">\n\n<h2 class=\"gb-headline gb-headline-8c6ded3b gb-headline-text\">Conditions g\u00e9n\u00e9rales du concours Quartet of Cardinals&nbsp;2025<\/h2>\n\n\n\n<ol class=\"wp-block-list\">\n<li>Le concours est ouvert \u00e0 tout orchestre de cuivres traditionnel dans le monde, c&rsquo;est-\u00e0-dire les ensembles de cuivres utilisant une combinaison de cornet, bugle, cor alto, baryton, euphonium et tuba<\/li>\n\n\n\n<li>Pour participer au tirage au sort, la personne inscrivant son orchestre de cuivres pour &lsquo;Gagner un Quatuor d&rsquo;Instruments Cardinal&rsquo; doit :\n<ul class=\"wp-block-list\">\n<li>\u00catre un membre actif de l&rsquo;orchestre de cuivres<\/li>\n\n\n\n<li>Remplir enti\u00e8rement le formulaire d&rsquo;inscription et r\u00e9pondre correctement \u00e0 la question<\/li>\n\n\n\n<li>Saisir ses coordonn\u00e9es et celles de son orchestre de cuivres<\/li>\n<\/ul>\n<\/li>\n\n\n\n<li>25 participations maximum par orchestre de cuivres<\/li>\n\n\n\n<li>Le concours sera ouvert du 9 mai 2025 au 15 d\u00e9cembre 2025<\/li>\n\n\n\n<li>Le tirage aura lieu le 20 d\u00e9cembre 2025<\/li>\n\n\n\n<li>L&rsquo;orchestre de cuivres gagnant recevra :\n<ul class=\"wp-block-list\">\n<li>1 x Cornet sib Cardinal<\/li>\n\n\n\n<li>1 x Bugle sib Cardinal<\/li>\n\n\n\n<li>1 x Cor alto mib Cardinal<\/li>\n\n\n\n<li>1 x Euphonium sib Cardinal<\/li>\n<\/ul>\n<\/li>\n\n\n\n<li>L&rsquo;orchestre gagnant s&rsquo;engage \u00e0 :\n<ul class=\"wp-block-list\">\n<li>Jouer et entretenir le Quatuor d&rsquo;Instruments Cardinal lors de leurs repr\u00e9sentations pendant au moins 2 ans apr\u00e8s r\u00e9ception<\/li>\n\n\n\n<li>Permettre et aider Geneva Instruments \u00e0 promouvoir leurs activit\u00e9s d&rsquo;orchestre \u00e0 travers des communiqu\u00e9s de presse conjoints pendant les 2 ans suivant la r\u00e9ception<\/li>\n\n\n\n<li>Si l&rsquo;orchestre n&rsquo;est pas en mesure de respecter l&rsquo;accord en tout ou partie avant ou apr\u00e8s la r\u00e9ception, les instruments seront retourn\u00e9s \u00e0 Geneva Instruments et un nouveau tirage les attribuera \u00e0 un autre orchestre de cuivres ayant particip\u00e9 au concours initial<\/li>\n\n\n\n<li>\u00c0 l&rsquo;issue des 2 ans, les instruments deviendront la propri\u00e9t\u00e9 sans condition de l&rsquo;orchestre de cuivres d\u00e9tenteur.<\/li>\n<\/ul>\n<\/li>\n<\/ol>\n\n<\/div>\n<\/div>","protected":false},"excerpt":{"rendered":"<p>Le concours Quartet of Cardinals est maintenant officiellement clos. C\u00e9l\u00e9bration d&rsquo;un quart de si\u00e8cle (2000-2025) de #ProgressInPlay Des concours qui permettent aux musiciens d\u2019atteindre leur v\u00e9ritable potentiel Nous sommes ravis de confirmer que le concours Quartet of Cardinals&nbsp;2025 a suscit\u00e9 un \u00e9norme int\u00e9r\u00eat, avec des inscriptions de musiciens de cuivres des quatre coins du monde, &#8230; <a title=\"Quartet of Cardinals Competition \u2013 Mise \u00e0 jour\" class=\"read-more\" href=\"https:\/\/genevainstruments.com\/fr\/gagnez-un-quatuor-de-cardinals\/\" aria-label=\"En savoir plus sur Quartet of Cardinals Competition \u2013 Mise \u00e0 jour\">Lire plus<\/a><\/p>\n","protected":false},"author":1,"featured_media":12613,"parent":0,"menu_order":0,"comment_status":"closed","ping_status":"closed","template":"","meta":{"_acf_changed":false,"footnotes":""},"class_list":["post-12612","page","type-page","status-publish","has-post-thumbnail"],"acf":[],"_links":{"self":[{"href":"https:\/\/genevainstruments.com\/fr\/wp-json\/wp\/v2\/pages\/12612","targetHints":{"allow":["GET"]}}],"collection":[{"href":"https:\/\/genevainstruments.com\/fr\/wp-json\/wp\/v2\/pages"}],"about":[{"href":"https:\/\/genevainstruments.com\/fr\/wp-json\/wp\/v2\/types\/page"}],"author":[{"embeddable":true,"href":"https:\/\/genevainstruments.com\/fr\/wp-json\/wp\/v2\/users\/1"}],"replies":[{"embeddable":true,"href":"https:\/\/genevainstruments.com\/fr\/wp-json\/wp\/v2\/comments?post=12612"}],"version-history":[{"count":4,"href":"https:\/\/genevainstruments.com\/fr\/wp-json\/wp\/v2\/pages\/12612\/revisions"}],"predecessor-version":[{"id":19386,"href":"https:\/\/genevainstruments.com\/fr\/wp-json\/wp\/v2\/pages\/12612\/revisions\/19386"}],"wp:featuredmedia":[{"embeddable":true,"href":"https:\/\/genevainstruments.com\/fr\/wp-json\/wp\/v2\/media\/12613"}],"wp:attachment":[{"href":"https:\/\/genevainstruments.com\/fr\/wp-json\/wp\/v2\/media?parent=12612"}],"curies":[{"name":"wp","href":"https:\/\/api.w.org\/{rel}","templated":true}]}}