{"id":18973,"date":"2021-02-16T16:44:56","date_gmt":"2021-02-16T16:44:56","guid":{"rendered":"https:\/\/genevainstruments.com\/politique-de-confidentialite\/"},"modified":"2025-12-02T16:35:43","modified_gmt":"2025-12-02T16:35:43","slug":"politique-de-confidentialite","status":"publish","type":"page","link":"https:\/\/genevainstruments.com\/fr\/politique-de-confidentialite\/","title":{"rendered":"Politique de confidentialit\u00e9"},"content":{"rendered":"<div class=\"gb-container gb-container-3a14c50b alignfull\">\n<div class=\"gb-container gb-container-edda4908\">\n\n<h2 class=\"gb-headline gb-headline-ed203461 gb-headline-text\">Avis de confidentialit\u00e9 du site web et de l&rsquo;entreprise<\/h2>\n\n\n\n<p class=\"gb-headline gb-headline-66f80ce9 gb-headline-text\">Ceci est l&rsquo;avis de confidentialit\u00e9 de Geneva Instruments.<\/p>\n\n\n\n<p class=\"gb-headline gb-headline-bf623d36 gb-headline-text\">Dans ce document, \u00ab nous \u00bb d\u00e9signe Geneva Instruments (int\u00e9grant Geneva Brasswind Ltd et Geneva Instruments Ltd).<\/p>\n\n\n\n<p class=\"gb-headline gb-headline-341aa9aa gb-headline-text\">Notre si\u00e8ge social est situ\u00e9 \u00e0 Biz Hub Tees Valley, Belasis Hall Business Centre, Coxwold Way, TS23 4EA.<\/p>\n\n\n\n<h3 class=\"gb-headline gb-headline-b89c877c gb-headline-text\">Introduction<\/h3>\n\n\n\n<p>Cet avis a pour but de vous informer de notre politique concernant toutes les informations que nous enregistrons \u00e0 votre sujet. Il \u00e9nonce les conditions dans lesquelles nous pouvons traiter toute information que nous recueillons aupr\u00e8s de vous, ou que vous nous fournissez. Il couvre les informations qui pourraient vous identifier (\u00ab informations personnelles \u00bb) et les informations vous concernant si vous achetez des instruments ou des accessoires chez nous.  <\/p>\n\n\n\n<p>Nous regrettons que si un ou plusieurs points ci-dessous ne vous conviennent pas, veuillez contacter Geneva Instruments via la page Contactez-nous du site web.<\/p>\n\n\n\n<p>Nous prenons au s\u00e9rieux la protection de votre vie priv\u00e9e et de la confidentialit\u00e9 de vos donn\u00e9es. Nous comprenons que tous les visiteurs de notre site web ont le droit de savoir que leurs donn\u00e9es personnelles ne seront utilis\u00e9es \u00e0 aucune autre fin que la livraison d&rsquo;instruments et ne seront pas partag\u00e9es avec des tiers. <\/p>\n\n\n\n<p>Nous nous engageons \u00e0 pr\u00e9server la confidentialit\u00e9 de toutes les informations que vous fournissez \u00e0 The Geneva Group.<\/p>\n\n\n\n<p>Notre politique est conforme \u00e0 la loi britannique ainsi mise en \u0153uvre.<\/p>\n\n\n\n<p>La loi nous oblige \u00e0 vous informer de vos droits et de nos obligations envers vous en ce qui concerne le traitement et le contr\u00f4le de vos donn\u00e9es personnelles. Nous le faisons maintenant, en vous demandant de lire les informations fournies sur <a href=\"https:\/\/www.knowyourprivacyrights.org\/\" rel=\"noopener\">www.knowyourprivacyrights.org<\/a> <\/p>\n\n\n\n<p>Sauf indication contraire ci-dessous, nous ne partageons, ne vendons ni ne divulguons \u00e0 un tiers.<\/p>\n\n\n\n<p>Les bases sur lesquelles nous traitons les informations vous concernant<\/p>\n\n\n\n<p>La loi nous oblige \u00e0 d\u00e9terminer sur laquelle des six bases d\u00e9finies nous traitons les diff\u00e9rentes cat\u00e9gories de vos informations personnelles, pour Geneva Instruments.<\/p>\n\n\n\n<p>Si une base sur laquelle nous traitons vos informations personnelles n&rsquo;est plus pertinente.<\/p>\n\n\n\n<p>Si la base change, alors, si la loi l&rsquo;exige, nous vous informerons du changement et de toute nouvelle base.<\/p>\n\n\n\n<p>Informations que nous traitons parce que nous avons une obligation contractuelle avec vous<\/p>\n\n\n\n<p>Lorsque vous achetez un produit ou un service chez nous, ou que vous acceptez autrement nos conditions g\u00e9n\u00e9rales pour Geneva Group.<\/p>\n\n\n\n<p>Afin de remplir nos obligations en vertu de ce contrat, nous devons traiter les informations que vous nous fournissez.<\/p>\n\n\n\n<p>Nous pouvons les utiliser afin de :<\/p>\n\n\n\n<ol class=\"wp-block-list\">\n<li>v\u00e9rifier votre identit\u00e9 \u00e0 des fins de s\u00e9curit\u00e9<\/li>\n\n\n\n<li>vous vendre des produits<\/li>\n\n\n\n<li>vous fournir nos services<\/li>\n\n\n\n<li>vous fournir des suggestions et des conseils sur les produits et services.<\/li>\n<\/ol>\n\n\n\n<p>Nous traitons ces informations sur la base qu&rsquo;il existe un contrat entre nous, ou que vous avez demand\u00e9 de la marchandise ou des informations.<\/p>\n\n\n\n<p>De plus, nous pouvons agr\u00e9ger ces informations de mani\u00e8re g\u00e9n\u00e9rale et les utiliser pour fournir des informations de classe, par exemple pour surveiller nos performances par rapport au service que nous fournissons.<\/p>\n\n\n\n<p>Nous continuerons \u00e0 traiter ces informations jusqu&rsquo;\u00e0 ce que le contrat entre nous prenne fin ou soit r\u00e9sili\u00e9.<\/p>\n\n\n\n<h3 class=\"gb-headline gb-headline-a3427af8 gb-headline-text\">Informations que nous traitons avec votre consentement<\/h3>\n\n\n\n<p>Par le biais de certaines actions lorsqu&rsquo;il n&rsquo;existe autrement aucune relation contractuelle entre nous, par exemple lorsque vous naviguez sur notre site web ou que vous nous demandez de vous fournir plus d&rsquo;informations sur notre entreprise, y compris les instruments, l&rsquo;entretien des instruments et les accessoires.<\/p>\n\n\n\n<p>Dans la mesure du possible, nous visons \u00e0 obtenir votre consentement explicite pour traiter ces informations.<\/p>\n\n\n\n<p>Parfois, vous pouvez donner votre consentement implicitement, par exemple lorsque vous nous envoyez un message par e-mail via le site web.<\/p>\n\n\n\n<p>Sauf lorsque vous avez consenti \u00e0 ce que nous utilisions vos informations dans un but sp\u00e9cifique, nous n&rsquo;utilisons pas vos informations d&rsquo;une mani\u00e8re qui vous identifierait personnellement. Nous pouvons les agr\u00e9ger de mani\u00e8re g\u00e9n\u00e9rale pour continuer \u00e0 vous fournir le meilleur service possible. <\/p>\n\n\n\n<p>Nous continuons \u00e0 traiter vos informations sur cette base jusqu&rsquo;\u00e0 ce que vous retiriez votre consentement, ou qu&rsquo;elles puissent \u00eatre utilis\u00e9es pour vous informer d&rsquo;offres sp\u00e9ciales, de r\u00e9ductions ou de nouveaux produits.<\/p>\n\n\n\n<p>Vous pouvez retirer votre consentement \u00e0 tout moment en nous contactant sur <a href=\"https:\/\/genevainstruments.com\/fr\/\">GenevaInstruments.com<\/a>.<\/p>\n\n\n\n<h3 class=\"gb-headline gb-headline-7ba1939a gb-headline-text\">Informations que nous traitons aux fins d&rsquo;int\u00e9r\u00eats l\u00e9gitimes<\/h3>\n\n\n\n<p>Nous pouvons traiter des informations sur la base qu&rsquo;il existe un int\u00e9r\u00eat l\u00e9gitime, soit pour les produits, soit pour les informations.<\/p>\n\n\n\n<p>Lorsque nous traitons vos informations sur cette base, nous le faisons dans votre int\u00e9r\u00eat pour vous informer des \u00e9v\u00e9nements ou des nouveaux produits :<\/p>\n\n\n\n<p>Par exemple, nous pouvons traiter vos donn\u00e9es pour vous informer d&rsquo;un atelier sur les cuivres dans votre r\u00e9gion, tenir des registres pour l&rsquo;administration appropri\u00e9e et n\u00e9cessaire des instruments et accessoires, r\u00e9pondre \u00e0 une communication non sollicit\u00e9e de votre part que nous recevons concernant des produits ou des marchandises, prot\u00e9ger et faire valoir les droits l\u00e9gaux de toute partie.<\/p>\n\n\n\n<p>s&rsquo;assurer contre ou obtenir des conseils professionnels qui sont n\u00e9cessaires pour aider ou assister dans votre demande<\/p>\n\n\n\n<p>prot\u00e9ger vos int\u00e9r\u00eats lorsque nous pensons avoir l&rsquo;obligation de le faire<\/p>\n\n\n\n<h3 class=\"gb-headline gb-headline-b8c1c4b9 gb-headline-text\">Informations que nous traitons parce que nous avons une obligation l\u00e9gale<\/h3>\n\n\n\n<p>Nous sommes soumis \u00e0 la loi comme tout le monde. Parfois, nous devons traiter votre adresse ou vos informations de courriel. <\/p>\n\n\n\n<p>Par exemple, nous pouvons \u00eatre tenus de donner des informations aux autorit\u00e9s l\u00e9gales si elles le demandent ou si elles ont un int\u00e9r\u00eat pour un individu. Cela peut inclure vos informations personnelles. <\/p>\n\n\n\n<h3 class=\"gb-headline gb-headline-2932f599 gb-headline-text\">Utilisations sp\u00e9cifiques des informations que vous nous fournissez<\/h3>\n\n\n\n<p>Informations fournies \u00e9tant entendu qu&rsquo;elles seront partag\u00e9es avec un tiers.<\/p>\n\n\n\n<p>Notre site web ne vous permet pas de publier des informations.<\/p>\n\n\n\n<p>Plaintes concernant le contenu de notre site web.<\/p>\n\n\n\n<p>Notre site web est un support de publication, mais le contenu n&rsquo;est pas publiable par des tiers.<\/p>\n\n\n\n<p>Si vous vous plaignez d&rsquo;un contenu trouv\u00e9 sur <a href=\"https:\/\/genevainstruments.com\/fr\/\">GenevaInstruments.com<\/a>, nous enqu\u00eaterons et, si nous estimons que cela est justifi\u00e9, nous supprimerons ce contenu.<\/p>\n\n\n\n<p>La libert\u00e9 d&rsquo;expression est un droit fondamental, nous devons donc examiner chaque demande comme bon nous semble.<\/p>\n\n\n\n<p>Si nous pensons que votre plainte est justifiable, des mesures seront prises pour supprimer le contenu.<\/p>\n\n\n\n<p>Informations relatives \u00e0 votre mode de paiement<\/p>\n\n\n\n<p>Les informations de paiement ne sont jamais stock\u00e9es par nous, au moment du paiement d&rsquo;un instrument, vous choisirez votre option de paiement.<\/p>\n\n\n\n<h3 class=\"gb-headline gb-headline-dc70bf8e gb-headline-text\">Envoi d&rsquo;un message<\/h3>\n\n\n\n<p>Lorsque vous nous contactez, que ce soit par t\u00e9l\u00e9phone, via notre site web, nous enregistrons votre demande et ne conservons aucune donn\u00e9e personnelle de ces demandes.<\/p>\n\n\n\n<h3 class=\"gb-headline gb-headline-e533b1a2 gb-headline-text\">D\u00e9poser une plainte<\/h3>\n\n\n\n<p>Lorsque nous recevons une plainte par e-mail ou par t\u00e9l\u00e9phone, nous utilisons ces informations pour r\u00e9soudre votre plainte.<\/p>\n\n\n\n<p>Si votre plainte nous oblige raisonnablement \u00e0 contacter une autre personne, nous pouvons d\u00e9cider de donner des informations \u00e0 cette autre personne.<\/p>\n\n\n\n<p>Nous pouvons \u00e9galement compiler des statistiques montrant les informations obtenues \u00e0 partir de cette plainte.<\/p>\n\n\n\n<p>Utilisation des informations que nous recueillons par le biais de syst\u00e8mes automatis\u00e9s lorsque vous visitez notre site web<\/p>\n\n\n\n<h3 class=\"gb-headline gb-headline-5da56707 gb-headline-text\">Cookies<\/h3>\n\n\n\n<p>Les cookies sont de petits fichiers texte qui sont plac\u00e9s sur le disque dur de votre ordinateur par votre navigateur web lorsque vous visitez un site web.<\/p>\n\n\n\n<p>Nous utilisons les cookies des mani\u00e8res suivantes :<\/p>\n\n\n\n<ol class=\"wp-block-list\">\n<li>pour suivre la fa\u00e7on dont vous utilisez notre site web<\/li>\n\n\n\n<li>pour enregistrer si vous visitez r\u00e9guli\u00e8rement notre site web<\/li>\n\n\n\n<li>pour vous garder connect\u00e9 \u00e0 notre site<\/li>\n<\/ol>\n\n\n\n<h3 class=\"gb-headline gb-headline-f2fdafcf gb-headline-text\">Divulgation et partage de vos informations<\/h3>\n\n\n\n<p>Informations que nous obtenons de tiers<\/p>\n\n\n\n<p>Aucune de ces informations ne permet de vous identifier personnellement.<\/p>\n\n\n\n<p>Les donn\u00e9es peuvent \u00eatre trait\u00e9es en dehors de l&rsquo;Union europ\u00e9enne.<\/p>\n\n\n\n<p>Nos sites web sont h\u00e9berg\u00e9s au Royaume-Uni.<\/p>\n\n\n\n<p>Acc\u00e8s \u00e0 vos propres informations.<\/p>\n\n\n\n<p>Vous pouvez supprimer les informations que nous d\u00e9tenons \u00e0 tout moment en nous contactant.<\/p>\n\n\n\n<h3 class=\"gb-headline gb-headline-d8bf2857 gb-headline-text\">Autres questions<\/h3>\n\n\n\n<p>Comment pouvez-vous vous plaindre<\/p>\n\n\n\n<p>Contactez <a href=\"https:\/\/genevainstruments.com\/fr\/\">GenevaInstruments.com<\/a> et cliquez sur l&rsquo;onglet Contactez-nous.<\/p>\n\n\n\n<p>Si vous \u00eates insatisfait de la fa\u00e7on dont nous traitons vos informations personnelles, vous avez le droit de d\u00e9poser une plainte aupr\u00e8s du Commissaire \u00e0 l&rsquo;information.<\/p>\n\n<\/div>\n<\/div>","protected":false},"excerpt":{"rendered":"<p>Avis de confidentialit\u00e9 du site web et de l&rsquo;entreprise Ceci est l&rsquo;avis de confidentialit\u00e9 de Geneva Instruments. Dans ce document, \u00ab nous \u00bb d\u00e9signe Geneva Instruments (int\u00e9grant Geneva Brasswind Ltd et Geneva Instruments Ltd). Notre si\u00e8ge social est situ\u00e9 \u00e0 Biz Hub Tees Valley, Belasis Hall Business Centre, Coxwold Way, TS23 4EA. Introduction Cet avis &#8230; <a title=\"Politique de confidentialit\u00e9\" class=\"read-more\" href=\"https:\/\/genevainstruments.com\/fr\/politique-de-confidentialite\/\" aria-label=\"En savoir plus sur Politique de confidentialit\u00e9\">Lire plus<\/a><\/p>\n","protected":false},"author":1,"featured_media":0,"parent":0,"menu_order":20,"comment_status":"closed","ping_status":"closed","template":"","meta":{"_acf_changed":false,"footnotes":""},"class_list":["post-18973","page","type-page","status-publish"],"acf":[],"_links":{"self":[{"href":"https:\/\/genevainstruments.com\/fr\/wp-json\/wp\/v2\/pages\/18973","targetHints":{"allow":["GET"]}}],"collection":[{"href":"https:\/\/genevainstruments.com\/fr\/wp-json\/wp\/v2\/pages"}],"about":[{"href":"https:\/\/genevainstruments.com\/fr\/wp-json\/wp\/v2\/types\/page"}],"author":[{"embeddable":true,"href":"https:\/\/genevainstruments.com\/fr\/wp-json\/wp\/v2\/users\/1"}],"replies":[{"embeddable":true,"href":"https:\/\/genevainstruments.com\/fr\/wp-json\/wp\/v2\/comments?post=18973"}],"version-history":[{"count":1,"href":"https:\/\/genevainstruments.com\/fr\/wp-json\/wp\/v2\/pages\/18973\/revisions"}],"predecessor-version":[{"id":18974,"href":"https:\/\/genevainstruments.com\/fr\/wp-json\/wp\/v2\/pages\/18973\/revisions\/18974"}],"wp:attachment":[{"href":"https:\/\/genevainstruments.com\/fr\/wp-json\/wp\/v2\/media?parent=18973"}],"curies":[{"name":"wp","href":"https:\/\/api.w.org\/{rel}","templated":true}]}}