{"id":18995,"date":"2021-01-15T11:41:21","date_gmt":"2021-01-15T11:41:21","guid":{"rendered":"https:\/\/genevainstruments.com\/conditions-generales\/"},"modified":"2025-12-02T16:36:49","modified_gmt":"2025-12-02T16:36:49","slug":"conditions-generales","status":"publish","type":"page","link":"https:\/\/genevainstruments.com\/fr\/conditions-generales\/","title":{"rendered":"Conditions g\u00e9n\u00e9rales"},"content":{"rendered":"<div class=\"gb-container gb-container-3a14c50b alignfull\">\n<div class=\"gb-container gb-container-edda4908\">\n\n<p class=\"gb-headline gb-headline-2dc42e1d gb-headline-text\">Geneva Brasswind Ltd,<br>Geneva House,<br>Belasis Business Hub,<br>Coxwold Way,<br>Billingham<br>TS23 4EA<br>Royaume-Uni<br>T\u00e9l. : +44 01642 714464<\/p>\n\n\n\n<p class=\"gb-headline gb-headline-16a2f222 gb-headline-text\">Soci\u00e9t\u00e9 \u00e0 responsabilit\u00e9 limit\u00e9e par actions<br>N\u00b0 d&rsquo;enregistrement 09961254<\/p>\n\n\n\n<p class=\"gb-headline gb-headline-8149964d gb-headline-text\">L&rsquo;acc\u00e8s au site web, ainsi que l&rsquo;utilisation de son contenu, sont soumis aux conditions suivantes. Ces conditions d&rsquo;utilisation peuvent \u00eatre modifi\u00e9es \u00e0 tout moment. Ces modifications sont r\u00e9put\u00e9es accept\u00e9es par les internautes d\u00e8s leur mise en ligne.  <\/p>\n\n\n\n<ol class=\"wp-block-list\">\n<li>PROPRI\u00c9T\u00c9 INTELLECTUELLE<\/li>\n\n\n\n<li>RESPONSABILIT\u00c9<\/li>\n\n\n\n<li>FONCTIONNEMENT TECHNIQUE DU SITE WEB<\/li>\n\n\n\n<li>ATTRIBUTION DE JURIDICTION<\/li>\n\n\n\n<li>VOUS POUVEZ NOUS CONTACTER \u00c0 L&rsquo;ADRESSE SUIVANTE<\/li>\n\n\n\n<li>CONCEPTION ET PRODUCTION DU SITE WEB<\/li>\n<\/ol>\n\n\n\n<ol class=\"wp-block-list\">\n<li>PROPRI\u00c9T\u00c9 INTELLECTUELLE<br\/>Tous les \u00e9l\u00e9ments contenus sur le site web (logiciels, textes, images anim\u00e9es ou fixes, sons, savoir-faire et plus g\u00e9n\u00e9ralement, tout type de donn\u00e9es) sont prot\u00e9g\u00e9s par le Code de la Propri\u00e9t\u00e9 Intellectuelle (fran\u00e7ais). Toute repr\u00e9sentation et\/ou reproduction totale ou partielle du site web par quelque proc\u00e9d\u00e9 que ce soit, sans l&rsquo;autorisation expresse de Geneva Brasswind, est interdite et constituerait une infraction au regard du droit anglais et gallois. Les marques et logos figurant sur le site web sont la propri\u00e9t\u00e9 de Geneva Brasswind. Toute utilisation ou reproduction totale ou partielle de ces marques et\/ou logos est interdite sans l&rsquo;autorisation pr\u00e9alable et expresse de Geneva Brasswind.   <br\/><\/li>\n\n\n\n<li>CONTENU DU SITE WEB &#8211; RESPONSABILIT\u00c9<br\/>Les informations figurant sur le site web sont donn\u00e9es \u00e0 titre purement informatif. Geneva Brasswind s&rsquo;efforce de maintenir le site web \u00e0 jour mais ne peut garantir que les informations publi\u00e9es sur le site web sont exactes, compl\u00e8tes et actualis\u00e9es, ni garantir que lesdites informations conviennent \u00e0 l&rsquo;usage souhait\u00e9 par l&rsquo;utilisateur. En cons\u00e9quence, l&rsquo;utilisateur reconna\u00eet qu&rsquo;il est seul responsable de l&rsquo;utilisation de ces informations.<br\/>L&rsquo;utilisateur doit se conformer aux dispositions de la loi (anglaise) sur la protection des donn\u00e9es, dont la violation est passible de sanctions p\u00e9nales.<br\/>En particulier, concernant les donn\u00e9es personnelles auxquelles il a acc\u00e8s, il doit s&rsquo;abstenir de toute forme de collecte, d&rsquo;utilisation abusive et, de mani\u00e8re g\u00e9n\u00e9rale, de tout acte susceptible de porter atteinte \u00e0 la vie priv\u00e9e des personnes ou de nuire \u00e0 leur r\u00e9putation.  <br\/><\/li>\n\n\n\n<li>FONCTIONNEMENT TECHNIQUE DU SITE WEB<br\/>Le site est g\u00e9n\u00e9ralement accessible 24 heures sur 24, 7 jours sur 7. En cas de force majeure, de probl\u00e8mes des syst\u00e8mes d&rsquo;information, de probl\u00e8mes structurels des r\u00e9seaux de t\u00e9l\u00e9communications, de difficult\u00e9s techniques ou pour des raisons de maintenance \u2013 cette liste n&rsquo;\u00e9tant pas exhaustive \u2013 l&rsquo;acc\u00e8s \u00e0 tout ou partie du site web peut \u00eatre suspendu ou supprim\u00e9 sur simple d\u00e9cision de Geneva Brasswind. Pour des raisons de maintenance, et\/ou pour toute autre d\u00e9cision prise par Geneva Brasswind, l&rsquo;acc\u00e8s au site web peut \u00eatre interrompu. Le site web peut \u00eatre modifi\u00e9 et d\u00e9velopp\u00e9 sans pr\u00e9avis d&rsquo;aucune sorte. Dans tous les cas, Geneva Brasswind ne saurait \u00eatre tenu responsable des dommages directs, indirects ou sp\u00e9ciaux, r\u00e9sultant de l&rsquo;utilisation du site web ou d&rsquo;autres sites qui leur sont li\u00e9s et, en particulier, de toute perte financi\u00e8re ou commerciale, ou de perte de programmes ou de donn\u00e9es du syst\u00e8me d&rsquo;information de l&rsquo;utilisateur.    <br\/><\/li>\n\n\n\n<li>ATTRIBUTION DE JURIDICTION<br\/>Le contenu du site web est r\u00e9gi par le droit anglais. Cela s&rsquo;applique tant aux r\u00e8gles de fond qu&rsquo;aux r\u00e8gles de proc\u00e9dure, et son contenu ne sera jug\u00e9 que par les juridictions anglaises comp\u00e9tentes. Les r\u00e8gles de conflit de lois sont exclues au profit de l&rsquo;application compl\u00e8te et sans r\u00e9serve du droit anglais.  <br\/><\/li>\n\n\n\n<li>VOUS POUVEZ NOUS CONTACTER \u00c0 L&rsquo;ADRESSE SUIVANTE<br\/>Si vous avez des questions ou des r\u00e9clamations, contactez-nous \u00e0 l&rsquo;adresse suivante :<br\/>Geneva Brasswind Ltd,<br\/>Geneva House,<br\/>Belasis Business Hub,<br\/>Coxwold Way,<br\/>Billingham<br\/>TS23 4EA<br\/>Royaume-Uni<br\/>T\u00e9l. : +44 01642 714464<br\/>Pour obtenir une copie des conditions g\u00e9n\u00e9rales de vente et de garantie, veuillez envoyer un e-mail \u00e0 <a href=\"mailto:info@genevainstruments.com\">info@genevainstruments.com<\/a>.<br\/><\/li>\n\n\n\n<li>CONCEPTION WEB<br\/>Ce site a \u00e9t\u00e9 con\u00e7u et d\u00e9velopp\u00e9 par VIA Creative \u2013 www.viacreatve.co.uk<br\/>CR\u00c9DITS PHOTOS &amp; VID\u00c9OS<br\/>Seront plac\u00e9s selon les besoins avec les photos et vid\u00e9os correspondantes.<\/li>\n<\/ol>\n\n<\/div>\n<\/div>","protected":false},"excerpt":{"rendered":"<p>Geneva Brasswind Ltd,Geneva House,Belasis Business Hub,Coxwold Way,BillinghamTS23 4EARoyaume-UniT\u00e9l. : +44 01642 714464 Soci\u00e9t\u00e9 \u00e0 responsabilit\u00e9 limit\u00e9e par actionsN\u00b0 d&rsquo;enregistrement 09961254 L&rsquo;acc\u00e8s au site web, ainsi que l&rsquo;utilisation de son contenu, sont soumis aux conditions suivantes. Ces conditions d&rsquo;utilisation peuvent \u00eatre modifi\u00e9es \u00e0 tout moment. Ces modifications sont r\u00e9put\u00e9es accept\u00e9es par les internautes d\u00e8s leur mise &#8230; <a title=\"Conditions g\u00e9n\u00e9rales\" class=\"read-more\" href=\"https:\/\/genevainstruments.com\/fr\/conditions-generales\/\" aria-label=\"En savoir plus sur Conditions g\u00e9n\u00e9rales\">Lire plus<\/a><\/p>\n","protected":false},"author":1,"featured_media":0,"parent":0,"menu_order":20,"comment_status":"closed","ping_status":"closed","template":"","meta":{"_acf_changed":false,"footnotes":""},"class_list":["post-18995","page","type-page","status-publish"],"acf":[],"_links":{"self":[{"href":"https:\/\/genevainstruments.com\/fr\/wp-json\/wp\/v2\/pages\/18995","targetHints":{"allow":["GET"]}}],"collection":[{"href":"https:\/\/genevainstruments.com\/fr\/wp-json\/wp\/v2\/pages"}],"about":[{"href":"https:\/\/genevainstruments.com\/fr\/wp-json\/wp\/v2\/types\/page"}],"author":[{"embeddable":true,"href":"https:\/\/genevainstruments.com\/fr\/wp-json\/wp\/v2\/users\/1"}],"replies":[{"embeddable":true,"href":"https:\/\/genevainstruments.com\/fr\/wp-json\/wp\/v2\/comments?post=18995"}],"version-history":[{"count":1,"href":"https:\/\/genevainstruments.com\/fr\/wp-json\/wp\/v2\/pages\/18995\/revisions"}],"predecessor-version":[{"id":18996,"href":"https:\/\/genevainstruments.com\/fr\/wp-json\/wp\/v2\/pages\/18995\/revisions\/18996"}],"wp:attachment":[{"href":"https:\/\/genevainstruments.com\/fr\/wp-json\/wp\/v2\/media?parent=18995"}],"curies":[{"name":"wp","href":"https:\/\/api.w.org\/{rel}","templated":true}]}}