{"id":19066,"date":"2024-08-09T12:08:15","date_gmt":"2024-08-09T11:08:15","guid":{"rendered":"https:\/\/genevainstruments.com\/plan-du-site\/"},"modified":"2025-12-02T16:39:40","modified_gmt":"2025-12-02T16:39:40","slug":"plan-du-site","status":"publish","type":"page","link":"https:\/\/genevainstruments.com\/fr\/plan-du-site\/","title":{"rendered":"Plan du site"},"content":{"rendered":"<div class=\"gb-container gb-container-a26cf13b alignfull\">\n<div class=\"gb-container gb-container-2a1e3da6\">\n\n<h2 class=\"gb-headline gb-headline-236aee2a gb-headline-text\">Geneva Instruments<\/h2>\n\n\n\n<p class=\"gb-headline gb-headline-d9da69ff gb-headline-text\">Trouvez des instruments de musique Geneva, des cat\u00e9gories de produits, des artistes Geneva, la Fondation Geneva, des vid\u00e9os et bien plus encore sur le site Web de Geneva Instruments.<br>Trouvez \u00e9galement des instruments disponibles dans le cadre du National Plan for Music Education en tant que fournisseur d&rsquo;instruments agr\u00e9\u00e9 pour l&rsquo;\u00e9ducation au Royaume-Uni.<\/p>\n\n\n<div class=\"gb-grid-wrapper gb-grid-wrapper-551c7637\">\n<div class=\"gb-grid-column gb-grid-column-ff131c44\"><div class=\"gb-container gb-container-ff131c44\">\n<div id=\"wp-realtime-sitemap-pages\"><h3>Pages<\/h3><ul><li class=\"page_item page-item-10812\"><a href=\"https:\/\/genevainstruments.com\/fr\/\">Accueil<\/a><\/li>\n<li class=\"page_item page-item-12612\"><a href=\"https:\/\/genevainstruments.com\/fr\/gagnez-un-quatuor-de-cardinals\/\">Quartet of Cardinals Competition \u2013 Mise \u00e0 jour<\/a><\/li>\n<li class=\"page_item page-item-10823\"><a href=\"https:\/\/genevainstruments.com\/fr\/le-choix-durable\/\">Le choix durable<\/a><\/li>\n<li class=\"page_item page-item-10802\"><a href=\"https:\/\/genevainstruments.com\/fr\/artistes-geneva\/\">Artistes Geneva<\/a><\/li>\n<li class=\"page_item page-item-10834\"><a href=\"https:\/\/genevainstruments.com\/fr\/fondation-musicale-geneva\/\">Fondation musicale Geneva<\/a><\/li>\n<li class=\"page_item page-item-10820\"><a href=\"https:\/\/genevainstruments.com\/fr\/les-instruments-geneva-en-concert\/\">Les instruments Geneva en concert<\/a><\/li>\n<li class=\"page_item page-item-10818\"><a href=\"https:\/\/genevainstruments.com\/fr\/essayez-avant-dacheter\/\">Essayez avant d\u2019acheter<\/a><\/li>\n<li class=\"page_item page-item-10806\"><a href=\"https:\/\/genevainstruments.com\/fr\/boutique\/\">Boutique<\/a><\/li>\n<li class=\"page_item page-item-10807\"><a href=\"https:\/\/genevainstruments.com\/fr\/reparation-et-garantie\/\">Pi\u00e8ces d\u00e9tach\u00e9es, service et r\u00e9parations<\/a><\/li>\n<li class=\"page_item page-item-19054\"><a href=\"https:\/\/genevainstruments.com\/fr\/nous-contacter\/\">Nous contacter<\/a><\/li>\n<li class=\"page_item page-item-10801\"><a href=\"https:\/\/genevainstruments.com\/fr\/mon-compte\/\">Mon compte<\/a><\/li>\n<li class=\"page_item page-item-10829\"><a href=\"https:\/\/genevainstruments.com\/fr\/panier\/\">Panier<\/a><\/li>\n<li class=\"page_item page-item-10832\"><a href=\"https:\/\/genevainstruments.com\/fr\/paiement\/\">Paiement<\/a><\/li>\n<li class=\"page_item page-item-18995\"><a href=\"https:\/\/genevainstruments.com\/fr\/conditions-generales\/\">Conditions g\u00e9n\u00e9rales<\/a><\/li>\n<li class=\"page_item page-item-19032\"><a href=\"https:\/\/genevainstruments.com\/fr\/politique-de-retour\/\">Politique de retour<\/a><\/li>\n<li class=\"page_item page-item-18973\"><a href=\"https:\/\/genevainstruments.com\/fr\/politique-de-confidentialite\/\">Politique de confidentialit\u00e9<\/a><\/li>\n<li class=\"page_item page-item-18952\"><a href=\"https:\/\/genevainstruments.com\/fr\/conditions-generales-du-plan-de-paiement\/\">Conditions g\u00e9n\u00e9rales du plan de paiement<\/a><\/li>\n<li class=\"page_item page-item-19066\"><a href=\"https:\/\/genevainstruments.com\/fr\/plan-du-site\/\">Plan du site<\/a><\/li>\n<\/ul><\/div><div id=\"wp-realtime-sitemap-geneva-artist\"><h3>Geneva Artists<\/h3><ul><li><a href=\"https:\/\/genevainstruments.com\/fr\/geneva-artist\/gavin-saynor\/\" title=\"Permalink to Gavin Saynor\" rel=\"bookmark\">Gavin Saynor<\/a><\/li><li><a href=\"https:\/\/genevainstruments.com\/fr\/geneva-artist\/glenn-van-looy\/\" title=\"Permalink to Glenn Van Looy Euphonium\" rel=\"bookmark\">Glenn Van Looy Euphonium<\/a><\/li><li><a href=\"https:\/\/genevainstruments.com\/fr\/geneva-artist\/ho-wang-lam\/\" title=\"Permalink to Ho Wang Lam\" rel=\"bookmark\">Ho Wang Lam<\/a><\/li><li><a href=\"https:\/\/genevainstruments.com\/fr\/geneva-artist\/jamie-smith\/\" title=\"Permalink to Jamie Smith\" rel=\"bookmark\">Jamie Smith<\/a><\/li><li><a href=\"https:\/\/genevainstruments.com\/fr\/geneva-artist\/john-storey\/\" title=\"Permalink to John Storey\" rel=\"bookmark\">John Storey<\/a><\/li><li><a href=\"https:\/\/genevainstruments.com\/fr\/geneva-artist\/oesteres-machando-trumpet\/\" title=\"Permalink to Oesteres Machando\" rel=\"bookmark\">Oesteres Machando<\/a><\/li><li><a href=\"https:\/\/genevainstruments.com\/fr\/geneva-artist\/stephanie-binns\/\" title=\"Permalink to Stephanie Binns\" rel=\"bookmark\">Stephanie Binns<\/a><\/li><\/ul><\/div><div id=\"wp-realtime-sitemap-product\"><h3>Produits<\/h3><ul><li><a href=\"https:\/\/genevainstruments.com\/fr\/produit\/bugle-en-sib-geneva-cardinal\/\" title=\"Permalink to Bugle en Sib &#8211; Geneva Cardinal\" rel=\"bookmark\">Bugle en Sib &#8211; Geneva Cardinal<\/a><\/li><li><a href=\"https:\/\/genevainstruments.com\/fr\/produit\/cor-baryton-en-sib-geneva-cardinal\/\" title=\"Permalink to Cor baryton en Sib &#8211; Geneva Cardinal\" rel=\"bookmark\">Cor baryton en Sib &#8211; Geneva Cardinal<\/a><\/li><li><a href=\"https:\/\/genevainstruments.com\/fr\/produit\/cornet-alto-en-mib-geneva-cardinal\/\" title=\"Permalink to Cornet alto en mib &#8211; Geneva Cardinal\" rel=\"bookmark\">Cornet alto en mib &#8211; Geneva Cardinal<\/a><\/li><li><a href=\"https:\/\/genevainstruments.com\/fr\/produit\/cornet-en-sib-geneva-cardinal\/\" title=\"Permalink to Cornet en Sib &#8211; Geneva Cardinal\" rel=\"bookmark\">Cornet en Sib &#8211; Geneva Cardinal<\/a><\/li><li><a href=\"https:\/\/genevainstruments.com\/fr\/produit\/cornet-en-sib-geneva-heritage-philip-mccann\/\" title=\"Permalink to Cornet en Sib &#8211; Geneva heritage (Philip McCann)\" rel=\"bookmark\">Cornet en Sib &#8211; Geneva heritage (Philip McCann)<\/a><\/li><li><a href=\"https:\/\/genevainstruments.com\/fr\/produit\/cornet-soprano-mib-geneva-cardinal-modele-2025\/\" title=\"Permalink to Cornet soprano Mib &#8211; Geneva cardinal &#8211; (mod\u00e8le 2025)\" rel=\"bookmark\">Cornet soprano Mib &#8211; Geneva cardinal &#8211; (mod\u00e8le 2025)<\/a><\/li><li><a href=\"https:\/\/genevainstruments.com\/fr\/produit\/euphonium-en-si-bemol-geneva-heritage\/\" title=\"Permalink to Euphonium en si b\u00e9mol &#8211; Geneva Heritage\" rel=\"bookmark\">Euphonium en si b\u00e9mol &#8211; Geneva Heritage<\/a><\/li><li><a href=\"https:\/\/genevainstruments.com\/fr\/produit\/euphonium-en-sib-geneva-cardinal-gvl\/\" title=\"Permalink to Euphonium en Sib &#8211; Geneva Cardinal GVL\" rel=\"bookmark\">Euphonium en Sib &#8211; Geneva Cardinal GVL<\/a><\/li><li><a href=\"https:\/\/genevainstruments.com\/fr\/produit\/euphonium-sib-geneva-cardinal\/\" title=\"Permalink to Euphonium Sib &#8211; Geneva cardinal\" rel=\"bookmark\">Euphonium Sib &#8211; Geneva cardinal<\/a><\/li><li><a href=\"https:\/\/genevainstruments.com\/fr\/produit\/saxophone-baryton-widow-maker-lineage-pro\/\" title=\"Permalink to Saxophone baryton Widow Maker &#8211; lineage pro\" rel=\"bookmark\">Saxophone baryton Widow Maker &#8211; lineage pro<\/a><\/li><li><a href=\"https:\/\/genevainstruments.com\/fr\/produit\/saxophone-soprano-lineage-pro\/\" title=\"Permalink to Saxophone soprano &#8211; lineage pro\" rel=\"bookmark\">Saxophone soprano &#8211; lineage pro<\/a><\/li><li><a href=\"https:\/\/genevainstruments.com\/fr\/produit\/saxophone-tenor-lineage-pro\/\" title=\"Permalink to Saxophone t\u00e9nor &#8211; lineage pro\" rel=\"bookmark\">Saxophone t\u00e9nor &#8211; lineage pro<\/a><\/li><li><a href=\"https:\/\/genevainstruments.com\/fr\/produit\/trompette-en-do-geneva-cardinal\/\" title=\"Permalink to Trompette en Do &#8211; Geneva Cardinal\" rel=\"bookmark\">Trompette en Do &#8211; Geneva Cardinal<\/a><\/li><li><a href=\"https:\/\/genevainstruments.com\/fr\/produit\/trompette-en-sib-geneva-cardinal\/\" title=\"Permalink to Trompette en Sib &#8211; Geneva Cardinal\" rel=\"bookmark\">Trompette en Sib &#8211; Geneva Cardinal<\/a><\/li><li><a href=\"https:\/\/genevainstruments.com\/fr\/produit\/trompette-piccolo-sib-la-geneva-cardinal\/\" title=\"Permalink to Trompette piccolo Sib\/La &#8211; Geneva Cardinal\" rel=\"bookmark\">Trompette piccolo Sib\/La &#8211; Geneva Cardinal<\/a><\/li><li><a href=\"https:\/\/genevainstruments.com\/fr\/produit\/tuba-en-mib-geneva-cardinal\/\" title=\"Permalink to Tuba en MIb &#8211; Geneva Cardinal\" rel=\"bookmark\">Tuba en MIb &#8211; Geneva Cardinal<\/a><\/li><li><a href=\"https:\/\/genevainstruments.com\/fr\/produit\/tuba-en-mib-geneva-cardinal-jc\/\" title=\"Permalink to Tuba en MIb &#8211; Geneva Cardinal JC\" rel=\"bookmark\">Tuba en MIb &#8211; Geneva Cardinal JC<\/a><\/li><li><a href=\"https:\/\/genevainstruments.com\/fr\/produit\/tuba-en-mib-geneva-heritage\/\" title=\"Permalink to Tuba en MIb &#8211; Geneva Heritage\" rel=\"bookmark\">Tuba en MIb &#8211; Geneva Heritage<\/a><\/li><\/ul><\/div>\n\n<\/div><\/div>\n\n<div class=\"gb-grid-column gb-grid-column-2aa0d1bf\"><div class=\"gb-container gb-container-2aa0d1bf\">\n<div id=\"wp-realtime-sitemap-geneva-artist\"><h3>Geneva Artists<\/h3><ul><li><a href=\"https:\/\/genevainstruments.com\/fr\/geneva-artist\/gavin-saynor\/\" title=\"Permalink to Gavin Saynor\" rel=\"bookmark\">Gavin Saynor<\/a><\/li><li><a href=\"https:\/\/genevainstruments.com\/fr\/geneva-artist\/glenn-van-looy\/\" title=\"Permalink to Glenn Van Looy Euphonium\" rel=\"bookmark\">Glenn Van Looy Euphonium<\/a><\/li><li><a href=\"https:\/\/genevainstruments.com\/fr\/geneva-artist\/ho-wang-lam\/\" title=\"Permalink to Ho Wang Lam\" rel=\"bookmark\">Ho Wang Lam<\/a><\/li><li><a href=\"https:\/\/genevainstruments.com\/fr\/geneva-artist\/jamie-smith\/\" title=\"Permalink to Jamie Smith\" rel=\"bookmark\">Jamie Smith<\/a><\/li><li><a href=\"https:\/\/genevainstruments.com\/fr\/geneva-artist\/john-storey\/\" title=\"Permalink to John Storey\" rel=\"bookmark\">John Storey<\/a><\/li><li><a href=\"https:\/\/genevainstruments.com\/fr\/geneva-artist\/oesteres-machando-trumpet\/\" title=\"Permalink to Oesteres Machando\" rel=\"bookmark\">Oesteres Machando<\/a><\/li><li><a href=\"https:\/\/genevainstruments.com\/fr\/geneva-artist\/stephanie-binns\/\" title=\"Permalink to Stephanie Binns\" rel=\"bookmark\">Stephanie Binns<\/a><\/li><\/ul><\/div><div id=\"wp-realtime-sitemap-product\"><h3>Produits<\/h3><ul><li><a href=\"https:\/\/genevainstruments.com\/fr\/produit\/bugle-en-sib-geneva-cardinal\/\" title=\"Permalink to Bugle en Sib &#8211; Geneva Cardinal\" rel=\"bookmark\">Bugle en Sib &#8211; Geneva Cardinal<\/a><\/li><li><a href=\"https:\/\/genevainstruments.com\/fr\/produit\/cor-baryton-en-sib-geneva-cardinal\/\" title=\"Permalink to Cor baryton en Sib &#8211; Geneva Cardinal\" rel=\"bookmark\">Cor baryton en Sib &#8211; Geneva Cardinal<\/a><\/li><li><a href=\"https:\/\/genevainstruments.com\/fr\/produit\/cornet-alto-en-mib-geneva-cardinal\/\" title=\"Permalink to Cornet alto en mib &#8211; Geneva Cardinal\" rel=\"bookmark\">Cornet alto en mib &#8211; Geneva Cardinal<\/a><\/li><li><a href=\"https:\/\/genevainstruments.com\/fr\/produit\/cornet-en-sib-geneva-cardinal\/\" title=\"Permalink to Cornet en Sib &#8211; Geneva Cardinal\" rel=\"bookmark\">Cornet en Sib &#8211; Geneva Cardinal<\/a><\/li><li><a href=\"https:\/\/genevainstruments.com\/fr\/produit\/cornet-en-sib-geneva-heritage-philip-mccann\/\" title=\"Permalink to Cornet en Sib &#8211; Geneva heritage (Philip McCann)\" rel=\"bookmark\">Cornet en Sib &#8211; Geneva heritage (Philip McCann)<\/a><\/li><li><a href=\"https:\/\/genevainstruments.com\/fr\/produit\/cornet-soprano-mib-geneva-cardinal-modele-2025\/\" title=\"Permalink to Cornet soprano Mib &#8211; Geneva cardinal &#8211; (mod\u00e8le 2025)\" rel=\"bookmark\">Cornet soprano Mib &#8211; Geneva cardinal &#8211; (mod\u00e8le 2025)<\/a><\/li><li><a href=\"https:\/\/genevainstruments.com\/fr\/produit\/euphonium-en-si-bemol-geneva-heritage\/\" title=\"Permalink to Euphonium en si b\u00e9mol &#8211; Geneva Heritage\" rel=\"bookmark\">Euphonium en si b\u00e9mol &#8211; Geneva Heritage<\/a><\/li><li><a href=\"https:\/\/genevainstruments.com\/fr\/produit\/euphonium-en-sib-geneva-cardinal-gvl\/\" title=\"Permalink to Euphonium en Sib &#8211; Geneva Cardinal GVL\" rel=\"bookmark\">Euphonium en Sib &#8211; Geneva Cardinal GVL<\/a><\/li><li><a href=\"https:\/\/genevainstruments.com\/fr\/produit\/euphonium-sib-geneva-cardinal\/\" title=\"Permalink to Euphonium Sib &#8211; Geneva cardinal\" rel=\"bookmark\">Euphonium Sib &#8211; Geneva cardinal<\/a><\/li><li><a href=\"https:\/\/genevainstruments.com\/fr\/produit\/saxophone-baryton-widow-maker-lineage-pro\/\" title=\"Permalink to Saxophone baryton Widow Maker &#8211; lineage pro\" rel=\"bookmark\">Saxophone baryton Widow Maker &#8211; lineage pro<\/a><\/li><li><a href=\"https:\/\/genevainstruments.com\/fr\/produit\/saxophone-soprano-lineage-pro\/\" title=\"Permalink to Saxophone soprano &#8211; lineage pro\" rel=\"bookmark\">Saxophone soprano &#8211; lineage pro<\/a><\/li><li><a href=\"https:\/\/genevainstruments.com\/fr\/produit\/saxophone-tenor-lineage-pro\/\" title=\"Permalink to Saxophone t\u00e9nor &#8211; lineage pro\" rel=\"bookmark\">Saxophone t\u00e9nor &#8211; lineage pro<\/a><\/li><li><a href=\"https:\/\/genevainstruments.com\/fr\/produit\/trompette-en-do-geneva-cardinal\/\" title=\"Permalink to Trompette en Do &#8211; Geneva Cardinal\" rel=\"bookmark\">Trompette en Do &#8211; Geneva Cardinal<\/a><\/li><li><a href=\"https:\/\/genevainstruments.com\/fr\/produit\/trompette-en-sib-geneva-cardinal\/\" title=\"Permalink to Trompette en Sib &#8211; Geneva Cardinal\" rel=\"bookmark\">Trompette en Sib &#8211; Geneva Cardinal<\/a><\/li><li><a href=\"https:\/\/genevainstruments.com\/fr\/produit\/trompette-piccolo-sib-la-geneva-cardinal\/\" title=\"Permalink to Trompette piccolo Sib\/La &#8211; Geneva Cardinal\" rel=\"bookmark\">Trompette piccolo Sib\/La &#8211; Geneva Cardinal<\/a><\/li><li><a href=\"https:\/\/genevainstruments.com\/fr\/produit\/tuba-en-mib-geneva-cardinal\/\" title=\"Permalink to Tuba en MIb &#8211; Geneva Cardinal\" rel=\"bookmark\">Tuba en MIb &#8211; Geneva Cardinal<\/a><\/li><li><a href=\"https:\/\/genevainstruments.com\/fr\/produit\/tuba-en-mib-geneva-cardinal-jc\/\" title=\"Permalink to Tuba en MIb &#8211; Geneva Cardinal JC\" rel=\"bookmark\">Tuba en MIb &#8211; Geneva Cardinal JC<\/a><\/li><li><a href=\"https:\/\/genevainstruments.com\/fr\/produit\/tuba-en-mib-geneva-heritage\/\" title=\"Permalink to Tuba en MIb &#8211; Geneva Heritage\" rel=\"bookmark\">Tuba en MIb &#8211; Geneva Heritage<\/a><\/li><\/ul><\/div>\n\n<\/div><\/div>\n\n<div class=\"gb-grid-column gb-grid-column-5eac4a4a\"><div class=\"gb-container gb-container-5eac4a4a\">\n\n<h3 class=\"gb-headline gb-headline-636af1d9 gb-headline-text\">Cat\u00e9gories de produits<\/h3>\n\n\n<div data-block-name=\"woocommerce\/product-categories\" class=\"wp-block-woocommerce-product-categories wc-block-product-categories is-list \" style=\"\"><ul class=\"wc-block-product-categories-list wc-block-product-categories-list--depth-0\">\t\t\t\t<li class=\"wc-block-product-categories-list-item\">\t\t\t\t\t<a style=\"\" href=\"https:\/\/genevainstruments.com\/fr\/product-category\/geneva-heritage\/\"><span class=\"wc-block-product-categories-list-item__name\">Geneva Heritage<\/span><\/a><span class=\"wc-block-product-categories-list-item-count\"><span aria-hidden=\"true\">2<\/span><span class=\"screen-reader-text\">2 produits<\/span><\/span>\t\t\t\t<\/li>\t\t\t\t\t\t\t<li class=\"wc-block-product-categories-list-item\">\t\t\t\t\t<a style=\"\" href=\"https:\/\/genevainstruments.com\/fr\/product-category\/geneva-lineage\/\"><span class=\"wc-block-product-categories-list-item__name\">Geneva lineage<\/span><\/a><span class=\"wc-block-product-categories-list-item-count\"><span aria-hidden=\"true\">3<\/span><span class=\"screen-reader-text\">3 produits<\/span><\/span>\t\t\t\t<\/li>\t\t\t\t\t\t\t<li class=\"wc-block-product-categories-list-item\">\t\t\t\t\t<a style=\"\" href=\"https:\/\/genevainstruments.com\/fr\/product-category\/instruments-geneva-cardinal\/\"><span class=\"wc-block-product-categories-list-item__name\">Instruments Geneva Cardinal<\/span><\/a><span class=\"wc-block-product-categories-list-item-count\"><span aria-hidden=\"true\">13<\/span><span class=\"screen-reader-text\">13 produits<\/span><\/span>\t\t\t\t<\/li>\t\t\t\t\t\t\t<li class=\"wc-block-product-categories-list-item\">\t\t\t\t\t<a style=\"\" href=\"https:\/\/genevainstruments.com\/fr\/product-category\/modeles-dartiste-geneva-cardinal\/\"><span class=\"wc-block-product-categories-list-item__name\">Mod\u00e8les d&#039;artiste Geneva Cardinal<\/span><\/a><span class=\"wc-block-product-categories-list-item-count\"><span aria-hidden=\"true\">3<\/span><span class=\"screen-reader-text\">3 produits<\/span><\/span>\t\t\t\t<\/li>\t\t\t<\/ul><\/div>\n\n<div><h3>Range<\/h3><ul class=\"product-attributes-list\"><li><a href=\"https:\/\/genevainstruments.com\/fr\/range\/gamme-saxophone-lineage-pro\/\">Gamme saxophone lineage pro<\/a><\/li> <li><a href=\"https:\/\/genevainstruments.com\/fr\/range\/instruments-geneva-cardinal\/\">Instruments Geneva Cardinal<\/a><\/li> <li><a href=\"https:\/\/genevainstruments.com\/fr\/range\/instruments-geneva-heritage\/\">Instruments Geneva heritage<\/a><\/ul><\/div><\/div>\n\n<\/div><\/div>\n<\/div>\n<\/div>\n<\/div>","protected":false},"excerpt":{"rendered":"<p>Geneva Instruments Trouvez des instruments de musique Geneva, des cat\u00e9gories de produits, des artistes Geneva, la Fondation Geneva, des vid\u00e9os et bien plus encore sur le site Web de Geneva Instruments.Trouvez \u00e9galement des instruments disponibles dans le cadre du National Plan for Music Education en tant que fournisseur d&rsquo;instruments agr\u00e9\u00e9 pour l&rsquo;\u00e9ducation au Royaume-Uni.<\/p>\n","protected":false},"author":1,"featured_media":10811,"parent":0,"menu_order":100,"comment_status":"closed","ping_status":"closed","template":"","meta":{"_acf_changed":false,"footnotes":""},"class_list":["post-19066","page","type-page","status-publish","has-post-thumbnail","hentry","sales-flash-overlay","woocommerce-text-align-left","woocommerce-image-align-center","do-quantity-buttons","wc-has-gallery"],"acf":[],"_links":{"self":[{"href":"https:\/\/genevainstruments.com\/fr\/wp-json\/wp\/v2\/pages\/19066","targetHints":{"allow":["GET"]}}],"collection":[{"href":"https:\/\/genevainstruments.com\/fr\/wp-json\/wp\/v2\/pages"}],"about":[{"href":"https:\/\/genevainstruments.com\/fr\/wp-json\/wp\/v2\/types\/page"}],"author":[{"embeddable":true,"href":"https:\/\/genevainstruments.com\/fr\/wp-json\/wp\/v2\/users\/1"}],"replies":[{"embeddable":true,"href":"https:\/\/genevainstruments.com\/fr\/wp-json\/wp\/v2\/comments?post=19066"}],"version-history":[{"count":1,"href":"https:\/\/genevainstruments.com\/fr\/wp-json\/wp\/v2\/pages\/19066\/revisions"}],"predecessor-version":[{"id":19067,"href":"https:\/\/genevainstruments.com\/fr\/wp-json\/wp\/v2\/pages\/19066\/revisions\/19067"}],"wp:featuredmedia":[{"embeddable":true,"href":"https:\/\/genevainstruments.com\/fr\/wp-json\/wp\/v2\/media\/10811"}],"wp:attachment":[{"href":"https:\/\/genevainstruments.com\/fr\/wp-json\/wp\/v2\/media?parent=19066"}],"curies":[{"name":"wp","href":"https:\/\/api.w.org\/{rel}","templated":true}]}}