{"id":10872,"date":"2024-11-05T07:34:45","date_gmt":"2024-11-05T07:34:45","guid":{"rendered":"https:\/\/geneva.viacreative.co\/product\/cornet-en-sib-geneva-cardinal\/"},"modified":"2026-01-16T08:38:46","modified_gmt":"2026-01-16T08:38:46","slug":"cornet-en-sib-geneva-cardinal","status":"publish","type":"product","link":"https:\/\/genevainstruments.com\/fr\/produit\/cornet-en-sib-geneva-cardinal\/","title":{"rendered":"Cornet en Sib &#8211; Geneva Cardinal"},"content":{"rendered":"<h1 data-start=\"336\" data-end=\"394\">Cornet en Sib Geneva Cardinal<\/h1>\n<h2 data-start=\"336\" data-end=\"394\">Un cornet de classe mondiale con\u00e7u pour le musicien s\u00e9rieux<\/h2>\n<p data-start=\"396\" data-end=\"677\">Le <strong data-start=\"400\" data-end=\"429\">cornet en Sib Geneva Cardinal<\/strong> est le r\u00e9sultat d&rsquo;un quart de si\u00e8cle de recherche et d\u00e9veloppement continus. Con\u00e7u pour les musiciens qui exigent une sonorit\u00e9 sup\u00e9rieure, une intonation impeccable et une fabrication sans faille, ce cornet haut de gamme repr\u00e9sente le summum des derni\u00e8res innovations de Geneva en mati\u00e8re d&rsquo;instruments de cuivre : le luxe \u00e0 l&rsquo;\u00e9tat pur <\/p>\n<hr data-start=\"679\" data-end=\"682\">\n<p data-start=\"684\" data-end=\"700\"><strong>Caract\u00e9ristiques principales<\/strong><\/p>\n<ul data-start=\"702\" data-end=\"1349\">\n<li data-start=\"702\" data-end=\"815\">\n<p data-start=\"704\" data-end=\"815\"><strong data-start=\"704\" data-end=\"732\">Tube d&#8217;embouchure Venturi unique<\/strong><br data-start=\"732\" data-end=\"735\">Am\u00e9liore la projection sonore et assure une exp\u00e9rience de jeu fluide et sans effort.<\/p>\n<\/li>\n<li data-start=\"817\" data-end=\"910\">\n<p data-start=\"819\" data-end=\"910\"><strong data-start=\"819\" data-end=\"841\">Pavillon martel\u00e9 \u00e0 la main<\/strong><br data-start=\"841\" data-end=\"844\">Fa\u00e7onn\u00e9 avec une pr\u00e9cision artisanale pour produire un son riche et r\u00e9sonnant.<\/p>\n<\/li>\n<\/ul>\n<ul>\n<li><strong data-start=\"819\" data-end=\"841\">Grav\u00e9 \u00e0 la main<\/strong><br data-start=\"841\" data-end=\"844\">Fa\u00e7onn\u00e9 avec une pr\u00e9cision artisanale pr\u00e9sentant une gravure d\u00e9corative.<\/li>\n<\/ul>\n<ul data-start=\"702\" data-end=\"1349\">\n<li data-start=\"912\" data-end=\"989\">\n<p data-start=\"914\" data-end=\"989\"><strong data-start=\"914\" data-end=\"937\">Alliage m\u00e9tallique sur mesure<\/strong><br data-start=\"937\" data-end=\"940\">Con\u00e7u pour la durabilit\u00e9 et la complexit\u00e9 tonale.<\/p>\n<\/li>\n<li data-start=\"991\" data-end=\"1087\">\n<p data-start=\"993\" data-end=\"1087\"><strong data-start=\"993\" data-end=\"1013\">Design ergonomique<\/strong><br data-start=\"1013\" data-end=\"1016\">Confortable \u00e0 tenir et facile \u00e0 contr\u00f4ler lors de performances prolong\u00e9es.<\/p>\n<\/li>\n<li data-start=\"1089\" data-end=\"1215\">\n<p data-start=\"1091\" data-end=\"1215\"><strong data-start=\"1091\" data-end=\"1112\">Nouveau design de palette<\/strong><br data-start=\"1112\" data-end=\"1115\">D\u00e9velopp\u00e9 en collaboration avec Richard Marshall pour une r\u00e9ponse et une sensation am\u00e9lior\u00e9es.<\/p>\n<\/li>\n<li data-start=\"1217\" data-end=\"1349\">\n<p data-start=\"1219\" data-end=\"1349\"><strong data-start=\"1219\" data-end=\"1252\">Placage nickel noir am\u00e9lior\u00e9<\/strong><br data-start=\"1252\" data-end=\"1255\">Une nouvelle finition \u00e9l\u00e9gante rendue possible par notre investissement dans une technologie de production de nouvelle g\u00e9n\u00e9ration.<\/p>\n<\/li>\n<\/ul>\n<hr data-start=\"1351\" data-end=\"1354\">\n<p data-start=\"1356\" data-end=\"1394\"><strong>Pourquoi choisir le Cardinal ?<\/strong><\/p>\n<p data-start=\"1396\" data-end=\"1703\">Que tu sois soliste, musicien d&rsquo;ensemble ou chef de groupe, le <strong data-start=\"1459\" data-end=\"1481\">cornet en Sib Cardinal<\/strong> offre la qualit\u00e9 et les performances exig\u00e9es par les professionnels du monde entier. Utilis\u00e9 par des musiciens de premier plan au Royaume-Uni, en Europe, aux \u00c9tats-Unis, au Japon et en Australie, cet instrument \u00e9tablit une nouvelle norme en mati\u00e8re de conception artisanale d&rsquo;instruments en cuivre. <\/p>\n<hr data-start=\"1705\" data-end=\"1708\">\n<p data-start=\"1710\" data-end=\"1726\"><strong>Test sur route &#8211; <a href=\"https:\/\/genevainstruments.com\/fr\/essayez-avant-dacheter\/\">essaie avant d&rsquo;acheter<\/a><\/strong><\/p>\n<p data-start=\"1728\" data-end=\"2030\">Si tu cherches un nouvel instrument et que tu n&rsquo;as pas encore test\u00e9 le <strong data-start=\"1736\" data-end=\"1758\">cornet en Sib Cardinal<\/strong> et que tu souhaites l&rsquo;essayer, remplis le formulaire d&rsquo;essai avant achat. Il y a des options quelle que soit ta r\u00e9gion de r\u00e9sidence.<\/p>\n<hr data-start=\"2303\" data-end=\"2306\">\n<p data-start=\"153\" data-end=\"194\"><strong>Commande ton cornet en Sib Cardinal d\u00e8s aujourd&rsquo;hui<\/strong><\/p>\n<p data-start=\"196\" data-end=\"354\">Pr\u00eat \u00e0 \u00e9lever ton niveau de performance ? Le <strong data-start=\"235\" data-end=\"257\">cornet en Sib Cardinal<\/strong> offre une pr\u00e9cision musicale, une puissance et un savoir-faire in\u00e9gal\u00e9s, reconnus par les meilleurs musiciens du monde entier. <\/p>\n<p data-start=\"356\" data-end=\"594\">Tu peux <strong data-start=\"364\" data-end=\"404\">acheter directement sur cette boutique en ligne<\/strong> ou, si tu pr\u00e9f\u00e8res une approche plus personnelle ou si tu as besoin d&rsquo;aide pour choisir le bon mod\u00e8le, il te suffit de <strong data-start=\"494\" data-end=\"573\">nous envoyer un e-mail \u00e0 <a class=\"decorated-link cursor-pointer\" rel=\"noopener\" data-start=\"508\" data-end=\"571\">info@genevainstruments.com<\/a><\/strong> pour passer ta commande.<\/p>\n<p data-start=\"596\" data-end=\"702\">Quelle que soit la m\u00e9thode que tu choisis, notre \u00e9quipe est l\u00e0 pour t&rsquo;aider \u00e0 trouver le Cardinal parfait pour ton parcours musical.<\/p>\n<hr data-start=\"2032\" data-end=\"2035\">\n<p data-start=\"2037\" data-end=\"2057\"><strong>Ce que disent les artistes<\/strong><\/p>\n<blockquote data-start=\"2059\" data-end=\"2301\">\n<p data-start=\"2061\" data-end=\"2301\"><em data-start=\"2061\" data-end=\"2235\">\u00ab Plus je joue le cornet Geneva Cardinal, plus je suis impressionn\u00e9 par la facilit\u00e9 des registres aigus et la qualit\u00e9 de la justesse sur toute l&rsquo;\u00e9tendue de l&rsquo;instrument. \u00bb<\/em><br data-start=\"2235\" data-end=\"2238\">\u2014 <strong data-start=\"2242\" data-end=\"2262\">Vincent Bearpark<\/strong>, Cornet solo, Valaisia Brass Band<\/p>\n<\/blockquote>\n<p data-start=\"2349\" data-end=\"2499\">\n","protected":false},"excerpt":{"rendered":"<p>\u00c9coute les personnes qui jouent des cornets Geneva Cardinal.<\/p>\n","protected":false},"featured_media":10874,"comment_status":"closed","ping_status":"closed","template":"","meta":{"_acf_changed":false},"product_brand":[192],"product_cat":[342],"product_tag":[347,345,351,349],"class_list":{"0":"post-10872","1":"product","2":"type-product","3":"status-publish","4":"has-post-thumbnail","6":"product_brand-geneva-instruments","7":"product_cat-instruments-geneva-cardinal","8":"product_tag-bugle-en-sib","9":"product_tag-cornet-en-sib","10":"product_tag-cornet-en-sib-professionnel-heritage","11":"product_tag-trompette-en-sib-signature","12":"product_shipping_class-petit","13":"pa_range-instruments-geneva-cardinal","14":"sales-flash-overlay","15":"woocommerce-text-align-left","16":"woocommerce-image-align-center","17":"do-quantity-buttons","18":"wc-has-gallery","20":"first","21":"instock","22":"taxable","23":"shipping-taxable","24":"purchasable","25":"product-type-variable"},"acf":[],"_links":{"self":[{"href":"https:\/\/genevainstruments.com\/fr\/wp-json\/wp\/v2\/product\/10872","targetHints":{"allow":["GET"]}}],"collection":[{"href":"https:\/\/genevainstruments.com\/fr\/wp-json\/wp\/v2\/product"}],"about":[{"href":"https:\/\/genevainstruments.com\/fr\/wp-json\/wp\/v2\/types\/product"}],"replies":[{"embeddable":true,"href":"https:\/\/genevainstruments.com\/fr\/wp-json\/wp\/v2\/comments?post=10872"}],"wp:featuredmedia":[{"embeddable":true,"href":"https:\/\/genevainstruments.com\/fr\/wp-json\/wp\/v2\/media\/10874"}],"wp:attachment":[{"href":"https:\/\/genevainstruments.com\/fr\/wp-json\/wp\/v2\/media?parent=10872"}],"wp:term":[{"taxonomy":"product_brand","embeddable":true,"href":"https:\/\/genevainstruments.com\/fr\/wp-json\/wp\/v2\/product_brand?post=10872"},{"taxonomy":"product_cat","embeddable":true,"href":"https:\/\/genevainstruments.com\/fr\/wp-json\/wp\/v2\/product_cat?post=10872"},{"taxonomy":"product_tag","embeddable":true,"href":"https:\/\/genevainstruments.com\/fr\/wp-json\/wp\/v2\/product_tag?post=10872"}],"curies":[{"name":"wp","href":"https:\/\/api.w.org\/{rel}","templated":true}]}}