{"id":11603,"date":"2024-09-09T14:36:21","date_gmt":"2024-09-09T13:36:21","guid":{"rendered":"https:\/\/geneva.viacreative.co\/product\/bugle-en-sib-geneva-cardinal\/"},"modified":"2026-01-16T08:38:52","modified_gmt":"2026-01-16T08:38:52","slug":"bugle-en-sib-geneva-cardinal","status":"publish","type":"product","link":"https:\/\/genevainstruments.com\/fr\/produit\/bugle-en-sib-geneva-cardinal\/","title":{"rendered":"Bugle en Sib &#8211; Geneva Cardinal"},"content":{"rendered":"<h1 data-start=\"336\" data-end=\"394\">Bugle Geneva Cardinal<\/h1>\n<h2 data-start=\"336\" data-end=\"394\">Un bugle de classe mondiale con\u00e7u pour le musicien s\u00e9rieux<\/h2>\n<p data-start=\"396\" data-end=\"677\">Le <strong data-start=\"400\" data-end=\"429\">bugle Geneva Cardinal<\/strong> est le r\u00e9sultat d&rsquo;un quart de si\u00e8cle de recherche et d\u00e9veloppement continus. Construit pour les musiciens qui exigent une sonorit\u00e9 sup\u00e9rieure, une intonation impeccable et une fabrication irr\u00e9prochable, ce cornet haut de gamme repr\u00e9sente le summum des derni\u00e8res innovations de Geneva en mati\u00e8re d&rsquo;instruments de cuivre, le luxe \u00e0 l&rsquo;\u00e9tat pur <\/p>\n<hr data-start=\"679\" data-end=\"682\">\n<h4 data-start=\"684\" data-end=\"700\"><strong>Caract\u00e9ristiques principales<\/strong><\/h4>\n<ul data-start=\"702\" data-end=\"1349\">\n<li data-start=\"702\" data-end=\"815\">\n<p data-start=\"704\" data-end=\"815\"><strong data-start=\"704\" data-end=\"732\">Tube d&#8217;embouchure Venturi unique<\/strong><br data-start=\"732\" data-end=\"735\">Am\u00e9liore la projection sonore et assure une exp\u00e9rience de jeu fluide et sans effort.<\/p>\n<\/li>\n<li data-start=\"817\" data-end=\"910\">\n<p data-start=\"819\" data-end=\"910\"><strong data-start=\"819\" data-end=\"841\">Pavillon martel\u00e9 \u00e0 la main<\/strong><br data-start=\"841\" data-end=\"844\">Fa\u00e7onn\u00e9 avec une pr\u00e9cision artisanale pour produire un son riche et r\u00e9sonnant.<\/p>\n<\/li>\n<\/ul>\n<ul>\n<li><strong data-start=\"819\" data-end=\"841\">Grav\u00e9 \u00e0 la main<\/strong><br data-start=\"841\" data-end=\"844\">Fabriqu\u00e9 avec une pr\u00e9cision artisanale, orn\u00e9 d&rsquo;une gravure d\u00e9corative du Griffon de Geneva.<\/li>\n<\/ul>\n<ul data-start=\"702\" data-end=\"1349\">\n<li data-start=\"912\" data-end=\"989\">\n<p data-start=\"914\" data-end=\"989\"><strong data-start=\"914\" data-end=\"937\">Alliage m\u00e9tallique sur mesure<\/strong><br data-start=\"937\" data-end=\"940\">Con\u00e7u pour la durabilit\u00e9 et la complexit\u00e9 tonale.<\/p>\n<\/li>\n<li data-start=\"991\" data-end=\"1087\">\n<p data-start=\"993\" data-end=\"1087\"><strong data-start=\"993\" data-end=\"1013\">Design ergonomique<\/strong><br data-start=\"1013\" data-end=\"1016\">Confortable \u00e0 tenir et facile \u00e0 contr\u00f4ler lors de performances prolong\u00e9es.<\/p>\n<\/li>\n<li data-start=\"1089\" data-end=\"1215\">\n<p data-start=\"1091\" data-end=\"1215\"><strong data-start=\"1091\" data-end=\"1112\">Conception \u00e0 deux niveaux<\/strong><br data-start=\"1112\" data-end=\"1115\">D\u00e9velopp\u00e9 pour une meilleure r\u00e9ponse et sensation.<\/p>\n<\/li>\n<li data-start=\"1217\" data-end=\"1349\">\n<p data-start=\"1219\" data-end=\"1349\"><strong data-start=\"1219\" data-end=\"1252\">Placage nickel noir am\u00e9lior\u00e9<\/strong><br data-start=\"1252\" data-end=\"1255\">Une nouvelle finition \u00e9l\u00e9gante rendue possible par notre investissement dans une technologie de production de nouvelle g\u00e9n\u00e9ration.<\/p>\n<\/li>\n<\/ul>\n<hr data-start=\"1351\" data-end=\"1354\">\n<h2 data-start=\"1356\" data-end=\"1394\">Pourquoi choisir le bugle Cardinal ?<\/h2>\n<p data-start=\"1396\" data-end=\"1703\">Que tu sois soliste, musicien d&rsquo;ensemble ou chef d&rsquo;orchestre, le <strong data-start=\"1459\" data-end=\"1481\">bugle Cardinal<\/strong> offre la qualit\u00e9 et les performances exig\u00e9es par les professionnels du monde entier. Utilis\u00e9 par les musiciens de premier plan au Royaume-Uni, en Europe, aux \u00c9tats-Unis, au Japon et en Australie, cet instrument \u00e9tablit une nouvelle r\u00e9f\u00e9rence dans la conception artisanale des cuivres. <\/p>\n<hr data-start=\"1705\" data-end=\"1708\">\n<h3 data-start=\"1710\" data-end=\"1726\">Test sur route &#8211; <a href=\"https:\/\/genevainstruments.com\/fr\/essayez-avant-dacheter\/\">essaie avant d&rsquo;acheter<\/a><\/h3>\n<p data-start=\"1728\" data-end=\"2030\">Si tu cherches un nouvel instrument et que tu n&rsquo;as pas encore essay\u00e9 le <strong data-start=\"1736\" data-end=\"1758\">bugle Cardinal<\/strong> et que tu souhaites le tester, remplis le formulaire d&rsquo;essai avant achat. Il existe des options quel que soit ton pays de r\u00e9sidence.<\/p>\n<hr data-start=\"2303\" data-end=\"2306\">\n<h3 data-start=\"153\" data-end=\"194\">Commande ton bugle Cardinal d\u00e8s aujourd&rsquo;hui<\/h3>\n<p data-start=\"196\" data-end=\"354\">Pr\u00eat \u00e0 \u00e9lever ton niveau de performance ? Le <strong data-start=\"235\" data-end=\"257\">bugle Cardinal<\/strong> offre une pr\u00e9cision musicale, une puissance et un savoir-faire in\u00e9gal\u00e9s, reconnus par les meilleurs musiciens du monde entier. <\/p>\n<p data-start=\"356\" data-end=\"594\">Tu peux <strong data-start=\"364\" data-end=\"404\">acheter directement via cette boutique en ligne<\/strong> ou, si tu pr\u00e9f\u00e8res une approche plus personnelle, en particulier pour ceux qui sont hors du Royaume-Uni, ou si tu as besoin d&rsquo;aide pour choisir le bon mod\u00e8le, il te suffit de nous <strong data-start=\"494\" data-end=\"573\">envoyer un e-mail \u00e0 <a class=\"decorated-link cursor-pointer\" href=\"mailto:info@genevainstruments.com\" rel=\"noopener\" data-start=\"508\" data-end=\"571\">info@genevainstruments.com<\/a><\/strong> pour passer ta commande.<\/p>\n<p data-start=\"596\" data-end=\"702\">Quelle que soit la m\u00e9thode que tu choisis, notre \u00e9quipe est l\u00e0 pour t&rsquo;aider \u00e0 trouver le Cardinal parfait pour ton parcours musical.<\/p>\n<hr data-start=\"2032\" data-end=\"2035\">\n<h3 data-start=\"2037\" data-end=\"2057\">Ce que disent les artistes<\/h3>\n<p><em>\u00ab\u00a0C&rsquo;est mon instrument de pr\u00e9dilection non seulement pour sa beaut\u00e9, mais aussi parce que la m\u00e9canique des 1er et 3e pistons me permet de g\u00e9rer les d\u00e9fis naturels d&rsquo;accordage des harmoniques sup\u00e9rieurs pour tout joueur de bugle. Plus important encore, c&rsquo;est la qualit\u00e9 sonore exceptionnelle et unique qui m&rsquo;a convaincu d&rsquo;acheter cet instrument et qui, \u00e0 son tour, r\u00e9v\u00e8le qui je suis en tant que musicienne\u00a0\u00bb.<\/em><\/p>\n<p style=\"text-align: left;\"><strong>Stephanie Kennedy<\/strong><br \/>\nMusicienne professionnelle,<br \/>\nArtiste Geneva<\/p>\n","protected":false},"excerpt":{"rendered":"<p>Geneva Instruments &#8211; Bugle en Sib &#8211; Geneva Cardinal<\/p>\n","protected":false},"featured_media":11605,"comment_status":"closed","ping_status":"closed","template":"","meta":{"_acf_changed":false},"product_brand":[192],"product_cat":[342],"product_tag":[347],"class_list":{"0":"post-11603","1":"product","2":"type-product","3":"status-publish","4":"has-post-thumbnail","6":"product_brand-geneva-instruments","7":"product_cat-instruments-geneva-cardinal","8":"product_tag-bugle-en-sib","9":"product_shipping_class-petit","10":"pa_range-instruments-geneva-cardinal","11":"sales-flash-overlay","12":"woocommerce-text-align-left","13":"woocommerce-image-align-center","14":"do-quantity-buttons","15":"wc-has-gallery","17":"first","18":"instock","19":"taxable","20":"shipping-taxable","21":"purchasable","22":"product-type-variable"},"acf":[],"_links":{"self":[{"href":"https:\/\/genevainstruments.com\/fr\/wp-json\/wp\/v2\/product\/11603","targetHints":{"allow":["GET"]}}],"collection":[{"href":"https:\/\/genevainstruments.com\/fr\/wp-json\/wp\/v2\/product"}],"about":[{"href":"https:\/\/genevainstruments.com\/fr\/wp-json\/wp\/v2\/types\/product"}],"replies":[{"embeddable":true,"href":"https:\/\/genevainstruments.com\/fr\/wp-json\/wp\/v2\/comments?post=11603"}],"wp:featuredmedia":[{"embeddable":true,"href":"https:\/\/genevainstruments.com\/fr\/wp-json\/wp\/v2\/media\/11605"}],"wp:attachment":[{"href":"https:\/\/genevainstruments.com\/fr\/wp-json\/wp\/v2\/media?parent=11603"}],"wp:term":[{"taxonomy":"product_brand","embeddable":true,"href":"https:\/\/genevainstruments.com\/fr\/wp-json\/wp\/v2\/product_brand?post=11603"},{"taxonomy":"product_cat","embeddable":true,"href":"https:\/\/genevainstruments.com\/fr\/wp-json\/wp\/v2\/product_cat?post=11603"},{"taxonomy":"product_tag","embeddable":true,"href":"https:\/\/genevainstruments.com\/fr\/wp-json\/wp\/v2\/product_tag?post=11603"}],"curies":[{"name":"wp","href":"https:\/\/api.w.org\/{rel}","templated":true}]}}