{"id":11956,"date":"2024-09-09T14:36:57","date_gmt":"2024-09-09T13:36:57","guid":{"rendered":"https:\/\/geneva.viacreative.co\/product\/tuba-en-mib-geneva-cardinal-jc\/"},"modified":"2025-12-21T08:25:59","modified_gmt":"2025-12-21T08:25:59","slug":"tuba-en-mib-geneva-cardinal-jc","status":"publish","type":"product","link":"https:\/\/genevainstruments.com\/fr\/produit\/tuba-en-mib-geneva-cardinal-jc\/","title":{"rendered":"Tuba en MIb &#8211; Geneva Cardinal JC"},"content":{"rendered":"<h1 data-start=\"336\" data-end=\"394\">Tuba en MIb Geneva Cardinal JC<\/h1>\n<h2 data-start=\"336\" data-end=\"394\">Un tuba de classe mondiale con\u00e7u pour le musicien professionnel<\/h2>\n<p data-start=\"396\" data-end=\"677\">Le <strong data-start=\"400\" data-end=\"429\">tuba Geneva Cardinal JC<\/strong> est le fruit d&rsquo;un quart de si\u00e8cle de recherche et d\u00e9veloppement continus. Con\u00e7u pour les musiciens exigeant une sonorit\u00e9 sup\u00e9rieure, une intonation impeccable et une fabrication irr\u00e9prochable, ce cornet haut de gamme repr\u00e9sente l&rsquo;apog\u00e9e des derni\u00e8res innovations de Geneva en mati\u00e8re d&rsquo;instruments de cuivre, le luxe \u00e0 l&rsquo;\u00e9tat pur <\/p>\n<hr data-start=\"679\" data-end=\"682\">\n<p data-start=\"684\" data-end=\"700\"><strong>Caract\u00e9ristiques principales<\/strong><\/p>\n<ul data-start=\"702\" data-end=\"1349\">\n<li data-start=\"702\" data-end=\"815\">\n<p data-start=\"704\" data-end=\"815\"><strong data-start=\"704\" data-end=\"732\">Tube d&#8217;embouchure Venturi unique<\/strong><br data-start=\"732\" data-end=\"735\">Am\u00e9liore la projection sonore et assure une exp\u00e9rience de jeu fluide et sans effort.<\/p>\n<\/li>\n<li data-start=\"817\" data-end=\"910\">\n<p data-start=\"819\" data-end=\"910\"><strong data-start=\"819\" data-end=\"841\">Pavillon martel\u00e9 \u00e0 la main<\/strong><br data-start=\"841\" data-end=\"844\">Fa\u00e7onn\u00e9 avec une pr\u00e9cision artisanale pour produire un son riche et r\u00e9sonnant.<\/p>\n<\/li>\n<\/ul>\n<ul>\n<li><strong data-start=\"819\" data-end=\"841\">Grav\u00e9 \u00e0 la main<\/strong><br data-start=\"841\" data-end=\"844\">Fabriqu\u00e9 avec une pr\u00e9cision artisanale, orn\u00e9 d&rsquo;une gravure d\u00e9corative du Griffon de Geneva.<\/li>\n<\/ul>\n<ul data-start=\"702\" data-end=\"1349\">\n<li data-start=\"912\" data-end=\"989\">\n<p data-start=\"914\" data-end=\"989\"><strong data-start=\"914\" data-end=\"937\">Alliage m\u00e9tallique sur mesure<\/strong><br data-start=\"937\" data-end=\"940\">Con\u00e7u pour la durabilit\u00e9 et la complexit\u00e9 tonale.<\/p>\n<\/li>\n<li data-start=\"991\" data-end=\"1087\">\n<p data-start=\"993\" data-end=\"1087\"><strong data-start=\"993\" data-end=\"1013\">Design ergonomique<\/strong><br data-start=\"1013\" data-end=\"1016\">Confortable \u00e0 tenir et facile \u00e0 contr\u00f4ler lors de performances prolong\u00e9es.<\/p>\n<\/li>\n<li data-start=\"1089\" data-end=\"1215\">\n<p data-start=\"1091\" data-end=\"1215\"><strong data-start=\"1091\" data-end=\"1112\">Conception \u00e0 palettes rotatives<\/strong><br data-start=\"1112\" data-end=\"1115\">D\u00e9velopp\u00e9 en collaboration avec Glenn Van Looy pour une meilleure r\u00e9ponse et sensation.<\/p>\n<\/li>\n<li data-start=\"1217\" data-end=\"1349\">\n<p data-start=\"1219\" data-end=\"1349\"><strong data-start=\"1219\" data-end=\"1252\">Placage nickel noir am\u00e9lior\u00e9<\/strong><br data-start=\"1252\" data-end=\"1255\">Une nouvelle finition \u00e9l\u00e9gante rendue possible par notre investissement dans une technologie de production de nouvelle g\u00e9n\u00e9ration.<\/p>\n<\/li>\n<\/ul>\n<hr data-start=\"1351\" data-end=\"1354\">\n<h2 data-start=\"1356\" data-end=\"1394\">Pourquoi choisir le Cardinal ?<\/h2>\n<p data-start=\"1396\" data-end=\"1703\">Que tu sois soliste, musicien d&rsquo;ensemble ou chef de groupe, la <strong data-start=\"1459\" data-end=\"1481\">gamme Cardinal<\/strong> offre la qualit\u00e9 et les performances exig\u00e9es par les professionnels du monde entier. Utilis\u00e9 par les musiciens de premier plan au Royaume-Uni, en Europe, aux \u00c9tats-Unis, au Japon et en Australie, cet instrument \u00e9tablit une nouvelle r\u00e9f\u00e9rence dans la conception artisanale des cuivres. <\/p>\n<hr data-start=\"1705\" data-end=\"1708\">\n<h3 data-start=\"1710\" data-end=\"1726\">Test sur route &#8211; <a href=\"https:\/\/genevainstruments.com\/fr\/essayez-avant-dacheter\/\">essaie avant d&rsquo;acheter<\/a><\/h3>\n<p data-start=\"1728\" data-end=\"2030\">Si tu cherches un nouvel instrument et que tu n&rsquo;as pas encore essay\u00e9 le <strong data-start=\"1736\" data-end=\"1758\">tuba Cardinal JC<\/strong> et que tu souhaites le tester, remplis le formulaire d&rsquo;essai avant achat. Des options sont disponibles quel que soit ton pays de r\u00e9sidence.<\/p>\n<hr data-start=\"2303\" data-end=\"2306\">\n<h4 data-start=\"153\" data-end=\"194\"><strong>Commande ton tuba Cardinal JC d\u00e8s aujourd&rsquo;hui<\/strong><\/h4>\n<p data-start=\"196\" data-end=\"354\">Pr\u00eat \u00e0 \u00e9lever ton niveau de performance ? La <strong>Geneva<\/strong> <strong data-start=\"235\" data-end=\"257\">gamme Cardinal<\/strong> offre une pr\u00e9cision musicale, une puissance et un savoir-faire in\u00e9gal\u00e9s, reconnus par les meilleurs musiciens du monde entier. <\/p>\n<p data-start=\"356\" data-end=\"594\">Tu peux <strong data-start=\"364\" data-end=\"404\">acheter directement via cette boutique en ligne<\/strong> ou, si tu pr\u00e9f\u00e8res une approche plus personnelle, en particulier pour ceux qui sont hors du Royaume-Uni, ou si tu as besoin d&rsquo;aide pour choisir le bon mod\u00e8le, il te suffit de nous <strong data-start=\"494\" data-end=\"573\">envoyer un e-mail \u00e0 <a class=\"decorated-link cursor-pointer\" href=\"mailto:info@genevainstruments.com\" rel=\"noopener\" data-start=\"508\" data-end=\"571\">info@genevainstruments.com<\/a><\/strong> pour passer ta commande.<\/p>\n<p data-start=\"596\" data-end=\"702\">Quelle que soit la m\u00e9thode que tu choisis, notre \u00e9quipe est l\u00e0 pour t&rsquo;aider \u00e0 trouver le Cardinal parfait pour ton parcours musical.<\/p>\n<hr data-start=\"2032\" data-end=\"2035\">\n<p data-start=\"2037\" data-end=\"2057\"><strong>Ce que dit l&rsquo;\u00e9quipe de conception de Geneva<\/strong><\/p>\n<p>\u00ab\u00a0Cette collaboration unique entre Geneva et le virtuose du tuba Joe Cook visait \u00e0 produire un instrument offrant un son plus puissant et une meilleure projection sans distorsion, tel \u00e9tait le d\u00e9fi que nous nous \u00e9tions fix\u00e9 pour ce produit.<\/p>\n<p><em>\u00ab\u00a0L&rsquo;incorporation de la cloche en laiton rose et du pavillon en nickel a \u00e9t\u00e9 la solution parfaite \u00e0 ce d\u00e9fi, cr\u00e9ant un instrument exceptionnel qui n&rsquo;a pas d&rsquo;\u00e9quivalent sur le march\u00e9 aujourd&rsquo;hui.\u00a0\u00bb<\/em><\/p>\n<h4 style=\"text-align: center;\">\u00ab\u00a0\u00c9tui rigide fourni avec l&rsquo;instrument.\u00a0\u00bb<\/h4>\n","protected":false},"excerpt":{"rendered":"<p>Geneva Instruments Tuba en MIb &#8211; Geneva Cardinal JC.<\/p>\n","protected":false},"featured_media":11958,"comment_status":"closed","ping_status":"closed","template":"","meta":{"_acf_changed":false},"product_brand":[192],"product_cat":[342,472],"product_tag":[494],"class_list":{"0":"post-11956","1":"product","2":"type-product","3":"status-publish","4":"has-post-thumbnail","6":"product_brand-geneva-instruments","7":"product_cat-instruments-geneva-cardinal","8":"product_cat-modeles-dartiste-geneva-cardinal","9":"product_tag-tuba-en-mib","10":"product_shipping_class-tres-grand","11":"pa_range-instruments-geneva-cardinal","12":"sales-flash-overlay","13":"woocommerce-text-align-left","14":"woocommerce-image-align-center","15":"do-quantity-buttons","17":"first","18":"onbackorder","19":"taxable","20":"shipping-taxable","21":"purchasable","22":"product-type-variable"},"acf":[],"_links":{"self":[{"href":"https:\/\/genevainstruments.com\/fr\/wp-json\/wp\/v2\/product\/11956","targetHints":{"allow":["GET"]}}],"collection":[{"href":"https:\/\/genevainstruments.com\/fr\/wp-json\/wp\/v2\/product"}],"about":[{"href":"https:\/\/genevainstruments.com\/fr\/wp-json\/wp\/v2\/types\/product"}],"replies":[{"embeddable":true,"href":"https:\/\/genevainstruments.com\/fr\/wp-json\/wp\/v2\/comments?post=11956"}],"wp:featuredmedia":[{"embeddable":true,"href":"https:\/\/genevainstruments.com\/fr\/wp-json\/wp\/v2\/media\/11958"}],"wp:attachment":[{"href":"https:\/\/genevainstruments.com\/fr\/wp-json\/wp\/v2\/media?parent=11956"}],"wp:term":[{"taxonomy":"product_brand","embeddable":true,"href":"https:\/\/genevainstruments.com\/fr\/wp-json\/wp\/v2\/product_brand?post=11956"},{"taxonomy":"product_cat","embeddable":true,"href":"https:\/\/genevainstruments.com\/fr\/wp-json\/wp\/v2\/product_cat?post=11956"},{"taxonomy":"product_tag","embeddable":true,"href":"https:\/\/genevainstruments.com\/fr\/wp-json\/wp\/v2\/product_tag?post=11956"}],"curies":[{"name":"wp","href":"https:\/\/api.w.org\/{rel}","templated":true}]}}