{"id":12073,"date":"2024-09-09T14:36:45","date_gmt":"2024-09-09T13:36:45","guid":{"rendered":"https:\/\/geneva.viacreative.co\/product\/cornet-en-sib-geneva-heritage-philip-mccann\/"},"modified":"2026-01-16T08:38:55","modified_gmt":"2026-01-16T08:38:55","slug":"cornet-en-sib-geneva-heritage-philip-mccann","status":"publish","type":"product","link":"https:\/\/genevainstruments.com\/fr\/produit\/cornet-en-sib-geneva-heritage-philip-mccann\/","title":{"rendered":"Cornet en Sib &#8211; Geneva heritage (Philip McCann)"},"content":{"rendered":"<h3 data-start=\"278\" data-end=\"309\"><strong data-start=\"282\" data-end=\"307\">Gamme Geneva heritage<\/strong><\/h3>\n<p data-start=\"310\" data-end=\"361\"><strong data-start=\"310\" data-end=\"361\">Con\u00e7u pour la tradition. Cr\u00e9\u00e9 pour l&rsquo;excellence. <\/strong><\/p>\n<p data-start=\"363\" data-end=\"639\">La gamme <em data-start=\"367\" data-end=\"384\">Geneva Heritage<\/em> repr\u00e9sente le summum du son pur et expressif. D\u00e9velopp\u00e9e sp\u00e9cifiquement pour le march\u00e9 traditionnel des brass bands en Grande-Bretagne, cette s\u00e9rie exceptionnelle a n\u00e9cessit\u00e9 plus de 16 ans de d\u00e9veloppement, repoussant les limites de l&rsquo;artisanat des instruments de cuivre.<\/p>\n<p data-start=\"641\" data-end=\"968\">Chaque instrument de la gamme Heritage int\u00e8gre des innovations de conception uniques, notamment un tube d&#8217;embouchure soigneusement con\u00e7u avec une conicit\u00e9 progressive du venturi \u00e0 la valve. Il en r\u00e9sulte une sensation plus contr\u00f4l\u00e9e et une r\u00e9sistance l\u00e9g\u00e8rement accrue par rapport \u00e0 la gamme <em data-start=\"895\" data-end=\"912\">Geneva Cardinal<\/em>, id\u00e9ale pour les musiciens recherchant pr\u00e9cision et r\u00e9activit\u00e9. <\/p>\n<p data-start=\"970\" data-end=\"1278\">Construite en laiton jaune de haute qualit\u00e9, la gamme Heritage offre les performances et l&rsquo;int\u00e9grit\u00e9 tonale d&rsquo;un instrument haut de gamme \u00e0 un prix accessible, sans compromis sur le son ou l&rsquo;intonation. Pour de nombreux musiciens, cela se traduit par un meilleur contr\u00f4le et une meilleure coh\u00e9rence dans tous les registres et dynamiques. <\/p>\n<p data-start=\"1280\" data-end=\"1475\">D\u00e9sormais reconnue comme l&rsquo;un des choix de premier plan dans le monde des fanfares, la gamme <em data-start=\"1358\" data-end=\"1368\">Heritage<\/em> est privil\u00e9gi\u00e9e par des solistes internationaux renomm\u00e9s et certains des ensembles les plus prestigieux du monde.<\/p>\n<hr data-start=\"1477\" data-end=\"1480\">\n<h3 data-start=\"1482\" data-end=\"1532\"><strong data-start=\"1486\" data-end=\"1530\">Pr\u00e9sentation du cornet Geneva heritage &#8211; Philip McCann <\/strong><\/h3>\n<p data-start=\"1533\" data-end=\"1582\"><strong data-start=\"1533\" data-end=\"1582\">Une collaboration signature avec Phillip McCann<\/strong><\/p>\n<blockquote data-start=\"1584\" data-end=\"1796\">\n<p data-start=\"1586\" data-end=\"1796\"><em data-start=\"1586\" data-end=\"1771\">\u00ab Nous avons tous une voix unique. Ce Cornet Cardinal Heritage est une extension de VOUS-M\u00caME et vous permet de trouver &lsquo;votre voix musicale&rsquo;&#8230; le r\u00e9sultat de ma collaboration avec Geneva Instruments. \u00bb<\/em><br data-start=\"1771\" data-end=\"1774\">\u2014 <strong data-start=\"1778\" data-end=\"1796\">Phillip McCann<\/strong><\/p>\n<\/blockquote>\n<p data-start=\"1798\" data-end=\"1998\">Nous sommes honor\u00e9s de pr\u00e9senter le <em data-start=\"1829\" data-end=\"1855\">Cornet Cardinal Heritage<\/em>, un mod\u00e8le signature d\u00e9velopp\u00e9 en collaboration avec le l\u00e9gendaire <strong data-start=\"1921\" data-end=\"1939\">Phillip McCann<\/strong>, l&rsquo;une des figures les plus respect\u00e9es du monde des fanfares.<\/p>\n<p data-start=\"2000\" data-end=\"2354\">N\u00e9 \u00e0 Bo&rsquo;ness, en \u00c9cosse, la carri\u00e8re de Phillip a d\u00e9but\u00e9 avec le Kinneil Colliery Band et s&rsquo;est \u00e9panouie \u00e0 travers des r\u00f4les de leadership, notamment cinq ans en tant que chef du National Youth Brass Band of Great Britain. En tant que cornet principal du c\u00e9l\u00e8bre <strong data-start=\"2246\" data-end=\"2265\">Black Dyke Band<\/strong> pendant son \u00e2ge d&rsquo;or, Phillip a contribu\u00e9 \u00e0 fa\u00e7onner un son embl\u00e9matique qui est encore v\u00e9n\u00e9r\u00e9 aujourd&rsquo;hui. <\/p>\n<p data-start=\"2356\" data-end=\"2624\">Sa c\u00e9l\u00e8bre s\u00e9rie de CD <em data-start=\"2370\" data-end=\"2379\">Chandos<\/em>, <em data-start=\"2391\" data-end=\"2428\">The World&rsquo;s Most Beautiful Melodies<\/em>, est acclam\u00e9e pour sa tonalit\u00e9 sublime et sa musicalit\u00e9, r\u00e9guli\u00e8rement diffus\u00e9e sur <strong data-start=\"2503\" data-end=\"2516\">BBC Radio<\/strong> et <strong data-start=\"2521\" data-end=\"2535\">Classic FM<\/strong>. Sa passion pour l&rsquo;interpr\u00e9tation expressive perdure aujourd&rsquo;hui dans cet instrument en \u00e9dition sp\u00e9ciale.<\/p>\n<p data-start=\"2626\" data-end=\"2854\">Con\u00e7u pour reproduire le son chaleureux traditionnel des fanfares avec une intonation exceptionnelle et une r\u00e9ponse libre dans tous les registres, le <em data-start=\"2763\" data-end=\"2789\">Cornet Cardinal Heritage<\/em> donne aux musiciens la libert\u00e9 d&rsquo;exprimer leur v\u00e9ritable voix musicale.<\/p>\n<h3 data-start=\"1385\" data-end=\"1416\"><strong data-start=\"1389\" data-end=\"1416\">Commande &amp; disponibilit\u00e9<\/strong><\/h3>\n<p data-start=\"1418\" data-end=\"1667\">Si l&rsquo;instrument de votre choix est en commande diff\u00e9r\u00e9e, vous pouvez tout de m\u00eame finaliser votre achat en ligne avec un d\u00e9lai de livraison estim\u00e9 \u00e0 environ 4 semaines.<br data-start=\"1559\" data-end=\"1562\">Vous pouvez \u00e9galement r\u00e9server votre place dans notre planning de production avec un acompte de 30 % en nous contactant directement :<\/p>\n<p data-start=\"1669\" data-end=\"1731\">\ud83d\udce7 <strong data-start=\"1672\" data-end=\"1702\"><a class=\"decorated-link cursor-pointer\" rel=\"noopener\" data-start=\"1674\" data-end=\"1700\">info@genevainstruments.com<\/a><\/strong><br data-start=\"1702\" data-end=\"1705\">\ud83d\udcde <strong data-start=\"1708\" data-end=\"1731\">+44 (0) 1642 714464<\/strong><\/p>\n","protected":false},"excerpt":{"rendered":"<p>Cornet en Sib &#8211; Geneva Heritage &#8211; Professionnel. Regarde la vid\u00e9o de cet instrument. <\/p>\n","protected":false},"featured_media":12075,"comment_status":"closed","ping_status":"closed","template":"","meta":{"_acf_changed":false},"product_brand":[192],"product_cat":[342,472],"product_tag":[351],"class_list":{"0":"post-12073","1":"product","2":"type-product","3":"status-publish","4":"has-post-thumbnail","6":"product_brand-geneva-instruments","7":"product_cat-instruments-geneva-cardinal","8":"product_cat-modeles-dartiste-geneva-cardinal","9":"product_tag-cornet-en-sib-professionnel-heritage","10":"product_shipping_class-petit","11":"pa_range-instruments-geneva-heritage","12":"sales-flash-overlay","13":"woocommerce-text-align-left","14":"woocommerce-image-align-center","15":"do-quantity-buttons","16":"wc-has-gallery","18":"first","19":"instock","20":"taxable","21":"shipping-taxable","22":"purchasable","23":"product-type-variable"},"acf":[],"_links":{"self":[{"href":"https:\/\/genevainstruments.com\/fr\/wp-json\/wp\/v2\/product\/12073","targetHints":{"allow":["GET"]}}],"collection":[{"href":"https:\/\/genevainstruments.com\/fr\/wp-json\/wp\/v2\/product"}],"about":[{"href":"https:\/\/genevainstruments.com\/fr\/wp-json\/wp\/v2\/types\/product"}],"replies":[{"embeddable":true,"href":"https:\/\/genevainstruments.com\/fr\/wp-json\/wp\/v2\/comments?post=12073"}],"wp:featuredmedia":[{"embeddable":true,"href":"https:\/\/genevainstruments.com\/fr\/wp-json\/wp\/v2\/media\/12075"}],"wp:attachment":[{"href":"https:\/\/genevainstruments.com\/fr\/wp-json\/wp\/v2\/media?parent=12073"}],"wp:term":[{"taxonomy":"product_brand","embeddable":true,"href":"https:\/\/genevainstruments.com\/fr\/wp-json\/wp\/v2\/product_brand?post=12073"},{"taxonomy":"product_cat","embeddable":true,"href":"https:\/\/genevainstruments.com\/fr\/wp-json\/wp\/v2\/product_cat?post=12073"},{"taxonomy":"product_tag","embeddable":true,"href":"https:\/\/genevainstruments.com\/fr\/wp-json\/wp\/v2\/product_tag?post=12073"}],"curies":[{"name":"wp","href":"https:\/\/api.w.org\/{rel}","templated":true}]}}