{"id":12253,"date":"2024-09-09T14:36:33","date_gmt":"2024-09-09T13:36:33","guid":{"rendered":"https:\/\/geneva.viacreative.co\/product\/euphonium-en-si-bemol-geneva-heritage\/"},"modified":"2025-12-21T08:26:01","modified_gmt":"2025-12-21T08:26:01","slug":"euphonium-en-si-bemol-geneva-heritage","status":"publish","type":"product","link":"https:\/\/genevainstruments.com\/fr\/produit\/euphonium-en-si-bemol-geneva-heritage\/","title":{"rendered":"Euphonium en si b\u00e9mol &#8211; Geneva Heritage"},"content":{"rendered":"<h3 data-start=\"181\" data-end=\"212\"><strong data-start=\"185\" data-end=\"210\">Geneva Heritage<\/strong><\/h3>\n<p data-start=\"213\" data-end=\"264\"><strong data-start=\"213\" data-end=\"264\">Con\u00e7u pour la tradition. Cr\u00e9\u00e9 pour l&rsquo;excellence. <\/strong><\/p>\n<p data-start=\"266\" data-end=\"542\">L&rsquo;euphonium Sib <em data-start=\"270\" data-end=\"287\">Geneva Heritage<\/em> repr\u00e9sente le summum du son pur et expressif. D\u00e9velopp\u00e9e sp\u00e9cifiquement pour le march\u00e9 traditionnel des fanfares en Grande-Bretagne, cette s\u00e9rie exceptionnelle a n\u00e9cessit\u00e9 plus de 20 ans de d\u00e9veloppement, repoussant les limites de l&rsquo;artisanat des instruments en laiton.<\/p>\n<p data-start=\"544\" data-end=\"871\">Chaque instrument de la gamme Heritage int\u00e8gre des innovations uniques, notamment une branche d&#8217;embouchure soigneusement con\u00e7ue avec une conicit\u00e9 progressive du venturi \u00e0 la coulisse. Il en r\u00e9sulte une sensation plus contr\u00f4l\u00e9e et une r\u00e9sistance l\u00e9g\u00e8rement accrue par rapport \u00e0 la gamme Cardinal, id\u00e9ale pour les musiciens recherchant pr\u00e9cision et r\u00e9activit\u00e9. <\/p>\n<p data-start=\"873\" data-end=\"1181\">Construite en laiton jaune de haute qualit\u00e9, la gamme Heritage offre les performances et l&rsquo;int\u00e9grit\u00e9 tonale d&rsquo;un instrument haut de gamme \u00e0 un prix accessible, sans compromis sur le son ou l&rsquo;intonation. Pour de nombreux musiciens, cela se traduit par un meilleur contr\u00f4le et une meilleure coh\u00e9rence dans tous les registres et dynamiques. <\/p>\n<p data-start=\"1183\" data-end=\"1378\">D\u00e9sormais reconnue comme l&rsquo;un des choix de premier plan dans le monde des fanfares, la gamme <em data-start=\"1261\" data-end=\"1271\">Heritage<\/em> est privil\u00e9gi\u00e9e par des solistes internationaux renomm\u00e9s et certains des ensembles les plus prestigieux du monde.<\/p>\n<hr data-start=\"1380\" data-end=\"1383\">\n<h3 data-start=\"1385\" data-end=\"1416\"><strong data-start=\"1389\" data-end=\"1416\">Commande &amp; disponibilit\u00e9<\/strong><\/h3>\n<p data-start=\"1418\" data-end=\"1667\">Si l&rsquo;instrument de ton choix est en commande diff\u00e9r\u00e9e, tu peux tout de m\u00eame finaliser ton achat en ligne avec un d\u00e9lai de livraison estim\u00e9 \u00e0 environ 4 semaines.<\/p>\n<p data-start=\"1418\" data-end=\"1667\">Tu peux \u00e9galement r\u00e9server ta place dans notre planning de production avec un acompte de 30 % en nous contactant directement :<\/p>\n<p data-start=\"1669\" data-end=\"1731\">\ud83d\udce7 <strong data-start=\"1672\" data-end=\"1702\"><a class=\"decorated-link cursor-pointer\" rel=\"noopener\" data-start=\"1674\" data-end=\"1700\">info@genevainstruments.com<\/a><\/strong><br data-start=\"1702\" data-end=\"1705\">\ud83d\udcde <strong data-start=\"1708\" data-end=\"1731\">+44 (0) 1642 714464<\/strong><\/p>\n","protected":false},"excerpt":{"rendered":"<p>Geneva Heritage Con\u00e7u pour la tradition. Cr\u00e9\u00e9 pour l&rsquo;excellence. L&rsquo;euphonium Sib Geneva Heritage repr\u00e9sente le summum du son pur et expressif. D\u00e9velopp\u00e9e sp\u00e9cifiquement pour le march\u00e9 traditionnel des fanfares en Grande-Bretagne, cette s\u00e9rie exceptionnelle a n\u00e9cessit\u00e9 plus de 20 ans de d\u00e9veloppement, repoussant les limites de l&rsquo;artisanat des instruments en laiton. Chaque instrument de la &#8230; <a title=\"Euphonium en si b\u00e9mol &#8211; Geneva Heritage\" class=\"read-more\" href=\"https:\/\/genevainstruments.com\/fr\/produit\/euphonium-en-si-bemol-geneva-heritage\/\" aria-label=\"En savoir plus sur Euphonium en si b\u00e9mol &#8211; Geneva Heritage\">Lire plus<\/a><\/p>\n","protected":false},"featured_media":12260,"comment_status":"closed","ping_status":"closed","template":"","meta":{"_acf_changed":false},"product_brand":[192],"product_cat":[697],"product_tag":[721],"class_list":{"0":"post-12253","1":"product","2":"type-product","3":"status-publish","4":"has-post-thumbnail","6":"product_brand-geneva-instruments","7":"product_cat-geneva-heritage","8":"product_tag-euphonium-en-si-bemol-symphonique","9":"product_shipping_class-grand","10":"pa_range-instruments-geneva-heritage","11":"sales-flash-overlay","12":"woocommerce-text-align-left","13":"woocommerce-image-align-center","14":"do-quantity-buttons","15":"wc-has-gallery","17":"first","18":"instock","19":"taxable","20":"shipping-taxable","21":"purchasable","22":"product-type-variable"},"acf":[],"_links":{"self":[{"href":"https:\/\/genevainstruments.com\/fr\/wp-json\/wp\/v2\/product\/12253","targetHints":{"allow":["GET"]}}],"collection":[{"href":"https:\/\/genevainstruments.com\/fr\/wp-json\/wp\/v2\/product"}],"about":[{"href":"https:\/\/genevainstruments.com\/fr\/wp-json\/wp\/v2\/types\/product"}],"replies":[{"embeddable":true,"href":"https:\/\/genevainstruments.com\/fr\/wp-json\/wp\/v2\/comments?post=12253"}],"wp:featuredmedia":[{"embeddable":true,"href":"https:\/\/genevainstruments.com\/fr\/wp-json\/wp\/v2\/media\/12260"}],"wp:attachment":[{"href":"https:\/\/genevainstruments.com\/fr\/wp-json\/wp\/v2\/media?parent=12253"}],"wp:term":[{"taxonomy":"product_brand","embeddable":true,"href":"https:\/\/genevainstruments.com\/fr\/wp-json\/wp\/v2\/product_brand?post=12253"},{"taxonomy":"product_cat","embeddable":true,"href":"https:\/\/genevainstruments.com\/fr\/wp-json\/wp\/v2\/product_cat?post=12253"},{"taxonomy":"product_tag","embeddable":true,"href":"https:\/\/genevainstruments.com\/fr\/wp-json\/wp\/v2\/product_tag?post=12253"}],"curies":[{"name":"wp","href":"https:\/\/api.w.org\/{rel}","templated":true}]}}