{"id":12418,"date":"2024-09-09T14:36:56","date_gmt":"2024-09-09T13:36:56","guid":{"rendered":"https:\/\/geneva.viacreative.co\/product\/saxophone-baryton-widow-maker-lineage-pro\/"},"modified":"2025-12-21T08:26:02","modified_gmt":"2025-12-21T08:26:02","slug":"saxophone-baryton-widow-maker-lineage-pro","status":"publish","type":"product","link":"https:\/\/genevainstruments.com\/fr\/produit\/saxophone-baryton-widow-maker-lineage-pro\/","title":{"rendered":"Saxophone baryton Widow Maker &#8211; lineage pro"},"content":{"rendered":"<h2 data-start=\"410\" data-end=\"465\">Saxophone baryton professionnel Geneva lineage<\/h2>\n<p data-start=\"467\" data-end=\"790\">D\u00e9couvre la voix puissante du <strong data-start=\"504\" data-end=\"538\">Saxophone Baryton Geneva Lineage<\/strong> \u2013 un instrument m\u00e9ticuleusement con\u00e7u pour r\u00e9pondre aux exigences des performances live et de l&rsquo;excellence en studio. Pl\u00e9biscit\u00e9 par les meilleurs artistes, ce saxophone t\u00e9nor incarne plus de <strong data-start=\"730\" data-end=\"789\">70 ans d&rsquo;innovation en design et d&rsquo;expertise en performance<\/strong>. <\/p>\n<hr data-start=\"792\" data-end=\"795\">\n<h3 data-start=\"797\" data-end=\"834\"><strong data-start=\"804\" data-end=\"833\">Caract\u00e9ristiques cl\u00e9s et points forts<\/strong> :<\/h3>\n<ul>\n<li data-start=\"965\" data-end=\"1149\">\n<p data-start=\"967\" data-end=\"1149\"><strong data-start=\"969\" data-end=\"993\">H\u00e9ritage d&rsquo;Excellence<\/strong> : D\u00e9velopp\u00e9 par l&rsquo;\u00e9quipe de design d&rsquo;\u00e9lite de Geneva, combinant des d\u00e9cennies de <strong data-start=\"1057\" data-end=\"1085\">savoir-faire instrumental<\/strong>, d&rsquo;<strong data-start=\"1087\" data-end=\"1111\">innovation technique<\/strong> et d&rsquo;<strong data-start=\"1117\" data-end=\"1148\">exp\u00e9rience de performance live<\/strong>.<\/p>\n<\/li>\n<li data-start=\"1150\" data-end=\"1320\">\n<p data-start=\"1152\" data-end=\"1320\"><strong data-start=\"1154\" data-end=\"1189\">Artisanat Europ\u00e9en Sup\u00e9rieur<\/strong> : Fabriqu\u00e9 en <strong data-start=\"1211\" data-end=\"1229\">R\u00e9publique Tch\u00e8que<\/strong> selon les standards exigeants de Geneva \u2013 alliant techniques traditionnelles et pr\u00e9cision moderne.<\/p>\n<\/li>\n<li data-start=\"1321\" data-end=\"1481\">\n<p data-start=\"1323\" data-end=\"1481\"><strong data-start=\"1325\" data-end=\"1352\">Design Leader de l&rsquo;Industrie<\/strong> : Fait partie de la <strong data-start=\"1366\" data-end=\"1387\">s\u00e9rie Lineage Pro<\/strong>, \u00e9tablissant la r\u00e9f\u00e9rence pour la qualit\u00e9 tonale, la r\u00e9ponse et la durabilit\u00e9 des saxophones professionnels.<\/p>\n<\/li>\n<li data-start=\"1482\" data-end=\"1639\">\n<p data-start=\"1484\" data-end=\"1639\"><strong data-start=\"1486\" data-end=\"1517\">Con\u00e7u pour les Musiciens S\u00e9rieux<\/strong> : Id\u00e9al pour les artistes en tourn\u00e9e, les musiciens de session et les apprenants avanc\u00e9s souhaitant franchir la prochaine \u00e9tape de leur parcours musical.<\/p>\n<\/li>\n<\/ul>\n<hr data-start=\"1641\" data-end=\"1644\">\n<h3 data-start=\"1646\" data-end=\"1686\"><strong data-start=\"1653\" data-end=\"1685\">Inclus avec ton saxophone<\/strong> :<\/h3>\n<ul data-start=\"1688\" data-end=\"1882\">\n<li data-start=\"1688\" data-end=\"1771\">\n<p data-start=\"1690\" data-end=\"1771\"><strong data-start=\"1693\" data-end=\"1711\">Instrument Neuf<\/strong> : Livr\u00e9 avec un <strong data-start=\"1734\" data-end=\"1747\">\u00e9tui rigide<\/strong> premium pour une protection maximale.<\/p>\n<\/li>\n<li data-start=\"1772\" data-end=\"1882\">\n<p data-start=\"1774\" data-end=\"1882\"><strong data-start=\"1777\" data-end=\"1795\">Mod\u00e8les Ex-D\u00e9mo<\/strong> : Fourni avec un <strong data-start=\"1821\" data-end=\"1834\">\u00e9tui souple<\/strong> r\u00e9sistant \u2013 parfait pour les d\u00e9placements l\u00e9gers et l&rsquo;usage en r\u00e9p\u00e9tition.<\/p>\n<\/li>\n<\/ul>\n<hr data-start=\"1884\" data-end=\"1887\">\n<h3 data-start=\"1889\" data-end=\"1917\"><strong data-start=\"1896\" data-end=\"1916\">Aper\u00e7u du produit<\/strong> :<\/h3>\n<p data-start=\"1919\" data-end=\"2238\">En tant que cr\u00e9ation de la marque internationalement reconnue <strong data-start=\"1974\" data-end=\"1993\">Geneva Instruments<\/strong>, la gamme <strong data-start=\"1999\" data-end=\"2013\">OW Lineage<\/strong> repr\u00e9sente le summum du design de saxophone. Ces instruments refl\u00e8tent la philosophie de Geneva : combiner <strong data-start=\"2122\" data-end=\"2149\">technologie de pointe<\/strong> et <strong data-start=\"2155\" data-end=\"2184\">artisanat traditionnel<\/strong> pour cr\u00e9er des outils d&rsquo;expression, pas seulement de performance. <\/p>\n<p data-start=\"2240\" data-end=\"2397\">Que tu sois sur sc\u00e8ne, en studio, ou en train de repousser les limites de ton son, le Saxophone T\u00e9nor Geneva Lineage livre avec puissance, pr\u00e9cision et \u00e2me.<\/p>\n<hr data-start=\"2399\" data-end=\"2402\">\n<h3 data-start=\"2404\" data-end=\"2465\"><strong data-start=\"2411\" data-end=\"2465\">Commande maintenant \u2013 con\u00e7u pour la sc\u00e8ne, pens\u00e9 pour la vie<\/strong><\/h3>\n<p data-start=\"2467\" data-end=\"2637\">Explore le son qui red\u00e9finit la performance moderne du saxophone. Choisis ton mod\u00e8le, s\u00e9lectionne ta pr\u00e9f\u00e9rence d&rsquo;\u00e9tui, et entre dans une nouvelle classe d&rsquo;excellence du saxophone t\u00e9nor <\/p>\n","protected":false},"excerpt":{"rendered":"<p>Geneva instruments &#8211; saxophone baryton widow Maker &#8211; lineage pro<\/p>\n","protected":false},"featured_media":12424,"comment_status":"closed","ping_status":"closed","template":"","meta":{"_acf_changed":false},"product_brand":[192],"product_cat":[744],"product_tag":[791],"class_list":{"0":"post-12418","1":"product","2":"type-product","3":"status-publish","4":"has-post-thumbnail","6":"product_brand-geneva-instruments","7":"product_cat-geneva-lineage","8":"product_tag-saxophone-baryton-lineage","9":"product_shipping_class-tres-grand","10":"pa_range-gamme-saxophone-lineage-pro","11":"sales-flash-overlay","12":"woocommerce-text-align-left","13":"woocommerce-image-align-center","14":"do-quantity-buttons","16":"first","17":"instock","18":"sale","19":"taxable","20":"shipping-taxable","21":"purchasable","22":"product-type-variable"},"acf":[],"_links":{"self":[{"href":"https:\/\/genevainstruments.com\/fr\/wp-json\/wp\/v2\/product\/12418","targetHints":{"allow":["GET"]}}],"collection":[{"href":"https:\/\/genevainstruments.com\/fr\/wp-json\/wp\/v2\/product"}],"about":[{"href":"https:\/\/genevainstruments.com\/fr\/wp-json\/wp\/v2\/types\/product"}],"replies":[{"embeddable":true,"href":"https:\/\/genevainstruments.com\/fr\/wp-json\/wp\/v2\/comments?post=12418"}],"wp:featuredmedia":[{"embeddable":true,"href":"https:\/\/genevainstruments.com\/fr\/wp-json\/wp\/v2\/media\/12424"}],"wp:attachment":[{"href":"https:\/\/genevainstruments.com\/fr\/wp-json\/wp\/v2\/media?parent=12418"}],"wp:term":[{"taxonomy":"product_brand","embeddable":true,"href":"https:\/\/genevainstruments.com\/fr\/wp-json\/wp\/v2\/product_brand?post=12418"},{"taxonomy":"product_cat","embeddable":true,"href":"https:\/\/genevainstruments.com\/fr\/wp-json\/wp\/v2\/product_cat?post=12418"},{"taxonomy":"product_tag","embeddable":true,"href":"https:\/\/genevainstruments.com\/fr\/wp-json\/wp\/v2\/product_tag?post=12418"}],"curies":[{"name":"wp","href":"https:\/\/api.w.org\/{rel}","templated":true}]}}