{"id":12567,"date":"2024-09-09T14:36:56","date_gmt":"2024-09-09T13:36:56","guid":{"rendered":"https:\/\/geneva.viacreative.co\/product\/saxophone-soprano-lineage-pro\/"},"modified":"2025-12-21T08:26:05","modified_gmt":"2025-12-21T08:26:05","slug":"saxophone-soprano-lineage-pro","status":"publish","type":"product","link":"https:\/\/genevainstruments.com\/fr\/produit\/saxophone-soprano-lineage-pro\/","title":{"rendered":"Saxophone soprano &#8211; lineage pro"},"content":{"rendered":"<p>Ce saxophone soprano est l&rsquo;une des nouveaut\u00e9s 2024 de la gamme d&rsquo;instruments \u00e0 vent Geneva, qui a \u00e9volu\u00e9 \u00e0 partir de nos mod\u00e8les Lineage Professional. Nous prenons maintenant des r\u00e9servations pour essai avant achat et des commandes pour son lancement \u00e0 l&rsquo;automne 2024.<\/p>\n<p>Son concept est n\u00e9 du d\u00e9sir d&rsquo;offrir aux musiciens progressistes des instruments \u00e0 vent alliant rapport qualit\u00e9-prix et durabilit\u00e9, sans compromettre les principes de conception qui ont fait le succ\u00e8s de notre gamme Lineage.<\/p>\n<p>Pour cr\u00e9er cette nouvelle gamme, nous avons int\u00e9gr\u00e9 le savoir-faire et les comp\u00e9tences en conception de Geneva tout en continuant \u00e0 \u00e9tablir la r\u00e9f\u00e9rence du secteur pour les performances live, avec une philosophie bas\u00e9e sur l&rsquo;alliance de la technologie de pointe et de l&rsquo;artisanat traditionnel.<\/p>\n<p>Le r\u00e9sultat a donn\u00e9 un saxophone soprano en Sib d&rsquo;une qualit\u00e9 in\u00e9gal\u00e9e dans sa cat\u00e9gorie, offrant une solution aux instrumentistes \u00e0 vent avanc\u00e9s dans leur progression vers le professionnalisme.<\/p>\n<p>Cependant, nous recommandons \u00e0 tout musicien \u00e0 la recherche d&rsquo;un instrument \u00e0 vent avanc\u00e9 d&rsquo;essayer ce Lineage JTP avant de faire son choix, car une fois jou\u00e9, il est inoubliable, particuli\u00e8rement en comparaison avec les mod\u00e8les \u00e9quivalents des grandes marques de production de masse.<\/p>\n<p>Le nouvel instrument est fourni avec un \u00e9tui rigide. Les mod\u00e8les de d\u00e9monstration sont livr\u00e9s avec un \u00e9tui souple <\/p>\n","protected":false},"excerpt":{"rendered":"<p>Geneva instruments &#8211; saxophone soprano sib &#8211; lineage JTP &#8211; avanc\u00e9.<\/p>\n<p>&nbsp;<\/p>\n","protected":false},"featured_media":12570,"comment_status":"closed","ping_status":"closed","template":"","meta":{"_acf_changed":false},"product_brand":[192],"product_cat":[744],"product_tag":[829],"class_list":{"0":"post-12567","1":"product","2":"type-product","3":"status-publish","4":"has-post-thumbnail","6":"product_brand-geneva-instruments","7":"product_cat-geneva-lineage","8":"product_tag-saxophone-soprano","9":"product_shipping_class-petit","10":"pa_range-gamme-saxophone-lineage-pro","11":"sales-flash-overlay","12":"woocommerce-text-align-left","13":"woocommerce-image-align-center","14":"do-quantity-buttons","16":"first","17":"instock","18":"taxable","19":"shipping-taxable","20":"purchasable","21":"product-type-variable"},"acf":[],"_links":{"self":[{"href":"https:\/\/genevainstruments.com\/fr\/wp-json\/wp\/v2\/product\/12567","targetHints":{"allow":["GET"]}}],"collection":[{"href":"https:\/\/genevainstruments.com\/fr\/wp-json\/wp\/v2\/product"}],"about":[{"href":"https:\/\/genevainstruments.com\/fr\/wp-json\/wp\/v2\/types\/product"}],"replies":[{"embeddable":true,"href":"https:\/\/genevainstruments.com\/fr\/wp-json\/wp\/v2\/comments?post=12567"}],"wp:featuredmedia":[{"embeddable":true,"href":"https:\/\/genevainstruments.com\/fr\/wp-json\/wp\/v2\/media\/12570"}],"wp:attachment":[{"href":"https:\/\/genevainstruments.com\/fr\/wp-json\/wp\/v2\/media?parent=12567"}],"wp:term":[{"taxonomy":"product_brand","embeddable":true,"href":"https:\/\/genevainstruments.com\/fr\/wp-json\/wp\/v2\/product_brand?post=12567"},{"taxonomy":"product_cat","embeddable":true,"href":"https:\/\/genevainstruments.com\/fr\/wp-json\/wp\/v2\/product_cat?post=12567"},{"taxonomy":"product_tag","embeddable":true,"href":"https:\/\/genevainstruments.com\/fr\/wp-json\/wp\/v2\/product_tag?post=12567"}],"curies":[{"name":"wp","href":"https:\/\/api.w.org\/{rel}","templated":true}]}}