{"id":10640,"date":"2024-08-06T14:57:18","date_gmt":"2024-08-06T13:57:18","guid":{"rendered":"https:\/\/geneva.viacreative.co\/la-scelta-sostenibile\/"},"modified":"2025-12-02T16:35:41","modified_gmt":"2025-12-02T16:35:41","slug":"la-scelta-sostenibile","status":"publish","type":"page","link":"https:\/\/genevainstruments.com\/it\/la-scelta-sostenibile\/","title":{"rendered":"La scelta sostenibile"},"content":{"rendered":"<div class=\"gb-container gb-container-281ff18e alignfull\">\n<div class=\"gb-container gb-container-c640bff3\">\n\n<h2 class=\"gb-headline gb-headline-17e39d6c gb-headline-text\">La scelta sostenibile<\/h2>\n\n\n\n<h4 class=\"gb-headline gb-headline-8a23b163 gb-headline-text\">Produttori artigianali di strumenti a fiato e a legni che vendono in tutto il mondo a musicisti di ogni livello, i quali desiderano avere il miglior strumento possibile nel loro budget disponibile<\/h4>\n\n<\/div>\n\n<div class=\"gb-container gb-container-1d08b1d3\">\n\n<a class=\"gb-button gb-button-8caab664 smooth-scroll via-scroll\" href=\"#design\"><span class=\"gb-icon\"><svg xmlns:xlink=\"http:\/\/www.w3.org\/1999\/xlink\" xmlns=\"http:\/\/www.w3.org\/2000\/svg\" version=\"1.1\" viewbox=\"0 0 16 16\" height=\"48px\" width=\"48px\">\n  <rect fill=\"none\" id=\"icon-bound\" height=\"16\" width=\"16\"><\/rect>\n  <polygon points=\"8,13 0,5 16,5\"><\/polygon>\n<\/svg><\/span><\/a>\n\n<\/div>\n<\/div><div class=\"gb-container gb-container-ac39d2d6 alignfull\" id=\"design\">\n<div class=\"gb-grid-wrapper gb-grid-wrapper-bf426437\">\n<div class=\"gb-grid-column gb-grid-column-b37df49a\"><div class=\"gb-container gb-container-b37df49a\">\n\n<h2 class=\"gb-headline gb-headline-c6defa70 gb-headline-text\">L&#8217;avanguardia<\/h2>\n\n\n\n<p class=\"gb-headline gb-headline-5bc85dbb gb-headline-text\">Fondata nel 2000, Geneva \u00e8 sempre stata all&#8217;avanguardia nel design e nella tecnologia per la creazione di grandi strumenti musicali. I nostri ultimi modelli sono in linea con questa tradizione. <\/p>\n\n\n\n<p class=\"gb-headline gb-headline-35806561 gb-headline-text\">Realizziamo i nostri strumenti in Europa, dove la produzione artigianale di strumenti a fiato e a legni \u00e8 radicata nella vita e nell&#8217;anima della forza lavoro della comunit\u00e0 locale dal 1842.<\/p>\n\n\n\n<p class=\"gb-headline gb-headline-59be7cf1 gb-headline-text\">I nostri progetti di ricerca &amp; sviluppo, che collaborano con musicisti e ingegneri come <a href=\"https:\/\/www.twi-global.com\/what-we-do\" data-type=\"link\" data-id=\"https:\/\/www.twi-global.com\/what-we-do\" rel=\"noopener\">TWI-Global<\/a>, una delle pi\u00f9 importanti organizzazioni indipendenti di ricerca e tecnologia al mondo, con esperienza nella giunzione di materiali e nei processi ingegneristici, ci hanno permesso di migliorare continuamente i nostri strumenti senza compromettere il suono e l&#8217;intonazione che riteniamo cos\u00ec essenziali per i nostri marchi.<\/p>\n\n\n\n<a class=\"gb-button gb-button-d89c776c button-arrow-down smooth-scroll via-scroll\" href=\"#potential\"><span class=\"gb-icon\"><svg xmlns:xlink=\"http:\/\/www.w3.org\/1999\/xlink\" xmlns=\"http:\/\/www.w3.org\/2000\/svg\" version=\"1.1\" viewbox=\"0 0 16 16\" height=\"48px\" width=\"48px\">\n  <rect fill=\"none\" id=\"icon-bound\" height=\"16\" width=\"16\"><\/rect>\n  <polygon points=\"8,13 0,5 16,5\"><\/polygon>\n<\/svg><\/span><\/a>\n\n<\/div><\/div>\n\n<div class=\"gb-grid-column gb-grid-column-9f7229ba\"><div class=\"gb-container gb-container-9f7229ba\"><\/div><\/div>\n\n<div class=\"gb-grid-column gb-grid-column-6b992e4b\"><div class=\"gb-container gb-container-6b992e4b\" id=\"potential\"><\/div><\/div>\n\n<div class=\"gb-grid-column gb-grid-column-ea25f211\"><div class=\"gb-container gb-container-ea25f211\">\n\n<h2 class=\"gb-headline gb-headline-63a129b2 gb-headline-text\">Raggiungi il tuo vero potenziale<\/h2>\n\n\n\n<p class=\"gb-headline gb-headline-514103a1 gb-headline-text\">Tutti gli strumenti prodotti da Geneva sono stati progettati per consentire al musicista di raggiungere il proprio vero potenziale.<\/p>\n\n\n\n<p class=\"gb-headline gb-headline-384a5977 gb-headline-text\">Fondamentale in questo \u00e8 stata la comprensione da parte di Geneva delle propriet\u00e0 dei diversi materiali e di come ci\u00f2 influenzi il suono, l&#8217;accordatura e la flessibilit\u00e0 tecnica della nostra gamma completa di strumenti a fiato e a legni.<\/p>\n\n\n\n<p class=\"gb-headline gb-headline-fb183daf gb-headline-text\">Rimane il requisito fondamentale per tutti gli strumenti Geneva che siano facili da suonare, con intonazione e suono eccezionali.<\/p>\n\n\n\n<a class=\"gb-button gb-button-bb1839e5 gb-button-text button-red-outline\" href=\"https:\/\/genevainstruments.com\/shop\/\">Acquista ora<\/a>\n\n<\/div><\/div>\n<\/div>\n<\/div><div class=\"gb-container gb-container-cc936e91 alignfull\" id=\"watch\">\n<div class=\"gb-container gb-container-75db3cbe\">\n\n<p class=\"gb-headline gb-headline-692b1c7e gb-headline-text explore\">Guarda &amp; ASCOLTA<\/p>\n\n<\/div>\n\n<div class=\"gb-container gb-container-76da2e16\">\n\n<h2 class=\"gb-headline gb-headline-a82eb01c gb-headline-text\">L&#8217;avanguardia nel design e nella tecnologia degli strumenti <\/h2>\n\n\n<div class=\"gb-grid-wrapper gb-grid-wrapper-3718238d\">\n<div class=\"gb-grid-column gb-grid-column-823301fc\"><div class=\"gb-container gb-container-823301fc\">\n\n<figure class=\"wp-block-embed is-type-video is-provider-youtube wp-block-embed-youtube wp-embed-aspect-16-9 wp-has-aspect-ratio\"><div class=\"wp-block-embed__wrapper\">\n<iframe loading=\"lazy\" title=\"Richard Marshall - The Geneva Cardinal Cornet\" width=\"1200\" height=\"675\" src=\"https:\/\/www.youtube.com\/embed\/oENeHZii8D4?feature=oembed\" frameborder=\"0\" allow=\"accelerometer; autoplay; clipboard-write; encrypted-media; gyroscope; picture-in-picture; web-share\" referrerpolicy=\"strict-origin-when-cross-origin\" allowfullscreen><\/iframe>\n<\/div><figcaption class=\"wp-element-caption\">La cornetta Geneva Cardinal \u2013 Intervento del 2021 e consulenza con Geneva per la sua riprogettazione nel 2023<\/figcaption><\/figure>\n\n<\/div><\/div>\n\n<div class=\"gb-grid-column gb-grid-column-a64de3f4\"><div class=\"gb-container gb-container-a64de3f4\">\n\n<figure class=\"wp-block-embed is-type-video is-provider-youtube wp-block-embed-youtube wp-embed-aspect-16-9 wp-has-aspect-ratio\"><div class=\"wp-block-embed__wrapper\">\n<iframe loading=\"lazy\" title=\"Geneva Instruments Factory\" width=\"1200\" height=\"675\" src=\"https:\/\/www.youtube.com\/embed\/CQ0G0lgryLI?feature=oembed\" frameborder=\"0\" allow=\"accelerometer; autoplay; clipboard-write; encrypted-media; gyroscope; picture-in-picture; web-share\" referrerpolicy=\"strict-origin-when-cross-origin\" allowfullscreen><\/iframe>\n<\/div><figcaption class=\"wp-element-caption\">Fabbrica di strumenti Geneva<\/figcaption><\/figure>\n\n<\/div><\/div>\n<\/div>\n<\/div>\n<\/div>","protected":false},"excerpt":{"rendered":"<p>La scelta sostenibile Produttori artigianali di strumenti a fiato e a legni che vendono in tutto il mondo a musicisti di ogni livello, i quali desiderano avere il miglior strumento possibile nel loro budget disponibile Guarda &amp; ASCOLTA L&#8217;avanguardia nel design e nella tecnologia degli strumenti<\/p>\n","protected":false},"author":1,"featured_media":10646,"parent":0,"menu_order":1,"comment_status":"closed","ping_status":"closed","template":"","meta":{"_acf_changed":false,"footnotes":""},"class_list":["post-10640","page","type-page","status-publish","has-post-thumbnail"],"acf":[],"_links":{"self":[{"href":"https:\/\/genevainstruments.com\/it\/wp-json\/wp\/v2\/pages\/10640","targetHints":{"allow":["GET"]}}],"collection":[{"href":"https:\/\/genevainstruments.com\/it\/wp-json\/wp\/v2\/pages"}],"about":[{"href":"https:\/\/genevainstruments.com\/it\/wp-json\/wp\/v2\/types\/page"}],"author":[{"embeddable":true,"href":"https:\/\/genevainstruments.com\/it\/wp-json\/wp\/v2\/users\/1"}],"replies":[{"embeddable":true,"href":"https:\/\/genevainstruments.com\/it\/wp-json\/wp\/v2\/comments?post=10640"}],"version-history":[{"count":1,"href":"https:\/\/genevainstruments.com\/it\/wp-json\/wp\/v2\/pages\/10640\/revisions"}],"predecessor-version":[{"id":10647,"href":"https:\/\/genevainstruments.com\/it\/wp-json\/wp\/v2\/pages\/10640\/revisions\/10647"}],"wp:featuredmedia":[{"embeddable":true,"href":"https:\/\/genevainstruments.com\/it\/wp-json\/wp\/v2\/media\/10646"}],"wp:attachment":[{"href":"https:\/\/genevainstruments.com\/it\/wp-json\/wp\/v2\/media?parent=10640"}],"curies":[{"name":"wp","href":"https:\/\/api.w.org\/{rel}","templated":true}]}}